{"id":1386,"date":"2023-01-17T17:03:24","date_gmt":"2023-01-17T17:03:24","guid":{"rendered":"https:\/\/www2.unifap.br\/propespg\/?page_id=1386"},"modified":"2023-01-17T17:03:24","modified_gmt":"2023-01-17T17:03:24","slug":"perguntas-frequentes-editora-universitaria","status":"publish","type":"page","link":"http:\/\/www2.unifap.br\/propespg\/perguntas-frequentes\/perguntas-frequentes-editora-universitaria\/","title":{"rendered":"PERGUNTAS FREQUENTES &#8211; EDITORA UNIVERSIT\u00c1RIA"},"content":{"rendered":"<p><a href=\"https:\/\/www2.unifap.br\/propespg\/perguntas-frequentes\/logo-unifap\/#main\" rel=\"attachment wp-att-1364\"><img fetchpriority=\"high\" decoding=\"async\" class=\"alignnone  wp-image-1364\" src=\"http:\/\/www2.unifap.br\/propespg\/files\/2023\/01\/LOGO-UNIFAP.jpg\" alt=\"\" width=\"542\" height=\"316\" \/><\/a><\/p>\n<p><strong><span style=\"color: #000000\">1) O que faz a editora UNIFAP?<\/span><\/strong><\/p>\n<p><span style=\"color: #000000\">Editora Unifap busca ser hoje uma ponte entre o conhecimento cient\u00edfico produzido e a comunidade. Realizamos trabalho editorial que compreende desde a submiss\u00e3o de um projeto at\u00e9 a publica\u00e7\u00e3o final com diagrama\u00e7\u00e3o e designer gr\u00e1fico.<\/span><\/p>\n<p><strong><span style=\"color: #000000\">2) Como saber se posso publicar ?<\/span><\/strong><\/p>\n<p><span style=\"color: #000000\">Etapa de avalia\u00e7\u00e3o leva em considera\u00e7\u00e3o os seguintes pontos:<\/span><\/p>\n<p><span style=\"color: #000000\">A) \u00cdndice de impacto acad\u00eamico e\/ou cultural na \u00e1rea;<\/span><\/p>\n<p><span style=\"color: #000000\">B) qualidade da fundamenta\u00e7\u00e3o te\u00f3rica, da reda\u00e7\u00e3o textual e sua respectiva adequa\u00e7\u00e3o \u00e0 norma gramatical brasileira;<\/span><\/p>\n<p><span style=\"color: #000000\">C) curr\u00edculo do proponente.<\/span><\/p>\n<p><strong><span style=\"color: #000000\">3) O portal de peri\u00f3dicos da Unifap \u00e9 mantido pela editora?<\/span><\/strong><\/p>\n<p><span style=\"color: #000000\">Cada peri\u00f3dico possui equipe editorial pr\u00f3pria organizada nos colegiados.<\/span><\/p>\n<p><span style=\"color: #000000\">A editora possui a fun\u00e7\u00e3o de auxiliar no suporte t\u00e9cnico e emiss\u00e3o de identificadores de objeto digital.<\/span><\/p>\n<p><strong><span style=\"color: #000000\">4) como entrar em contato com a editora UNIFAP?<\/span><\/strong><\/p>\n<p><span style=\"color: #000000\">Atrav\u00e9s do email institucional : editora@unifap.br<\/span><\/p>\n","protected":false},"excerpt":{"rendered":"<p>1) O que faz a editora UNIFAP? Editora Unifap busca ser hoje uma ponte entre o conhecimento cient\u00edfico produzido e a comunidade. Realizamos trabalho editorial que compreende desde a submiss\u00e3o de um projeto at\u00e9 a publica\u00e7\u00e3o final com diagrama\u00e7\u00e3o e&hellip; <\/p>\n<p><a href=\"http:\/\/www2.unifap.br\/propespg\/perguntas-frequentes\/perguntas-frequentes-editora-universitaria\/\" class=\"readmore-button\">Continue Reading<\/a><\/p>\n","protected":false},"author":623,"featured_media":0,"parent":1363,"menu_order":0,"comment_status":"closed","ping_status":"closed","template":"","meta":{"inline_featured_image":false,"ngg_post_thumbnail":0,"footnotes":""},"class_list":["post-1386","page","type-page","status-publish","hentry"],"_links":{"self":[{"href":"http:\/\/www2.unifap.br\/propespg\/wp-json\/wp\/v2\/pages\/1386","targetHints":{"allow":["GET"]}}],"collection":[{"href":"http:\/\/www2.unifap.br\/propespg\/wp-json\/wp\/v2\/pages"}],"about":[{"href":"http:\/\/www2.unifap.br\/propespg\/wp-json\/wp\/v2\/types\/page"}],"author":[{"embeddable":true,"href":"http:\/\/www2.unifap.br\/propespg\/wp-json\/wp\/v2\/users\/623"}],"replies":[{"embeddable":true,"href":"http:\/\/www2.unifap.br\/propespg\/wp-json\/wp\/v2\/comments?post=1386"}],"version-history":[{"count":1,"href":"http:\/\/www2.unifap.br\/propespg\/wp-json\/wp\/v2\/pages\/1386\/revisions"}],"predecessor-version":[{"id":1387,"href":"http:\/\/www2.unifap.br\/propespg\/wp-json\/wp\/v2\/pages\/1386\/revisions\/1387"}],"up":[{"embeddable":true,"href":"http:\/\/www2.unifap.br\/propespg\/wp-json\/wp\/v2\/pages\/1363"}],"wp:attachment":[{"href":"http:\/\/www2.unifap.br\/propespg\/wp-json\/wp\/v2\/media?parent=1386"}],"curies":[{"name":"wp","href":"https:\/\/api.w.org\/{rel}","templated":true}]}}