{"id":1397,"date":"2023-01-18T12:00:41","date_gmt":"2023-01-18T12:00:41","guid":{"rendered":"https:\/\/www2.unifap.br\/propespg\/?page_id=1397"},"modified":"2025-03-14T13:04:34","modified_gmt":"2025-03-14T13:04:34","slug":"equipe","status":"publish","type":"page","link":"http:\/\/www2.unifap.br\/propespg\/equipe\/","title":{"rendered":"Equipe"},"content":{"rendered":"<p><a href=\"https:\/\/www2.unifap.br\/propespg\/perguntas-frequentes\/logo-unifap\/#main\" rel=\"attachment wp-att-1364\"><img decoding=\"async\" class=\"wp-image-1364 aligncenter\" src=\"http:\/\/www2.unifap.br\/propespg\/files\/2023\/01\/LOGO-UNIFAP.jpg\" alt=\"\" width=\"254\" height=\"148\" \/><\/a><\/p>\n<p style=\"text-align: center\"><span style=\"color: #000000\"><strong>PR\u00d3-REITORIA DE PESQUISA E P\u00d3S-GRADUA\u00c7\u00c3O<\/strong><\/span><\/p>\n<p>&nbsp;<\/p>\n<p>&nbsp;<\/p>\n<p><strong><span style=\"color: #000000\">PR\u00d3-REITOR DE PESQUISA E P\u00d3S-GRADUA\u00c7\u00c3O<\/span><\/strong><\/p>\n<p><span style=\"color: #000000\">Carlos Eduardo Costa de Campos<\/span><\/p>\n<p>&nbsp;<\/p>\n<p><span style=\"color: #000000\"><strong>ASSISTENTE EM ADMINISTRA\u00c7\u00c3O<\/strong>\u00a0<\/span><\/p>\n<p>Cris Veronica Costa Monteiro Fraz\u00e3o<\/p>\n<p>Deivid de Souza Borges<\/p>\n<p>Wanni Nogueira da Silva<\/p>\n<p>&nbsp;<\/p>\n","protected":false},"excerpt":{"rendered":"<p>PR\u00d3-REITORIA DE PESQUISA E P\u00d3S-GRADUA\u00c7\u00c3O &nbsp; &nbsp; PR\u00d3-REITOR DE PESQUISA E P\u00d3S-GRADUA\u00c7\u00c3O Carlos Eduardo Costa de Campos &nbsp; ASSISTENTE EM ADMINISTRA\u00c7\u00c3O\u00a0 Cris Veronica Costa Monteiro Fraz\u00e3o Deivid de Souza Borges Wanni Nogueira da Silva &nbsp;<\/p>\n","protected":false},"author":623,"featured_media":0,"parent":0,"menu_order":0,"comment_status":"closed","ping_status":"closed","template":"","meta":{"inline_featured_image":false,"ngg_post_thumbnail":0,"footnotes":""},"class_list":["post-1397","page","type-page","status-publish","hentry"],"_links":{"self":[{"href":"http:\/\/www2.unifap.br\/propespg\/wp-json\/wp\/v2\/pages\/1397","targetHints":{"allow":["GET"]}}],"collection":[{"href":"http:\/\/www2.unifap.br\/propespg\/wp-json\/wp\/v2\/pages"}],"about":[{"href":"http:\/\/www2.unifap.br\/propespg\/wp-json\/wp\/v2\/types\/page"}],"author":[{"embeddable":true,"href":"http:\/\/www2.unifap.br\/propespg\/wp-json\/wp\/v2\/users\/623"}],"replies":[{"embeddable":true,"href":"http:\/\/www2.unifap.br\/propespg\/wp-json\/wp\/v2\/comments?post=1397"}],"version-history":[{"count":6,"href":"http:\/\/www2.unifap.br\/propespg\/wp-json\/wp\/v2\/pages\/1397\/revisions"}],"predecessor-version":[{"id":1583,"href":"http:\/\/www2.unifap.br\/propespg\/wp-json\/wp\/v2\/pages\/1397\/revisions\/1583"}],"wp:attachment":[{"href":"http:\/\/www2.unifap.br\/propespg\/wp-json\/wp\/v2\/media?parent=1397"}],"curies":[{"name":"wp","href":"https:\/\/api.w.org\/{rel}","templated":true}]}}