{"id":1398,"date":"2023-01-17T20:32:09","date_gmt":"2023-01-17T20:32:09","guid":{"rendered":"https:\/\/www2.unifap.br\/propespg\/?page_id=1398"},"modified":"2023-01-18T15:37:06","modified_gmt":"2023-01-18T15:37:06","slug":"acoes-e-programas","status":"publish","type":"page","link":"http:\/\/www2.unifap.br\/propespg\/acoes-e-programas\/","title":{"rendered":"A\u00e7\u00f5es e Programas"},"content":{"rendered":"<ul>\n<li><span style=\"color: #0000ff\"><strong>PR\u00d3-REITORIA DE PESQUISA E P\u00d3S-GRADUA\u00c7\u00c3O &#8211; PROPESPG<\/strong><\/span><\/li>\n<li><span style=\"color: #0000ff\"><strong><a style=\"color: #0000ff\" href=\"https:\/\/www2.unifap.br\/propespg\/acoes-e-programas\/acoes-e-programas-dpq\/\">DEPARTAMENTO DE PESQUISA &#8211; DPQ<\/a><\/strong><\/span><\/li>\n<li><span style=\"color: #0000ff\"><strong><a style=\"color: #0000ff\" href=\"https:\/\/www2.unifap.br\/propespg\/acoes-e-programas\/acoes-e-programas-dpg\/\">DEPARTAMENTO DE P\u00d3S-GRADUA\u00c7\u00c3O &#8211; DPG<\/a><\/strong><\/span><\/li>\n<li><span style=\"color: #0000ff\"><strong><a style=\"color: #0000ff\" href=\"https:\/\/www2.unifap.br\/propespg\/acoes-e-programas\/acoes-e-programas-nitt\/\">N\u00daCLEO DE INOVA\u00c7\u00c3O E TRANSFER\u00caNCIA DE TECNOLOGIA &#8211; NITT<\/a><\/strong><\/span><\/li>\n<li><span style=\"color: #0000ff\"><strong>EDITORA UNIVERSI\u00c1RIA &#8211; EDUNIFAP<\/strong><\/span><\/li>\n<li><span style=\"color: #0000ff\"><strong>COMIT\u00ca DE \u00c9TICA EM PESQUISA &#8211; CEP\/UNIFAP<\/strong><\/span><\/li>\n<li><span style=\"color: #0000ff\"><strong>COMIT\u00ca DE \u00c9TICA NO USO DE ANIMAIS &#8211; CEUA\/UNIFAP<\/strong><\/span><\/li>\n<\/ul>\n","protected":false},"excerpt":{"rendered":"<p>PR\u00d3-REITORIA DE PESQUISA E P\u00d3S-GRADUA\u00c7\u00c3O &#8211; PROPESPG DEPARTAMENTO DE PESQUISA &#8211; DPQ DEPARTAMENTO DE P\u00d3S-GRADUA\u00c7\u00c3O &#8211; DPG N\u00daCLEO DE INOVA\u00c7\u00c3O E TRANSFER\u00caNCIA DE TECNOLOGIA &#8211; NITT EDITORA UNIVERSI\u00c1RIA &#8211; EDUNIFAP COMIT\u00ca DE \u00c9TICA EM PESQUISA &#8211; CEP\/UNIFAP COMIT\u00ca DE \u00c9TICA&hellip; <\/p>\n<p><a href=\"http:\/\/www2.unifap.br\/propespg\/acoes-e-programas\/\" class=\"readmore-button\">Continue Reading<\/a><\/p>\n","protected":false},"author":623,"featured_media":0,"parent":0,"menu_order":0,"comment_status":"closed","ping_status":"closed","template":"","meta":{"inline_featured_image":false,"ngg_post_thumbnail":0,"footnotes":""},"class_list":["post-1398","page","type-page","status-publish","hentry"],"_links":{"self":[{"href":"http:\/\/www2.unifap.br\/propespg\/wp-json\/wp\/v2\/pages\/1398","targetHints":{"allow":["GET"]}}],"collection":[{"href":"http:\/\/www2.unifap.br\/propespg\/wp-json\/wp\/v2\/pages"}],"about":[{"href":"http:\/\/www2.unifap.br\/propespg\/wp-json\/wp\/v2\/types\/page"}],"author":[{"embeddable":true,"href":"http:\/\/www2.unifap.br\/propespg\/wp-json\/wp\/v2\/users\/623"}],"replies":[{"embeddable":true,"href":"http:\/\/www2.unifap.br\/propespg\/wp-json\/wp\/v2\/comments?post=1398"}],"version-history":[{"count":8,"href":"http:\/\/www2.unifap.br\/propespg\/wp-json\/wp\/v2\/pages\/1398\/revisions"}],"predecessor-version":[{"id":1421,"href":"http:\/\/www2.unifap.br\/propespg\/wp-json\/wp\/v2\/pages\/1398\/revisions\/1421"}],"wp:attachment":[{"href":"http:\/\/www2.unifap.br\/propespg\/wp-json\/wp\/v2\/media?parent=1398"}],"curies":[{"name":"wp","href":"https:\/\/api.w.org\/{rel}","templated":true}]}}