{"id":1412,"date":"2023-01-18T13:32:18","date_gmt":"2023-01-18T13:32:18","guid":{"rendered":"https:\/\/www2.unifap.br\/propespg\/?page_id=1412"},"modified":"2023-01-18T13:32:18","modified_gmt":"2023-01-18T13:32:18","slug":"acoes-e-programas-nitt","status":"publish","type":"page","link":"http:\/\/www2.unifap.br\/propespg\/acoes-e-programas\/acoes-e-programas-nitt\/","title":{"rendered":"A\u00c7\u00d5ES E PROGRAMAS &#8211; NITT"},"content":{"rendered":"<p align=\"justify\">O N\u00facleo de Inova\u00e7\u00e3o e Transfer\u00eancia de Tecnologia (NITT), ligado \u00e0 Pr\u00f3-Reitoria de Pesquisa e P\u00f3s-Gradua\u00e7\u00e3o, \u00e9 respons\u00e1vel pela gest\u00e3o da pol\u00edtica institucional de inova\u00e7\u00e3o da Universidade Federal do Amap\u00e1 (UNIFAP) e pela condu\u00e7\u00e3o dos processos de prote\u00e7\u00e3o legal das cria\u00e7\u00f5es intelectuais desenvolvidas na Universidade. Foi criado atrav\u00e9s da Resolu\u00e7\u00e3o n\u00ba. 04\/2011\u2013CONSU, de 10 de mar\u00e7o de 2011, alterado pela Resolu\u00e7\u00e3o n\u00ba.10\/2011\u2013CONSU, de 22 de agosto de 2011, e com suas diretrizes estabelecidas atrav\u00e9s da Resolu\u00e7\u00e3o n\u00ba 25\/2018\u2013CONSU\/UNIFAP, de 24 de julho de 2018.<\/p>\n<p align=\"justify\">O NITT auxilia a comunidade acad\u00eamica e comunidade local no que se refere aos procedimentos relativos \u00e0 prote\u00e7\u00e3o da Propriedade Intelectual e a Transferencia de Tecnologia para o\u00a0mercado,\u00a0atuando na orienta\u00e7\u00e3o para\u00a0elabora\u00e7\u00e3o, encaminhamento e acompanhamento dos dep\u00f3sitos de pedidos de Patentes, de registros de Marcas e de Softwares junto ao Instituto Nacional da Propriedade Industrial (INPI), bem como na prote\u00e7\u00e3o de Direitos Autorais junto \u00e0 Biblioteca Nacional, e na prote\u00e7\u00e3o e\/ou registro de Cultivares junto ao Minist\u00e9rio da Agricultura, Pecu\u00e1ria e Abastecimento (MAPA).\u00a0Atua, ainda, na intera\u00e7\u00e3o com o setor p\u00fablico e privado e na prospec\u00e7\u00e3o de parceiros para transfer\u00eancia de tecnologias, contribuindo para a UNIFAP ter participa\u00e7\u00e3o de forma mais ativa nesse contexto de inova\u00e7\u00e3o e empreendedorismo.<\/p>\n<p align=\"justify\">Para maiores informa\u00e7\u00f5es sobre a\u00e7\u00f5es e programas do NITT\/UNIFAP estamos disponibilzando o link: <a href=\"https:\/\/www2.unifap.br\/nitt\/\">https:\/\/www2.unifap.br\/nitt\/<\/a><\/p>\n","protected":false},"excerpt":{"rendered":"<p>O N\u00facleo de Inova\u00e7\u00e3o e Transfer\u00eancia de Tecnologia (NITT), ligado \u00e0 Pr\u00f3-Reitoria de Pesquisa e P\u00f3s-Gradua\u00e7\u00e3o, \u00e9 respons\u00e1vel pela gest\u00e3o da pol\u00edtica institucional de inova\u00e7\u00e3o da Universidade Federal do Amap\u00e1 (UNIFAP) e pela condu\u00e7\u00e3o dos processos de prote\u00e7\u00e3o legal das&hellip; <\/p>\n<p><a href=\"http:\/\/www2.unifap.br\/propespg\/acoes-e-programas\/acoes-e-programas-nitt\/\" class=\"readmore-button\">Continue Reading<\/a><\/p>\n","protected":false},"author":623,"featured_media":0,"parent":1398,"menu_order":0,"comment_status":"closed","ping_status":"closed","template":"","meta":{"inline_featured_image":false,"ngg_post_thumbnail":0,"footnotes":""},"class_list":["post-1412","page","type-page","status-publish","hentry"],"_links":{"self":[{"href":"http:\/\/www2.unifap.br\/propespg\/wp-json\/wp\/v2\/pages\/1412","targetHints":{"allow":["GET"]}}],"collection":[{"href":"http:\/\/www2.unifap.br\/propespg\/wp-json\/wp\/v2\/pages"}],"about":[{"href":"http:\/\/www2.unifap.br\/propespg\/wp-json\/wp\/v2\/types\/page"}],"author":[{"embeddable":true,"href":"http:\/\/www2.unifap.br\/propespg\/wp-json\/wp\/v2\/users\/623"}],"replies":[{"embeddable":true,"href":"http:\/\/www2.unifap.br\/propespg\/wp-json\/wp\/v2\/comments?post=1412"}],"version-history":[{"count":1,"href":"http:\/\/www2.unifap.br\/propespg\/wp-json\/wp\/v2\/pages\/1412\/revisions"}],"predecessor-version":[{"id":1413,"href":"http:\/\/www2.unifap.br\/propespg\/wp-json\/wp\/v2\/pages\/1412\/revisions\/1413"}],"up":[{"embeddable":true,"href":"http:\/\/www2.unifap.br\/propespg\/wp-json\/wp\/v2\/pages\/1398"}],"wp:attachment":[{"href":"http:\/\/www2.unifap.br\/propespg\/wp-json\/wp\/v2\/media?parent=1412"}],"curies":[{"name":"wp","href":"https:\/\/api.w.org\/{rel}","templated":true}]}}