{"id":1416,"date":"2023-01-18T13:49:32","date_gmt":"2023-01-18T13:49:32","guid":{"rendered":"https:\/\/www2.unifap.br\/propespg\/?page_id=1416"},"modified":"2023-01-18T13:49:41","modified_gmt":"2023-01-18T13:49:41","slug":"acoes-e-programas-dpg","status":"publish","type":"page","link":"http:\/\/www2.unifap.br\/propespg\/acoes-e-programas\/acoes-e-programas-dpg\/","title":{"rendered":"AC\u00d5ES E PROGRAMAS &#8211; DPG"},"content":{"rendered":"<p>Departamento de P\u00f3s-Gradua\u00e7\u00e3o: a Diretoria de P\u00f3s-Gradua\u00e7\u00e3o, vinculada a PROPESPG, \u00e9 o \u00f3rg\u00e3o respons\u00e1vel por conduzir administrativamente os assuntos relativos \u00e0 pol\u00edtica de p\u00f3s-gradua\u00e7\u00e3o e atrav\u00e9s dos programas de P\u00f3s-Gradua\u00e7\u00e3o lato e stricto sensu potencializar o processo de qualifica\u00e7\u00e3o dos servidores docentes e t\u00e9cnico-administrativos da UNIFAP, assim como oferecer \u00e0 sociedade cursos a n\u00edvel lato e stricto sensu visando contribuir para o desenvolvimento sustent\u00e1vel da regi\u00e3o Amaz\u00f4nica e a integra\u00e7\u00e3o social.<\/p>\n<p><strong>Compete ao Departamento de P\u00f3s-Gradua\u00e7\u00e3o-DPG:<\/strong><\/p>\n<ol type=\"1\">\n<li>Executar a pol\u00edtica de P\u00f3s-Gradua\u00e7\u00e3o aprovada pelos Conselhos da Universidade;<\/li>\n<li>Direcionar a a\u00e7\u00e3o dos cursos de p\u00f3s-gradua\u00e7\u00e3o;<\/li>\n<li>Elaborar as normas para o funcionamento da p\u00f3s-gradua\u00e7\u00e3o na UNIFAP;<\/li>\n<li>Administrar a p\u00f3s-gradua\u00e7\u00e3o e as atividades de capacita\u00e7\u00e3o;<\/li>\n<li>Assessorar os coordenadores de cursos e docentes da UNIFAP na aloca\u00e7\u00e3o de recursos para as atividades de p\u00f3s-gradua\u00e7\u00e3o e capacita\u00e7\u00e3o de servidores docentes e t\u00e9cnicos-administrativos.<\/li>\n<\/ol>\n<p>Para maiores informa\u00e7\u00f5es a respeito das a\u00e7\u00f5es e programas relacioandos ao DPG\/UNIFAP disponibilizamos o link: <a href=\"https:\/\/www2.unifap.br\/dpg\/\">https:\/\/www2.unifap.br\/dpg\/<\/a><\/p>\n","protected":false},"excerpt":{"rendered":"<p>Departamento de P\u00f3s-Gradua\u00e7\u00e3o: a Diretoria de P\u00f3s-Gradua\u00e7\u00e3o, vinculada a PROPESPG, \u00e9 o \u00f3rg\u00e3o respons\u00e1vel por conduzir administrativamente os assuntos relativos \u00e0 pol\u00edtica de p\u00f3s-gradua\u00e7\u00e3o e atrav\u00e9s dos programas de P\u00f3s-Gradua\u00e7\u00e3o lato e stricto sensu potencializar o processo de qualifica\u00e7\u00e3o dos&hellip; <\/p>\n<p><a href=\"http:\/\/www2.unifap.br\/propespg\/acoes-e-programas\/acoes-e-programas-dpg\/\" class=\"readmore-button\">Continue Reading<\/a><\/p>\n","protected":false},"author":623,"featured_media":0,"parent":1398,"menu_order":0,"comment_status":"closed","ping_status":"closed","template":"","meta":{"inline_featured_image":false,"ngg_post_thumbnail":0,"footnotes":""},"class_list":["post-1416","page","type-page","status-publish","hentry"],"_links":{"self":[{"href":"http:\/\/www2.unifap.br\/propespg\/wp-json\/wp\/v2\/pages\/1416","targetHints":{"allow":["GET"]}}],"collection":[{"href":"http:\/\/www2.unifap.br\/propespg\/wp-json\/wp\/v2\/pages"}],"about":[{"href":"http:\/\/www2.unifap.br\/propespg\/wp-json\/wp\/v2\/types\/page"}],"author":[{"embeddable":true,"href":"http:\/\/www2.unifap.br\/propespg\/wp-json\/wp\/v2\/users\/623"}],"replies":[{"embeddable":true,"href":"http:\/\/www2.unifap.br\/propespg\/wp-json\/wp\/v2\/comments?post=1416"}],"version-history":[{"count":2,"href":"http:\/\/www2.unifap.br\/propespg\/wp-json\/wp\/v2\/pages\/1416\/revisions"}],"predecessor-version":[{"id":1591,"href":"http:\/\/www2.unifap.br\/propespg\/wp-json\/wp\/v2\/pages\/1416\/revisions\/1591"}],"up":[{"embeddable":true,"href":"http:\/\/www2.unifap.br\/propespg\/wp-json\/wp\/v2\/pages\/1398"}],"wp:attachment":[{"href":"http:\/\/www2.unifap.br\/propespg\/wp-json\/wp\/v2\/media?parent=1416"}],"curies":[{"name":"wp","href":"https:\/\/api.w.org\/{rel}","templated":true}]}}