{"id":408,"date":"2015-05-15T12:18:07","date_gmt":"2015-05-15T12:18:07","guid":{"rendered":"http:\/\/www2.unifap.br\/propespg\/?page_id=408"},"modified":"2015-06-17T18:37:37","modified_gmt":"2015-06-17T18:37:37","slug":"material-de-consumo","status":"publish","type":"page","link":"http:\/\/www2.unifap.br\/propespg\/proap\/material-de-consumo\/","title":{"rendered":"MATERIAL DE CONSUMO"},"content":{"rendered":"<p><span style=\"color: #000000\">Recurso destinado a aquisi\u00e7\u00e3o, pelos programas de p\u00f3s gradua\u00e7\u00e3o, de material de consumo para a manuten\u00e7\u00e3o e funcionamento de laborat\u00f3rio de ensino e pesquisa.<\/span><\/p>\n<p>&nbsp;<\/p>\n<p style=\"text-align: center\"><strong>COMO SOLICITAR?<\/strong><\/p>\n<p><span style=\"color: #000000\">A solicita\u00e7\u00e3o, atrav\u00e9s de processo institucionalizado, dever\u00e1 ser encaminhada \u00e0 PROPESPG, precisando o programa ter previs\u00e3o or\u00e7ament\u00e1ria para solicita\u00e7\u00e3o do recurso.\u00a0<\/span><\/p>\n<p><span style=\"color: #000000\">A compra seguir\u00e1 processo de licita\u00e7\u00e3o, e quando couber dispensa de licita\u00e7\u00e3o a solicita\u00e7\u00e3o dever\u00e1 conter tr\u00eas propostas com especifica\u00e7\u00e3o detalhada do material.\u00a0<\/span><\/p>\n","protected":false},"excerpt":{"rendered":"<p>Recurso destinado a aquisi\u00e7\u00e3o, pelos programas de p\u00f3s gradua\u00e7\u00e3o, de material de consumo para a manuten\u00e7\u00e3o e funcionamento de laborat\u00f3rio de ensino e pesquisa. &nbsp; COMO SOLICITAR? A solicita\u00e7\u00e3o, atrav\u00e9s de processo institucionalizado, dever\u00e1 ser encaminhada \u00e0 PROPESPG, precisando o&hellip; <\/p>\n<p><a href=\"http:\/\/www2.unifap.br\/propespg\/proap\/material-de-consumo\/\" class=\"readmore-button\">Continue Reading<\/a><\/p>\n","protected":false},"author":623,"featured_media":0,"parent":400,"menu_order":0,"comment_status":"open","ping_status":"open","template":"","meta":{"inline_featured_image":false,"ngg_post_thumbnail":0,"footnotes":""},"class_list":["post-408","page","type-page","status-publish","hentry"],"_links":{"self":[{"href":"http:\/\/www2.unifap.br\/propespg\/wp-json\/wp\/v2\/pages\/408","targetHints":{"allow":["GET"]}}],"collection":[{"href":"http:\/\/www2.unifap.br\/propespg\/wp-json\/wp\/v2\/pages"}],"about":[{"href":"http:\/\/www2.unifap.br\/propespg\/wp-json\/wp\/v2\/types\/page"}],"author":[{"embeddable":true,"href":"http:\/\/www2.unifap.br\/propespg\/wp-json\/wp\/v2\/users\/623"}],"replies":[{"embeddable":true,"href":"http:\/\/www2.unifap.br\/propespg\/wp-json\/wp\/v2\/comments?post=408"}],"version-history":[{"count":2,"href":"http:\/\/www2.unifap.br\/propespg\/wp-json\/wp\/v2\/pages\/408\/revisions"}],"predecessor-version":[{"id":465,"href":"http:\/\/www2.unifap.br\/propespg\/wp-json\/wp\/v2\/pages\/408\/revisions\/465"}],"up":[{"embeddable":true,"href":"http:\/\/www2.unifap.br\/propespg\/wp-json\/wp\/v2\/pages\/400"}],"wp:attachment":[{"href":"http:\/\/www2.unifap.br\/propespg\/wp-json\/wp\/v2\/media?parent=408"}],"curies":[{"name":"wp","href":"https:\/\/api.w.org\/{rel}","templated":true}]}}