{"id":420,"date":"2015-05-15T12:22:57","date_gmt":"2015-05-15T12:22:57","guid":{"rendered":"http:\/\/www2.unifap.br\/propespg\/?page_id=420"},"modified":"2023-02-03T17:10:35","modified_gmt":"2023-02-03T17:10:35","slug":"auxilio-financeiro-a-pesquisador","status":"publish","type":"page","link":"http:\/\/www2.unifap.br\/propespg\/proap\/auxilio-financeiro-a-pesquisador\/","title":{"rendered":"AUX\u00cdLIO FINANCEIRO A PESQUISADOR &#8211; PROAP\/CAPES"},"content":{"rendered":"<p><span style=\"color: #000000\">Recurso destinado para os docentes dos cursos de p\u00f3s-gradua\u00e7\u00e3o com projeto de pesquisa institucionalizado e registrado no DPQ\/PROPESPG.<\/span><\/p>\n<p><span style=\"color: #000000\">O recurso visa atender despesas com passagem, hospedagem, alimenta\u00e7\u00e3o, locomo\u00e7\u00e3o urbana e aquisi\u00e7\u00e3o de material de consumo.<\/span><\/p>\n<p><span style=\"color: #000000\">Atividades:<\/span><\/p>\n<p><span style=\"color: #000000\">a) manuten\u00e7\u00e3o de equipamentos;<\/span><\/p>\n<p><span style=\"color: #000000\">b) manuten\u00e7\u00e3o e funcionamento de laborat\u00f3rio de ensino e pesquisa;<\/span><\/p>\n<p><span style=\"color: #000000\">\u00a0c) servi\u00e7os e taxas relacionados \u00e0 importa\u00e7\u00e3o;<\/span><\/p>\n<p><span style=\"color: #000000\">d) participa\u00e7\u00e3o em cursos e treinamentos em t\u00e9cnicas de laborat\u00f3rio e utiliza\u00e7\u00e3o de equipamentos;<\/span><\/p>\n<p><span style=\"color: #000000\">h) participa\u00e7\u00e3o de professores, pesquisadores e alunos em atividades e cient\u00edfico-acad\u00eamicos no pa\u00eds e no exterior;<\/span><\/p>\n<p><span style=\"color: #000000\">i) participa\u00e7\u00e3o de convidados externos em atividades cient\u00edfico-acad\u00eamicas no pa\u00eds;<\/span><\/p>\n<p><span style=\"color: #000000\">l) aquisi\u00e7\u00e3o e manuten\u00e7\u00e3o de tecnologias em inform\u00e1tica e da informa\u00e7\u00e3o caracterizadas como custeio, conforme disposto no artigo<\/span><\/p>\n<p><span style=\"color: #000000\">\u00a0<\/span><\/p>\n<p style=\"text-align: center\"><span style=\"color: #000000\"><strong>COMO SOLICITAR?<\/strong><\/span><\/p>\n<p><span style=\"color: #000000\">O programa de p\u00f3s-gradua\u00e7\u00e3o dever\u00e1 encaminhar solicita\u00e7\u00e3o em forma de processo, tendo em anexo formul\u00e1rio de aux\u00edlio financeiro a pesquisador, Comprova\u00e7\u00e3o de registro de projeto de pesquisa ativo no DPq e nos casos previsto na norma interna PROPESPG 01\/2015 \u00a03 cota\u00e7\u00f5es de pre\u00e7os.<\/span><\/p>\n<p><strong><a href=\"https:\/\/www2.unifap.br\/propespg\/proap\/auxilio-financeiro-a-pesquisador\/formulario-de-solicitacao-do-auxilio-financeiro-ao-pesquisador-proap\/\" rel=\"attachment wp-att-1445\">FORMUL\u00c1RIO DE SOLICITA\u00c7\u00c3O DO AUX\u00cdLIO FINANCEIRO AO PESQUISADOR &#8211; PROAP<\/a><\/strong><\/p>\n<p>&nbsp;<\/p>\n<p style=\"text-align: center\"><strong>PRESTA\u00c7\u00c3O DE CONTAS<\/strong><\/p>\n<p>A presta\u00e7\u00e3o de contas de ajuda de custo com recurso do PROAP\/CAPES, ser\u00e1 obrigat\u00f3ria para todas as solicita\u00e7\u00f5es.<\/p>\n<p>A presta\u00e7\u00e3o de contas deve ser realizada atrav\u00e9s de\u00a0<strong>Relat\u00f3rio de Presta\u00e7\u00e3o do Aux\u00edlio Financeiro ao Pesquisador,<\/strong> que ser\u00e1 preenchido pelo pesquisador, at\u00e9 <strong>05 dias\u00a0<\/strong>ap\u00f3s o termino do evento (visita t\u00e9cnica, trabalho de campo, participa\u00e7\u00f5es em congressos e outros).<\/p>\n<p>O relat\u00f3rio, com seus devidos anexos, devem ser encaminhados para Pr\u00f3-Reitoria de Pesquisa e P\u00f3s-Gradua\u00e7\u00e3o &#8211; PROPESPG, via Processo Eletr\u00f4nico (SIPAC). O relat\u00f3rio deve ser assinado digitalmente SOU.GOV ou por extenso com o n\u00famero de Portaria do coordenador(a) do Programa de P\u00f3s-gradua\u00e7\u00e3o.<\/p>\n<p>Caso n\u00e3o seja realizada a presta\u00e7\u00e3o de contas, o pesquisador ser\u00e1 impedido de realizar novas solicita\u00e7\u00f5es de ajuda financeira.<\/p>\n<p><strong><a href=\"https:\/\/www2.unifap.br\/propespg\/proap\/auxilio-financeiro-a-pesquisador\/relatorio-de-prestacao-de-contas-proap-capes\/\" rel=\"attachment wp-att-1442\">RELAT\u00d3RIO DE PRESTA\u00c7\u00c3O DE CONTAS &#8211; PROAP CAPES<\/a><\/strong><\/p>\n<p>&nbsp;<\/p>\n<p style=\"text-align: center\"><strong>DEVOLU\u00c7\u00c3O DE VALORES<\/strong><\/p>\n<p>Todos os dep\u00f3sitos dever\u00e3o ser efetuados atrav\u00e9s da GRU \u2013 Guia de Recolhimento de Receitas da Uni\u00e3o, dispon\u00edvel no s\u00edtio da internet da STN. O<br \/>\npreenchimento e impress\u00e3o da GRU podem ser feitos pelo pr\u00f3prio recolhedor e o recolhimento efetuado somente nas ag\u00eancias do Banco do Brasil.<\/p>\n<p>Para evitar eventuais atrasos e d\u00favidas, sugeridos ao pesquisador procurar o Departamento Financeiro &#8211; DEFIN\/UNIFAP.<\/p>\n<p>Lembrando que o ressarcimento ou a restitui\u00e7\u00e3o dos bens \u00e0 Administra\u00e7\u00e3o P\u00fablica por ato daquele que recebeu os valores em conta, e por algum motivo, n\u00e3o pode utilizar pelo per\u00edodo estabelecido em Edital, dever\u00e1 devolver \u00e0 Funda\u00e7\u00e3o Universidade Federal do Amap\u00e1, para fins de aferi\u00e7\u00e3o da responsabilidade para evitar o preju\u00edzo, todavia evitando ato de improbidade que possa gerar inicialmente o dano ao er\u00e1rio.<\/p>\n","protected":false},"excerpt":{"rendered":"<p>Recurso destinado para os docentes dos cursos de p\u00f3s-gradua\u00e7\u00e3o com projeto de pesquisa institucionalizado e registrado no DPQ\/PROPESPG. O recurso visa atender despesas com passagem, hospedagem, alimenta\u00e7\u00e3o, locomo\u00e7\u00e3o urbana e aquisi\u00e7\u00e3o de material de consumo. Atividades: a) manuten\u00e7\u00e3o de equipamentos;&hellip; <\/p>\n<p><a href=\"http:\/\/www2.unifap.br\/propespg\/proap\/auxilio-financeiro-a-pesquisador\/\" class=\"readmore-button\">Continue Reading<\/a><\/p>\n","protected":false},"author":623,"featured_media":0,"parent":400,"menu_order":0,"comment_status":"open","ping_status":"open","template":"","meta":{"inline_featured_image":false,"ngg_post_thumbnail":0,"footnotes":""},"class_list":["post-420","page","type-page","status-publish","hentry"],"_links":{"self":[{"href":"http:\/\/www2.unifap.br\/propespg\/wp-json\/wp\/v2\/pages\/420","targetHints":{"allow":["GET"]}}],"collection":[{"href":"http:\/\/www2.unifap.br\/propespg\/wp-json\/wp\/v2\/pages"}],"about":[{"href":"http:\/\/www2.unifap.br\/propespg\/wp-json\/wp\/v2\/types\/page"}],"author":[{"embeddable":true,"href":"http:\/\/www2.unifap.br\/propespg\/wp-json\/wp\/v2\/users\/623"}],"replies":[{"embeddable":true,"href":"http:\/\/www2.unifap.br\/propespg\/wp-json\/wp\/v2\/comments?post=420"}],"version-history":[{"count":19,"href":"http:\/\/www2.unifap.br\/propespg\/wp-json\/wp\/v2\/pages\/420\/revisions"}],"predecessor-version":[{"id":1452,"href":"http:\/\/www2.unifap.br\/propespg\/wp-json\/wp\/v2\/pages\/420\/revisions\/1452"}],"up":[{"embeddable":true,"href":"http:\/\/www2.unifap.br\/propespg\/wp-json\/wp\/v2\/pages\/400"}],"wp:attachment":[{"href":"http:\/\/www2.unifap.br\/propespg\/wp-json\/wp\/v2\/media?parent=420"}],"curies":[{"name":"wp","href":"https:\/\/api.w.org\/{rel}","templated":true}]}}