{"id":96,"date":"2013-08-28T17:45:03","date_gmt":"2013-08-28T17:45:03","guid":{"rendered":"http:\/\/www2.unifap.br\/propespg\/?page_id=96"},"modified":"2023-01-17T17:52:47","modified_gmt":"2023-01-17T17:52:47","slug":"pro-reitoria-de-pesquisa-e-pos-graduacao-propespg","status":"publish","type":"page","link":"http:\/\/www2.unifap.br\/propespg\/pro-reitoria-de-pesquisa-e-pos-graduacao-propespg\/","title":{"rendered":"Conhe\u00e7a a PROPESPG"},"content":{"rendered":"<p style=\"text-align: justify\"><span style=\"color: #000000\"><strong>Pr\u00f3-Reitoria de Pesquisa e P\u00f3s-Gradua\u00e7\u00e3o (PROPESPG)<\/strong><\/span><\/p>\n<p><span style=\"color: #000000\"><strong>QUEM SOMOS:<\/strong><\/span><\/p>\n<p>&nbsp;<\/p>\n<p><span style=\"color: #000000\">Pr\u00f3-Reitoria de Pesquisa e P\u00f3s-Gradua\u00e7\u00e3o (PROPESPG): \u00c9 a inst\u00e2ncia da UNIFAP respons\u00e1vel por assessorar a Administra\u00e7\u00e3o da UNIFAP visando definir as pol\u00edticas de pesquisa e p\u00f3s-gradua\u00e7\u00e3o, planejar, coordenar e acompanhar todas as atividades de pesquisa e p\u00f3s-gradua\u00e7\u00e3o, de forma permanente e articulada com a PROGRAD, departamentos acad\u00eamicos, coordena\u00e7\u00f5es de curso de gradua\u00e7\u00e3o e p\u00f3s-gradua\u00e7\u00e3o e com a C\u00e2mara de Pesquisa e P\u00f3s-Gradua\u00e7\u00e3o, essa \u00faltima vinculada ao CONSU<\/span><\/p>\n<p>&nbsp;<\/p>\n<p><span style=\"color: #000000\">A Pr\u00f3-Reitoria de Pesquisa e P\u00f3s-Gradua\u00e7\u00e3o \u2013 PROPESPG\/UNIFAP, Define a pol\u00edtica de pesquisa e p\u00f3s-gradua\u00e7\u00e3o da UNIFAP; estimula atividades de pesquisa, com vistas \u00e0 melhoria da qualidade do ensino e do desenvolvimento regional; busca conv\u00eanios de capta\u00e7\u00e3o de recursos com entidades nacionais e estrangeiras de fomento \u00e0 pesquisa; prop\u00f5e planos de qualifica\u00e7\u00e3o, capacita\u00e7\u00e3o e aperfei\u00e7oamento docente e de atividades de investiga\u00e7\u00e3o cient\u00edfica, com respectivo or\u00e7amento de custos; que possibilita condi\u00e7\u00f5es para a implanta\u00e7\u00e3o cursos de p\u00f3s-gradua\u00e7\u00e3o\u00a0<em>Stricto Sensu (cursos de mestrado e doutorado)\u00a0<\/em>e Lato Sensu (<a style=\"color: #000000\" href=\"http:\/\/www.prppg.ufes.br\/cursos-em-funcionamento\">Cursos de especializa\u00e7\u00e3o e de aperfei\u00e7oamento)<\/a>\u00a0de pesquisa<a style=\"color: #000000\" href=\"http:\/\/www.prppg.ufes.br\/node\/73\">,<\/a> incluindo Inicia\u00e7\u00e3o Cient\u00edfica, e de Inova\u00e7\u00e3o Tecnol\u00f3gica.<\/span><\/p>\n<p>&nbsp;<\/p>\n<p><span style=\"color: #000000\">Al\u00e9m da pol\u00edtica de gerenciamento dos cursos de P\u00f3s-Gradua\u00e7\u00e3o, resid\u00eancia m\u00e9dica e multiprofissional, executa a\u00e7\u00f5es necess\u00e1rias \u00e0 implementa\u00e7\u00e3o das pol\u00edticas de p\u00f3s-gradua\u00e7\u00e3o definidas pelos conselhos superiores; emitindo pareceres sobre os processos de altera\u00e7\u00f5es da estrutura curricular ou de cria\u00e7\u00e3o de novos cursos de p\u00f3s-gradua\u00e7\u00e3o; gerenciando a implementa\u00e7\u00e3o de bolsas de pesquisa e coordenando processos de avalia\u00e7\u00e3o.<\/span><\/p>\n<p><span style=\"color: #000000\">A PROPESPG conduz diversas a\u00e7\u00f5es e programas como por exemplo:<\/span><\/p>\n<p><a href=\"https:\/\/www2.unifap.br\/propespg\/pro-reitoria-de-pesquisa-e-pos-graduacao-propespg\/propespg-responsabilidade\/#main\" rel=\"attachment wp-att-1395\"><img fetchpriority=\"high\" decoding=\"async\" class=\"alignnone size-full wp-image-1395\" src=\"http:\/\/www2.unifap.br\/propespg\/files\/2023\/01\/propespg-responsabilidade.jpg\" alt=\"\" width=\"324\" height=\"370\" \/><\/a><\/p>\n<p><strong>\u00a0<\/strong><\/p>\n<p>&nbsp;<\/p>\n","protected":false},"excerpt":{"rendered":"<p>Pr\u00f3-Reitoria de Pesquisa e P\u00f3s-Gradua\u00e7\u00e3o (PROPESPG) QUEM SOMOS: &nbsp; Pr\u00f3-Reitoria de Pesquisa e P\u00f3s-Gradua\u00e7\u00e3o (PROPESPG): \u00c9 a inst\u00e2ncia da UNIFAP respons\u00e1vel por assessorar a Administra\u00e7\u00e3o da UNIFAP visando definir as pol\u00edticas de pesquisa e p\u00f3s-gradua\u00e7\u00e3o, planejar, coordenar e acompanhar todas&hellip; <\/p>\n<p><a href=\"http:\/\/www2.unifap.br\/propespg\/pro-reitoria-de-pesquisa-e-pos-graduacao-propespg\/\" class=\"readmore-button\">Continue Reading<\/a><\/p>\n","protected":false},"author":306,"featured_media":0,"parent":0,"menu_order":1,"comment_status":"open","ping_status":"open","template":"","meta":{"inline_featured_image":false,"ngg_post_thumbnail":0,"footnotes":""},"class_list":["post-96","page","type-page","status-publish","hentry"],"_links":{"self":[{"href":"http:\/\/www2.unifap.br\/propespg\/wp-json\/wp\/v2\/pages\/96","targetHints":{"allow":["GET"]}}],"collection":[{"href":"http:\/\/www2.unifap.br\/propespg\/wp-json\/wp\/v2\/pages"}],"about":[{"href":"http:\/\/www2.unifap.br\/propespg\/wp-json\/wp\/v2\/types\/page"}],"author":[{"embeddable":true,"href":"http:\/\/www2.unifap.br\/propespg\/wp-json\/wp\/v2\/users\/306"}],"replies":[{"embeddable":true,"href":"http:\/\/www2.unifap.br\/propespg\/wp-json\/wp\/v2\/comments?post=96"}],"version-history":[{"count":11,"href":"http:\/\/www2.unifap.br\/propespg\/wp-json\/wp\/v2\/pages\/96\/revisions"}],"predecessor-version":[{"id":1396,"href":"http:\/\/www2.unifap.br\/propespg\/wp-json\/wp\/v2\/pages\/96\/revisions\/1396"}],"wp:attachment":[{"href":"http:\/\/www2.unifap.br\/propespg\/wp-json\/wp\/v2\/media?parent=96"}],"curies":[{"name":"wp","href":"https:\/\/api.w.org\/{rel}","templated":true}]}}