{"id":1176,"date":"2020-09-24T23:54:10","date_gmt":"2020-09-24T23:54:10","guid":{"rendered":"http:\/\/www2.unifap.br\/proplan\/?page_id=1176"},"modified":"2023-01-24T14:23:14","modified_gmt":"2023-01-24T14:23:14","slug":"controle-de-teds","status":"publish","type":"page","link":"http:\/\/www2.unifap.br\/proplan\/dgo\/controle-de-teds\/","title":{"rendered":"Controle de TED"},"content":{"rendered":"<pre><strong>CONTROLE DOS TERMOS DE EXECU\u00c7\u00c3O DESCENTRALIZADA - TED<\/strong><\/pre>\n<p><a href=\"http:\/\/www2.unifap.br\/proplan\/files\/2020\/09\/CONTROLE-DE-TEDS.pdf\">CONTROLE DE TEDS<\/a><\/p>\n<p>As informa\u00e7\u00f5es acerca dos repasses ou transfer\u00eancias de recursos financeiros, tais como: Contratos Administrativos; Projetos Acad\u00eamicos ( Conv\u00eanios e Contratos); e Projetos Acad\u00eamicos ( Funda\u00e7\u00e3o de Apoio).<\/p>\n<p><a href=\"https:\/\/sipac.unifap.br\/public\/jsp\/portal.jsf;jsessionid=B3F4B1E2D13525A2771F2A482FC00EC5.srv1inst1\">https:\/\/sipac.unifap.br\/public\/jsp\/portal.jsf;jsessionid=B3F4B1E2D13525A2771F2A482FC00EC5.srv1inst1<\/a><\/p>\n<p><strong>Depois de acessar o link clicar em Contratos.<\/strong><\/p>\n","protected":false},"excerpt":{"rendered":"<p>CONTROLE DOS TERMOS DE EXECU\u00c7\u00c3O DESCENTRALIZADA &#8211; TED CONTROLE DE TEDS As informa\u00e7\u00f5es acerca dos repasses ou transfer\u00eancias de recursos financeiros, tais como: Contratos Administrativos; Projetos Acad\u00eamicos ( Conv\u00eanios e Contratos); e Projetos Acad\u00eamicos ( Funda\u00e7\u00e3o de Apoio). https:\/\/sipac.unifap.br\/public\/jsp\/portal.jsf;jsessionid=B3F4B1E2D13525A2771F2A482FC00EC5.srv1inst1 Depois de acessar o link clicar em Contratos.<\/p>\n","protected":false},"author":3889,"featured_media":0,"parent":1106,"menu_order":11,"comment_status":"closed","ping_status":"closed","template":"","meta":{"inline_featured_image":false,"site-sidebar-layout":"default","site-content-layout":"","ast-site-content-layout":"default","site-content-style":"default","site-sidebar-style":"default","ast-global-header-display":"","ast-banner-title-visibility":"","ast-main-header-display":"","ast-hfb-above-header-display":"","ast-hfb-below-header-display":"","ast-hfb-mobile-header-display":"","site-post-title":"","ast-breadcrumbs-content":"","ast-featured-img":"","footer-sml-layout":"","theme-transparent-header-meta":"","adv-header-id-meta":"","stick-header-meta":"","header-above-stick-meta":"","header-main-stick-meta":"","header-below-stick-meta":"","astra-migrate-meta-layouts":"default","ast-page-background-enabled":"default","ast-page-background-meta":{"desktop":{"background-color":"var(--ast-global-color-4)","background-image":"","background-repeat":"repeat","background-position":"center center","background-size":"auto","background-attachment":"scroll","background-type":"","background-media":"","overlay-type":"","overlay-color":"","overlay-opacity":"","overlay-gradient":""},"tablet":{"background-color":"","background-image":"","background-repeat":"repeat","background-position":"center center","background-size":"auto","background-attachment":"scroll","background-type":"","background-media":"","overlay-type":"","overlay-color":"","overlay-opacity":"","overlay-gradient":""},"mobile":{"background-color":"","background-image":"","background-repeat":"repeat","background-position":"center center","background-size":"auto","background-attachment":"scroll","background-type":"","background-media":"","overlay-type":"","overlay-color":"","overlay-opacity":"","overlay-gradient":""}},"ast-content-background-meta":{"desktop":{"background-color":"var(--ast-global-color-5)","background-image":"","background-repeat":"repeat","background-position":"center center","background-size":"auto","background-attachment":"scroll","background-type":"","background-media":"","overlay-type":"","overlay-color":"","overlay-opacity":"","overlay-gradient":""},"tablet":{"background-color":"var(--ast-global-color-5)","background-image":"","background-repeat":"repeat","background-position":"center center","background-size":"auto","background-attachment":"scroll","background-type":"","background-media":"","overlay-type":"","overlay-color":"","overlay-opacity":"","overlay-gradient":""},"mobile":{"background-color":"var(--ast-global-color-5)","background-image":"","background-repeat":"repeat","background-position":"center center","background-size":"auto","background-attachment":"scroll","background-type":"","background-media":"","overlay-type":"","overlay-color":"","overlay-opacity":"","overlay-gradient":""}},"ngg_post_thumbnail":0,"footnotes":""},"class_list":["post-1176","page","type-page","status-publish","hentry"],"_links":{"self":[{"href":"http:\/\/www2.unifap.br\/proplan\/wp-json\/wp\/v2\/pages\/1176","targetHints":{"allow":["GET"]}}],"collection":[{"href":"http:\/\/www2.unifap.br\/proplan\/wp-json\/wp\/v2\/pages"}],"about":[{"href":"http:\/\/www2.unifap.br\/proplan\/wp-json\/wp\/v2\/types\/page"}],"author":[{"embeddable":true,"href":"http:\/\/www2.unifap.br\/proplan\/wp-json\/wp\/v2\/users\/3889"}],"replies":[{"embeddable":true,"href":"http:\/\/www2.unifap.br\/proplan\/wp-json\/wp\/v2\/comments?post=1176"}],"version-history":[{"count":15,"href":"http:\/\/www2.unifap.br\/proplan\/wp-json\/wp\/v2\/pages\/1176\/revisions"}],"predecessor-version":[{"id":1332,"href":"http:\/\/www2.unifap.br\/proplan\/wp-json\/wp\/v2\/pages\/1176\/revisions\/1332"}],"up":[{"embeddable":true,"href":"http:\/\/www2.unifap.br\/proplan\/wp-json\/wp\/v2\/pages\/1106"}],"wp:attachment":[{"href":"http:\/\/www2.unifap.br\/proplan\/wp-json\/wp\/v2\/media?parent=1176"}],"curies":[{"name":"wp","href":"https:\/\/api.w.org\/{rel}","templated":true}]}}