{"id":1233,"date":"2020-09-28T19:26:00","date_gmt":"2020-09-28T19:26:00","guid":{"rendered":"http:\/\/www2.unifap.br\/proplan\/?page_id=1233"},"modified":"2023-01-24T12:36:52","modified_gmt":"2023-01-24T12:36:52","slug":"organizacao-administrativa-e-academica","status":"publish","type":"page","link":"http:\/\/www2.unifap.br\/proplan\/planejamento\/organizacao-administrativa-e-academica\/","title":{"rendered":"Organiza\u00e7\u00e3o Administrativa e Acad\u00eamica"},"content":{"rendered":"<pre><strong>ORGANIZA\u00c7\u00c3O ADMINISTRATIVA E ACAD\u00caMICA<\/strong><\/pre>\n<p>A Universidade possui uma estrutura organizacional formada por: Conselhos Superiores, Reitoria, \u00d3rg\u00e3os de Assessoramentos, Pr\u00f3-Reitorias e Campi, conforme o organograma apresentado abaixo.<\/p>\n<p>A UNIFAP est\u00e1 organizada em estrutura multiCampi, em que a administra\u00e7\u00e3o superior \u00e9 exercida pela Reitoria cuja compet\u00eancia est\u00e1 definida no Regimento Geral, assim como, est\u00e3o definidos os setores que comp\u00f5em a IFES. A Reitoria est\u00e1 localizada no Campus Marco Zero do Equador, \u00e9 composta pelo Reitor e Vice-Reitor, 7 (sete) Pr\u00f3-Reitorias.<\/p>\n<p>Ainda fazem parte da estrutura organizacional os \u00d3rg\u00e3os Suplementares como: Comiss\u00e3o Permanente de Licita\u00e7\u00e3o (CPL); N\u00facleo de Tecnologia da Informa\u00e7\u00e3o (NTI); R\u00e1dio e TV; Biblioteca Central (BIC); e Assessoria Especial da Reitoria (AER), subdivididas em divis\u00f5es; \u00d3rg\u00e3os de Apoio e \u00d3rg\u00e3o de Controle.<\/p>\n<p><a href=\"http:\/\/www2.unifap.br\/proplan\/files\/2020\/09\/ORGANOGRAMA-UNIFAP.png\"><img fetchpriority=\"high\" decoding=\"async\" class=\"wp-image-1234 aligncenter\" src=\"http:\/\/www2.unifap.br\/proplan\/files\/2020\/09\/ORGANOGRAMA-UNIFAP-275x300.png\" alt=\"\" width=\"591\" height=\"645\" srcset=\"http:\/\/www2.unifap.br\/proplan\/files\/2020\/09\/ORGANOGRAMA-UNIFAP-275x300.png 275w, http:\/\/www2.unifap.br\/proplan\/files\/2020\/09\/ORGANOGRAMA-UNIFAP-940x1024.png 940w, http:\/\/www2.unifap.br\/proplan\/files\/2020\/09\/ORGANOGRAMA-UNIFAP-1410x1536.png 1410w\" sizes=\"(max-width: 591px) 100vw, 591px\" \/><\/a><\/p>\n<p>&nbsp;<\/p>\n<p>&nbsp;<\/p>\n","protected":false},"excerpt":{"rendered":"<p>ORGANIZA\u00c7\u00c3O ADMINISTRATIVA E ACAD\u00caMICA A Universidade possui uma estrutura organizacional formada por: Conselhos Superiores, Reitoria, \u00d3rg\u00e3os de Assessoramentos, Pr\u00f3-Reitorias e Campi, conforme o organograma apresentado abaixo. A UNIFAP est\u00e1 organizada em estrutura multiCampi, em que a administra\u00e7\u00e3o superior \u00e9 exercida pela Reitoria cuja compet\u00eancia est\u00e1 definida no Regimento Geral, assim como, est\u00e3o definidos os setores que comp\u00f5em a IFES. A Reitoria est\u00e1 localizada no Campus Marco Zero do Equador, \u00e9 composta pelo Reitor e Vice-Reitor, 7 (sete) Pr\u00f3-Reitorias. Ainda fazem parte da estrutura organizacional os \u00d3rg\u00e3os Suplementares como: Comiss\u00e3o Permanente de Licita\u00e7\u00e3o (CPL); N\u00facleo de Tecnologia da Informa\u00e7\u00e3o (NTI); R\u00e1dio e TV; Biblioteca Central (BIC); e Assessoria Especial da Reitoria (AER), subdivididas em divis\u00f5es; \u00d3rg\u00e3os de Apoio e \u00d3rg\u00e3o de Controle. &nbsp; &nbsp;<\/p>\n","protected":false},"author":3889,"featured_media":0,"parent":1189,"menu_order":12,"comment_status":"closed","ping_status":"closed","template":"","meta":{"inline_featured_image":false,"site-sidebar-layout":"default","site-content-layout":"","ast-site-content-layout":"default","site-content-style":"default","site-sidebar-style":"default","ast-global-header-display":"","ast-banner-title-visibility":"","ast-main-header-display":"","ast-hfb-above-header-display":"","ast-hfb-below-header-display":"","ast-hfb-mobile-header-display":"","site-post-title":"","ast-breadcrumbs-content":"","ast-featured-img":"","footer-sml-layout":"","theme-transparent-header-meta":"","adv-header-id-meta":"","stick-header-meta":"","header-above-stick-meta":"","header-main-stick-meta":"","header-below-stick-meta":"","astra-migrate-meta-layouts":"default","ast-page-background-enabled":"default","ast-page-background-meta":{"desktop":{"background-color":"var(--ast-global-color-4)","background-image":"","background-repeat":"repeat","background-position":"center center","background-size":"auto","background-attachment":"scroll","background-type":"","background-media":"","overlay-type":"","overlay-color":"","overlay-opacity":"","overlay-gradient":""},"tablet":{"background-color":"","background-image":"","background-repeat":"repeat","background-position":"center center","background-size":"auto","background-attachment":"scroll","background-type":"","background-media":"","overlay-type":"","overlay-color":"","overlay-opacity":"","overlay-gradient":""},"mobile":{"background-color":"","background-image":"","background-repeat":"repeat","background-position":"center center","background-size":"auto","background-attachment":"scroll","background-type":"","background-media":"","overlay-type":"","overlay-color":"","overlay-opacity":"","overlay-gradient":""}},"ast-content-background-meta":{"desktop":{"background-color":"var(--ast-global-color-5)","background-image":"","background-repeat":"repeat","background-position":"center center","background-size":"auto","background-attachment":"scroll","background-type":"","background-media":"","overlay-type":"","overlay-color":"","overlay-opacity":"","overlay-gradient":""},"tablet":{"background-color":"var(--ast-global-color-5)","background-image":"","background-repeat":"repeat","background-position":"center center","background-size":"auto","background-attachment":"scroll","background-type":"","background-media":"","overlay-type":"","overlay-color":"","overlay-opacity":"","overlay-gradient":""},"mobile":{"background-color":"var(--ast-global-color-5)","background-image":"","background-repeat":"repeat","background-position":"center center","background-size":"auto","background-attachment":"scroll","background-type":"","background-media":"","overlay-type":"","overlay-color":"","overlay-opacity":"","overlay-gradient":""}},"ngg_post_thumbnail":0,"footnotes":""},"class_list":["post-1233","page","type-page","status-publish","hentry"],"_links":{"self":[{"href":"http:\/\/www2.unifap.br\/proplan\/wp-json\/wp\/v2\/pages\/1233","targetHints":{"allow":["GET"]}}],"collection":[{"href":"http:\/\/www2.unifap.br\/proplan\/wp-json\/wp\/v2\/pages"}],"about":[{"href":"http:\/\/www2.unifap.br\/proplan\/wp-json\/wp\/v2\/types\/page"}],"author":[{"embeddable":true,"href":"http:\/\/www2.unifap.br\/proplan\/wp-json\/wp\/v2\/users\/3889"}],"replies":[{"embeddable":true,"href":"http:\/\/www2.unifap.br\/proplan\/wp-json\/wp\/v2\/comments?post=1233"}],"version-history":[{"count":6,"href":"http:\/\/www2.unifap.br\/proplan\/wp-json\/wp\/v2\/pages\/1233\/revisions"}],"predecessor-version":[{"id":1330,"href":"http:\/\/www2.unifap.br\/proplan\/wp-json\/wp\/v2\/pages\/1233\/revisions\/1330"}],"up":[{"embeddable":true,"href":"http:\/\/www2.unifap.br\/proplan\/wp-json\/wp\/v2\/pages\/1189"}],"wp:attachment":[{"href":"http:\/\/www2.unifap.br\/proplan\/wp-json\/wp\/v2\/media?parent=1233"}],"curies":[{"name":"wp","href":"https:\/\/api.w.org\/{rel}","templated":true}]}}