{"id":154,"date":"2011-10-13T16:09:56","date_gmt":"2011-10-13T16:09:56","guid":{"rendered":"http:\/\/pororoca.unifap.br\/deplan\/?page_id=154"},"modified":"2024-12-27T02:10:36","modified_gmt":"2024-12-27T02:10:36","slug":"equipe-2","status":"publish","type":"page","link":"http:\/\/www2.unifap.br\/proplan\/equipe-2\/","title":{"rendered":"Equipe"},"content":{"rendered":"\t\t<div data-elementor-type=\"wp-page\" data-elementor-id=\"154\" class=\"elementor elementor-154\">\n\t\t\t\t\t\t<section class=\"elementor-section elementor-top-section elementor-element elementor-element-33c9e8f1 elementor-section-boxed elementor-section-height-default elementor-section-height-default wpr-particle-no wpr-jarallax-no wpr-parallax-no wpr-sticky-section-no\" data-id=\"33c9e8f1\" data-element_type=\"section\" data-e-type=\"section\">\n\t\t\t\t\t\t<div class=\"elementor-container elementor-column-gap-default\">\n\t\t\t\t\t<div class=\"elementor-column elementor-col-100 elementor-top-column elementor-element elementor-element-73c97e51\" data-id=\"73c97e51\" data-element_type=\"column\" data-e-type=\"column\">\n\t\t\t<div class=\"elementor-widget-wrap elementor-element-populated\">\n\t\t\t\t\t\t<div class=\"elementor-element elementor-element-2db8ad4d elementor-widget elementor-widget-text-editor\" data-id=\"2db8ad4d\" data-element_type=\"widget\" data-e-type=\"widget\" data-widget_type=\"text-editor.default\">\n\t\t\t\t<div class=\"elementor-widget-container\">\n\t\t\t\t\t\t\t\t\t<p><strong><span style=\"color: #0000ff\">Pr\u00f3-Reitoria de Planejamento (<a style=\"color: #0000ff\" href=\"http:\/\/www2.unifap.br\/proplan\">PROPLAN)<\/a><\/span><\/strong><\/p><p><span style=\"font-weight: 400\"><strong>Simone de Almeida Delphim Leal<\/strong> \u2013 Pr\u00f3-Reitora de Planejamento.<\/span><\/p><p><span style=\"color: #0000ff\"><strong>Secretaria da PROPLAN (SECPROPLAN)<\/strong><\/span><\/p><p><strong>Thiarlliane Sousa<\/strong> &#8211; Secret\u00e1ria da Pr\u00f3-Reitoria de Planejamento.<\/p><p><span style=\"color: #0000ff\"><b>Departamento de Planejamento<\/b> (<a style=\"color: #0000ff\" href=\"http:\/\/www2.unifap.br\/deplan\"><strong>DEPLAN<\/strong><\/a>)\u00a0<\/span><\/p><p><strong>Glauber Ruan Barbosa Pereira \u2013 <\/strong>Diretor do Departamento de Planejamento.<strong><br \/><\/strong><\/p><p><strong>Paulo Guilherme Pinheiro \u2013 <\/strong>Estat\u00edstico.<strong><br \/><\/strong><\/p><p><strong>Carina de Almeida Matos <\/strong>&#8211; <span style=\"font-weight: 400\">Chefe da Divis\u00e3o de Estrutura e Processos Organizacionais (DIESPO).<\/span><\/p><p><strong>Mailson Campos<\/strong><span style=\"font-weight: 400\"> &#8211; <\/span><span style=\"font-weight: 400\">T\u00e9cnico Administrativo.<\/span><\/p><p><strong>Jo\u00e3o da Silva Pinheiro Junior<\/strong> \u2013 Chefe da Divis\u00e3o de Planejamento Institucional (DPI).<\/p><p><strong>Gilzomar Gomes Ferreira<\/strong> &#8211; T\u00e9cnico Administrativo.<\/p><p><strong>Monnya Cardoso<\/strong> &#8211; T\u00e9cnica Administrativa.<\/p><p><span style=\"color: #0000ff\"><a style=\"color: #0000ff\" title=\"DGO\" href=\"http:\/\/www2.unifap.br\/proplan\/dgo\/\"><strong>Departamento de Gest\u00e3o Or\u00e7ament\u00e1ria (DGO)<\/strong><\/a><\/span><\/p><p><strong>Aldery da Silva Mendon\u00e7a <\/strong>&#8211; Diretora do Departamento de Gest\u00e3o Or\u00e7ament\u00e1ria.<\/p><p><strong>Lorena Oliveira de Souza<\/strong> &#8211; Secret\u00e1ria Executiva &#8211; DGO.\u00a0<\/p><p><strong>Dandara Menezes de Oliveira \u2013 <\/strong>Chefe da Divis\u00e3o de Or\u00e7amento.<\/p><p><strong>Vagno Moura Gomes\u00a0<\/strong>&#8211; Administrador.<\/p><p><strong>Luciana Santos Ayres da Silva <\/strong>&#8211; Administradora.<\/p><p><strong style=\"font-size: 16px\">Luiz Carlos Silva de Ara\u00fajo\u00a0<\/strong><span style=\"font-size: 16px\">\u2013 Chefe da Divis\u00e3o de Conv\u00eanios.<\/span><\/p><p><strong><strong>Alan Santos da Silva<\/strong> &#8211;<\/strong> Administrador.<\/p><p><strong>Michelle Helba Oliveira Marques<\/strong> &#8211; Chefe.\u00a0<\/p><p><strong>C\u00e1ssia Pl\u00e1cido de Oliveira<\/strong> &#8211; Assistente em Administra\u00e7\u00e3o.<\/p><p><span style=\"color: #0000ff\"><a style=\"color: #0000ff\" href=\"http:\/\/www2.unifap.br\/deavi\"><strong>Departamento de Avalia\u00e7\u00e3o e Informa\u00e7\u00e3o (DEAVI)<\/strong><\/a><\/span><\/p><p><strong>Ursula Stephanie Ferreira de Souza &#8211; <\/strong>Diretora do DEAVI <strong>&#8211; <\/strong>T\u00e9cnica em Assuntos Educacionais.<\/p><p><strong>Myryan Sylvia Souza de Almeida &#8211; <\/strong>T\u00e9cnico em Assuntos Educacionais.<\/p><p><strong>Janaina Mayara Nunes de figueiredo<\/strong> &#8211; Administradora.\u00a0<\/p><p><strong>Eliana da Silva Lopes <\/strong>&#8211; Assistente em Administra\u00e7\u00e3o.<\/p><p><strong>Cl\u00e1udia Cristina Brito Pessoa <\/strong>&#8211; T\u00e9cnico em Assuntos Educacionais.<\/p><p><span data-sheets-root=\"1\"><strong>Saulo Pego Justiniano da Costa<\/strong> &#8211; Arquivista.<\/span><\/p>\t\t\t\t\t\t\t\t<\/div>\n\t\t\t\t<\/div>\n\t\t\t\t\t<\/div>\n\t\t<\/div>\n\t\t\t\t\t<\/div>\n\t\t<\/section>\n\t\t\t\t<\/div>\n\t\t","protected":false},"excerpt":{"rendered":"<p>Pr\u00f3-Reitoria de Planejamento (PROPLAN) Simone de Almeida Delphim Leal \u2013 Pr\u00f3-Reitora de Planejamento. Secretaria da PROPLAN (SECPROPLAN) Thiarlliane Sousa &#8211; Secret\u00e1ria da Pr\u00f3-Reitoria de Planejamento. Departamento de Planejamento (DEPLAN)\u00a0 Glauber Ruan Barbosa Pereira \u2013 Diretor do Departamento de Planejamento. Paulo Guilherme Pinheiro \u2013 Estat\u00edstico. Carina de Almeida Matos &#8211; Chefe da Divis\u00e3o de Estrutura e Processos Organizacionais (DIESPO). Mailson Campos &#8211; T\u00e9cnico Administrativo. Jo\u00e3o da Silva Pinheiro Junior \u2013 Chefe da Divis\u00e3o de Planejamento Institucional (DPI). Gilzomar Gomes Ferreira &#8211; T\u00e9cnico Administrativo. Monnya Cardoso &#8211; T\u00e9cnica Administrativa. Departamento de Gest\u00e3o Or\u00e7ament\u00e1ria (DGO) Aldery da Silva Mendon\u00e7a &#8211; Diretora do Departamento de Gest\u00e3o Or\u00e7ament\u00e1ria. Lorena Oliveira de Souza &#8211; Secret\u00e1ria Executiva &#8211; DGO.\u00a0 Dandara Menezes de Oliveira \u2013 Chefe da Divis\u00e3o de Or\u00e7amento. Vagno Moura Gomes\u00a0&#8211; Administrador. Luciana Santos Ayres da Silva &#8211; Administradora. Luiz Carlos Silva de Ara\u00fajo\u00a0\u2013 Chefe da Divis\u00e3o de Conv\u00eanios. Alan Santos da Silva &#8211; Administrador. Michelle Helba Oliveira Marques &#8211; Chefe.\u00a0 C\u00e1ssia Pl\u00e1cido de Oliveira &#8211; Assistente em Administra\u00e7\u00e3o. Departamento de Avalia\u00e7\u00e3o e Informa\u00e7\u00e3o (DEAVI) Ursula Stephanie Ferreira de Souza &#8211; Diretora do DEAVI &#8211; T\u00e9cnica em Assuntos Educacionais. Myryan Sylvia Souza de Almeida &#8211; T\u00e9cnico em Assuntos Educacionais. Janaina Mayara Nunes de figueiredo &#8211; Administradora.\u00a0 Eliana da Silva Lopes &#8211; Assistente em Administra\u00e7\u00e3o. Cl\u00e1udia Cristina Brito Pessoa &#8211; T\u00e9cnico em Assuntos Educacionais. Saulo Pego Justiniano da Costa &#8211; Arquivista.<\/p>\n","protected":false},"author":1,"featured_media":0,"parent":0,"menu_order":1,"comment_status":"closed","ping_status":"closed","template":"","meta":{"inline_featured_image":false,"site-sidebar-layout":"default","site-content-layout":"","ast-site-content-layout":"default","site-content-style":"default","site-sidebar-style":"default","ast-global-header-display":"","ast-banner-title-visibility":"","ast-main-header-display":"","ast-hfb-above-header-display":"","ast-hfb-below-header-display":"","ast-hfb-mobile-header-display":"","site-post-title":"","ast-breadcrumbs-content":"","ast-featured-img":"","footer-sml-layout":"","theme-transparent-header-meta":"default","adv-header-id-meta":"","stick-header-meta":"","header-above-stick-meta":"","header-main-stick-meta":"","header-below-stick-meta":"","astra-migrate-meta-layouts":"set","ast-page-background-enabled":"default","ast-page-background-meta":{"desktop":{"background-color":"var(--ast-global-color-4)","background-image":"","background-repeat":"repeat","background-position":"center center","background-size":"auto","background-attachment":"scroll","background-type":"","background-media":"","overlay-type":"","overlay-color":"","overlay-opacity":"","overlay-gradient":""},"tablet":{"background-color":"","background-image":"","background-repeat":"repeat","background-position":"center center","background-size":"auto","background-attachment":"scroll","background-type":"","background-media":"","overlay-type":"","overlay-color":"","overlay-opacity":"","overlay-gradient":""},"mobile":{"background-color":"","background-image":"","background-repeat":"repeat","background-position":"center center","background-size":"auto","background-attachment":"scroll","background-type":"","background-media":"","overlay-type":"","overlay-color":"","overlay-opacity":"","overlay-gradient":""}},"ast-content-background-meta":{"desktop":{"background-color":"var(--ast-global-color-5)","background-image":"","background-repeat":"repeat","background-position":"center center","background-size":"auto","background-attachment":"scroll","background-type":"","background-media":"","overlay-type":"","overlay-color":"","overlay-opacity":"","overlay-gradient":""},"tablet":{"background-color":"var(--ast-global-color-5)","background-image":"","background-repeat":"repeat","background-position":"center center","background-size":"auto","background-attachment":"scroll","background-type":"","background-media":"","overlay-type":"","overlay-color":"","overlay-opacity":"","overlay-gradient":""},"mobile":{"background-color":"var(--ast-global-color-5)","background-image":"","background-repeat":"repeat","background-position":"center center","background-size":"auto","background-attachment":"scroll","background-type":"","background-media":"","overlay-type":"","overlay-color":"","overlay-opacity":"","overlay-gradient":""}},"ngg_post_thumbnail":0,"footnotes":""},"class_list":["post-154","page","type-page","status-publish","hentry"],"_links":{"self":[{"href":"http:\/\/www2.unifap.br\/proplan\/wp-json\/wp\/v2\/pages\/154","targetHints":{"allow":["GET"]}}],"collection":[{"href":"http:\/\/www2.unifap.br\/proplan\/wp-json\/wp\/v2\/pages"}],"about":[{"href":"http:\/\/www2.unifap.br\/proplan\/wp-json\/wp\/v2\/types\/page"}],"author":[{"embeddable":true,"href":"http:\/\/www2.unifap.br\/proplan\/wp-json\/wp\/v2\/users\/1"}],"replies":[{"embeddable":true,"href":"http:\/\/www2.unifap.br\/proplan\/wp-json\/wp\/v2\/comments?post=154"}],"version-history":[{"count":46,"href":"http:\/\/www2.unifap.br\/proplan\/wp-json\/wp\/v2\/pages\/154\/revisions"}],"predecessor-version":[{"id":1957,"href":"http:\/\/www2.unifap.br\/proplan\/wp-json\/wp\/v2\/pages\/154\/revisions\/1957"}],"wp:attachment":[{"href":"http:\/\/www2.unifap.br\/proplan\/wp-json\/wp\/v2\/media?parent=154"}],"curies":[{"name":"wp","href":"https:\/\/api.w.org\/{rel}","templated":true}]}}