{"id":76,"date":"2011-08-19T16:04:23","date_gmt":"2011-08-19T16:04:23","guid":{"rendered":"http:\/\/pororoca.unifap.br\/deplan\/?page_id=76"},"modified":"2025-04-03T14:15:33","modified_gmt":"2025-04-03T14:15:33","slug":"relatorios-de-gestao","status":"publish","type":"page","link":"http:\/\/www2.unifap.br\/proplan\/relatorios-de-gestao\/","title":{"rendered":"Relat\u00f3rios de Gest\u00e3o"},"content":{"rendered":"\t\t<div data-elementor-type=\"wp-page\" data-elementor-id=\"76\" class=\"elementor elementor-76\">\n\t\t\t\t\t\t<section class=\"elementor-section elementor-top-section elementor-element elementor-element-59e207f1 elementor-section-boxed elementor-section-height-default elementor-section-height-default wpr-particle-no wpr-jarallax-no wpr-parallax-no wpr-sticky-section-no\" data-id=\"59e207f1\" data-element_type=\"section\" data-e-type=\"section\">\n\t\t\t\t\t\t<div class=\"elementor-container elementor-column-gap-default\">\n\t\t\t\t\t<div class=\"elementor-column elementor-col-100 elementor-top-column elementor-element elementor-element-3c1a9ebf\" data-id=\"3c1a9ebf\" data-element_type=\"column\" data-e-type=\"column\">\n\t\t\t<div class=\"elementor-widget-wrap elementor-element-populated\">\n\t\t\t\t\t\t<div class=\"elementor-element elementor-element-8ec7c08 elementor-widget-divider--view-line elementor-widget elementor-widget-divider\" data-id=\"8ec7c08\" data-element_type=\"widget\" data-e-type=\"widget\" data-widget_type=\"divider.default\">\n\t\t\t\t<div class=\"elementor-widget-container\">\n\t\t\t\t\t\t\t<div class=\"elementor-divider\">\n\t\t\t<span class=\"elementor-divider-separator\">\n\t\t\t\t\t\t<\/span>\n\t\t<\/div>\n\t\t\t\t\t\t<\/div>\n\t\t\t\t<\/div>\n\t\t\t\t<div class=\"elementor-element elementor-element-ea35004 elementor-widget elementor-widget-heading\" data-id=\"ea35004\" data-element_type=\"widget\" data-e-type=\"widget\" data-widget_type=\"heading.default\">\n\t\t\t\t<div class=\"elementor-widget-container\">\n\t\t\t\t\t<h2 class=\"elementor-heading-title elementor-size-default\">Relat\u00f3rios anuais de Gest\u00e3o<\/h2>\t\t\t\t<\/div>\n\t\t\t\t<\/div>\n\t\t\t\t<div class=\"elementor-element elementor-element-e4ff05c elementor-widget elementor-widget-text-editor\" data-id=\"e4ff05c\" data-element_type=\"widget\" data-e-type=\"widget\" data-widget_type=\"text-editor.default\">\n\t\t\t\t<div class=\"elementor-widget-container\">\n\t\t\t\t\t\t\t\t\t<p>O Relat\u00f3rio de Gest\u00e3o da Unifap \u00e9 elaborado anualmente com o objetivo de prestar contas aos \u00f3rg\u00e3os de controle e \u00e0 sociedade, reafirmando o compromisso com a transpar\u00eancia e a credibilidade de sua atua\u00e7\u00e3o acad\u00eamica e de seus servi\u00e7os. O documento sintetiza os resultados alcan\u00e7ados e as principais atividades desenvolvidas por esta institui\u00e7\u00e3o de ensino superior al\u00e9m de ser um importante instrumento de monitoramento, controle e avalia\u00e7\u00e3o das a\u00e7\u00f5es internas, pois possibilita o acompanhamento da aplica\u00e7\u00e3o de seus recursos e estabelece uma correla\u00e7\u00e3o entre os objetivos e as metas estabelecidas e os resultados alcan\u00e7ados em cada ano.<\/p><p>Para acessar o relat\u00f3rio de Gest\u00e3o acesse:<\/p><p><a href=\"http:\/\/www2.unifap.br\/proplan\/files\/2025\/04\/RELATORIO-DE-GESTAO-UNIFAP-2024-1.pdf\">Relat\u00f3rio de Gest\u00e3o UNIFAP, Exerc\u00edcio 2024<\/a><\/p>\t\t\t\t\t\t\t\t<\/div>\n\t\t\t\t<\/div>\n\t\t\t\t<div class=\"elementor-element elementor-element-d4e46a5 elementor-widget-divider--view-line elementor-widget elementor-widget-divider\" data-id=\"d4e46a5\" data-element_type=\"widget\" data-e-type=\"widget\" data-widget_type=\"divider.default\">\n\t\t\t\t<div class=\"elementor-widget-container\">\n\t\t\t\t\t\t\t<div class=\"elementor-divider\">\n\t\t\t<span class=\"elementor-divider-separator\">\n\t\t\t\t\t\t<\/span>\n\t\t<\/div>\n\t\t\t\t\t\t<\/div>\n\t\t\t\t<\/div>\n\t\t\t\t\t<\/div>\n\t\t<\/div>\n\t\t\t\t\t<\/div>\n\t\t<\/section>\n\t\t\t\t<\/div>\n\t\t","protected":false},"excerpt":{"rendered":"<p>Relat\u00f3rios anuais de Gest\u00e3o O Relat\u00f3rio de Gest\u00e3o da Unifap \u00e9 elaborado anualmente com o objetivo de prestar contas aos \u00f3rg\u00e3os de controle e \u00e0 sociedade, reafirmando o compromisso com a transpar\u00eancia e a credibilidade de sua atua\u00e7\u00e3o acad\u00eamica e de seus servi\u00e7os. O documento sintetiza os resultados alcan\u00e7ados e as principais atividades desenvolvidas por esta institui\u00e7\u00e3o de ensino superior al\u00e9m de ser um importante instrumento de monitoramento, controle e avalia\u00e7\u00e3o das a\u00e7\u00f5es internas, pois possibilita o acompanhamento da aplica\u00e7\u00e3o de seus recursos e estabelece uma correla\u00e7\u00e3o entre os objetivos e as metas estabelecidas e os resultados alcan\u00e7ados em cada ano. Para acessar o relat\u00f3rio de Gest\u00e3o acesse: Relat\u00f3rio de Gest\u00e3o UNIFAP, Exerc\u00edcio 2024<\/p>\n","protected":false},"author":1,"featured_media":0,"parent":0,"menu_order":3,"comment_status":"closed","ping_status":"closed","template":"","meta":{"inline_featured_image":false,"site-sidebar-layout":"default","site-content-layout":"","ast-site-content-layout":"default","site-content-style":"default","site-sidebar-style":"default","ast-global-header-display":"","ast-banner-title-visibility":"","ast-main-header-display":"","ast-hfb-above-header-display":"","ast-hfb-below-header-display":"","ast-hfb-mobile-header-display":"","site-post-title":"","ast-breadcrumbs-content":"","ast-featured-img":"","footer-sml-layout":"","theme-transparent-header-meta":"","adv-header-id-meta":"","stick-header-meta":"","header-above-stick-meta":"","header-main-stick-meta":"","header-below-stick-meta":"","astra-migrate-meta-layouts":"default","ast-page-background-enabled":"default","ast-page-background-meta":{"desktop":{"background-color":"var(--ast-global-color-4)","background-image":"","background-repeat":"repeat","background-position":"center center","background-size":"auto","background-attachment":"scroll","background-type":"","background-media":"","overlay-type":"","overlay-color":"","overlay-opacity":"","overlay-gradient":""},"tablet":{"background-color":"","background-image":"","background-repeat":"repeat","background-position":"center center","background-size":"auto","background-attachment":"scroll","background-type":"","background-media":"","overlay-type":"","overlay-color":"","overlay-opacity":"","overlay-gradient":""},"mobile":{"background-color":"","background-image":"","background-repeat":"repeat","background-position":"center center","background-size":"auto","background-attachment":"scroll","background-type":"","background-media":"","overlay-type":"","overlay-color":"","overlay-opacity":"","overlay-gradient":""}},"ast-content-background-meta":{"desktop":{"background-color":"var(--ast-global-color-5)","background-image":"","background-repeat":"repeat","background-position":"center center","background-size":"auto","background-attachment":"scroll","background-type":"","background-media":"","overlay-type":"","overlay-color":"","overlay-opacity":"","overlay-gradient":""},"tablet":{"background-color":"var(--ast-global-color-5)","background-image":"","background-repeat":"repeat","background-position":"center center","background-size":"auto","background-attachment":"scroll","background-type":"","background-media":"","overlay-type":"","overlay-color":"","overlay-opacity":"","overlay-gradient":""},"mobile":{"background-color":"var(--ast-global-color-5)","background-image":"","background-repeat":"repeat","background-position":"center center","background-size":"auto","background-attachment":"scroll","background-type":"","background-media":"","overlay-type":"","overlay-color":"","overlay-opacity":"","overlay-gradient":""}},"ngg_post_thumbnail":0,"footnotes":""},"class_list":["post-76","page","type-page","status-publish","hentry"],"_links":{"self":[{"href":"http:\/\/www2.unifap.br\/proplan\/wp-json\/wp\/v2\/pages\/76","targetHints":{"allow":["GET"]}}],"collection":[{"href":"http:\/\/www2.unifap.br\/proplan\/wp-json\/wp\/v2\/pages"}],"about":[{"href":"http:\/\/www2.unifap.br\/proplan\/wp-json\/wp\/v2\/types\/page"}],"author":[{"embeddable":true,"href":"http:\/\/www2.unifap.br\/proplan\/wp-json\/wp\/v2\/users\/1"}],"replies":[{"embeddable":true,"href":"http:\/\/www2.unifap.br\/proplan\/wp-json\/wp\/v2\/comments?post=76"}],"version-history":[{"count":24,"href":"http:\/\/www2.unifap.br\/proplan\/wp-json\/wp\/v2\/pages\/76\/revisions"}],"predecessor-version":[{"id":1995,"href":"http:\/\/www2.unifap.br\/proplan\/wp-json\/wp\/v2\/pages\/76\/revisions\/1995"}],"wp:attachment":[{"href":"http:\/\/www2.unifap.br\/proplan\/wp-json\/wp\/v2\/media?parent=76"}],"curies":[{"name":"wp","href":"https:\/\/api.w.org\/{rel}","templated":true}]}}