{"id":898,"date":"2015-09-04T13:57:32","date_gmt":"2015-09-04T13:57:32","guid":{"rendered":"http:\/\/www2.unifap.br\/proplan\/?page_id=898"},"modified":"2023-01-24T12:34:11","modified_gmt":"2023-01-24T12:34:11","slug":"gestao-de-processos","status":"publish","type":"page","link":"http:\/\/www2.unifap.br\/proplan\/planejamento\/gestao-de-processos\/","title":{"rendered":"Gest\u00e3o de Processos"},"content":{"rendered":"<pre>PROJETO POP UNIFAP - GERENCIAMENTO DE PROCESSOS DE NEG\u00d3CIOS - BPM<\/pre>\n<h6>O que \u00e9 processo de neg\u00f3cio<\/h6>\n<p>Para compreender BPM \u00e9 necess\u00e1rio compreender o significado de processo de neg\u00f3cio. No contexto de BPM, um \u201cprocesso de neg\u00f3cio\u201d \u00e9 um trabalho que entrega valor para os clientes ou apoia\/gerencia outros processos. Esse trabalho pode ser ponta a ponta, interfuncional e at\u00e9 mesmo interorganizacional. A no\u00e7\u00e3o de trabalho ponta a ponta interfuncional \u00e9 chave, pois envolve todo o trabalho, cruzando limites funcionais necess\u00e1rios para entregar valor para os clientes.<\/p>\n<p><i>Defini\u00e7\u00e3o: <\/i><i>Processo \u00e9 uma agrega\u00e7\u00e3o de atividades e comportamentos executados por humanos ou m\u00e1quinas para alcan\u00e7ar um ou mais resultados.<\/i><i><\/i><\/p>\n<p>Processos s\u00e3o compostos por atividades inter-relacionadas que solucionam uma quest\u00e3o espec\u00edfica. Essas atividades s\u00e3o governadas por regras de neg\u00f3cio e vistas no contexto de seu relacionamento com outras atividades para fornecer uma vis\u00e3o de sequ\u00eancia e fluxo.<\/p>\n<p><a href=\"https:\/\/www2.unifap.br\/processos\/2017\/07\/10\/gerenciamento-de-processo-de-negocios-bpm\/\">https:\/\/www2.unifap.br\/processos\/2017\/07\/10\/gerenciamento-de-processo-de-negocios-bpm\/<\/a><\/p>\n<p>&nbsp;<\/p>\n","protected":false},"excerpt":{"rendered":"<p>PROJETO POP UNIFAP &#8211; GERENCIAMENTO DE PROCESSOS DE NEG\u00d3CIOS &#8211; BPM O que \u00e9 processo de neg\u00f3cio Para compreender BPM \u00e9 necess\u00e1rio compreender o significado de processo de neg\u00f3cio. No contexto de BPM, um \u201cprocesso de neg\u00f3cio\u201d \u00e9 um trabalho que entrega valor para os clientes ou apoia\/gerencia outros processos. Esse trabalho pode ser ponta a ponta, interfuncional e at\u00e9 mesmo interorganizacional. A no\u00e7\u00e3o de trabalho ponta a ponta interfuncional \u00e9 chave, pois envolve todo o trabalho, cruzando limites funcionais necess\u00e1rios para entregar valor para os clientes. Defini\u00e7\u00e3o: Processo \u00e9 uma agrega\u00e7\u00e3o de atividades e comportamentos executados por humanos ou m\u00e1quinas para alcan\u00e7ar um ou mais resultados. Processos s\u00e3o compostos por atividades inter-relacionadas que solucionam uma quest\u00e3o espec\u00edfica. Essas atividades s\u00e3o governadas por regras de neg\u00f3cio e vistas no contexto de seu relacionamento com outras atividades para fornecer uma vis\u00e3o de sequ\u00eancia e fluxo. https:\/\/www2.unifap.br\/processos\/2017\/07\/10\/gerenciamento-de-processo-de-negocios-bpm\/ &nbsp;<\/p>\n","protected":false},"author":297,"featured_media":0,"parent":1189,"menu_order":10,"comment_status":"open","ping_status":"closed","template":"","meta":{"inline_featured_image":false,"site-sidebar-layout":"default","site-content-layout":"","ast-site-content-layout":"default","site-content-style":"default","site-sidebar-style":"default","ast-global-header-display":"","ast-banner-title-visibility":"","ast-main-header-display":"","ast-hfb-above-header-display":"","ast-hfb-below-header-display":"","ast-hfb-mobile-header-display":"","site-post-title":"","ast-breadcrumbs-content":"","ast-featured-img":"","footer-sml-layout":"","theme-transparent-header-meta":"","adv-header-id-meta":"","stick-header-meta":"","header-above-stick-meta":"","header-main-stick-meta":"","header-below-stick-meta":"","astra-migrate-meta-layouts":"default","ast-page-background-enabled":"default","ast-page-background-meta":{"desktop":{"background-color":"var(--ast-global-color-4)","background-image":"","background-repeat":"repeat","background-position":"center center","background-size":"auto","background-attachment":"scroll","background-type":"","background-media":"","overlay-type":"","overlay-color":"","overlay-opacity":"","overlay-gradient":""},"tablet":{"background-color":"","background-image":"","background-repeat":"repeat","background-position":"center center","background-size":"auto","background-attachment":"scroll","background-type":"","background-media":"","overlay-type":"","overlay-color":"","overlay-opacity":"","overlay-gradient":""},"mobile":{"background-color":"","background-image":"","background-repeat":"repeat","background-position":"center center","background-size":"auto","background-attachment":"scroll","background-type":"","background-media":"","overlay-type":"","overlay-color":"","overlay-opacity":"","overlay-gradient":""}},"ast-content-background-meta":{"desktop":{"background-color":"var(--ast-global-color-5)","background-image":"","background-repeat":"repeat","background-position":"center center","background-size":"auto","background-attachment":"scroll","background-type":"","background-media":"","overlay-type":"","overlay-color":"","overlay-opacity":"","overlay-gradient":""},"tablet":{"background-color":"var(--ast-global-color-5)","background-image":"","background-repeat":"repeat","background-position":"center center","background-size":"auto","background-attachment":"scroll","background-type":"","background-media":"","overlay-type":"","overlay-color":"","overlay-opacity":"","overlay-gradient":""},"mobile":{"background-color":"var(--ast-global-color-5)","background-image":"","background-repeat":"repeat","background-position":"center center","background-size":"auto","background-attachment":"scroll","background-type":"","background-media":"","overlay-type":"","overlay-color":"","overlay-opacity":"","overlay-gradient":""}},"ngg_post_thumbnail":0,"footnotes":""},"class_list":["post-898","page","type-page","status-publish","hentry"],"_links":{"self":[{"href":"http:\/\/www2.unifap.br\/proplan\/wp-json\/wp\/v2\/pages\/898","targetHints":{"allow":["GET"]}}],"collection":[{"href":"http:\/\/www2.unifap.br\/proplan\/wp-json\/wp\/v2\/pages"}],"about":[{"href":"http:\/\/www2.unifap.br\/proplan\/wp-json\/wp\/v2\/types\/page"}],"author":[{"embeddable":true,"href":"http:\/\/www2.unifap.br\/proplan\/wp-json\/wp\/v2\/users\/297"}],"replies":[{"embeddable":true,"href":"http:\/\/www2.unifap.br\/proplan\/wp-json\/wp\/v2\/comments?post=898"}],"version-history":[{"count":19,"href":"http:\/\/www2.unifap.br\/proplan\/wp-json\/wp\/v2\/pages\/898\/revisions"}],"predecessor-version":[{"id":1327,"href":"http:\/\/www2.unifap.br\/proplan\/wp-json\/wp\/v2\/pages\/898\/revisions\/1327"}],"up":[{"embeddable":true,"href":"http:\/\/www2.unifap.br\/proplan\/wp-json\/wp\/v2\/pages\/1189"}],"wp:attachment":[{"href":"http:\/\/www2.unifap.br\/proplan\/wp-json\/wp\/v2\/media?parent=898"}],"curies":[{"name":"wp","href":"https:\/\/api.w.org\/{rel}","templated":true}]}}