{"id":900,"date":"2015-09-04T14:01:11","date_gmt":"2015-09-04T14:01:11","guid":{"rendered":"http:\/\/www2.unifap.br\/proplan\/?page_id=900"},"modified":"2020-09-24T17:30:24","modified_gmt":"2020-09-24T17:30:24","slug":"departamento-de-avaliacao-e-informacao-deavi","status":"publish","type":"page","link":"http:\/\/www2.unifap.br\/proplan\/planejamento\/gestao-de-processos\/departamento-de-avaliacao-e-informacao-deavi\/","title":{"rendered":"Departamento de Avalia\u00e7\u00e3o e Informa\u00e7\u00e3o &#8211; DEAVI"},"content":{"rendered":"<p><a href=\"http:\/\/www2.unifap.br\/proplan\/files\/2015\/09\/Anexo-IV-POP-DEAVI-Programa-de-Avalia\u00e7\u00e3o-Interna-de-Cursos.pdf\">POP DEAVI &#8211; Programa de Avalia\u00e7\u00e3o Interna de Cursos<\/a><\/p>\n","protected":false},"excerpt":{"rendered":"<p>POP DEAVI &#8211; Programa de Avalia\u00e7\u00e3o Interna de Cursos<\/p>\n","protected":false},"author":297,"featured_media":0,"parent":898,"menu_order":0,"comment_status":"open","ping_status":"open","template":"page-leftsb.php","meta":{"inline_featured_image":false,"site-sidebar-layout":"default","site-content-layout":"","ast-site-content-layout":"default","site-content-style":"default","site-sidebar-style":"default","ast-global-header-display":"","ast-banner-title-visibility":"","ast-main-header-display":"","ast-hfb-above-header-display":"","ast-hfb-below-header-display":"","ast-hfb-mobile-header-display":"","site-post-title":"","ast-breadcrumbs-content":"","ast-featured-img":"","footer-sml-layout":"","theme-transparent-header-meta":"","adv-header-id-meta":"","stick-header-meta":"","header-above-stick-meta":"","header-main-stick-meta":"","header-below-stick-meta":"","astra-migrate-meta-layouts":"default","ast-page-background-enabled":"default","ast-page-background-meta":{"desktop":{"background-color":"var(--ast-global-color-4)","background-image":"","background-repeat":"repeat","background-position":"center center","background-size":"auto","background-attachment":"scroll","background-type":"","background-media":"","overlay-type":"","overlay-color":"","overlay-opacity":"","overlay-gradient":""},"tablet":{"background-color":"","background-image":"","background-repeat":"repeat","background-position":"center center","background-size":"auto","background-attachment":"scroll","background-type":"","background-media":"","overlay-type":"","overlay-color":"","overlay-opacity":"","overlay-gradient":""},"mobile":{"background-color":"","background-image":"","background-repeat":"repeat","background-position":"center center","background-size":"auto","background-attachment":"scroll","background-type":"","background-media":"","overlay-type":"","overlay-color":"","overlay-opacity":"","overlay-gradient":""}},"ast-content-background-meta":{"desktop":{"background-color":"var(--ast-global-color-5)","background-image":"","background-repeat":"repeat","background-position":"center center","background-size":"auto","background-attachment":"scroll","background-type":"","background-media":"","overlay-type":"","overlay-color":"","overlay-opacity":"","overlay-gradient":""},"tablet":{"background-color":"var(--ast-global-color-5)","background-image":"","background-repeat":"repeat","background-position":"center center","background-size":"auto","background-attachment":"scroll","background-type":"","background-media":"","overlay-type":"","overlay-color":"","overlay-opacity":"","overlay-gradient":""},"mobile":{"background-color":"var(--ast-global-color-5)","background-image":"","background-repeat":"repeat","background-position":"center center","background-size":"auto","background-attachment":"scroll","background-type":"","background-media":"","overlay-type":"","overlay-color":"","overlay-opacity":"","overlay-gradient":""}},"ngg_post_thumbnail":0,"footnotes":""},"class_list":["post-900","page","type-page","status-publish","hentry"],"_links":{"self":[{"href":"http:\/\/www2.unifap.br\/proplan\/wp-json\/wp\/v2\/pages\/900","targetHints":{"allow":["GET"]}}],"collection":[{"href":"http:\/\/www2.unifap.br\/proplan\/wp-json\/wp\/v2\/pages"}],"about":[{"href":"http:\/\/www2.unifap.br\/proplan\/wp-json\/wp\/v2\/types\/page"}],"author":[{"embeddable":true,"href":"http:\/\/www2.unifap.br\/proplan\/wp-json\/wp\/v2\/users\/297"}],"replies":[{"embeddable":true,"href":"http:\/\/www2.unifap.br\/proplan\/wp-json\/wp\/v2\/comments?post=900"}],"version-history":[{"count":2,"href":"http:\/\/www2.unifap.br\/proplan\/wp-json\/wp\/v2\/pages\/900\/revisions"}],"predecessor-version":[{"id":903,"href":"http:\/\/www2.unifap.br\/proplan\/wp-json\/wp\/v2\/pages\/900\/revisions\/903"}],"up":[{"embeddable":true,"href":"http:\/\/www2.unifap.br\/proplan\/wp-json\/wp\/v2\/pages\/898"}],"wp:attachment":[{"href":"http:\/\/www2.unifap.br\/proplan\/wp-json\/wp\/v2\/media?parent=900"}],"curies":[{"name":"wp","href":"https:\/\/api.w.org\/{rel}","templated":true}]}}