{"id":919,"date":"2016-01-26T20:11:51","date_gmt":"2016-01-26T20:11:51","guid":{"rendered":"http:\/\/www2.unifap.br\/proplan\/?page_id=919"},"modified":"2024-09-25T14:46:30","modified_gmt":"2024-09-25T14:46:30","slug":"atribuicoes","status":"publish","type":"page","link":"http:\/\/www2.unifap.br\/proplan\/atribuicoes\/","title":{"rendered":"Sobre"},"content":{"rendered":"\t\t<div data-elementor-type=\"wp-page\" data-elementor-id=\"919\" class=\"elementor elementor-919\">\n\t\t\t\t\t\t<section class=\"elementor-section elementor-top-section elementor-element elementor-element-583bcc4 elementor-section-boxed elementor-section-height-default elementor-section-height-default wpr-particle-no wpr-jarallax-no wpr-parallax-no wpr-sticky-section-no\" data-id=\"583bcc4\" data-element_type=\"section\" data-e-type=\"section\">\n\t\t\t\t\t\t<div class=\"elementor-container elementor-column-gap-default\">\n\t\t\t\t\t<div class=\"elementor-column elementor-col-100 elementor-top-column elementor-element elementor-element-4dc4a4c7\" data-id=\"4dc4a4c7\" data-element_type=\"column\" data-e-type=\"column\">\n\t\t\t<div class=\"elementor-widget-wrap elementor-element-populated\">\n\t\t\t\t\t\t<div class=\"elementor-element elementor-element-9f4ed39 elementor-widget-divider--view-line elementor-widget elementor-widget-divider\" data-id=\"9f4ed39\" data-element_type=\"widget\" data-e-type=\"widget\" data-widget_type=\"divider.default\">\n\t\t\t\t<div class=\"elementor-widget-container\">\n\t\t\t\t\t\t\t<div class=\"elementor-divider\">\n\t\t\t<span class=\"elementor-divider-separator\">\n\t\t\t\t\t\t<\/span>\n\t\t<\/div>\n\t\t\t\t\t\t<\/div>\n\t\t\t\t<\/div>\n\t\t\t\t<div class=\"elementor-element elementor-element-51693dd elementor-widget elementor-widget-heading\" data-id=\"51693dd\" data-element_type=\"widget\" data-e-type=\"widget\" data-widget_type=\"heading.default\">\n\t\t\t\t<div class=\"elementor-widget-container\">\n\t\t\t\t\t<h5 class=\"elementor-heading-title elementor-size-default\">Sobre a PROPLAN<\/h5>\t\t\t\t<\/div>\n\t\t\t\t<\/div>\n\t\t\t\t<div class=\"elementor-element elementor-element-782edc84 elementor-widget elementor-widget-text-editor\" data-id=\"782edc84\" data-element_type=\"widget\" data-e-type=\"widget\" data-widget_type=\"text-editor.default\">\n\t\t\t\t<div class=\"elementor-widget-container\">\n\t\t\t\t\t\t\t\t\t<ul><li>\u00a0Planejar, coordenar e organizar a\u00e7\u00f5es com vistas a elabora\u00e7\u00e3o do Planejamento\u00a0 Estrat\u00e9gico da Universidade;<\/li><li>Assessorar na formula\u00e7\u00e3o e no acompanhamento de diretrizes e metas para o desenvolvimento did\u00e1tico, cient\u00edfico e administrativo da Universidade;<\/li><li>Coordenar as atividades de acompanhamento, avalia\u00e7\u00e3o e moderniza\u00e7\u00e3o institucional, propondo medidas corretivas ou preventivas quanto ao funcionamento dos canais de comunica\u00e7\u00e3o interna, o fluxo de documentos e processos;<\/li><li>Elaborar, em parceria com os demais \u00f3rg\u00e3os e unidades da Universidade, estudos de racionaliza\u00e7\u00e3o administrativa, de melhoria de processos e de aperfei\u00e7oamento da estrutura organizacional da institui\u00e7\u00e3o;<\/li><li>Promover a capta\u00e7\u00e3o, atualiza\u00e7\u00e3o, an\u00e1lise, organiza\u00e7\u00e3o e disponibiliza\u00e7\u00e3o de dados institucionais, estat\u00edsticas e indicadores de desempenho da institui\u00e7\u00e3o;<\/li><li>Coordenar e assessorar os demais \u00f3rg\u00e3os e unidades da Universidade na formula\u00e7\u00e3o e gest\u00e3o de projetos institucionais.<\/li><li>Coordenar a elabora\u00e7\u00e3o dos relat\u00f3rios de gest\u00e3o, relat\u00f3rio anual de atividades e demais relat\u00f3rios que sejam julgados relevantes;<\/li><li>Elaborar e acompanhar o planejamento e controle da matriz or\u00e7ament\u00e1ria e de custos;<\/li><li>Elaborar, estudar e propor, permanentemente, adequa\u00e7\u00e3o da estrutura organizacional da Institui\u00e7\u00e3o;<\/li><li>Monitorar as a\u00e7\u00f5es com vistas \u00e0 avalia\u00e7\u00e3o institucional.<\/li><\/ul>\t\t\t\t\t\t\t\t<\/div>\n\t\t\t\t<\/div>\n\t\t\t\t<div class=\"elementor-element elementor-element-2437210 elementor-widget elementor-widget-heading\" data-id=\"2437210\" data-element_type=\"widget\" data-e-type=\"widget\" data-widget_type=\"heading.default\">\n\t\t\t\t<div class=\"elementor-widget-container\">\n\t\t\t\t\t<h5 class=\"elementor-heading-title elementor-size-default\">Miss\u00e3o<\/h5>\t\t\t\t<\/div>\n\t\t\t\t<\/div>\n\t\t\t\t<div class=\"elementor-element elementor-element-d433313 elementor-widget elementor-widget-text-editor\" data-id=\"d433313\" data-element_type=\"widget\" data-e-type=\"widget\" data-widget_type=\"text-editor.default\">\n\t\t\t\t<div class=\"elementor-widget-container\">\n\t\t\t\t\t\t\t\t\t<p>Promover o desenvolvimento institucional com base no planejamento estrat\u00e9gico alinhado aos processos de gest\u00e3o inovadores e sustent\u00e1veis.<\/p>\t\t\t\t\t\t\t\t<\/div>\n\t\t\t\t<\/div>\n\t\t\t\t<div class=\"elementor-element elementor-element-c6778b1 elementor-widget elementor-widget-heading\" data-id=\"c6778b1\" data-element_type=\"widget\" data-e-type=\"widget\" data-widget_type=\"heading.default\">\n\t\t\t\t<div class=\"elementor-widget-container\">\n\t\t\t\t\t<h5 class=\"elementor-heading-title elementor-size-default\">Vis\u00e3o<\/h5>\t\t\t\t<\/div>\n\t\t\t\t<\/div>\n\t\t\t\t<div class=\"elementor-element elementor-element-1ad62e1 elementor-widget elementor-widget-text-editor\" data-id=\"1ad62e1\" data-element_type=\"widget\" data-e-type=\"widget\" data-widget_type=\"text-editor.default\">\n\t\t\t\t<div class=\"elementor-widget-container\">\n\t\t\t\t\t\t\t\t\t<p>Ser refer\u00eancia na gest\u00e3o e planejamento institucional, e dissemina\u00e7\u00e3o da cultura de planejamento da inova\u00e7\u00e3o universit\u00e1ria.<\/p>\t\t\t\t\t\t\t\t<\/div>\n\t\t\t\t<\/div>\n\t\t\t\t<div class=\"elementor-element elementor-element-d0890f9 elementor-widget elementor-widget-heading\" data-id=\"d0890f9\" data-element_type=\"widget\" data-e-type=\"widget\" data-widget_type=\"heading.default\">\n\t\t\t\t<div class=\"elementor-widget-container\">\n\t\t\t\t\t<h5 class=\"elementor-heading-title elementor-size-default\">Valores<\/h5>\t\t\t\t<\/div>\n\t\t\t\t<\/div>\n\t\t\t\t<div class=\"elementor-element elementor-element-0d2184f elementor-widget elementor-widget-text-editor\" data-id=\"0d2184f\" data-element_type=\"widget\" data-e-type=\"widget\" data-widget_type=\"text-editor.default\">\n\t\t\t\t<div class=\"elementor-widget-container\">\n\t\t\t\t\t\t\t\t\t<p>Proatividade, inova\u00e7\u00e3o, lideran\u00e7a, trabalho em equipe, compromisso institucional, responsabilidade socioambiental, vis\u00e3o sist\u00eamica, estrat\u00e9gica e efici\u00eancia.<\/p>\t\t\t\t\t\t\t\t<\/div>\n\t\t\t\t<\/div>\n\t\t\t\t<div class=\"elementor-element elementor-element-3d42fac elementor-widget-divider--view-line elementor-widget elementor-widget-divider\" data-id=\"3d42fac\" data-element_type=\"widget\" data-e-type=\"widget\" data-widget_type=\"divider.default\">\n\t\t\t\t<div class=\"elementor-widget-container\">\n\t\t\t\t\t\t\t<div class=\"elementor-divider\">\n\t\t\t<span class=\"elementor-divider-separator\">\n\t\t\t\t\t\t<\/span>\n\t\t<\/div>\n\t\t\t\t\t\t<\/div>\n\t\t\t\t<\/div>\n\t\t\t\t\t<\/div>\n\t\t<\/div>\n\t\t\t\t\t<\/div>\n\t\t<\/section>\n\t\t\t\t<\/div>\n\t\t","protected":false},"excerpt":{"rendered":"<p>Sobre a PROPLAN \u00a0Planejar, coordenar e organizar a\u00e7\u00f5es com vistas a elabora\u00e7\u00e3o do Planejamento\u00a0 Estrat\u00e9gico da Universidade; Assessorar na formula\u00e7\u00e3o e no acompanhamento de diretrizes e metas para o desenvolvimento did\u00e1tico, cient\u00edfico e administrativo da Universidade; Coordenar as atividades de acompanhamento, avalia\u00e7\u00e3o e moderniza\u00e7\u00e3o institucional, propondo medidas corretivas ou preventivas quanto ao funcionamento dos canais de comunica\u00e7\u00e3o interna, o fluxo de documentos e processos; Elaborar, em parceria com os demais \u00f3rg\u00e3os e unidades da Universidade, estudos de racionaliza\u00e7\u00e3o administrativa, de melhoria de processos e de aperfei\u00e7oamento da estrutura organizacional da institui\u00e7\u00e3o; Promover a capta\u00e7\u00e3o, atualiza\u00e7\u00e3o, an\u00e1lise, organiza\u00e7\u00e3o e disponibiliza\u00e7\u00e3o de dados institucionais, estat\u00edsticas e indicadores de desempenho da institui\u00e7\u00e3o; Coordenar e assessorar os demais \u00f3rg\u00e3os e unidades da Universidade na formula\u00e7\u00e3o e gest\u00e3o de projetos institucionais. Coordenar a elabora\u00e7\u00e3o dos relat\u00f3rios de gest\u00e3o, relat\u00f3rio anual de atividades e demais relat\u00f3rios que sejam julgados relevantes; Elaborar e acompanhar o planejamento e controle da matriz or\u00e7ament\u00e1ria e de custos; Elaborar, estudar e propor, permanentemente, adequa\u00e7\u00e3o da estrutura organizacional da Institui\u00e7\u00e3o; Monitorar as a\u00e7\u00f5es com vistas \u00e0 avalia\u00e7\u00e3o institucional. Miss\u00e3o Promover o desenvolvimento institucional com base no planejamento estrat\u00e9gico alinhado aos processos de gest\u00e3o inovadores e sustent\u00e1veis. Vis\u00e3o Ser refer\u00eancia na gest\u00e3o e planejamento institucional, e dissemina\u00e7\u00e3o da cultura de planejamento da inova\u00e7\u00e3o universit\u00e1ria. Valores Proatividade, inova\u00e7\u00e3o, lideran\u00e7a, trabalho em equipe, compromisso institucional, responsabilidade socioambiental, vis\u00e3o sist\u00eamica, estrat\u00e9gica e efici\u00eancia.<\/p>\n","protected":false},"author":538,"featured_media":0,"parent":0,"menu_order":0,"comment_status":"closed","ping_status":"closed","template":"","meta":{"inline_featured_image":false,"site-sidebar-layout":"default","site-content-layout":"","ast-site-content-layout":"default","site-content-style":"default","site-sidebar-style":"default","ast-global-header-display":"","ast-banner-title-visibility":"","ast-main-header-display":"","ast-hfb-above-header-display":"","ast-hfb-below-header-display":"","ast-hfb-mobile-header-display":"","site-post-title":"","ast-breadcrumbs-content":"","ast-featured-img":"","footer-sml-layout":"","theme-transparent-header-meta":"default","adv-header-id-meta":"","stick-header-meta":"","header-above-stick-meta":"","header-main-stick-meta":"","header-below-stick-meta":"","astra-migrate-meta-layouts":"set","ast-page-background-enabled":"default","ast-page-background-meta":{"desktop":{"background-color":"var(--ast-global-color-4)","background-image":"","background-repeat":"repeat","background-position":"center center","background-size":"auto","background-attachment":"scroll","background-type":"","background-media":"","overlay-type":"","overlay-color":"","overlay-opacity":"","overlay-gradient":""},"tablet":{"background-color":"","background-image":"","background-repeat":"repeat","background-position":"center center","background-size":"auto","background-attachment":"scroll","background-type":"","background-media":"","overlay-type":"","overlay-color":"","overlay-opacity":"","overlay-gradient":""},"mobile":{"background-color":"","background-image":"","background-repeat":"repeat","background-position":"center center","background-size":"auto","background-attachment":"scroll","background-type":"","background-media":"","overlay-type":"","overlay-color":"","overlay-opacity":"","overlay-gradient":""}},"ast-content-background-meta":{"desktop":{"background-color":"var(--ast-global-color-5)","background-image":"","background-repeat":"repeat","background-position":"center center","background-size":"auto","background-attachment":"scroll","background-type":"","background-media":"","overlay-type":"","overlay-color":"","overlay-opacity":"","overlay-gradient":""},"tablet":{"background-color":"var(--ast-global-color-5)","background-image":"","background-repeat":"repeat","background-position":"center center","background-size":"auto","background-attachment":"scroll","background-type":"","background-media":"","overlay-type":"","overlay-color":"","overlay-opacity":"","overlay-gradient":""},"mobile":{"background-color":"var(--ast-global-color-5)","background-image":"","background-repeat":"repeat","background-position":"center center","background-size":"auto","background-attachment":"scroll","background-type":"","background-media":"","overlay-type":"","overlay-color":"","overlay-opacity":"","overlay-gradient":""}},"ngg_post_thumbnail":0,"footnotes":""},"class_list":["post-919","page","type-page","status-publish","hentry"],"_links":{"self":[{"href":"http:\/\/www2.unifap.br\/proplan\/wp-json\/wp\/v2\/pages\/919","targetHints":{"allow":["GET"]}}],"collection":[{"href":"http:\/\/www2.unifap.br\/proplan\/wp-json\/wp\/v2\/pages"}],"about":[{"href":"http:\/\/www2.unifap.br\/proplan\/wp-json\/wp\/v2\/types\/page"}],"author":[{"embeddable":true,"href":"http:\/\/www2.unifap.br\/proplan\/wp-json\/wp\/v2\/users\/538"}],"replies":[{"embeddable":true,"href":"http:\/\/www2.unifap.br\/proplan\/wp-json\/wp\/v2\/comments?post=919"}],"version-history":[{"count":16,"href":"http:\/\/www2.unifap.br\/proplan\/wp-json\/wp\/v2\/pages\/919\/revisions"}],"predecessor-version":[{"id":1723,"href":"http:\/\/www2.unifap.br\/proplan\/wp-json\/wp\/v2\/pages\/919\/revisions\/1723"}],"wp:attachment":[{"href":"http:\/\/www2.unifap.br\/proplan\/wp-json\/wp\/v2\/media?parent=919"}],"curies":[{"name":"wp","href":"https:\/\/api.w.org\/{rel}","templated":true}]}}