{"id":26,"date":"2012-02-07T02:05:26","date_gmt":"2012-02-07T02:05:26","guid":{"rendered":"http:\/\/www2.unifap.br\/rafaelpontes\/?page_id=26"},"modified":"2012-02-07T02:50:55","modified_gmt":"2012-02-07T02:50:55","slug":"principal","status":"publish","type":"page","link":"http:\/\/www2.unifap.br\/rafaelpontes\/","title":{"rendered":"Principal"},"content":{"rendered":"<div>\n<p>Seja bem vindo a minha pagina pessoal.<\/p>\n<p>Aqui buscarei compartilhar com alunos, colegas professores e a comunidade acad\u00eamica, textos, artigos e ideias sobre os temas que estudo, leciono e pesquiso.<\/p>\n<p>Temas como Tecnologia na Educa\u00e7\u00e3o, Educa\u00e7\u00e3o a Dist\u00e2ncia, Inclus\u00e3o Digital, Governo Eletr\u00f4nico, Gest\u00e3o Estrat\u00e9gica de TI e Objetos Educacionais s\u00e3o quest\u00f5es que irei abordar e indicar refer\u00eancias para leitura.<\/p>\n<p>Ser\u00e1 muito bom receber coment\u00e1rios, cr\u00edticas e sugest\u00f5es dos leitores desta p\u00e1gina.<\/p>\n<p>Um abra\u00e7o.<\/p>\n<p>Prof Msc Rafael Pontes Lima<\/p>\n<\/div>\n<p>&nbsp;<\/p>\n","protected":false},"excerpt":{"rendered":"<p>Seja bem vindo a minha pagina pessoal. Aqui buscarei compartilhar com alunos, colegas professores e a comunidade acad\u00eamica, textos, artigos e ideias sobre os temas que estudo, leciono e pesquiso. Temas como Tecnologia na Educa\u00e7\u00e3o, Educa\u00e7\u00e3o a Dist\u00e2ncia, Inclus\u00e3o Digital,&hellip; <\/p>\n<p><a href=\"http:\/\/www2.unifap.br\/rafaelpontes\/\" class=\"readmore-button\">Continue Reading<\/a><\/p>\n","protected":false},"author":77,"featured_media":0,"parent":0,"menu_order":1,"comment_status":"open","ping_status":"open","template":"","meta":{"inline_featured_image":false,"ngg_post_thumbnail":0,"footnotes":""},"class_list":["post-26","page","type-page","status-publish","hentry"],"_links":{"self":[{"href":"http:\/\/www2.unifap.br\/rafaelpontes\/wp-json\/wp\/v2\/pages\/26","targetHints":{"allow":["GET"]}}],"collection":[{"href":"http:\/\/www2.unifap.br\/rafaelpontes\/wp-json\/wp\/v2\/pages"}],"about":[{"href":"http:\/\/www2.unifap.br\/rafaelpontes\/wp-json\/wp\/v2\/types\/page"}],"author":[{"embeddable":true,"href":"http:\/\/www2.unifap.br\/rafaelpontes\/wp-json\/wp\/v2\/users\/77"}],"replies":[{"embeddable":true,"href":"http:\/\/www2.unifap.br\/rafaelpontes\/wp-json\/wp\/v2\/comments?post=26"}],"version-history":[{"count":3,"href":"http:\/\/www2.unifap.br\/rafaelpontes\/wp-json\/wp\/v2\/pages\/26\/revisions"}],"predecessor-version":[{"id":33,"href":"http:\/\/www2.unifap.br\/rafaelpontes\/wp-json\/wp\/v2\/pages\/26\/revisions\/33"}],"wp:attachment":[{"href":"http:\/\/www2.unifap.br\/rafaelpontes\/wp-json\/wp\/v2\/media?parent=26"}],"curies":[{"name":"wp","href":"https:\/\/api.w.org\/{rel}","templated":true}]}}