{"id":16,"date":"2012-09-12T12:27:17","date_gmt":"2012-09-12T12:27:17","guid":{"rendered":"http:\/\/www2.unifap.br\/rute\/?page_id=16"},"modified":"2012-09-14T18:10:47","modified_gmt":"2012-09-14T18:10:47","slug":"o-que-e-a-rute","status":"publish","type":"page","link":"http:\/\/www2.unifap.br\/rute\/o-que-e-a-rute\/","title":{"rendered":"O que \u00e9 a RUTE"},"content":{"rendered":"<p>A Rede Universit\u00e1ria de Telemedicina \u00e9 uma iniciativa do Minist\u00e9rio da Ci\u00eancia e Tecnologia, apoiada pela Financiadora de Estudos e Projetos (Finep) e pela Associa\u00e7\u00e3o Brasileira de Hospitais Universit\u00e1rios (Abrahue) e coordenada pela Rede Nacional de Ensino e Pesquisa (RNP), que visa a apoiar o aprimoramento de projetos em telemedicina j\u00e1 existentes e incentivar o surgimento de futuros trabalhos interinstitucionais.<\/p>\n<p>A RUTE disp\u00f5e da\u00a0infra-estrutura de alta capacidade do backbone nacional da RNP, a rede Ip\u00ea, e das Redes Comunit\u00e1rias Metropolitanas de Educa\u00e7\u00e3o e Pesquisa (Redecomep). Esta iniciativa complementa o esfor\u00e7o coordenado de prover uma infra-estrutura fim-a-fim (nacional, metropolitana e institucional) adequada ao uso de aplica\u00e7\u00f5es avan\u00e7adas de rede. Atrav\u00e9s do link da RNP com a Rede Clara (Coopera\u00e7\u00e3o Latino-Americana de Redes Avan\u00e7adas), as institui\u00e7\u00f5es participantes contam com a colabora\u00e7\u00e3o de redes-parceiras na Am\u00e9rica Latina, Europa, Jap\u00e3o, Austr\u00e1lia\u00a0e nos Estados Unidos.<\/p>\n<p>A iniciativa prov\u00ea a infra-estrutura de servi\u00e7os de comunica\u00e7\u00e3o, assim como parte dos equipamentos de inform\u00e1tica e comunica\u00e7\u00e3o para os grupos de pesquisa, promovendo integra\u00e7\u00e3o e conectividade e disseminando atividades de P&amp;D das institui\u00e7\u00f5es participantes. A utiliza\u00e7\u00e3o de servi\u00e7os avan\u00e7ados de rede dever\u00e1 promover o surgimento de novas aplica\u00e7\u00f5es e ferramentas que explorem mecanismos inovadores na educa\u00e7\u00e3o em sa\u00fade, na colabora\u00e7\u00e3o a dist\u00e2ncia para pr\u00e9-diagn\u00f3stico e na avalia\u00e7\u00e3o remota de dados de atendimento m\u00e9dico.<\/p>\n<p>A Rute possibilita, em um primeiro momento, a utiliza\u00e7\u00e3o de aplicativos que demandam mais recursos de rede e o compartilhamento dos dados dos servi\u00e7os de telemedicina dos hospitais universit\u00e1rios e institui\u00e7\u00f5es de ensino e pesquisa participantes da iniciativa. Em um segundo momento, a Rute leva os servi\u00e7os desenvolvidos nos hospitais universit\u00e1rios do pa\u00eds a profissionais que se encontram em cidades distantes, por meio do compartilhamento de arquivos de prontu\u00e1rios, consultas, exames e segunda opini\u00e3o.<\/p>\n<p>Sua implanta\u00e7\u00e3o traz impactos cient\u00edficos, tecnol\u00f3gicos, econ\u00f4micos e sociais para os servi\u00e7os m\u00e9dicos j\u00e1 existentes, permitindo a ado\u00e7\u00e3o de medidas simples e de baixo custo, como a implanta\u00e7\u00e3o de sistemas de an\u00e1lise de imagens m\u00e9dicas com diagn\u00f3sticos remotos, que pode contribuir muito para diminuir a car\u00eancia de especialistas, al\u00e9m de proporcionar treinamento e capacita\u00e7\u00e3o de profissionais da \u00e1rea m\u00e9dica sem deslocamento para os centros de refer\u00eancia.<\/p>\n<p>&nbsp;<\/p>\n","protected":false},"excerpt":{"rendered":"<p>A Rede Universit\u00e1ria de Telemedicina \u00e9 uma iniciativa do Minist\u00e9rio da Ci\u00eancia e Tecnologia, apoiada pela Financiadora de Estudos e Projetos (Finep) e pela Associa\u00e7\u00e3o Brasileira de Hospitais Universit\u00e1rios (Abrahue) e coordenada pela Rede Nacional de Ensino e Pesquisa (RNP),&hellip; <\/p>\n<p><a href=\"http:\/\/www2.unifap.br\/rute\/o-que-e-a-rute\/\" class=\"readmore-button\">Continue Reading<\/a><\/p>\n","protected":false},"author":118,"featured_media":0,"parent":0,"menu_order":1,"comment_status":"closed","ping_status":"closed","template":"","meta":{"inline_featured_image":false,"ngg_post_thumbnail":0,"footnotes":""},"class_list":["post-16","page","type-page","status-publish","hentry"],"_links":{"self":[{"href":"http:\/\/www2.unifap.br\/rute\/wp-json\/wp\/v2\/pages\/16","targetHints":{"allow":["GET"]}}],"collection":[{"href":"http:\/\/www2.unifap.br\/rute\/wp-json\/wp\/v2\/pages"}],"about":[{"href":"http:\/\/www2.unifap.br\/rute\/wp-json\/wp\/v2\/types\/page"}],"author":[{"embeddable":true,"href":"http:\/\/www2.unifap.br\/rute\/wp-json\/wp\/v2\/users\/118"}],"replies":[{"embeddable":true,"href":"http:\/\/www2.unifap.br\/rute\/wp-json\/wp\/v2\/comments?post=16"}],"version-history":[{"count":3,"href":"http:\/\/www2.unifap.br\/rute\/wp-json\/wp\/v2\/pages\/16\/revisions"}],"predecessor-version":[{"id":38,"href":"http:\/\/www2.unifap.br\/rute\/wp-json\/wp\/v2\/pages\/16\/revisions\/38"}],"wp:attachment":[{"href":"http:\/\/www2.unifap.br\/rute\/wp-json\/wp\/v2\/media?parent=16"}],"curies":[{"name":"wp","href":"https:\/\/api.w.org\/{rel}","templated":true}]}}