{"id":570,"date":"2019-02-19T13:01:27","date_gmt":"2019-02-19T13:01:27","guid":{"rendered":"http:\/\/www2.unifap.br\/secretariado\/?page_id=570"},"modified":"2019-02-19T13:23:12","modified_gmt":"2019-02-19T13:23:12","slug":"planos-de-ensino","status":"publish","type":"page","link":"http:\/\/www2.unifap.br\/secretariado\/planos-de-ensino","title":{"rendered":"Planos de Ensino"},"content":{"rendered":"<p><b>1\u00b0 SEMESTRE<\/b><\/p>\n<ul>\n<li>Metodologia do Trabalho Cient\u00edfico<\/li>\n<li>Introdu\u00e7\u00e3o \u00e0 Economia<\/li>\n<li>Est\u00e1gio I<\/li>\n<li>L\u00edngua Portuguesa I<\/li>\n<li>Epistemologia Secretarial<\/li>\n<li>Teoria Geral da Administra\u00e7\u00e3o<\/li>\n<li>L\u00edngua Inglesa I<\/li>\n<li>Comunica\u00e7\u00e3o em Marketing Empresarial<\/li>\n<li>Assessoramento em Rodadas de Neg\u00f3cios<\/li>\n<\/ul>\n<p><b>2\u00b0 SEMESTRE<\/b><\/p>\n<ul>\n<li>Inform\u00e1tica Aplicada I<\/li>\n<li>Reda\u00e7\u00e3o Cient\u00edfica<\/li>\n<li>Introdu\u00e7\u00e3o \u00e0 Sociologia<\/li>\n<li>Direito Aplicado ao Secretariado<\/li>\n<li>Introdu\u00e7\u00e3o \u00e0 Filosofia<\/li>\n<li>L\u00edngua Portuguesa II<\/li>\n<li>L\u00edngua Inglesa II<\/li>\n<li>Cidadania, Preconceito e Discrimina\u00e7\u00e3o<\/li>\n<\/ul>\n<p><b>3\u00b0 SEMESTRE<\/b><\/p>\n<ul>\n<li>Psicologia do Trabalho<\/li>\n<li>Inform\u00e1tica Aplicada II<\/li>\n<li>L\u00edngua Portuguesa III<\/li>\n<li>Estat\u00edstica Aplicada<\/li>\n<li>Gest\u00e3o em Educa\u00e7\u00e3o Ambiental<\/li>\n<li>Processos Secretariais I<\/li>\n<li>L\u00edngua Inglesa III<\/li>\n<\/ul>\n","protected":false},"excerpt":{"rendered":"<p>1\u00b0 SEMESTRE Metodologia do Trabalho Cient\u00edfico Introdu\u00e7\u00e3o \u00e0 Economia Est\u00e1gio I L\u00edngua Portuguesa I Epistemologia Secretarial Teoria Geral da Administra\u00e7\u00e3o L\u00edngua Inglesa I Comunica\u00e7\u00e3o em Marketing Empresarial Assessoramento em Rodadas de Neg\u00f3cios 2\u00b0 SEMESTRE Inform\u00e1tica Aplicada I Reda\u00e7\u00e3o Cient\u00edfica Introdu\u00e7\u00e3o \u00e0 Sociologia Direito Aplicado ao Secretariado Introdu\u00e7\u00e3o \u00e0 Filosofia L\u00edngua Portuguesa II L\u00edngua Inglesa II&#8230;<\/p>\n","protected":false},"author":2444,"featured_media":0,"parent":0,"menu_order":0,"comment_status":"open","ping_status":"open","template":"","meta":{"inline_featured_image":false,"ngg_post_thumbnail":0,"footnotes":""},"class_list":["post-570","page","type-page","status-publish","hentry","entry"],"_links":{"self":[{"href":"http:\/\/www2.unifap.br\/secretariado\/wp-json\/wp\/v2\/pages\/570","targetHints":{"allow":["GET"]}}],"collection":[{"href":"http:\/\/www2.unifap.br\/secretariado\/wp-json\/wp\/v2\/pages"}],"about":[{"href":"http:\/\/www2.unifap.br\/secretariado\/wp-json\/wp\/v2\/types\/page"}],"author":[{"embeddable":true,"href":"http:\/\/www2.unifap.br\/secretariado\/wp-json\/wp\/v2\/users\/2444"}],"replies":[{"embeddable":true,"href":"http:\/\/www2.unifap.br\/secretariado\/wp-json\/wp\/v2\/comments?post=570"}],"version-history":[{"count":3,"href":"http:\/\/www2.unifap.br\/secretariado\/wp-json\/wp\/v2\/pages\/570\/revisions"}],"predecessor-version":[{"id":9452,"href":"http:\/\/www2.unifap.br\/secretariado\/wp-json\/wp\/v2\/pages\/570\/revisions\/9452"}],"wp:attachment":[{"href":"http:\/\/www2.unifap.br\/secretariado\/wp-json\/wp\/v2\/media?parent=570"}],"curies":[{"name":"wp","href":"https:\/\/api.w.org\/{rel}","templated":true}]}}