{"id":106,"date":"2015-11-13T15:41:47","date_gmt":"2015-11-13T15:41:47","guid":{"rendered":"http:\/\/www2.unifap.br\/sppep\/?page_id=106"},"modified":"2015-11-23T13:16:22","modified_gmt":"2015-11-23T13:16:22","slug":"equipe-de-recepcao","status":"publish","type":"page","link":"http:\/\/www2.unifap.br\/sppep\/equipe-de-recepcao\/","title":{"rendered":"Equipe de Recep\u00e7\u00e3o"},"content":{"rendered":"<p>Andr\u00e9a do Carmo Lima de Queiroz (SEED\/EESJ)<\/p>\n<p>Audil\u00e9ia Lira G\u00f3es (SEED\/EESJ)<\/p>\n<p>Derri\u00ea Maria Castro Pastana (SEED\/EESJ)<\/p>\n<p>Doroselma Nunes dos Santos (SEED\/EESJ)<\/p>\n<p>Ieda Christina do Carmo Lima (SEED\/EESJ)<b>\u00a0\u00a0\u00a0\u00a0\u00a0\u00a0\u00a0\u00a0\u00a0\u00a0\u00a0\u00a0\u00a0\u00a0\u00a0\u00a0\u00a0\u00a0\u00a0\u00a0\u00a0\u00a0\u00a0\u00a0\u00a0\u00a0\u00a0\u00a0\u00a0\u00a0\u00a0\u00a0\u00a0\u00a0\u00a0\u00a0\u00a0\u00a0\u00a0\u00a0\u00a0\u00a0\u00a0\u00a0\u00a0\u00a0\u00a0\u00a0\u00a0\u00a0\u00a0\u00a0\u00a0\u00a0\u00a0\u00a0\u00a0\u00a0\u00a0\u00a0\u00a0\u00a0\u00a0\u00a0\u00a0\u00a0\u00a0\u00a0\u00a0\u00a0\u00a0 <\/b><\/p>\n<p>Ivanilde Souza Nolasco (SEED\/EESJ)<\/p>\n<p>Juciane do Ros\u00e1rio Teixeira (SEED\/EESJ)<\/p>\n<p>Lindaci da Assun\u00e7\u00e3o Antunes Coelho (SEED\/EESJ)<\/p>\n<p>&nbsp;<\/p>\n","protected":false},"excerpt":{"rendered":"<p>Andr\u00e9a do Carmo Lima de Queiroz (SEED\/EESJ) Audil\u00e9ia Lira G\u00f3es (SEED\/EESJ) Derri\u00ea Maria Castro Pastana (SEED\/EESJ) Doroselma Nunes dos Santos (SEED\/EESJ) Ieda Christina do Carmo Lima (SEED\/EESJ)\u00a0\u00a0\u00a0\u00a0\u00a0\u00a0\u00a0\u00a0\u00a0\u00a0\u00a0\u00a0\u00a0\u00a0\u00a0\u00a0\u00a0\u00a0\u00a0\u00a0\u00a0\u00a0\u00a0\u00a0\u00a0\u00a0\u00a0\u00a0\u00a0\u00a0\u00a0\u00a0\u00a0\u00a0\u00a0\u00a0\u00a0\u00a0\u00a0\u00a0\u00a0\u00a0\u00a0\u00a0\u00a0\u00a0\u00a0\u00a0\u00a0\u00a0\u00a0\u00a0\u00a0\u00a0\u00a0\u00a0\u00a0\u00a0\u00a0\u00a0\u00a0\u00a0\u00a0\u00a0\u00a0\u00a0\u00a0\u00a0\u00a0\u00a0\u00a0 Ivanilde Souza Nolasco (SEED\/EESJ) Juciane do Ros\u00e1rio Teixeira (SEED\/EESJ) Lindaci da Assun\u00e7\u00e3o Antunes&hellip; <\/p>\n<p><a href=\"http:\/\/www2.unifap.br\/sppep\/equipe-de-recepcao\/\" class=\"readmore-button\">Continue Reading<\/a><\/p>\n","protected":false},"author":548,"featured_media":0,"parent":0,"menu_order":0,"comment_status":"open","ping_status":"open","template":"","meta":{"inline_featured_image":false,"ngg_post_thumbnail":0,"footnotes":""},"class_list":["post-106","page","type-page","status-publish","hentry"],"_links":{"self":[{"href":"http:\/\/www2.unifap.br\/sppep\/wp-json\/wp\/v2\/pages\/106","targetHints":{"allow":["GET"]}}],"collection":[{"href":"http:\/\/www2.unifap.br\/sppep\/wp-json\/wp\/v2\/pages"}],"about":[{"href":"http:\/\/www2.unifap.br\/sppep\/wp-json\/wp\/v2\/types\/page"}],"author":[{"embeddable":true,"href":"http:\/\/www2.unifap.br\/sppep\/wp-json\/wp\/v2\/users\/548"}],"replies":[{"embeddable":true,"href":"http:\/\/www2.unifap.br\/sppep\/wp-json\/wp\/v2\/comments?post=106"}],"version-history":[{"count":8,"href":"http:\/\/www2.unifap.br\/sppep\/wp-json\/wp\/v2\/pages\/106\/revisions"}],"predecessor-version":[{"id":179,"href":"http:\/\/www2.unifap.br\/sppep\/wp-json\/wp\/v2\/pages\/106\/revisions\/179"}],"wp:attachment":[{"href":"http:\/\/www2.unifap.br\/sppep\/wp-json\/wp\/v2\/media?parent=106"}],"curies":[{"name":"wp","href":"https:\/\/api.w.org\/{rel}","templated":true}]}}