{"id":1210,"date":"2017-10-06T11:35:55","date_gmt":"2017-10-06T11:35:55","guid":{"rendered":"http:\/\/www2.unifap.br\/teatro\/?page_id=1210"},"modified":"2017-10-06T11:36:20","modified_gmt":"2017-10-06T11:36:20","slug":"iii-seminario-cientifico-em-artes-cenicas-do-amapa","status":"publish","type":"page","link":"http:\/\/www2.unifap.br\/teatro\/registros-de-atividades-do-curso\/iii-seminario-cientifico-em-artes-cenicas-do-amapa\/","title":{"rendered":"III Semin\u00e1rio Cient\u00edfico em Artes C\u00eanicas do Amap\u00e1"},"content":{"rendered":"<p><a href=\"http:\/\/www2.unifap.br\/teatro\/files\/2017\/04\/7.jpg\"><img fetchpriority=\"high\" decoding=\"async\" class=\"alignnone size-full wp-image-969\" alt=\"7\" src=\"http:\/\/www2.unifap.br\/teatro\/files\/2017\/04\/7.jpg\" width=\"960\" height=\"742\" srcset=\"http:\/\/www2.unifap.br\/teatro\/files\/2017\/04\/7.jpg 960w, http:\/\/www2.unifap.br\/teatro\/files\/2017\/04\/7-300x231.jpg 300w\" sizes=\"(max-width: 960px) 100vw, 960px\" \/><\/a><a href=\"http:\/\/www2.unifap.br\/teatro\/files\/2017\/04\/8.jpg\"><img decoding=\"async\" class=\"alignnone size-full wp-image-970\" alt=\"8\" src=\"http:\/\/www2.unifap.br\/teatro\/files\/2017\/04\/8.jpg\" width=\"960\" height=\"742\" srcset=\"http:\/\/www2.unifap.br\/teatro\/files\/2017\/04\/8.jpg 960w, http:\/\/www2.unifap.br\/teatro\/files\/2017\/04\/8-300x231.jpg 300w\" sizes=\"(max-width: 960px) 100vw, 960px\" \/><\/a><a href=\"http:\/\/www2.unifap.br\/teatro\/files\/2017\/04\/6.jpg\"><img decoding=\"async\" class=\"alignnone size-full wp-image-966\" alt=\"6\" src=\"http:\/\/www2.unifap.br\/teatro\/files\/2017\/04\/6.jpg\" width=\"1280\" height=\"720\" srcset=\"http:\/\/www2.unifap.br\/teatro\/files\/2017\/04\/6.jpg 1280w, http:\/\/www2.unifap.br\/teatro\/files\/2017\/04\/6-300x168.jpg 300w, http:\/\/www2.unifap.br\/teatro\/files\/2017\/04\/6-1024x576.jpg 1024w\" sizes=\"(max-width: 1280px) 100vw, 1280px\" \/><\/a><a href=\"http:\/\/www2.unifap.br\/teatro\/files\/2017\/04\/5.jpg\"><img loading=\"lazy\" decoding=\"async\" class=\"alignnone size-full wp-image-963\" alt=\"5\" src=\"http:\/\/www2.unifap.br\/teatro\/files\/2017\/04\/5.jpg\" width=\"672\" height=\"960\" srcset=\"http:\/\/www2.unifap.br\/teatro\/files\/2017\/04\/5.jpg 672w, http:\/\/www2.unifap.br\/teatro\/files\/2017\/04\/5-210x300.jpg 210w\" sizes=\"(max-width: 672px) 100vw, 672px\" \/><\/a><\/p>\n","protected":false},"excerpt":{"rendered":"","protected":false},"author":421,"featured_media":0,"parent":355,"menu_order":0,"comment_status":"open","ping_status":"open","template":"","meta":{"inline_featured_image":false,"site-sidebar-layout":"default","site-content-layout":"","ast-site-content-layout":"default","site-content-style":"default","site-sidebar-style":"default","ast-global-header-display":"","ast-banner-title-visibility":"","ast-main-header-display":"","ast-hfb-above-header-display":"","ast-hfb-below-header-display":"","ast-hfb-mobile-header-display":"","site-post-title":"","ast-breadcrumbs-content":"","ast-featured-img":"","footer-sml-layout":"","theme-transparent-header-meta":"","adv-header-id-meta":"","stick-header-meta":"","header-above-stick-meta":"","header-main-stick-meta":"","header-below-stick-meta":"","astra-migrate-meta-layouts":"default","ast-page-background-enabled":"default","ast-page-background-meta":{"desktop":{"background-color":"var(--ast-global-color-4)","background-image":"","background-repeat":"repeat","background-position":"center center","background-size":"auto","background-attachment":"scroll","background-type":"","background-media":"","overlay-type":"","overlay-color":"","overlay-opacity":"","overlay-gradient":""},"tablet":{"background-color":"","background-image":"","background-repeat":"repeat","background-position":"center center","background-size":"auto","background-attachment":"scroll","background-type":"","background-media":"","overlay-type":"","overlay-color":"","overlay-opacity":"","overlay-gradient":""},"mobile":{"background-color":"","background-image":"","background-repeat":"repeat","background-position":"center center","background-size":"auto","background-attachment":"scroll","background-type":"","background-media":"","overlay-type":"","overlay-color":"","overlay-opacity":"","overlay-gradient":""}},"ast-content-background-meta":{"desktop":{"background-color":"var(--ast-global-color-5)","background-image":"","background-repeat":"repeat","background-position":"center center","background-size":"auto","background-attachment":"scroll","background-type":"","background-media":"","overlay-type":"","overlay-color":"","overlay-opacity":"","overlay-gradient":""},"tablet":{"background-color":"var(--ast-global-color-5)","background-image":"","background-repeat":"repeat","background-position":"center center","background-size":"auto","background-attachment":"scroll","background-type":"","background-media":"","overlay-type":"","overlay-color":"","overlay-opacity":"","overlay-gradient":""},"mobile":{"background-color":"var(--ast-global-color-5)","background-image":"","background-repeat":"repeat","background-position":"center center","background-size":"auto","background-attachment":"scroll","background-type":"","background-media":"","overlay-type":"","overlay-color":"","overlay-opacity":"","overlay-gradient":""}},"ngg_post_thumbnail":0,"footnotes":""},"class_list":["post-1210","page","type-page","status-publish","hentry"],"_links":{"self":[{"href":"http:\/\/www2.unifap.br\/teatro\/wp-json\/wp\/v2\/pages\/1210","targetHints":{"allow":["GET"]}}],"collection":[{"href":"http:\/\/www2.unifap.br\/teatro\/wp-json\/wp\/v2\/pages"}],"about":[{"href":"http:\/\/www2.unifap.br\/teatro\/wp-json\/wp\/v2\/types\/page"}],"author":[{"embeddable":true,"href":"http:\/\/www2.unifap.br\/teatro\/wp-json\/wp\/v2\/users\/421"}],"replies":[{"embeddable":true,"href":"http:\/\/www2.unifap.br\/teatro\/wp-json\/wp\/v2\/comments?post=1210"}],"version-history":[{"count":1,"href":"http:\/\/www2.unifap.br\/teatro\/wp-json\/wp\/v2\/pages\/1210\/revisions"}],"predecessor-version":[{"id":1211,"href":"http:\/\/www2.unifap.br\/teatro\/wp-json\/wp\/v2\/pages\/1210\/revisions\/1211"}],"up":[{"embeddable":true,"href":"http:\/\/www2.unifap.br\/teatro\/wp-json\/wp\/v2\/pages\/355"}],"wp:attachment":[{"href":"http:\/\/www2.unifap.br\/teatro\/wp-json\/wp\/v2\/media?parent=1210"}],"curies":[{"name":"wp","href":"https:\/\/api.w.org\/{rel}","templated":true}]}}