{"id":1319,"date":"2017-12-14T00:18:28","date_gmt":"2017-12-14T00:18:28","guid":{"rendered":"http:\/\/www2.unifap.br\/teatro\/?page_id=1319"},"modified":"2018-02-23T12:42:22","modified_gmt":"2018-02-23T12:42:22","slug":"iii-seminario-de-politicas-publicas-para-a-educacao-penitenciaria-arte-cultura-e-educacao-penitenciaria","status":"publish","type":"page","link":"http:\/\/www2.unifap.br\/teatro\/eventos-2\/iii-seminario-de-politicas-publicas-para-a-educacao-penitenciaria-arte-cultura-e-educacao-penitenciaria\/","title":{"rendered":"3\u00ba Semin\u00e1rio de Pol\u00edticas P\u00fablicas para a Educa\u00e7\u00e3o Penitenci\u00e1ria: Arte, Cultura e Educa\u00e7\u00e3o Penitenci\u00e1ria"},"content":{"rendered":"<div>\n<p>DATA: 23 a 29 de abril de 2018<\/p>\n<div>LOCAL: Anfiteatro da Unifap (campus Marco Zero do Equador, Macap\u00e1 \u2013 AP)<\/div>\n<div>INSCRI\u00c7\u00d5ES E SITE OFICIAL DO EVENTO:\u00a0<strong><a href=\"https:\/\/www.even3.com.br\/ppeparte\" target=\"_blank\">https:\/\/www.even3.com.br\/ppeparte<\/a><\/strong><\/div>\n<p>&nbsp;<\/p>\n<div><\/div>\n<div>Na busca de consolida\u00e7\u00e3o deste importante evento no Estado do Amap\u00e1, apresentamos a realiza\u00e7\u00e3o de mais uma edi\u00e7\u00e3o deste Semin\u00e1rio em quest\u00e3o ampliando-o agora para uma perspectiva de abrang\u00eancia nacional. Esta 3\u00aa\u00a0\u00a0edi\u00e7\u00e3o ter\u00e1 como proposta tem\u00e1tica\u00a0a discuss\u00e3o\u00a0<i>\u201cArte, Cultura e Educa\u00e7\u00e3o Penitenci\u00e1ria\u201d\u00a0<\/i>procurando enfocar pesquisadores, metodologias, tem\u00e1ticas e procedimentos contempor\u00e2neos desenvolvidos no \u00e2mbito de institui\u00e7\u00f5es m\u00faltiplas que dialoguem com a ideia da Educa\u00e7\u00e3o Penitenci\u00e1ria, enfocando tamb\u00e9m a\u00e7\u00f5es que abrangem a comunidade escolar prisional por dentro e por fora, promovendo olhares dial\u00f3gicos e po\u00e9ticos a partir da inser\u00e7\u00e3o da Arte nos espa\u00e7os de c\u00e1rcere no Estado do Amap\u00e1 e para al\u00e9m deste.<\/div>\n<p>&nbsp;<\/p>\n<\/div>\n","protected":false},"excerpt":{"rendered":"<p>DATA: 23 a 29 de abril de 2018 LOCAL: Anfiteatro da Unifap (campus Marco Zero do Equador, Macap\u00e1 \u2013 AP) INSCRI\u00c7\u00d5ES E SITE OFICIAL DO EVENTO:\u00a0https:\/\/www.even3.com.br\/ppeparte &nbsp; Na busca de consolida\u00e7\u00e3o deste importante evento no Estado do Amap\u00e1, apresentamos a realiza\u00e7\u00e3o de mais uma edi\u00e7\u00e3o deste Semin\u00e1rio em quest\u00e3o ampliando-o agora para uma perspectiva de&#8230;<\/p>\n","protected":false},"author":421,"featured_media":0,"parent":145,"menu_order":0,"comment_status":"open","ping_status":"open","template":"","meta":{"inline_featured_image":false,"site-sidebar-layout":"default","site-content-layout":"","ast-site-content-layout":"default","site-content-style":"default","site-sidebar-style":"default","ast-global-header-display":"","ast-banner-title-visibility":"","ast-main-header-display":"","ast-hfb-above-header-display":"","ast-hfb-below-header-display":"","ast-hfb-mobile-header-display":"","site-post-title":"","ast-breadcrumbs-content":"","ast-featured-img":"","footer-sml-layout":"","theme-transparent-header-meta":"","adv-header-id-meta":"","stick-header-meta":"","header-above-stick-meta":"","header-main-stick-meta":"","header-below-stick-meta":"","astra-migrate-meta-layouts":"default","ast-page-background-enabled":"default","ast-page-background-meta":{"desktop":{"background-color":"var(--ast-global-color-4)","background-image":"","background-repeat":"repeat","background-position":"center center","background-size":"auto","background-attachment":"scroll","background-type":"","background-media":"","overlay-type":"","overlay-color":"","overlay-opacity":"","overlay-gradient":""},"tablet":{"background-color":"","background-image":"","background-repeat":"repeat","background-position":"center center","background-size":"auto","background-attachment":"scroll","background-type":"","background-media":"","overlay-type":"","overlay-color":"","overlay-opacity":"","overlay-gradient":""},"mobile":{"background-color":"","background-image":"","background-repeat":"repeat","background-position":"center center","background-size":"auto","background-attachment":"scroll","background-type":"","background-media":"","overlay-type":"","overlay-color":"","overlay-opacity":"","overlay-gradient":""}},"ast-content-background-meta":{"desktop":{"background-color":"var(--ast-global-color-5)","background-image":"","background-repeat":"repeat","background-position":"center center","background-size":"auto","background-attachment":"scroll","background-type":"","background-media":"","overlay-type":"","overlay-color":"","overlay-opacity":"","overlay-gradient":""},"tablet":{"background-color":"var(--ast-global-color-5)","background-image":"","background-repeat":"repeat","background-position":"center center","background-size":"auto","background-attachment":"scroll","background-type":"","background-media":"","overlay-type":"","overlay-color":"","overlay-opacity":"","overlay-gradient":""},"mobile":{"background-color":"var(--ast-global-color-5)","background-image":"","background-repeat":"repeat","background-position":"center center","background-size":"auto","background-attachment":"scroll","background-type":"","background-media":"","overlay-type":"","overlay-color":"","overlay-opacity":"","overlay-gradient":""}},"ngg_post_thumbnail":0,"footnotes":""},"class_list":["post-1319","page","type-page","status-publish","hentry"],"_links":{"self":[{"href":"http:\/\/www2.unifap.br\/teatro\/wp-json\/wp\/v2\/pages\/1319","targetHints":{"allow":["GET"]}}],"collection":[{"href":"http:\/\/www2.unifap.br\/teatro\/wp-json\/wp\/v2\/pages"}],"about":[{"href":"http:\/\/www2.unifap.br\/teatro\/wp-json\/wp\/v2\/types\/page"}],"author":[{"embeddable":true,"href":"http:\/\/www2.unifap.br\/teatro\/wp-json\/wp\/v2\/users\/421"}],"replies":[{"embeddable":true,"href":"http:\/\/www2.unifap.br\/teatro\/wp-json\/wp\/v2\/comments?post=1319"}],"version-history":[{"count":2,"href":"http:\/\/www2.unifap.br\/teatro\/wp-json\/wp\/v2\/pages\/1319\/revisions"}],"predecessor-version":[{"id":1436,"href":"http:\/\/www2.unifap.br\/teatro\/wp-json\/wp\/v2\/pages\/1319\/revisions\/1436"}],"up":[{"embeddable":true,"href":"http:\/\/www2.unifap.br\/teatro\/wp-json\/wp\/v2\/pages\/145"}],"wp:attachment":[{"href":"http:\/\/www2.unifap.br\/teatro\/wp-json\/wp\/v2\/media?parent=1319"}],"curies":[{"name":"wp","href":"https:\/\/api.w.org\/{rel}","templated":true}]}}