{"id":1437,"date":"2018-02-23T12:43:33","date_gmt":"2018-02-23T12:43:33","guid":{"rendered":"http:\/\/www2.unifap.br\/teatro\/?page_id=1437"},"modified":"2018-02-26T18:30:58","modified_gmt":"2018-02-26T18:30:58","slug":"iv-seminario-em-artes-cenicas-do-amapa","status":"publish","type":"page","link":"http:\/\/www2.unifap.br\/teatro\/eventos-2\/iv-seminario-em-artes-cenicas-do-amapa\/","title":{"rendered":"IV Semin\u00e1rio em Artes C\u00eanicas do Amap\u00e1"},"content":{"rendered":"<p><a href=\"http:\/\/www2.unifap.br\/teatro\/files\/2018\/02\/WhatsApp-Image-2018-02-24-at-13.12.38.jpeg\"><img fetchpriority=\"high\" decoding=\"async\" alt=\"WhatsApp Image 2018-02-24 at 13.12.38\" src=\"http:\/\/www2.unifap.br\/teatro\/files\/2018\/02\/WhatsApp-Image-2018-02-24-at-13.12.38.jpeg\" width=\"718\" height=\"965\" \/><\/a>J\u00e1 est\u00e3o abertas as inscri\u00e7\u00f5es para o\u00a0<strong>IV Semin\u00e1rio de Artes C\u00eanicas do Amap\u00e1<\/strong>, que se realizar\u00e1 entre os dias 23 e 27 de abril de 2018 na Universidade Federal do Amap\u00e1 &#8211; UNIFAP. Pela primeira vez, com abrang\u00eancia nacional, teremos a presen\u00e7a de grandes profissionais da \u00e1rea e o espa\u00e7o para submiss\u00e3o e compartilhamento de trabalhos em formato de artigo e p\u00f4ster. Segue em anexo o edital Contamos com sua presen\u00e7a e colabora\u00e7\u00e3o na divulga\u00e7\u00e3o, se poss\u00edvel.<\/p>\n<p>Voc\u00ea pode se inscrever at\u00e9 o dia 19 de mar\u00e7o na plataforma:\u00a0<strong><a href=\"https:\/\/www.even3.com.br\/seminariodeartescenicasdoamapa\" target=\"_blank\" rel=\"nofollow\">https:\/\/www.even3.com.br\/seminariodeartescenicasdoamapa<\/a><\/strong>.<\/p>\n<p>O\u00a0<strong><a href=\"http:\/\/www2.unifap.br\/teatro\/files\/2018\/02\/Edital-para-Submiss\u00e3o.pdf\" target=\"_blank\">edital<\/a><\/strong>\u00a0completo e maiores informa\u00e7\u00f5es constam no site:\u00a0<b><a href=\"https:\/\/artescenicasamapa.wixsite.com\/seminarioamapa\" target=\"_blank\" rel=\"nofollow\">https:\/\/artescenicasamapa.wixsite.com\/seminarioamapa\u00a0<\/a><\/b>.<\/p>\n<p>Em &#8220;tempos dif\u00edceis&#8221; buscamos apoios e parcerias, e neste momento temos a oportunidade de usufruir\/compartilhar de parte da programa\u00e7\u00e3o do\u00a0<strong>3\u00ba Semin\u00e1rio de Pol\u00edticas P\u00fablicas para a Educa\u00e7\u00e3o Penitenci\u00e1ria: Arte, Cultura e Educa\u00e7\u00e3o Penitenci\u00e1ria<\/strong>. Confira a programa\u00e7\u00e3o e fa\u00e7a tamb\u00e9m sua inscri\u00e7\u00e3o em:\u00a0<b><a href=\"https:\/\/www.even3.com.br\/ppeparte\" target=\"_blank\">https:\/\/www.even3.com.br\/ppeparte<\/a>.<\/b><\/p>\n<p>Os eventos s\u00e3o apoiados pelo DEX e PROEAC &#8211; UNIFAP atrav\u00e9s do edital PAEX n\u00ba 20\/2017.<\/p>\n","protected":false},"excerpt":{"rendered":"<p>J\u00e1 est\u00e3o abertas as inscri\u00e7\u00f5es para o\u00a0IV Semin\u00e1rio de Artes C\u00eanicas do Amap\u00e1, que se realizar\u00e1 entre os dias 23 e 27 de abril de 2018 na Universidade Federal do Amap\u00e1 &#8211; UNIFAP. Pela primeira vez, com abrang\u00eancia nacional, teremos a presen\u00e7a de grandes profissionais da \u00e1rea e o espa\u00e7o para submiss\u00e3o e compartilhamento de&#8230;<\/p>\n","protected":false},"author":421,"featured_media":0,"parent":145,"menu_order":0,"comment_status":"open","ping_status":"open","template":"","meta":{"inline_featured_image":false,"site-sidebar-layout":"default","site-content-layout":"","ast-site-content-layout":"default","site-content-style":"default","site-sidebar-style":"default","ast-global-header-display":"","ast-banner-title-visibility":"","ast-main-header-display":"","ast-hfb-above-header-display":"","ast-hfb-below-header-display":"","ast-hfb-mobile-header-display":"","site-post-title":"","ast-breadcrumbs-content":"","ast-featured-img":"","footer-sml-layout":"","theme-transparent-header-meta":"","adv-header-id-meta":"","stick-header-meta":"","header-above-stick-meta":"","header-main-stick-meta":"","header-below-stick-meta":"","astra-migrate-meta-layouts":"default","ast-page-background-enabled":"default","ast-page-background-meta":{"desktop":{"background-color":"var(--ast-global-color-4)","background-image":"","background-repeat":"repeat","background-position":"center center","background-size":"auto","background-attachment":"scroll","background-type":"","background-media":"","overlay-type":"","overlay-color":"","overlay-opacity":"","overlay-gradient":""},"tablet":{"background-color":"","background-image":"","background-repeat":"repeat","background-position":"center center","background-size":"auto","background-attachment":"scroll","background-type":"","background-media":"","overlay-type":"","overlay-color":"","overlay-opacity":"","overlay-gradient":""},"mobile":{"background-color":"","background-image":"","background-repeat":"repeat","background-position":"center center","background-size":"auto","background-attachment":"scroll","background-type":"","background-media":"","overlay-type":"","overlay-color":"","overlay-opacity":"","overlay-gradient":""}},"ast-content-background-meta":{"desktop":{"background-color":"var(--ast-global-color-5)","background-image":"","background-repeat":"repeat","background-position":"center center","background-size":"auto","background-attachment":"scroll","background-type":"","background-media":"","overlay-type":"","overlay-color":"","overlay-opacity":"","overlay-gradient":""},"tablet":{"background-color":"var(--ast-global-color-5)","background-image":"","background-repeat":"repeat","background-position":"center center","background-size":"auto","background-attachment":"scroll","background-type":"","background-media":"","overlay-type":"","overlay-color":"","overlay-opacity":"","overlay-gradient":""},"mobile":{"background-color":"var(--ast-global-color-5)","background-image":"","background-repeat":"repeat","background-position":"center center","background-size":"auto","background-attachment":"scroll","background-type":"","background-media":"","overlay-type":"","overlay-color":"","overlay-opacity":"","overlay-gradient":""}},"ngg_post_thumbnail":0,"footnotes":""},"class_list":["post-1437","page","type-page","status-publish","hentry"],"_links":{"self":[{"href":"http:\/\/www2.unifap.br\/teatro\/wp-json\/wp\/v2\/pages\/1437","targetHints":{"allow":["GET"]}}],"collection":[{"href":"http:\/\/www2.unifap.br\/teatro\/wp-json\/wp\/v2\/pages"}],"about":[{"href":"http:\/\/www2.unifap.br\/teatro\/wp-json\/wp\/v2\/types\/page"}],"author":[{"embeddable":true,"href":"http:\/\/www2.unifap.br\/teatro\/wp-json\/wp\/v2\/users\/421"}],"replies":[{"embeddable":true,"href":"http:\/\/www2.unifap.br\/teatro\/wp-json\/wp\/v2\/comments?post=1437"}],"version-history":[{"count":3,"href":"http:\/\/www2.unifap.br\/teatro\/wp-json\/wp\/v2\/pages\/1437\/revisions"}],"predecessor-version":[{"id":1447,"href":"http:\/\/www2.unifap.br\/teatro\/wp-json\/wp\/v2\/pages\/1437\/revisions\/1447"}],"up":[{"embeddable":true,"href":"http:\/\/www2.unifap.br\/teatro\/wp-json\/wp\/v2\/pages\/145"}],"wp:attachment":[{"href":"http:\/\/www2.unifap.br\/teatro\/wp-json\/wp\/v2\/media?parent=1437"}],"curies":[{"name":"wp","href":"https:\/\/api.w.org\/{rel}","templated":true}]}}