{"id":1536,"date":"2018-06-04T22:55:00","date_gmt":"2018-06-04T22:55:00","guid":{"rendered":"http:\/\/www2.unifap.br\/teatro\/?page_id=1536"},"modified":"2023-09-19T23:28:49","modified_gmt":"2023-09-19T23:28:49","slug":"profa-ma-adriana-moreira-silva","status":"publish","type":"page","link":"http:\/\/www2.unifap.br\/teatro\/docentes-efetivos\/profa-ma-adriana-moreira-silva\/","title":{"rendered":"Adriana Moreira Silva"},"content":{"rendered":"<p style=\"text-align: justify\"><a href=\"http:\/\/www2.unifap.br\/teatro\/files\/2018\/06\/Adriana.jpg\"><img decoding=\"async\" class=\"alignleft size-thumbnail wp-image-1537\" src=\"http:\/\/www2.unifap.br\/teatro\/files\/2018\/06\/Adriana-150x150.jpg\" alt=\"Adriana\" width=\"150\" height=\"150\" srcset=\"http:\/\/www2.unifap.br\/teatro\/files\/2018\/06\/Adriana-150x150.jpg 150w, http:\/\/www2.unifap.br\/teatro\/files\/2018\/06\/Adriana-300x300.jpg 300w, http:\/\/www2.unifap.br\/teatro\/files\/2018\/06\/Adriana-70x70.jpg 70w, http:\/\/www2.unifap.br\/teatro\/files\/2018\/06\/Adriana.jpg 960w\" sizes=\"(max-width: 150px) 100vw, 150px\" \/><\/a>Possui gradua\u00e7\u00e3o em Educa\u00e7\u00e3o Art\u00edstica- Habilita\u00e7\u00e3o em Artes C\u00eanicas pela Universidade Federal de Uberl\u00e2ndia (2008). Mestrado pelo Programa de P\u00f3s-Gradua\u00e7\u00e3o em Artes (2014). Doutora pela Universidade Estadual de Santa Catarina (UDESC) pesquisando os processos de experimenta\u00e7\u00e3o da linguagem teatral com crian\u00e7as da Educa\u00e7\u00e3o Infantil em di\u00e1logo com as Teorias do Caos (T\u00edtulo da tese: \u201cPr\u00e1ticas c\u00eanica na Educa\u00e7\u00e3o Infantil: materialidade, teatralidade e teorias do caos\u201d. (2022.). Tese indicada ao Pr\u00eamio Capes de Tese 2023. Professora Adjunta do curso de Licenciatura em Teatro da Universidade Federal do Amap\u00e1 (UNIFAP) na \u00e1rea de Pr\u00e1tica Teatral. Coordenadora do grupo de estudos PAPEI (Pr\u00e1ticas Art\u00edsticas e Pedag\u00f3gicas na Educa\u00e7\u00e3o Infantil), vinculado ao grupo de pesquisa NECID &#8211; N\u00facleo de Estudos em Espa\u00e7os Culturais, Inclusivos e Deliberativos (Grupo de pesquisa CNPQ\/DPQ\/UNIFAP). Foi membro do grupo Coletivo Teatro da Margem atuando e pesquisando as artes c\u00eanicas, perform\u00e1ticas, viewpoints e teatro de rua (2009-2018). Professora substituta do Curso de Gradua\u00e7\u00e3o em Teatro na Universidade Federal de Uberl\u00e2ndia (2014-2015) atuando na \u00e1rea de Pedagogia do Teatro. Professora de Arte e Teatro em escolas de educa\u00e7\u00e3o b\u00e1sica na cidade de Uberl\u00e2ndia\/MG (2008-2018). Pesquisas atuais: ensino, aprendizagem e metodologias em Teatro; arte-educa\u00e7\u00e3o; sociologia da inf\u00e2ncia, fenomenologia da crian\u00e7a, teatro feminista, teorias do caos e processos criativos. Professora substituta do Curso de Gradua\u00e7\u00e3o em Teatro na Universidade Federal de Uberl\u00e2ndia (2014-2015) atuando na \u00e1rea de Pedagogia do Teatro. Professora de Arte e Teatro em escolas de educa\u00e7\u00e3o b\u00e1sica na cidade de Uberl\u00e2ndia\/MG (2008-2018). Pesquisas atuais: ensino, aprendizagem e metodologias em Teatro; arte-educa\u00e7\u00e3o; sociologia da inf\u00e2ncia, fenomenologia da crian\u00e7a, teatro feminista, teorias do caos e processos criativos.<\/p>\n<p style=\"text-align: justify\">Lattes:\u00a0<a href=\"lattes.cnpq.br\/829678719766005\" target=\"_blank\" rel=\"noopener\">lattes.cnpq.br\/829678719766005<\/a><\/p>\n","protected":false},"excerpt":{"rendered":"<p>Possui gradua\u00e7\u00e3o em Educa\u00e7\u00e3o Art\u00edstica- Habilita\u00e7\u00e3o em Artes C\u00eanicas pela Universidade Federal de Uberl\u00e2ndia (2008). Mestrado pelo Programa de P\u00f3s-Gradua\u00e7\u00e3o em Artes (2014). Doutora pela Universidade Estadual de Santa Catarina (UDESC) pesquisando os processos de experimenta\u00e7\u00e3o da linguagem teatral com crian\u00e7as da Educa\u00e7\u00e3o Infantil em di\u00e1logo com as Teorias do Caos (T\u00edtulo da tese: \u201cPr\u00e1ticas&#8230;<\/p>\n","protected":false},"author":421,"featured_media":0,"parent":310,"menu_order":0,"comment_status":"open","ping_status":"closed","template":"","meta":{"inline_featured_image":false,"site-sidebar-layout":"default","site-content-layout":"default","ast-site-content-layout":"default","site-content-style":"default","site-sidebar-style":"default","ast-global-header-display":"","ast-banner-title-visibility":"","ast-main-header-display":"","ast-hfb-above-header-display":"","ast-hfb-below-header-display":"","ast-hfb-mobile-header-display":"","site-post-title":"","ast-breadcrumbs-content":"","ast-featured-img":"","footer-sml-layout":"","theme-transparent-header-meta":"default","adv-header-id-meta":"","stick-header-meta":"","header-above-stick-meta":"","header-main-stick-meta":"","header-below-stick-meta":"","astra-migrate-meta-layouts":"default","ast-page-background-enabled":"default","ast-page-background-meta":{"desktop":{"background-color":"var(--ast-global-color-4)","background-image":"","background-repeat":"repeat","background-position":"center center","background-size":"auto","background-attachment":"scroll","background-type":"","background-media":"","overlay-type":"","overlay-color":"","overlay-opacity":"","overlay-gradient":""},"tablet":{"background-color":"","background-image":"","background-repeat":"repeat","background-position":"center center","background-size":"auto","background-attachment":"scroll","background-type":"","background-media":"","overlay-type":"","overlay-color":"","overlay-opacity":"","overlay-gradient":""},"mobile":{"background-color":"","background-image":"","background-repeat":"repeat","background-position":"center center","background-size":"auto","background-attachment":"scroll","background-type":"","background-media":"","overlay-type":"","overlay-color":"","overlay-opacity":"","overlay-gradient":""}},"ast-content-background-meta":{"desktop":{"background-color":"var(--ast-global-color-5)","background-image":"","background-repeat":"repeat","background-position":"center center","background-size":"auto","background-attachment":"scroll","background-type":"","background-media":"","overlay-type":"","overlay-color":"","overlay-opacity":"","overlay-gradient":""},"tablet":{"background-color":"var(--ast-global-color-5)","background-image":"","background-repeat":"repeat","background-position":"center center","background-size":"auto","background-attachment":"scroll","background-type":"","background-media":"","overlay-type":"","overlay-color":"","overlay-opacity":"","overlay-gradient":""},"mobile":{"background-color":"var(--ast-global-color-5)","background-image":"","background-repeat":"repeat","background-position":"center center","background-size":"auto","background-attachment":"scroll","background-type":"","background-media":"","overlay-type":"","overlay-color":"","overlay-opacity":"","overlay-gradient":""}},"ngg_post_thumbnail":0,"footnotes":""},"class_list":["post-1536","page","type-page","status-publish","hentry"],"_links":{"self":[{"href":"http:\/\/www2.unifap.br\/teatro\/wp-json\/wp\/v2\/pages\/1536","targetHints":{"allow":["GET"]}}],"collection":[{"href":"http:\/\/www2.unifap.br\/teatro\/wp-json\/wp\/v2\/pages"}],"about":[{"href":"http:\/\/www2.unifap.br\/teatro\/wp-json\/wp\/v2\/types\/page"}],"author":[{"embeddable":true,"href":"http:\/\/www2.unifap.br\/teatro\/wp-json\/wp\/v2\/users\/421"}],"replies":[{"embeddable":true,"href":"http:\/\/www2.unifap.br\/teatro\/wp-json\/wp\/v2\/comments?post=1536"}],"version-history":[{"count":5,"href":"http:\/\/www2.unifap.br\/teatro\/wp-json\/wp\/v2\/pages\/1536\/revisions"}],"predecessor-version":[{"id":2752,"href":"http:\/\/www2.unifap.br\/teatro\/wp-json\/wp\/v2\/pages\/1536\/revisions\/2752"}],"up":[{"embeddable":true,"href":"http:\/\/www2.unifap.br\/teatro\/wp-json\/wp\/v2\/pages\/310"}],"wp:attachment":[{"href":"http:\/\/www2.unifap.br\/teatro\/wp-json\/wp\/v2\/media?parent=1536"}],"curies":[{"name":"wp","href":"https:\/\/api.w.org\/{rel}","templated":true}]}}