{"id":1719,"date":"2018-09-15T12:05:06","date_gmt":"2018-09-15T12:05:06","guid":{"rendered":"http:\/\/www2.unifap.br\/teatro\/?page_id=1719"},"modified":"2018-09-15T12:18:19","modified_gmt":"2018-09-15T12:18:19","slug":"iv-seminario-em-artes-cenicas-no-amapa-2018","status":"publish","type":"page","link":"http:\/\/www2.unifap.br\/teatro\/anais-de-eventos\/iv-seminario-em-artes-cenicas-no-amapa-2018\/","title":{"rendered":"IV Semin\u00e1rio de Artes C\u00eanicas no Amap\u00e1 &#8211; 2018"},"content":{"rendered":"<h2><strong><a href=\"http:\/\/www2.unifap.br\/teatro\/files\/2018\/09\/Anais-do-IV-Semin\u00e1rio-de-Artes-C\u00eanicas-do-Amap\u00e1.pdf\">ANAIS DO IV SEMIN\u00c1RIO DE ARTES C\u00caNICAS DO AMAP\u00c1<\/a><\/strong><\/h2>\n","protected":false},"excerpt":{"rendered":"<p>ANAIS DO IV SEMIN\u00c1RIO DE ARTES C\u00caNICAS DO AMAP\u00c1<\/p>\n","protected":false},"author":421,"featured_media":0,"parent":1716,"menu_order":0,"comment_status":"open","ping_status":"open","template":"","meta":{"inline_featured_image":false,"site-sidebar-layout":"default","site-content-layout":"","ast-site-content-layout":"default","site-content-style":"default","site-sidebar-style":"default","ast-global-header-display":"","ast-banner-title-visibility":"","ast-main-header-display":"","ast-hfb-above-header-display":"","ast-hfb-below-header-display":"","ast-hfb-mobile-header-display":"","site-post-title":"","ast-breadcrumbs-content":"","ast-featured-img":"","footer-sml-layout":"","theme-transparent-header-meta":"","adv-header-id-meta":"","stick-header-meta":"","header-above-stick-meta":"","header-main-stick-meta":"","header-below-stick-meta":"","astra-migrate-meta-layouts":"default","ast-page-background-enabled":"default","ast-page-background-meta":{"desktop":{"background-color":"var(--ast-global-color-4)","background-image":"","background-repeat":"repeat","background-position":"center center","background-size":"auto","background-attachment":"scroll","background-type":"","background-media":"","overlay-type":"","overlay-color":"","overlay-opacity":"","overlay-gradient":""},"tablet":{"background-color":"","background-image":"","background-repeat":"repeat","background-position":"center center","background-size":"auto","background-attachment":"scroll","background-type":"","background-media":"","overlay-type":"","overlay-color":"","overlay-opacity":"","overlay-gradient":""},"mobile":{"background-color":"","background-image":"","background-repeat":"repeat","background-position":"center center","background-size":"auto","background-attachment":"scroll","background-type":"","background-media":"","overlay-type":"","overlay-color":"","overlay-opacity":"","overlay-gradient":""}},"ast-content-background-meta":{"desktop":{"background-color":"var(--ast-global-color-5)","background-image":"","background-repeat":"repeat","background-position":"center center","background-size":"auto","background-attachment":"scroll","background-type":"","background-media":"","overlay-type":"","overlay-color":"","overlay-opacity":"","overlay-gradient":""},"tablet":{"background-color":"var(--ast-global-color-5)","background-image":"","background-repeat":"repeat","background-position":"center center","background-size":"auto","background-attachment":"scroll","background-type":"","background-media":"","overlay-type":"","overlay-color":"","overlay-opacity":"","overlay-gradient":""},"mobile":{"background-color":"var(--ast-global-color-5)","background-image":"","background-repeat":"repeat","background-position":"center center","background-size":"auto","background-attachment":"scroll","background-type":"","background-media":"","overlay-type":"","overlay-color":"","overlay-opacity":"","overlay-gradient":""}},"ngg_post_thumbnail":0,"footnotes":""},"class_list":["post-1719","page","type-page","status-publish","hentry"],"_links":{"self":[{"href":"http:\/\/www2.unifap.br\/teatro\/wp-json\/wp\/v2\/pages\/1719","targetHints":{"allow":["GET"]}}],"collection":[{"href":"http:\/\/www2.unifap.br\/teatro\/wp-json\/wp\/v2\/pages"}],"about":[{"href":"http:\/\/www2.unifap.br\/teatro\/wp-json\/wp\/v2\/types\/page"}],"author":[{"embeddable":true,"href":"http:\/\/www2.unifap.br\/teatro\/wp-json\/wp\/v2\/users\/421"}],"replies":[{"embeddable":true,"href":"http:\/\/www2.unifap.br\/teatro\/wp-json\/wp\/v2\/comments?post=1719"}],"version-history":[{"count":5,"href":"http:\/\/www2.unifap.br\/teatro\/wp-json\/wp\/v2\/pages\/1719\/revisions"}],"predecessor-version":[{"id":1729,"href":"http:\/\/www2.unifap.br\/teatro\/wp-json\/wp\/v2\/pages\/1719\/revisions\/1729"}],"up":[{"embeddable":true,"href":"http:\/\/www2.unifap.br\/teatro\/wp-json\/wp\/v2\/pages\/1716"}],"wp:attachment":[{"href":"http:\/\/www2.unifap.br\/teatro\/wp-json\/wp\/v2\/media?parent=1719"}],"curies":[{"name":"wp","href":"https:\/\/api.w.org\/{rel}","templated":true}]}}