{"id":1724,"date":"2018-09-15T12:09:42","date_gmt":"2018-09-15T12:09:42","guid":{"rendered":"http:\/\/www2.unifap.br\/teatro\/?page_id=1724"},"modified":"2019-01-21T14:41:52","modified_gmt":"2019-01-21T14:41:52","slug":"3o-seminario-de-educacao-penitenciaria-2018","status":"publish","type":"page","link":"http:\/\/www2.unifap.br\/teatro\/anais-de-eventos\/3o-seminario-de-educacao-penitenciaria-2018\/","title":{"rendered":"3\u00ba Semin\u00e1rio de Pol\u00edticas P\u00fablicas para a Educa\u00e7\u00e3o Penitenci\u00e1ria: Arte, Cultura e Educa\u00e7\u00e3o Penitenci\u00e1ria &#8211; 2018"},"content":{"rendered":"<h2><strong><a href=\"http:\/\/www2.unifap.br\/teatro\/files\/2018\/09\/POLITICAS-PUBLICAS-CERTO.pdf\">ANAIS DO 3\u00ba SEMIN\u00c1RIO DE POL\u00cdTICAS P\u00daBLICAS PARA EDUCA\u00c7\u00c3O PENITENCI\u00c1RIA<\/a><\/strong><\/h2>\n<h2><strong><a href=\"http:\/\/www2.unifap.br\/teatro\/files\/2018\/09\/Documento-final-do-III-SPPEP-2018.docx\"><a href=\"http:\/\/www2.unifap.br\/teatro\/files\/2018\/09\/Carta-da-Educa\u00e7\u00e3o-Penitenci\u00e1ria-converted.pdf\">CARTA DA EDUCA\u00c7\u00c3O PENITENCI\u00c1RIA<\/a><\/a><br \/>\n<\/strong><\/h2>\n<p>&nbsp;<\/p>\n","protected":false},"excerpt":{"rendered":"<p>ANAIS DO 3\u00ba SEMIN\u00c1RIO DE POL\u00cdTICAS P\u00daBLICAS PARA EDUCA\u00c7\u00c3O PENITENCI\u00c1RIA CARTA DA EDUCA\u00c7\u00c3O PENITENCI\u00c1RIA &nbsp;<\/p>\n","protected":false},"author":421,"featured_media":0,"parent":1716,"menu_order":0,"comment_status":"open","ping_status":"open","template":"","meta":{"inline_featured_image":false,"site-sidebar-layout":"default","site-content-layout":"","ast-site-content-layout":"default","site-content-style":"default","site-sidebar-style":"default","ast-global-header-display":"","ast-banner-title-visibility":"","ast-main-header-display":"","ast-hfb-above-header-display":"","ast-hfb-below-header-display":"","ast-hfb-mobile-header-display":"","site-post-title":"","ast-breadcrumbs-content":"","ast-featured-img":"","footer-sml-layout":"","theme-transparent-header-meta":"","adv-header-id-meta":"","stick-header-meta":"","header-above-stick-meta":"","header-main-stick-meta":"","header-below-stick-meta":"","astra-migrate-meta-layouts":"default","ast-page-background-enabled":"default","ast-page-background-meta":{"desktop":{"background-color":"var(--ast-global-color-4)","background-image":"","background-repeat":"repeat","background-position":"center center","background-size":"auto","background-attachment":"scroll","background-type":"","background-media":"","overlay-type":"","overlay-color":"","overlay-opacity":"","overlay-gradient":""},"tablet":{"background-color":"","background-image":"","background-repeat":"repeat","background-position":"center center","background-size":"auto","background-attachment":"scroll","background-type":"","background-media":"","overlay-type":"","overlay-color":"","overlay-opacity":"","overlay-gradient":""},"mobile":{"background-color":"","background-image":"","background-repeat":"repeat","background-position":"center center","background-size":"auto","background-attachment":"scroll","background-type":"","background-media":"","overlay-type":"","overlay-color":"","overlay-opacity":"","overlay-gradient":""}},"ast-content-background-meta":{"desktop":{"background-color":"var(--ast-global-color-5)","background-image":"","background-repeat":"repeat","background-position":"center center","background-size":"auto","background-attachment":"scroll","background-type":"","background-media":"","overlay-type":"","overlay-color":"","overlay-opacity":"","overlay-gradient":""},"tablet":{"background-color":"var(--ast-global-color-5)","background-image":"","background-repeat":"repeat","background-position":"center center","background-size":"auto","background-attachment":"scroll","background-type":"","background-media":"","overlay-type":"","overlay-color":"","overlay-opacity":"","overlay-gradient":""},"mobile":{"background-color":"var(--ast-global-color-5)","background-image":"","background-repeat":"repeat","background-position":"center center","background-size":"auto","background-attachment":"scroll","background-type":"","background-media":"","overlay-type":"","overlay-color":"","overlay-opacity":"","overlay-gradient":""}},"ngg_post_thumbnail":0,"footnotes":""},"class_list":["post-1724","page","type-page","status-publish","hentry"],"_links":{"self":[{"href":"http:\/\/www2.unifap.br\/teatro\/wp-json\/wp\/v2\/pages\/1724","targetHints":{"allow":["GET"]}}],"collection":[{"href":"http:\/\/www2.unifap.br\/teatro\/wp-json\/wp\/v2\/pages"}],"about":[{"href":"http:\/\/www2.unifap.br\/teatro\/wp-json\/wp\/v2\/types\/page"}],"author":[{"embeddable":true,"href":"http:\/\/www2.unifap.br\/teatro\/wp-json\/wp\/v2\/users\/421"}],"replies":[{"embeddable":true,"href":"http:\/\/www2.unifap.br\/teatro\/wp-json\/wp\/v2\/comments?post=1724"}],"version-history":[{"count":6,"href":"http:\/\/www2.unifap.br\/teatro\/wp-json\/wp\/v2\/pages\/1724\/revisions"}],"predecessor-version":[{"id":1841,"href":"http:\/\/www2.unifap.br\/teatro\/wp-json\/wp\/v2\/pages\/1724\/revisions\/1841"}],"up":[{"embeddable":true,"href":"http:\/\/www2.unifap.br\/teatro\/wp-json\/wp\/v2\/pages\/1716"}],"wp:attachment":[{"href":"http:\/\/www2.unifap.br\/teatro\/wp-json\/wp\/v2\/media?parent=1724"}],"curies":[{"name":"wp","href":"https:\/\/api.w.org\/{rel}","templated":true}]}}