{"id":1818,"date":"2018-11-22T13:58:44","date_gmt":"2018-11-22T13:58:44","guid":{"rendered":"http:\/\/www2.unifap.br\/teatro\/?page_id=1818"},"modified":"2018-11-22T14:04:00","modified_gmt":"2018-11-22T14:04:00","slug":"i-encontro-de-arte-educacao-de-macapa","status":"publish","type":"page","link":"http:\/\/www2.unifap.br\/teatro\/eventos-2\/i-encontro-de-arte-educacao-de-macapa\/","title":{"rendered":"I ENCONTRO DE ARTE-EDUCA\u00c7\u00c3O DE MACAP\u00c1"},"content":{"rendered":"<p><a href=\"http:\/\/www2.unifap.br\/teatro\/files\/2018\/11\/imagem-fundo.png\"><img fetchpriority=\"high\" decoding=\"async\" class=\"aligncenter size-medium wp-image-1814\" alt=\"imagem fundo\" src=\"http:\/\/www2.unifap.br\/teatro\/files\/2018\/11\/imagem-fundo-300x225.png\" width=\"300\" height=\"225\" srcset=\"http:\/\/www2.unifap.br\/teatro\/files\/2018\/11\/imagem-fundo-300x225.png 300w, http:\/\/www2.unifap.br\/teatro\/files\/2018\/11\/imagem-fundo.png 960w\" sizes=\"(max-width: 300px) 100vw, 300px\" \/><\/a><\/p>\n<p style=\"text-align: center\"><a href=\"https:\/\/www.even3.com.br\/arteducap\">https:\/\/www.even3.com.br\/arteducap<\/a><\/p>\n<p style=\"text-align: justify\">Na perspectiva de consolida\u00e7\u00e3o de um importante acontecimento cultural na regi\u00e3o Norte, o evento tem o objetivo de discutir e analisar pr\u00e1ticas da Arte-Educa\u00e7\u00e3o dentro e fora do ambiente escolar, atrav\u00e9s de palestras, debates e comunica\u00e7\u00f5es.\u00a0 A 1\u00aa edi\u00e7\u00e3o deste Encontro realizado em Macap\u00e1 pela UNIFAP, ter\u00e1 como proposta tem\u00e1tica a discuss\u00e3o \u201cColonialismo e Quest\u00f5es de G\u00eanero no Ensino de Arte&#8221; procurando enfocar pesquisadores, metodologias, tem\u00e1ticas e procedimentos contempor\u00e2neos desenvolvidos no \u00e2mbito de institui\u00e7\u00f5es m\u00faltiplas de ensino e cultura que dialoguem com a tem\u00e1tica do Encontro promovendo olhares m\u00faltiplos, dial\u00f3gicos e po\u00e9ticos realizados em Macap\u00e1 e para al\u00e9m da cidade. Num cen\u00e1rio atual de grandes discuss\u00f5es, rupturas, transforma\u00e7\u00f5es e imposi\u00e7\u00f5es pol\u00edticas e quest\u00f5es sociais, discutir o lugar da Arte na Educa\u00e7\u00e3o, em seus m\u00faltiplos contextos, \u00e9 resistir e fazer prevalecer este di\u00e1logo necess\u00e1rio entre duas \u00e1reas t\u00e3o importantes para a constru\u00e7\u00e3o do pa\u00eds que vez por outra vem sofrendo tentativas de desconstru\u00e7\u00e3o. Este evento \u00e9 resultante das disciplinas Est\u00e1gio Supervisionado I, III e V do Curso de Licenciatura em Teatro da UNIFAP que est\u00e3o ocorrendo no per\u00edodo 2018.2<\/p>\n","protected":false},"excerpt":{"rendered":"<p>https:\/\/www.even3.com.br\/arteducap Na perspectiva de consolida\u00e7\u00e3o de um importante acontecimento cultural na regi\u00e3o Norte, o evento tem o objetivo de discutir e analisar pr\u00e1ticas da Arte-Educa\u00e7\u00e3o dentro e fora do ambiente escolar, atrav\u00e9s de palestras, debates e comunica\u00e7\u00f5es.\u00a0 A 1\u00aa edi\u00e7\u00e3o deste Encontro realizado em Macap\u00e1 pela UNIFAP, ter\u00e1 como proposta tem\u00e1tica a discuss\u00e3o \u201cColonialismo e&#8230;<\/p>\n","protected":false},"author":421,"featured_media":0,"parent":145,"menu_order":0,"comment_status":"open","ping_status":"open","template":"","meta":{"inline_featured_image":false,"site-sidebar-layout":"default","site-content-layout":"","ast-site-content-layout":"default","site-content-style":"default","site-sidebar-style":"default","ast-global-header-display":"","ast-banner-title-visibility":"","ast-main-header-display":"","ast-hfb-above-header-display":"","ast-hfb-below-header-display":"","ast-hfb-mobile-header-display":"","site-post-title":"","ast-breadcrumbs-content":"","ast-featured-img":"","footer-sml-layout":"","theme-transparent-header-meta":"","adv-header-id-meta":"","stick-header-meta":"","header-above-stick-meta":"","header-main-stick-meta":"","header-below-stick-meta":"","astra-migrate-meta-layouts":"default","ast-page-background-enabled":"default","ast-page-background-meta":{"desktop":{"background-color":"var(--ast-global-color-4)","background-image":"","background-repeat":"repeat","background-position":"center center","background-size":"auto","background-attachment":"scroll","background-type":"","background-media":"","overlay-type":"","overlay-color":"","overlay-opacity":"","overlay-gradient":""},"tablet":{"background-color":"","background-image":"","background-repeat":"repeat","background-position":"center center","background-size":"auto","background-attachment":"scroll","background-type":"","background-media":"","overlay-type":"","overlay-color":"","overlay-opacity":"","overlay-gradient":""},"mobile":{"background-color":"","background-image":"","background-repeat":"repeat","background-position":"center center","background-size":"auto","background-attachment":"scroll","background-type":"","background-media":"","overlay-type":"","overlay-color":"","overlay-opacity":"","overlay-gradient":""}},"ast-content-background-meta":{"desktop":{"background-color":"var(--ast-global-color-5)","background-image":"","background-repeat":"repeat","background-position":"center center","background-size":"auto","background-attachment":"scroll","background-type":"","background-media":"","overlay-type":"","overlay-color":"","overlay-opacity":"","overlay-gradient":""},"tablet":{"background-color":"var(--ast-global-color-5)","background-image":"","background-repeat":"repeat","background-position":"center center","background-size":"auto","background-attachment":"scroll","background-type":"","background-media":"","overlay-type":"","overlay-color":"","overlay-opacity":"","overlay-gradient":""},"mobile":{"background-color":"var(--ast-global-color-5)","background-image":"","background-repeat":"repeat","background-position":"center center","background-size":"auto","background-attachment":"scroll","background-type":"","background-media":"","overlay-type":"","overlay-color":"","overlay-opacity":"","overlay-gradient":""}},"ngg_post_thumbnail":0,"footnotes":""},"class_list":["post-1818","page","type-page","status-publish","hentry"],"_links":{"self":[{"href":"http:\/\/www2.unifap.br\/teatro\/wp-json\/wp\/v2\/pages\/1818","targetHints":{"allow":["GET"]}}],"collection":[{"href":"http:\/\/www2.unifap.br\/teatro\/wp-json\/wp\/v2\/pages"}],"about":[{"href":"http:\/\/www2.unifap.br\/teatro\/wp-json\/wp\/v2\/types\/page"}],"author":[{"embeddable":true,"href":"http:\/\/www2.unifap.br\/teatro\/wp-json\/wp\/v2\/users\/421"}],"replies":[{"embeddable":true,"href":"http:\/\/www2.unifap.br\/teatro\/wp-json\/wp\/v2\/comments?post=1818"}],"version-history":[{"count":3,"href":"http:\/\/www2.unifap.br\/teatro\/wp-json\/wp\/v2\/pages\/1818\/revisions"}],"predecessor-version":[{"id":1821,"href":"http:\/\/www2.unifap.br\/teatro\/wp-json\/wp\/v2\/pages\/1818\/revisions\/1821"}],"up":[{"embeddable":true,"href":"http:\/\/www2.unifap.br\/teatro\/wp-json\/wp\/v2\/pages\/145"}],"wp:attachment":[{"href":"http:\/\/www2.unifap.br\/teatro\/wp-json\/wp\/v2\/media?parent=1818"}],"curies":[{"name":"wp","href":"https:\/\/api.w.org\/{rel}","templated":true}]}}