{"id":2031,"date":"2019-06-24T12:16:11","date_gmt":"2019-06-24T12:16:11","guid":{"rendered":"http:\/\/www2.unifap.br\/teatro\/?page_id=2031"},"modified":"2019-06-24T12:19:56","modified_gmt":"2019-06-24T12:19:56","slug":"vi-encontro-nacional-de-pedagogia-das-artes-cenicas","status":"publish","type":"page","link":"http:\/\/www2.unifap.br\/teatro\/eventos-2\/vi-encontro-nacional-de-pedagogia-das-artes-cenicas\/","title":{"rendered":"VI Encontro Nacional de Pedagogia das Artes C\u00eanicas"},"content":{"rendered":"<p><a href=\"https:\/\/www.even3.com.br\/pedace\/\"><img decoding=\"async\" class=\"aligncenter\" src=\"https:\/\/images.even3.com.br\/qTupelPGrB6UC1YbikkWIvS1wJw=\/fit-in\/250x250\/smart\/https:\/\/even3.blob.core.windows.net\/logos\/Arteencontrofinal.420126230b314693a5b6.jpg\" alt=\"VI Encontro Nacional de Pedagogia das Artes C\u00c3\u00aanicas\" \/><\/a><\/p>\n<p style=\"font-weight: 400;text-align: center\"><b><strong>ARTES C\u00caNICAS:\u00a0<\/strong><\/b><\/p>\n<p style=\"font-weight: 400;text-align: center\"><b><strong>COMO\u00a0<\/strong><\/b>ainda\u00a0<b><strong>(RE)EXISTIR?<\/strong><\/b><\/p>\n<p>&nbsp;<\/p>\n<p style=\"font-weight: 400\">Universidade Federal do Amap\u00e1. &#8211; UNIFAP. Macap\u00e1. Brasil. 2019.<\/p>\n<p style=\"font-weight: 400\">N\u00e3o precisamos adensar as raz\u00f5es que nos levam a propor o presente tema para o encontro do GT Pedagogia das Artes C\u00eanicas.<\/p>\n<p style=\"font-weight: 400\">Al\u00e9m de fomentar discuss\u00f5es sobre a educa\u00e7\u00e3o superior no que tange especificamente o impacto de decis\u00f5es governamentais para a forma\u00e7\u00e3o em teatro, em dan\u00e7a, em performance, em circo, sentimos a necessidade de trocar experi\u00eancias, unir pensamentos e sobretudo, propor a\u00e7\u00f5es.<\/p>\n<p style=\"font-weight: 400\">O encontro ser\u00e1 organizado em grandes temas, como: Pol\u00edticas p\u00fablicas (escola sem partido, reformas curriculares); Diversidade (g\u00eanero, \u00e9tnico-racial); Acessibilidade Cultural;\u00a0Forma\u00e7\u00e3o de professores (licenciaturas, est\u00e1gios, PIBID, Resid\u00eancia Pedag\u00f3gica); Espa\u00e7os e tempos de forma\u00e7\u00e3o em Artes (educa\u00e7\u00e3o n\u00e3o-formal, oficinas).<\/p>\n<p>Confira o registro fotogr\u00e1fico do evento por meio do link:\u00a0<a href=\"https:\/\/drive.google.com\/open?id=16OWkIfLmDmlGypxRRVOqdUTCd6lGex5r&amp;fbclid=IwAR2HqUoVBqv0rU5qIOw_GjG8LdTpfvfYElchYjva3iOu8CUuvhpJNknFmuw\" target=\"_blank\" rel=\"noopener nofollow\">https:\/\/drive.google.com\/open?id=16OWkIfLmDmlGypxRRVOqdUTCd6lGex5r<\/a><\/p>\n<div class=\"_2cuy _3dgx _2vxa\">Fotos: Equipe de bolsistas e volunt\u00e1rios do Programa de Cultura da UNIFAP &#8211; PROCULT.<\/div>\n<p><img decoding=\"async\" class=\"aligncenter\" src=\"https:\/\/even3.blob.core.windows.net\/pagina-evento\/abrace1.2408fcf35b874286a5b2.png\" width=\"272\" height=\"163\" \/><\/p>\n","protected":false},"excerpt":{"rendered":"<p>ARTES C\u00caNICAS:\u00a0 COMO\u00a0ainda\u00a0(RE)EXISTIR? &nbsp; Universidade Federal do Amap\u00e1. &#8211; UNIFAP. Macap\u00e1. Brasil. 2019. N\u00e3o precisamos adensar as raz\u00f5es que nos levam a propor o presente tema para o encontro do GT Pedagogia das Artes C\u00eanicas. Al\u00e9m de fomentar discuss\u00f5es sobre a educa\u00e7\u00e3o superior no que tange especificamente o impacto de decis\u00f5es governamentais para a forma\u00e7\u00e3o&#8230;<\/p>\n","protected":false},"author":421,"featured_media":0,"parent":145,"menu_order":0,"comment_status":"closed","ping_status":"closed","template":"","meta":{"inline_featured_image":false,"site-sidebar-layout":"default","site-content-layout":"","ast-site-content-layout":"default","site-content-style":"default","site-sidebar-style":"default","ast-global-header-display":"","ast-banner-title-visibility":"","ast-main-header-display":"","ast-hfb-above-header-display":"","ast-hfb-below-header-display":"","ast-hfb-mobile-header-display":"","site-post-title":"","ast-breadcrumbs-content":"","ast-featured-img":"","footer-sml-layout":"","theme-transparent-header-meta":"","adv-header-id-meta":"","stick-header-meta":"","header-above-stick-meta":"","header-main-stick-meta":"","header-below-stick-meta":"","astra-migrate-meta-layouts":"default","ast-page-background-enabled":"default","ast-page-background-meta":{"desktop":{"background-color":"var(--ast-global-color-4)","background-image":"","background-repeat":"repeat","background-position":"center center","background-size":"auto","background-attachment":"scroll","background-type":"","background-media":"","overlay-type":"","overlay-color":"","overlay-opacity":"","overlay-gradient":""},"tablet":{"background-color":"","background-image":"","background-repeat":"repeat","background-position":"center center","background-size":"auto","background-attachment":"scroll","background-type":"","background-media":"","overlay-type":"","overlay-color":"","overlay-opacity":"","overlay-gradient":""},"mobile":{"background-color":"","background-image":"","background-repeat":"repeat","background-position":"center center","background-size":"auto","background-attachment":"scroll","background-type":"","background-media":"","overlay-type":"","overlay-color":"","overlay-opacity":"","overlay-gradient":""}},"ast-content-background-meta":{"desktop":{"background-color":"var(--ast-global-color-5)","background-image":"","background-repeat":"repeat","background-position":"center center","background-size":"auto","background-attachment":"scroll","background-type":"","background-media":"","overlay-type":"","overlay-color":"","overlay-opacity":"","overlay-gradient":""},"tablet":{"background-color":"var(--ast-global-color-5)","background-image":"","background-repeat":"repeat","background-position":"center center","background-size":"auto","background-attachment":"scroll","background-type":"","background-media":"","overlay-type":"","overlay-color":"","overlay-opacity":"","overlay-gradient":""},"mobile":{"background-color":"var(--ast-global-color-5)","background-image":"","background-repeat":"repeat","background-position":"center center","background-size":"auto","background-attachment":"scroll","background-type":"","background-media":"","overlay-type":"","overlay-color":"","overlay-opacity":"","overlay-gradient":""}},"ngg_post_thumbnail":0,"footnotes":""},"class_list":["post-2031","page","type-page","status-publish","hentry"],"_links":{"self":[{"href":"http:\/\/www2.unifap.br\/teatro\/wp-json\/wp\/v2\/pages\/2031","targetHints":{"allow":["GET"]}}],"collection":[{"href":"http:\/\/www2.unifap.br\/teatro\/wp-json\/wp\/v2\/pages"}],"about":[{"href":"http:\/\/www2.unifap.br\/teatro\/wp-json\/wp\/v2\/types\/page"}],"author":[{"embeddable":true,"href":"http:\/\/www2.unifap.br\/teatro\/wp-json\/wp\/v2\/users\/421"}],"replies":[{"embeddable":true,"href":"http:\/\/www2.unifap.br\/teatro\/wp-json\/wp\/v2\/comments?post=2031"}],"version-history":[{"count":3,"href":"http:\/\/www2.unifap.br\/teatro\/wp-json\/wp\/v2\/pages\/2031\/revisions"}],"predecessor-version":[{"id":2035,"href":"http:\/\/www2.unifap.br\/teatro\/wp-json\/wp\/v2\/pages\/2031\/revisions\/2035"}],"up":[{"embeddable":true,"href":"http:\/\/www2.unifap.br\/teatro\/wp-json\/wp\/v2\/pages\/145"}],"wp:attachment":[{"href":"http:\/\/www2.unifap.br\/teatro\/wp-json\/wp\/v2\/media?parent=2031"}],"curies":[{"name":"wp","href":"https:\/\/api.w.org\/{rel}","templated":true}]}}