{"id":2038,"date":"2019-06-24T12:25:56","date_gmt":"2019-06-24T12:25:56","guid":{"rendered":"http:\/\/www2.unifap.br\/teatro\/?page_id=2038"},"modified":"2019-06-24T12:27:37","modified_gmt":"2019-06-24T12:27:37","slug":"2038-2","status":"publish","type":"page","link":"http:\/\/www2.unifap.br\/teatro\/eventos-2\/2038-2\/","title":{"rendered":"V Semin\u00e1rio de Artes C\u00eanicas do Amap\u00e1"},"content":{"rendered":"<p><a href=\"https:\/\/www.even3.com.br\/artescenicasamapa\/\"><img decoding=\"async\" class=\"aligncenter\" src=\"https:\/\/images.even3.com.br\/wTw8BXW_Voj43x_b7AfqcRwRTX4=\/fit-in\/250x250\/smart\/https:\/\/even3.blob.core.windows.net\/logos\/arteseminarioartescenicas.514c5344e7d043b591d5.jpg\" alt=\"V Semin\u00c3\u00a1rio de Artes C\u00c3\u00aanicas do Amap\u00c3\u00a1: M\u00c3\u00baltiplos territ\u00c3\u00b3rios de ocupa\u00c3\u00a7\u00c3\u00a3o\" \/><\/a><\/p>\n<div class=\"row\">\n<div class=\"col-md-12\" style=\"text-align: center\">\u00a0Cidade: Macap\u00e1 \/ Amap\u00e1<br \/>\nLocal: UNIFAP &#8211; Universidade Federal do Amap\u00e1<br \/>\nDe: 20 a 24 de maio de 2019<\/div>\n<\/div>\n<p>A proposta deste semin\u00e1rio \u00e9 de proporcionar e fomentar o interc\u00e2mbio de culturas e conhecimentos a respeito das artes c\u00eanicas, em suas m\u00faltiplas linguagens e saberes. Neste contexto ser\u00e1 poss\u00edvel a presen\u00e7a e participa\u00e7\u00e3o de artistas, pesquisadores, discente e docentes, promovendo palestras, mesas redondas, debates, oficinas e espet\u00e1culos no per\u00edodo de 20 a 24 de maio de 2019, nas depend\u00eancias da Universidade Federal do Amap\u00e1 e institui\u00e7\u00f5es parceiras.<\/p>\n<p>P\u00e1gina do evento:\u00a0https:<a href=\"https:\/\/www.even3.com.br\/artescenicasamapa\/\">\/\/www.even3.com.br\/artescenicasamapa\/<\/a><\/p>\n<p>Confira o registro fotogr\u00e1fico do evento por meio do link:\u00a0<a href=\"https:\/\/drive.google.com\/open?id=16OWkIfLmDmlGypxRRVOqdUTCd6lGex5r&amp;fbclid=IwAR2HqUoVBqv0rU5qIOw_GjG8LdTpfvfYElchYjva3iOu8CUuvhpJNknFmuw\" target=\"_blank\" rel=\"noopener nofollow\">https:\/\/drive.google.com\/open?id=16OWkIfLmDmlGypxRRVOqdUTCd6lGex5r<\/a><\/p>\n","protected":false},"excerpt":{"rendered":"<p>\u00a0Cidade: Macap\u00e1 \/ Amap\u00e1 Local: UNIFAP &#8211; Universidade Federal do Amap\u00e1 De: 20 a 24 de maio de 2019 A proposta deste semin\u00e1rio \u00e9 de proporcionar e fomentar o interc\u00e2mbio de culturas e conhecimentos a respeito das artes c\u00eanicas, em suas m\u00faltiplas linguagens e saberes. Neste contexto ser\u00e1 poss\u00edvel a presen\u00e7a e participa\u00e7\u00e3o de artistas,&#8230;<\/p>\n","protected":false},"author":421,"featured_media":0,"parent":145,"menu_order":0,"comment_status":"closed","ping_status":"closed","template":"","meta":{"inline_featured_image":false,"site-sidebar-layout":"default","site-content-layout":"","ast-site-content-layout":"default","site-content-style":"default","site-sidebar-style":"default","ast-global-header-display":"","ast-banner-title-visibility":"","ast-main-header-display":"","ast-hfb-above-header-display":"","ast-hfb-below-header-display":"","ast-hfb-mobile-header-display":"","site-post-title":"","ast-breadcrumbs-content":"","ast-featured-img":"","footer-sml-layout":"","theme-transparent-header-meta":"","adv-header-id-meta":"","stick-header-meta":"","header-above-stick-meta":"","header-main-stick-meta":"","header-below-stick-meta":"","astra-migrate-meta-layouts":"default","ast-page-background-enabled":"default","ast-page-background-meta":{"desktop":{"background-color":"var(--ast-global-color-4)","background-image":"","background-repeat":"repeat","background-position":"center center","background-size":"auto","background-attachment":"scroll","background-type":"","background-media":"","overlay-type":"","overlay-color":"","overlay-opacity":"","overlay-gradient":""},"tablet":{"background-color":"","background-image":"","background-repeat":"repeat","background-position":"center center","background-size":"auto","background-attachment":"scroll","background-type":"","background-media":"","overlay-type":"","overlay-color":"","overlay-opacity":"","overlay-gradient":""},"mobile":{"background-color":"","background-image":"","background-repeat":"repeat","background-position":"center center","background-size":"auto","background-attachment":"scroll","background-type":"","background-media":"","overlay-type":"","overlay-color":"","overlay-opacity":"","overlay-gradient":""}},"ast-content-background-meta":{"desktop":{"background-color":"var(--ast-global-color-5)","background-image":"","background-repeat":"repeat","background-position":"center center","background-size":"auto","background-attachment":"scroll","background-type":"","background-media":"","overlay-type":"","overlay-color":"","overlay-opacity":"","overlay-gradient":""},"tablet":{"background-color":"var(--ast-global-color-5)","background-image":"","background-repeat":"repeat","background-position":"center center","background-size":"auto","background-attachment":"scroll","background-type":"","background-media":"","overlay-type":"","overlay-color":"","overlay-opacity":"","overlay-gradient":""},"mobile":{"background-color":"var(--ast-global-color-5)","background-image":"","background-repeat":"repeat","background-position":"center center","background-size":"auto","background-attachment":"scroll","background-type":"","background-media":"","overlay-type":"","overlay-color":"","overlay-opacity":"","overlay-gradient":""}},"ngg_post_thumbnail":0,"footnotes":""},"class_list":["post-2038","page","type-page","status-publish","hentry"],"_links":{"self":[{"href":"http:\/\/www2.unifap.br\/teatro\/wp-json\/wp\/v2\/pages\/2038","targetHints":{"allow":["GET"]}}],"collection":[{"href":"http:\/\/www2.unifap.br\/teatro\/wp-json\/wp\/v2\/pages"}],"about":[{"href":"http:\/\/www2.unifap.br\/teatro\/wp-json\/wp\/v2\/types\/page"}],"author":[{"embeddable":true,"href":"http:\/\/www2.unifap.br\/teatro\/wp-json\/wp\/v2\/users\/421"}],"replies":[{"embeddable":true,"href":"http:\/\/www2.unifap.br\/teatro\/wp-json\/wp\/v2\/comments?post=2038"}],"version-history":[{"count":4,"href":"http:\/\/www2.unifap.br\/teatro\/wp-json\/wp\/v2\/pages\/2038\/revisions"}],"predecessor-version":[{"id":2042,"href":"http:\/\/www2.unifap.br\/teatro\/wp-json\/wp\/v2\/pages\/2038\/revisions\/2042"}],"up":[{"embeddable":true,"href":"http:\/\/www2.unifap.br\/teatro\/wp-json\/wp\/v2\/pages\/145"}],"wp:attachment":[{"href":"http:\/\/www2.unifap.br\/teatro\/wp-json\/wp\/v2\/media?parent=2038"}],"curies":[{"name":"wp","href":"https:\/\/api.w.org\/{rel}","templated":true}]}}