{"id":2044,"date":"2019-06-24T12:30:42","date_gmt":"2019-06-24T12:30:42","guid":{"rendered":"http:\/\/www2.unifap.br\/teatro\/?page_id=2044"},"modified":"2019-06-24T12:30:42","modified_gmt":"2019-06-24T12:30:42","slug":"iii-encontro-das-licenciaturas-em-teatro-da-regiao-norte","status":"publish","type":"page","link":"http:\/\/www2.unifap.br\/teatro\/eventos-2\/iii-encontro-das-licenciaturas-em-teatro-da-regiao-norte\/","title":{"rendered":"III Encontro das Licenciaturas em Teatro da Regi\u00e3o Norte"},"content":{"rendered":"<p><img decoding=\"async\" class=\"aligncenter\" src=\"https:\/\/images.even3.com.br\/MuDTPjrlDzTovajeS964y1iQxMw=\/fit-in\/250x250\/smart\/https:\/\/even3.blob.core.windows.net\/logos\/licenciaturasdoNorte.64ad8025156e4dd690de.jpg\" alt=\"III Encontro das Licenciaturas em Teatro do Norte\" \/><\/p>\n<p align=\"center\"><b>Neste ano de 2019 o curso de Licenciatura em Teatro da Universidade Federal do Amap\u00e1 &#8211; UNIFAP &#8211;\u00a0 ousar\u00e1 sediar em car\u00e1ter regional o III Encontro de Licenciaturas em Teatro da Regi\u00e3o Norte. O evento contar\u00e1 com a\u00e7\u00f5es de car\u00e1ter te\u00f3rico e pr\u00e1tico atrav\u00e9s de confer\u00eancias, mesas de debates, apresenta\u00e7\u00e3o de trabalhos art\u00edsticos e oficinas pr\u00e1ticas acontecendo em conjunto com o V Semin\u00e1rio em Artes C\u00eanicas do Amap\u00e1 e o VI Encontro Nacional de Pedagogia das Artes C\u00eanicas da ABRACE &#8211; Associa\u00e7\u00e3o Brasileira de Pesquisa e P\u00f3s-Gradua\u00e7\u00e3o em Artes C\u00eanicas.<\/b><\/p>\n<p align=\"center\"><b>A discuss\u00e3o do evento neste ano \u00e9 mapearmos as a\u00e7\u00f5es de Ensino, Pesquisa e Extens\u00e3o realizadas pelas Licenciaturas em Teatro da Regi\u00e3o Norte para estabelecimento de redes colaborativas e cria\u00e7\u00e3o de uma Associa\u00e7\u00e3o de Artes C\u00eanicas da Regi\u00e3o Norte discutindo as singularidades do fazer teatral desta regi\u00e3o promovendo ainda interc\u00e2mbio e divulga\u00e7\u00e3o das produ\u00e7\u00f5es te\u00f3ricas e art\u00edsticas para todo o Brasil.<\/b><\/p>\n<p align=\"center\"><b>Al\u00e9m disso contaremos com a presen\u00e7a de professores e estudantes de diferentes Universidades da Regi\u00e3o Norte para ampliarmos o debate sobre uma Licenciatura em Teatro que avance na transforma\u00e7\u00e3o da educa\u00e7\u00e3o e na constru\u00e7\u00e3o de cidad\u00e3os capazes de refletirem e modificarem suas realidades.<\/b><\/p>\n<p style=\"text-align: left\" align=\"center\"><strong>P\u00e1gina do evento:\u00a0<\/strong><a href=\"https:\/\/www.even3.com.br\/teanorte\">https:\/\/www.even3.com.br\/teanorte<\/a>\/<\/p>\n","protected":false},"excerpt":{"rendered":"<p>Neste ano de 2019 o curso de Licenciatura em Teatro da Universidade Federal do Amap\u00e1 &#8211; UNIFAP &#8211;\u00a0 ousar\u00e1 sediar em car\u00e1ter regional o III Encontro de Licenciaturas em Teatro da Regi\u00e3o Norte. O evento contar\u00e1 com a\u00e7\u00f5es de car\u00e1ter te\u00f3rico e pr\u00e1tico atrav\u00e9s de confer\u00eancias, mesas de debates, apresenta\u00e7\u00e3o de trabalhos art\u00edsticos e oficinas&#8230;<\/p>\n","protected":false},"author":421,"featured_media":0,"parent":145,"menu_order":0,"comment_status":"closed","ping_status":"closed","template":"","meta":{"inline_featured_image":false,"site-sidebar-layout":"default","site-content-layout":"","ast-site-content-layout":"default","site-content-style":"default","site-sidebar-style":"default","ast-global-header-display":"","ast-banner-title-visibility":"","ast-main-header-display":"","ast-hfb-above-header-display":"","ast-hfb-below-header-display":"","ast-hfb-mobile-header-display":"","site-post-title":"","ast-breadcrumbs-content":"","ast-featured-img":"","footer-sml-layout":"","theme-transparent-header-meta":"","adv-header-id-meta":"","stick-header-meta":"","header-above-stick-meta":"","header-main-stick-meta":"","header-below-stick-meta":"","astra-migrate-meta-layouts":"default","ast-page-background-enabled":"default","ast-page-background-meta":{"desktop":{"background-color":"var(--ast-global-color-4)","background-image":"","background-repeat":"repeat","background-position":"center center","background-size":"auto","background-attachment":"scroll","background-type":"","background-media":"","overlay-type":"","overlay-color":"","overlay-opacity":"","overlay-gradient":""},"tablet":{"background-color":"","background-image":"","background-repeat":"repeat","background-position":"center center","background-size":"auto","background-attachment":"scroll","background-type":"","background-media":"","overlay-type":"","overlay-color":"","overlay-opacity":"","overlay-gradient":""},"mobile":{"background-color":"","background-image":"","background-repeat":"repeat","background-position":"center center","background-size":"auto","background-attachment":"scroll","background-type":"","background-media":"","overlay-type":"","overlay-color":"","overlay-opacity":"","overlay-gradient":""}},"ast-content-background-meta":{"desktop":{"background-color":"var(--ast-global-color-5)","background-image":"","background-repeat":"repeat","background-position":"center center","background-size":"auto","background-attachment":"scroll","background-type":"","background-media":"","overlay-type":"","overlay-color":"","overlay-opacity":"","overlay-gradient":""},"tablet":{"background-color":"var(--ast-global-color-5)","background-image":"","background-repeat":"repeat","background-position":"center center","background-size":"auto","background-attachment":"scroll","background-type":"","background-media":"","overlay-type":"","overlay-color":"","overlay-opacity":"","overlay-gradient":""},"mobile":{"background-color":"var(--ast-global-color-5)","background-image":"","background-repeat":"repeat","background-position":"center center","background-size":"auto","background-attachment":"scroll","background-type":"","background-media":"","overlay-type":"","overlay-color":"","overlay-opacity":"","overlay-gradient":""}},"ngg_post_thumbnail":0,"footnotes":""},"class_list":["post-2044","page","type-page","status-publish","hentry"],"_links":{"self":[{"href":"http:\/\/www2.unifap.br\/teatro\/wp-json\/wp\/v2\/pages\/2044","targetHints":{"allow":["GET"]}}],"collection":[{"href":"http:\/\/www2.unifap.br\/teatro\/wp-json\/wp\/v2\/pages"}],"about":[{"href":"http:\/\/www2.unifap.br\/teatro\/wp-json\/wp\/v2\/types\/page"}],"author":[{"embeddable":true,"href":"http:\/\/www2.unifap.br\/teatro\/wp-json\/wp\/v2\/users\/421"}],"replies":[{"embeddable":true,"href":"http:\/\/www2.unifap.br\/teatro\/wp-json\/wp\/v2\/comments?post=2044"}],"version-history":[{"count":1,"href":"http:\/\/www2.unifap.br\/teatro\/wp-json\/wp\/v2\/pages\/2044\/revisions"}],"predecessor-version":[{"id":2045,"href":"http:\/\/www2.unifap.br\/teatro\/wp-json\/wp\/v2\/pages\/2044\/revisions\/2045"}],"up":[{"embeddable":true,"href":"http:\/\/www2.unifap.br\/teatro\/wp-json\/wp\/v2\/pages\/145"}],"wp:attachment":[{"href":"http:\/\/www2.unifap.br\/teatro\/wp-json\/wp\/v2\/media?parent=2044"}],"curies":[{"name":"wp","href":"https:\/\/api.w.org\/{rel}","templated":true}]}}