{"id":2081,"date":"2019-08-10T14:48:16","date_gmt":"2019-08-10T14:48:16","guid":{"rendered":"http:\/\/www2.unifap.br\/teatro\/?page_id=2081"},"modified":"2026-03-17T23:58:25","modified_gmt":"2026-03-17T23:58:25","slug":"agenda-de-reunioes-de-colegiado-e-nde","status":"publish","type":"page","link":"http:\/\/www2.unifap.br\/teatro\/agenda-de-reunioes-de-colegiado-e-nde\/","title":{"rendered":"Agenda de Reuni\u00f5es &#8211; NDE e Colegiado"},"content":{"rendered":"<h3 style=\"text-align: center\"><span style=\"color: #ff6600\"><strong>ANO LETIVO 2026\u00a0<\/strong><\/span><\/h3>\n<p style=\"text-align: center\"><span style=\"color: #0000ff\"><a style=\"color: #0000ff\" href=\"http:\/\/www2.unifap.br\/teatro\/files\/2026\/03\/CRONOGRAMA-DE-REUNIOES-2026.pdf\" target=\"_blank\" rel=\"noopener\"><strong>CLIQUE AQUI PARA ACESSAR O CALEND\u00c1RIO DE REUNI\u00d5ES\u00a0<\/strong><\/a><\/span><\/p>\n<h6>Para acompanhar as reuni\u00f5es do Colegiado do Curso de Licenciatura em Teatro, \u00e9 s\u00f3 acessar o link fornecido abaixo, observando o calend\u00e1rio vigente. Ressalta-se que o direito de participa\u00e7\u00e3o com voz e voto \u00e9 exclusivo dos membros do corpo docente e da representa\u00e7\u00e3o discente.<\/h6>\n<h6 style=\"text-align: center\"><strong><span style=\"color: #0000ff\"><a style=\"color: #0000ff\" href=\"https:\/\/meet.google.com\/rff-mssg-cec\" target=\"_blank\" rel=\"noopener\">\u21d2ASSISTIR A REUNI\u00c3O DO COLEGIADO\u21d0<\/a><\/span><\/strong><\/h6>\n<h6 style=\"text-align: center\"><span style=\"color: #ff6600\"><strong>(SALA VIRTUAL &#8211; GOOGLE MEET)<\/strong><\/span><\/h6>\n<hr \/>\n<h3 style=\"text-align: center\"><span style=\"color: #ff6600\"><strong>ANO LETIVO 2025\u00a0<\/strong><\/span><\/h3>\n<p style=\"text-align: center\"><span style=\"color: #0000ff\"><a style=\"color: #0000ff\" href=\"http:\/\/www2.unifap.br\/teatro\/files\/2026\/03\/CALENDARIO-DE-REUNIOES-ORDINARIAS_2025.pdf\" target=\"_blank\" rel=\"noopener\"><strong>CLIQUE AQUI PARA ACESSAR O CALEND\u00c1RIO DE REUNI\u00d5ES\u00a0<\/strong><\/a><\/span><\/p>\n<h6>Para acompanhar as reuni\u00f5es do Colegiado do Curso de Licenciatura em Teatro, \u00e9 s\u00f3 acessar o link fornecido abaixo, observando o calend\u00e1rio vigente. Ressalta-se que o direito de participa\u00e7\u00e3o com voz e voto \u00e9 exclusivo dos membros do corpo docente e da representa\u00e7\u00e3o discente.<\/h6>\n<h6 style=\"text-align: center\"><strong><span style=\"color: #0000ff\"><a style=\"color: #0000ff\" href=\"https:\/\/meet.google.com\/rff-mssg-cec\" target=\"_blank\" rel=\"noopener\">\u21d2ASSISTIR A REUNI\u00c3O DO COLEGIADO\u21d0<\/a><\/span><\/strong><\/h6>\n<h6 style=\"text-align: center\"><span style=\"color: #ff6600\"><strong>(SALA VIRTUAL &#8211; GOOGLE MEET)<\/strong><\/span><\/h6>\n<h3><\/h3>\n<hr \/>\n<h3 style=\"text-align: center\"><span style=\"color: #ff6600\"><strong>SEMESTRE LETIVO 2024.2\u00a0<\/strong><\/span><\/h3>\n<p style=\"text-align: center\"><span style=\"color: #0000ff\"><a style=\"color: #0000ff\" href=\"http:\/\/www2.unifap.br\/teatro\/files\/2024\/11\/CRONOGRAMA-DE-REUNIOES-2024.2.pdf\" target=\"_blank\" rel=\"noopener\"><strong>CLIQUE AQUI PARA ACESSAR O CALEND\u00c1RIO DE REUNI\u00d5ES\u00a0<\/strong><\/a><\/span><\/p>\n<h6>Para acompanhar as reuni\u00f5es do Colegiado do Curso de Licenciatura em Teatro, \u00e9 s\u00f3 acessar o link fornecido abaixo, observando o calend\u00e1rio vigente. Ressalta-se que o direito de participa\u00e7\u00e3o com voz e voto \u00e9 exclusivo dos membros do corpo docente e da representa\u00e7\u00e3o discente.<\/h6>\n<h6 style=\"text-align: center\"><strong><span style=\"color: #0000ff\"><a style=\"color: #0000ff\" href=\"https:\/\/meet.google.com\/rff-mssg-cec\" target=\"_blank\" rel=\"noopener\">\u21d2ASSISTIR A REUNI\u00c3O DO COLEGIADO\u21d0<\/a><\/span><\/strong><\/h6>\n<h6 style=\"text-align: center\"><span style=\"color: #ff6600\"><strong>(SALA VIRTUAL &#8211; GOOGLE MEET)<\/strong><\/span><\/h6>\n<hr \/>\n<h3 style=\"text-align: center\"><span style=\"color: #ff6600\"><strong>SEMESTRE LETIVO 2024.1 (P\u00d3S-GREVE)<\/strong><\/span><\/h3>\n<p style=\"text-align: center\"><span style=\"color: #0000ff\"><strong><a style=\"color: #0000ff\" href=\"http:\/\/www2.unifap.br\/teatro\/files\/2024\/09\/CRONOGRAMA-DE-REUNIOES-2024-POS-GREVE.pdf\" target=\"_blank\" rel=\"noopener\">CLIQUE AQUI PARA ACESSAR O CALEND\u00c1RIO DE REUNI\u00d5ES (P\u00d3S GREVE)<\/a><\/strong><\/span><\/p>\n<h6>Para acompanhar as reuni\u00f5es do Colegiado do Curso de Licenciatura em Teatro, \u00e9 s\u00f3 acessar o link fornecido abaixo, observando o calend\u00e1rio vigente. Ressalta-se que o direito de participa\u00e7\u00e3o com voz e voto \u00e9 exclusivo dos membros do corpo docente e da representa\u00e7\u00e3o discente.<\/h6>\n<h6 style=\"text-align: center\"><strong><span style=\"color: #0000ff\"><a style=\"color: #0000ff\" href=\"https:\/\/meet.google.com\/rff-mssg-cec\" target=\"_blank\" rel=\"noopener\">\u21d2ASSISTIR A REUNI\u00c3O DO COLEGIADO\u21d0<\/a><\/span><\/strong><\/h6>\n<h6 style=\"text-align: center\"><span style=\"color: #ff6600\"><strong>(SALA VIRTUAL &#8211; GOOGLE MEET)<\/strong><\/span><\/h6>\n<hr \/>\n<h3 style=\"text-align: center\"><span style=\"color: #ff6600\"><strong>ANO LETIVO 2024<\/strong><\/span><\/h3>\n<p style=\"text-align: center\"><span style=\"color: #0000ff\"><strong><a style=\"color: #0000ff\" href=\"http:\/\/www2.unifap.br\/teatro\/files\/2024\/04\/CRONOGRAMA-DE-REUNIOES-2024.pdf\" target=\"_blank\" rel=\"noopener\">CLIQUE AQUI PARA ACESSAR O CALEND\u00c1RIO DE REUNI\u00d5ES<\/a><\/strong><\/span><\/p>\n<hr \/>\n<h3 style=\"text-align: center\"><span style=\"color: #ff6600\"><strong>ANO LETIVO 2023<\/strong><\/span><\/h3>\n<p style=\"text-align: center\"><span style=\"color: #0000ff\"><strong><a style=\"color: #0000ff\" href=\"http:\/\/www2.unifap.br\/teatro\/files\/2023\/09\/Calendario-de-reunioes-NDE-e-Colegiado_2023.pdf\" target=\"_blank\" rel=\"noopener\">CLIQUE AQUI PARA ACESSAR O CALEND\u00c1RIO DE REUNI\u00d5ES<\/a><\/strong><\/span><\/p>\n<hr \/>\n<h3 style=\"text-align: center\"><span style=\"color: #ff6600\"><strong>SEMESTRE LETIVO 2022.2<\/strong><\/span><\/h3>\n<p style=\"text-align: center\">06 de mar\u00e7o de 2023 &#8211; REUNI\u00c3O NDE<br \/>\n14 de mar\u00e7o de 2023 &#8211; REUNI\u00c3O COLEGIADO<\/p>\n<p style=\"text-align: center\">05 de abril de 2023 &#8211; REUNI\u00c3O NDE<br \/>\n13 de abril de 2023 &#8211; REUNI\u00c3O COLEGIADO<\/p>\n<p style=\"text-align: center\">05 de maio de 2023 &#8211; REUNI\u00c3O COLEGIADO<br \/>\n08 de maio de 2023 &#8211; REUNI\u00c3O PEDAG\u00d3GICA<\/p>\n<p>&nbsp;<\/p>\n","protected":false},"excerpt":{"rendered":"<p>ANO LETIVO 2026\u00a0 CLIQUE AQUI PARA ACESSAR O CALEND\u00c1RIO DE REUNI\u00d5ES\u00a0 Para acompanhar as reuni\u00f5es do Colegiado do Curso de Licenciatura em Teatro, \u00e9 s\u00f3 acessar o link fornecido abaixo, observando o calend\u00e1rio vigente. Ressalta-se que o direito de participa\u00e7\u00e3o com voz e voto \u00e9 exclusivo dos membros do corpo docente e da representa\u00e7\u00e3o discente&#8230;.<\/p>\n","protected":false},"author":421,"featured_media":0,"parent":0,"menu_order":0,"comment_status":"closed","ping_status":"closed","template":"","meta":{"inline_featured_image":false,"site-sidebar-layout":"default","site-content-layout":"default","ast-site-content-layout":"default","site-content-style":"default","site-sidebar-style":"default","ast-global-header-display":"","ast-banner-title-visibility":"","ast-main-header-display":"","ast-hfb-above-header-display":"","ast-hfb-below-header-display":"","ast-hfb-mobile-header-display":"","site-post-title":"","ast-breadcrumbs-content":"","ast-featured-img":"","footer-sml-layout":"","theme-transparent-header-meta":"default","adv-header-id-meta":"","stick-header-meta":"","header-above-stick-meta":"","header-main-stick-meta":"","header-below-stick-meta":"","astra-migrate-meta-layouts":"set","ast-page-background-enabled":"default","ast-page-background-meta":{"desktop":{"background-color":"var(--ast-global-color-4)","background-image":"","background-repeat":"repeat","background-position":"center center","background-size":"auto","background-attachment":"scroll","background-type":"","background-media":"","overlay-type":"","overlay-color":"","overlay-opacity":"","overlay-gradient":""},"tablet":{"background-color":"","background-image":"","background-repeat":"repeat","background-position":"center center","background-size":"auto","background-attachment":"scroll","background-type":"","background-media":"","overlay-type":"","overlay-color":"","overlay-opacity":"","overlay-gradient":""},"mobile":{"background-color":"","background-image":"","background-repeat":"repeat","background-position":"center center","background-size":"auto","background-attachment":"scroll","background-type":"","background-media":"","overlay-type":"","overlay-color":"","overlay-opacity":"","overlay-gradient":""}},"ast-content-background-meta":{"desktop":{"background-color":"var(--ast-global-color-5)","background-image":"","background-repeat":"repeat","background-position":"center center","background-size":"auto","background-attachment":"scroll","background-type":"","background-media":"","overlay-type":"","overlay-color":"","overlay-opacity":"","overlay-gradient":""},"tablet":{"background-color":"var(--ast-global-color-5)","background-image":"","background-repeat":"repeat","background-position":"center center","background-size":"auto","background-attachment":"scroll","background-type":"","background-media":"","overlay-type":"","overlay-color":"","overlay-opacity":"","overlay-gradient":""},"mobile":{"background-color":"var(--ast-global-color-5)","background-image":"","background-repeat":"repeat","background-position":"center center","background-size":"auto","background-attachment":"scroll","background-type":"","background-media":"","overlay-type":"","overlay-color":"","overlay-opacity":"","overlay-gradient":""}},"ngg_post_thumbnail":0,"footnotes":""},"class_list":["post-2081","page","type-page","status-publish","hentry"],"_links":{"self":[{"href":"http:\/\/www2.unifap.br\/teatro\/wp-json\/wp\/v2\/pages\/2081","targetHints":{"allow":["GET"]}}],"collection":[{"href":"http:\/\/www2.unifap.br\/teatro\/wp-json\/wp\/v2\/pages"}],"about":[{"href":"http:\/\/www2.unifap.br\/teatro\/wp-json\/wp\/v2\/types\/page"}],"author":[{"embeddable":true,"href":"http:\/\/www2.unifap.br\/teatro\/wp-json\/wp\/v2\/users\/421"}],"replies":[{"embeddable":true,"href":"http:\/\/www2.unifap.br\/teatro\/wp-json\/wp\/v2\/comments?post=2081"}],"version-history":[{"count":44,"href":"http:\/\/www2.unifap.br\/teatro\/wp-json\/wp\/v2\/pages\/2081\/revisions"}],"predecessor-version":[{"id":3892,"href":"http:\/\/www2.unifap.br\/teatro\/wp-json\/wp\/v2\/pages\/2081\/revisions\/3892"}],"wp:attachment":[{"href":"http:\/\/www2.unifap.br\/teatro\/wp-json\/wp\/v2\/media?parent=2081"}],"curies":[{"name":"wp","href":"https:\/\/api.w.org\/{rel}","templated":true}]}}