{"id":22,"date":"2014-02-06T14:26:08","date_gmt":"2014-02-06T14:26:08","guid":{"rendered":"http:\/\/www2.unifap.br\/teatro\/?page_id=22"},"modified":"2014-07-08T00:09:45","modified_gmt":"2014-07-08T00:09:45","slug":"perfil-do-egresso","status":"publish","type":"page","link":"http:\/\/www2.unifap.br\/teatro\/perfil-do-egresso\/","title":{"rendered":"Perfil do Egresso"},"content":{"rendered":"<p><a href=\"http:\/\/www2.unifap.br\/teatro\/files\/2014\/02\/1451435_10201144231467405_716259299_n.jpg\"><img fetchpriority=\"high\" decoding=\"async\" class=\"size-medium wp-image-58 alignright\" alt=\"1451435_10201144231467405_716259299_n\" src=\"http:\/\/www2.unifap.br\/teatro\/files\/2014\/02\/1451435_10201144231467405_716259299_n-300x227.jpg\" width=\"300\" height=\"227\" srcset=\"http:\/\/www2.unifap.br\/teatro\/files\/2014\/02\/1451435_10201144231467405_716259299_n-300x227.jpg 300w, http:\/\/www2.unifap.br\/teatro\/files\/2014\/02\/1451435_10201144231467405_716259299_n-236x180.jpg 236w, http:\/\/www2.unifap.br\/teatro\/files\/2014\/02\/1451435_10201144231467405_716259299_n.jpg 854w\" sizes=\"(max-width: 300px) 100vw, 300px\" \/><\/a><\/p>\n<p>Ao haver experienciado te\u00f3rica e praticamente os principais aspectos do processo art\u00edstico teatral, os egressos do <strong>Curso de Licenciatura em Teatro da Universidade Federal do Amap\u00e1<\/strong> estar\u00e3o qualificados enquanto professores de Teatro a responder prontamente \u00e0s exig\u00eancias t\u00e9cnicas, metodol\u00f3gicas e est\u00e9ticas da profiss\u00e3o. Faz parte ainda do perfil, a compreens\u00e3o da import\u00e2ncia da busca por uma permanente atualiza\u00e7\u00e3o profissional, assim como a interfer\u00eancia criativa no mercado de trabalho, ao propor novas formas de atua\u00e7\u00e3o art\u00edstica e docente.<\/p>\n<p>Deste Curso de Licenciatura em Teatro sair\u00e1 um profissional apto para atuar especialmente no magist\u00e9rio da Educa\u00e7\u00e3o B\u00e1sica seja na doc\u00eancia da sua \u00e1rea de compet\u00eancia ou na gest\u00e3o do trabalho educativo. Al\u00e9m da atua\u00e7\u00e3o na educa\u00e7\u00e3o formal, o curso forma professores de Teatro tamb\u00e9m para a educa\u00e7\u00e3o informal, para a difus\u00e3o e produ\u00e7\u00e3o teatral, enfocando o Teatro como parte do desenvolvimento integral do indiv\u00edduo, seja nos planos social, cultural, \u00e9tico ou est\u00e9tico.<\/p>\n<p>O Curso visa formar um profissional conectado com as tend\u00eancias atuais, que dever\u00e1 estar preparado e em permanente processo de forma\u00e7\u00e3o para entender e conviver com os novos paradigmas perceptivos, novas rela\u00e7\u00f5es de tempo e espa\u00e7o, m\u00faltiplos interesses, poderes, modos tecnol\u00f3gicos de comunica\u00e7\u00e3o.<\/p>\n<p>\u00c9 essencial que o professor na Licenciatura em Teatro, na atualidade, domine os conhecimentos que lhe possibilitem desenvolver uma educa\u00e7\u00e3o na arte do movimento humano; que integre contemporaneidade e diversidade cultural; que respeite e reconhe\u00e7a o conhecimento e as experi\u00eancias que os alunos possuem fruto do seu meio sociocultural, de seu cotidiano; e que, fundamentalmente, possa contribuir para desenvolver e ampliar o universo desse conhecimento.<\/p>\n<p>O professor dever\u00e1 exercer uma atividade profissional de natureza p\u00fablica (que diz respeito a toda a sociedade), uma pr\u00e1tica compartilhada que ter\u00e1 dimens\u00e3o coletiva e pessoal e que implicar\u00e1 simultaneamente em autonomia e responsabilidade e isto \u00e9 o que se espera do profissional formado em Licenciatura em Teatro.<\/p>\n<p>&nbsp;<\/p>\n","protected":false},"excerpt":{"rendered":"<p>Ao haver experienciado te\u00f3rica e praticamente os principais aspectos do processo art\u00edstico teatral, os egressos do Curso de Licenciatura em Teatro da Universidade Federal do Amap\u00e1 estar\u00e3o qualificados enquanto professores de Teatro a responder prontamente \u00e0s exig\u00eancias t\u00e9cnicas, metodol\u00f3gicas e est\u00e9ticas da profiss\u00e3o. Faz parte ainda do perfil, a compreens\u00e3o da import\u00e2ncia da busca por&#8230;<\/p>\n","protected":false},"author":421,"featured_media":0,"parent":0,"menu_order":0,"comment_status":"open","ping_status":"open","template":"","meta":{"inline_featured_image":false,"site-sidebar-layout":"default","site-content-layout":"","ast-site-content-layout":"default","site-content-style":"default","site-sidebar-style":"default","ast-global-header-display":"","ast-banner-title-visibility":"","ast-main-header-display":"","ast-hfb-above-header-display":"","ast-hfb-below-header-display":"","ast-hfb-mobile-header-display":"","site-post-title":"","ast-breadcrumbs-content":"","ast-featured-img":"","footer-sml-layout":"","theme-transparent-header-meta":"","adv-header-id-meta":"","stick-header-meta":"","header-above-stick-meta":"","header-main-stick-meta":"","header-below-stick-meta":"","astra-migrate-meta-layouts":"default","ast-page-background-enabled":"default","ast-page-background-meta":{"desktop":{"background-color":"var(--ast-global-color-4)","background-image":"","background-repeat":"repeat","background-position":"center center","background-size":"auto","background-attachment":"scroll","background-type":"","background-media":"","overlay-type":"","overlay-color":"","overlay-opacity":"","overlay-gradient":""},"tablet":{"background-color":"","background-image":"","background-repeat":"repeat","background-position":"center center","background-size":"auto","background-attachment":"scroll","background-type":"","background-media":"","overlay-type":"","overlay-color":"","overlay-opacity":"","overlay-gradient":""},"mobile":{"background-color":"","background-image":"","background-repeat":"repeat","background-position":"center center","background-size":"auto","background-attachment":"scroll","background-type":"","background-media":"","overlay-type":"","overlay-color":"","overlay-opacity":"","overlay-gradient":""}},"ast-content-background-meta":{"desktop":{"background-color":"var(--ast-global-color-5)","background-image":"","background-repeat":"repeat","background-position":"center center","background-size":"auto","background-attachment":"scroll","background-type":"","background-media":"","overlay-type":"","overlay-color":"","overlay-opacity":"","overlay-gradient":""},"tablet":{"background-color":"var(--ast-global-color-5)","background-image":"","background-repeat":"repeat","background-position":"center center","background-size":"auto","background-attachment":"scroll","background-type":"","background-media":"","overlay-type":"","overlay-color":"","overlay-opacity":"","overlay-gradient":""},"mobile":{"background-color":"var(--ast-global-color-5)","background-image":"","background-repeat":"repeat","background-position":"center center","background-size":"auto","background-attachment":"scroll","background-type":"","background-media":"","overlay-type":"","overlay-color":"","overlay-opacity":"","overlay-gradient":""}},"ngg_post_thumbnail":0,"footnotes":""},"class_list":["post-22","page","type-page","status-publish","hentry"],"_links":{"self":[{"href":"http:\/\/www2.unifap.br\/teatro\/wp-json\/wp\/v2\/pages\/22","targetHints":{"allow":["GET"]}}],"collection":[{"href":"http:\/\/www2.unifap.br\/teatro\/wp-json\/wp\/v2\/pages"}],"about":[{"href":"http:\/\/www2.unifap.br\/teatro\/wp-json\/wp\/v2\/types\/page"}],"author":[{"embeddable":true,"href":"http:\/\/www2.unifap.br\/teatro\/wp-json\/wp\/v2\/users\/421"}],"replies":[{"embeddable":true,"href":"http:\/\/www2.unifap.br\/teatro\/wp-json\/wp\/v2\/comments?post=22"}],"version-history":[{"count":3,"href":"http:\/\/www2.unifap.br\/teatro\/wp-json\/wp\/v2\/pages\/22\/revisions"}],"predecessor-version":[{"id":59,"href":"http:\/\/www2.unifap.br\/teatro\/wp-json\/wp\/v2\/pages\/22\/revisions\/59"}],"wp:attachment":[{"href":"http:\/\/www2.unifap.br\/teatro\/wp-json\/wp\/v2\/media?parent=22"}],"curies":[{"name":"wp","href":"https:\/\/api.w.org\/{rel}","templated":true}]}}