{"id":2297,"date":"2021-09-18T21:52:51","date_gmt":"2021-09-18T21:52:51","guid":{"rendered":"http:\/\/www2.unifap.br\/teatro\/?page_id=2297"},"modified":"2023-05-02T13:25:36","modified_gmt":"2023-05-02T13:25:36","slug":"documentos-e-informes","status":"publish","type":"page","link":"http:\/\/www2.unifap.br\/teatro\/cat\/documentos-e-informes\/","title":{"rendered":"Documentos e informes"},"content":{"rendered":"<h3><strong><a href=\"https:\/\/www2.unifap.br\/teatro\/files\/2021\/09\/Regimento-das-elei%C3%A7%C3%B5es-2021-2023.pdf\" rel=\"attachment wp-att-2298\">Regimento das elei\u00e7\u00f5es 2021-2023<\/a><\/strong><\/h3>\n<h3><strong><a href=\"https:\/\/www2.unifap.br\/teatro\/files\/2021\/09\/01_21-Assembleia-Ordin%C3%A1ria.pdf\" rel=\"attachment wp-att-2300\">01_21 &#8211; Assembleia Ordin\u00e1ria<\/a><\/strong><\/h3>\n<h3><strong><a href=\"https:\/\/www2.unifap.br\/teatro\/files\/2021\/09\/02_21-Assembleia-Ordin%C3%A1ria.pdf\" rel=\"attachment wp-att-2299\">02_21 &#8211; Assembleia Ordin\u00e1ria<\/a><\/strong><\/h3>\n<h3><strong><a href=\"http:\/\/www2.unifap.br\/teatro\/files\/2023\/05\/02_23-Assembleia-Geral-do-CAT-UNIFAP.-18_04_2023.-1.pdf\">02_23 &#8211; Assembleia Geral do CAT-UNIFAP. 18_04_2023.<\/a><\/strong><\/h3>\n<p>&nbsp;<\/p>\n<p>&nbsp;<\/p>\n","protected":false},"excerpt":{"rendered":"<p>Regimento das elei\u00e7\u00f5es 2021-2023 01_21 &#8211; Assembleia Ordin\u00e1ria 02_21 &#8211; Assembleia Ordin\u00e1ria 02_23 &#8211; Assembleia Geral do CAT-UNIFAP. 18_04_2023. &nbsp; &nbsp;<\/p>\n","protected":false},"author":421,"featured_media":0,"parent":745,"menu_order":0,"comment_status":"closed","ping_status":"closed","template":"","meta":{"inline_featured_image":false,"site-sidebar-layout":"default","site-content-layout":"default","ast-site-content-layout":"default","site-content-style":"default","site-sidebar-style":"default","ast-global-header-display":"","ast-banner-title-visibility":"","ast-main-header-display":"","ast-hfb-above-header-display":"","ast-hfb-below-header-display":"","ast-hfb-mobile-header-display":"","site-post-title":"","ast-breadcrumbs-content":"","ast-featured-img":"","footer-sml-layout":"","theme-transparent-header-meta":"default","adv-header-id-meta":"","stick-header-meta":"","header-above-stick-meta":"","header-main-stick-meta":"","header-below-stick-meta":"","astra-migrate-meta-layouts":"default","ast-page-background-enabled":"default","ast-page-background-meta":{"desktop":{"background-color":"var(--ast-global-color-4)","background-image":"","background-repeat":"repeat","background-position":"center center","background-size":"auto","background-attachment":"scroll","background-type":"","background-media":"","overlay-type":"","overlay-color":"","overlay-opacity":"","overlay-gradient":""},"tablet":{"background-color":"","background-image":"","background-repeat":"repeat","background-position":"center center","background-size":"auto","background-attachment":"scroll","background-type":"","background-media":"","overlay-type":"","overlay-color":"","overlay-opacity":"","overlay-gradient":""},"mobile":{"background-color":"","background-image":"","background-repeat":"repeat","background-position":"center center","background-size":"auto","background-attachment":"scroll","background-type":"","background-media":"","overlay-type":"","overlay-color":"","overlay-opacity":"","overlay-gradient":""}},"ast-content-background-meta":{"desktop":{"background-color":"var(--ast-global-color-5)","background-image":"","background-repeat":"repeat","background-position":"center center","background-size":"auto","background-attachment":"scroll","background-type":"","background-media":"","overlay-type":"","overlay-color":"","overlay-opacity":"","overlay-gradient":""},"tablet":{"background-color":"var(--ast-global-color-5)","background-image":"","background-repeat":"repeat","background-position":"center center","background-size":"auto","background-attachment":"scroll","background-type":"","background-media":"","overlay-type":"","overlay-color":"","overlay-opacity":"","overlay-gradient":""},"mobile":{"background-color":"var(--ast-global-color-5)","background-image":"","background-repeat":"repeat","background-position":"center center","background-size":"auto","background-attachment":"scroll","background-type":"","background-media":"","overlay-type":"","overlay-color":"","overlay-opacity":"","overlay-gradient":""}},"ngg_post_thumbnail":0,"footnotes":""},"class_list":["post-2297","page","type-page","status-publish","hentry"],"_links":{"self":[{"href":"http:\/\/www2.unifap.br\/teatro\/wp-json\/wp\/v2\/pages\/2297","targetHints":{"allow":["GET"]}}],"collection":[{"href":"http:\/\/www2.unifap.br\/teatro\/wp-json\/wp\/v2\/pages"}],"about":[{"href":"http:\/\/www2.unifap.br\/teatro\/wp-json\/wp\/v2\/types\/page"}],"author":[{"embeddable":true,"href":"http:\/\/www2.unifap.br\/teatro\/wp-json\/wp\/v2\/users\/421"}],"replies":[{"embeddable":true,"href":"http:\/\/www2.unifap.br\/teatro\/wp-json\/wp\/v2\/comments?post=2297"}],"version-history":[{"count":10,"href":"http:\/\/www2.unifap.br\/teatro\/wp-json\/wp\/v2\/pages\/2297\/revisions"}],"predecessor-version":[{"id":2720,"href":"http:\/\/www2.unifap.br\/teatro\/wp-json\/wp\/v2\/pages\/2297\/revisions\/2720"}],"up":[{"embeddable":true,"href":"http:\/\/www2.unifap.br\/teatro\/wp-json\/wp\/v2\/pages\/745"}],"wp:attachment":[{"href":"http:\/\/www2.unifap.br\/teatro\/wp-json\/wp\/v2\/media?parent=2297"}],"curies":[{"name":"wp","href":"https:\/\/api.w.org\/{rel}","templated":true}]}}