{"id":238,"date":"2016-01-26T15:26:41","date_gmt":"2016-01-26T15:26:41","guid":{"rendered":"http:\/\/www2.unifap.br\/teatro\/?page_id=238"},"modified":"2026-03-15T14:21:38","modified_gmt":"2026-03-15T14:21:38","slug":"frederico-de-carvalho-ferreira","status":"publish","type":"page","link":"http:\/\/www2.unifap.br\/teatro\/docentes-efetivos\/frederico-de-carvalho-ferreira\/","title":{"rendered":"Frederico de Carvalho Ferreira"},"content":{"rendered":"<p>&nbsp;<\/p>\n<p><img decoding=\"async\" class=\"alignleft\" src=\"http:\/\/www2.unifap.br\/teatro\/files\/2026\/03\/FOTO-PERFIL-NOVA.jpeg\" width=\"185\" height=\"247\" \/><\/p>\n<p>Doutor em Artes pela Universidade Federal do Par\u00e1 &#8211; UFPA. Professor Adjunto do Curso de Licenciatura em Teatro da Universidade Federal do Amap\u00e1 (UNIFAP)- Campus Marco Zero &#8211; Macap\u00e1 (2015); \u00c1rea: Teoria do Teatro. Mestre em Artes, pela Universidade Federal de Uberl\u00e2ndia &#8211; UFU (2016); Especialista em Gest\u00e3o do Trabalho Pedag\u00f3gico: Supervis\u00e3o, Inspe\u00e7\u00e3o e Orienta\u00e7\u00e3o pela Faculdade de Educa\u00e7\u00e3o e Estudos Sociais de Uberl\u00e2ndia &#8211; FEESU (2015). Licenciado em Pedadogia pelo Centro Universit\u00e1rio Internacional &#8211; UNINTER (2025). Cursando P\u00f3s-Gradua\u00e7\u00e3o <em>Lato Sensu<\/em> em Lingu\u00edstica Aplicada e Ensino de L\u00ednguas pela Universidade Federal do Amap\u00e1 &#8211; UNIFAP. Licenciando em Letras Ingl\u00eas pela Universidade do Estado do Amap\u00e1 &#8211; UEAP. Bacharel em Enfermagem pela Funda\u00e7\u00e3o Presidente Ant\u00f4nio Carlos &#8211; FUPAC (2014). Licenciado em Educa\u00e7\u00e3o Art\u00edstica, Licenciatura Plena, Habilita\u00e7\u00e3o em Artes C\u00eanicas &#8211; UFU (2007).\u00a0 Historiador, Pesquisador nas linhas: Hist\u00f3rias das Artes do Espet\u00e1culo e Processos de Cria\u00e7\u00e3o e Express\u00e3o C\u00eanica. L\u00edder do BACABA &#8211; Grupo de Pesquisa Transdisciplinar em Teatro, Mem\u00f3ria, Cultura e Pr\u00e1ticas Art\u00edsticas Amaz\u00f4nicas. Coordenador do Projeto de Pesquisa: &#8220;Cineteatro Territorial de Macap\u00e1, o palco difusor da pol\u00edtica cultural janarista (1944-1949)&#8221;. Coordenador do Projeto de Extens\u00e3o: &#8220;BACABA EM REDE &#8211; Ciclo de Oficinas, Produ\u00e7\u00e3o e Gest\u00e3o Cultural&#8221;. Membro do Conselho Editorial (bi\u00eanio 2024-2026 \/ 2026-2028) da Editora da Universidade Federal do Amap\u00e1. Membro do Conselho Editorial da Revista IA\u00c7\u00c1: Artes da Cena. Membro do Conselho Departamental de Letras e Artes desde 09\/2023. Coordenador do Curso de Licenciatura em Teatro e presidente do N\u00facleo Docente Estruturante desde 09\/2023. Coordenador da Comiss\u00e3o de Atividades Complementares e Membro das Comiss\u00f5es de Curriculariza\u00e7\u00e3o da Extens\u00e3o e Trabalho de Conclus\u00e3o de Curso desde 09\/2023.<\/p>\n<p>Lattes:\u00a0<a href=\"http:\/\/lattes.cnpq.br\/0612382259980852\" target=\"_blank\" rel=\"noopener\">http:\/\/lattes.cnpq.br\/0612382259980852<\/a><\/p>\n","protected":false},"excerpt":{"rendered":"<p>&nbsp; Doutor em Artes pela Universidade Federal do Par\u00e1 &#8211; UFPA. Professor Adjunto do Curso de Licenciatura em Teatro da Universidade Federal do Amap\u00e1 (UNIFAP)- Campus Marco Zero &#8211; Macap\u00e1 (2015); \u00c1rea: Teoria do Teatro. Mestre em Artes, pela Universidade Federal de Uberl\u00e2ndia &#8211; UFU (2016); Especialista em Gest\u00e3o do Trabalho Pedag\u00f3gico: Supervis\u00e3o, Inspe\u00e7\u00e3o e&#8230;<\/p>\n","protected":false},"author":421,"featured_media":0,"parent":310,"menu_order":0,"comment_status":"open","ping_status":"closed","template":"","meta":{"inline_featured_image":false,"site-sidebar-layout":"default","site-content-layout":"","ast-site-content-layout":"default","site-content-style":"default","site-sidebar-style":"default","ast-global-header-display":"","ast-banner-title-visibility":"","ast-main-header-display":"","ast-hfb-above-header-display":"","ast-hfb-below-header-display":"","ast-hfb-mobile-header-display":"","site-post-title":"","ast-breadcrumbs-content":"","ast-featured-img":"","footer-sml-layout":"","theme-transparent-header-meta":"default","adv-header-id-meta":"","stick-header-meta":"","header-above-stick-meta":"","header-main-stick-meta":"","header-below-stick-meta":"","astra-migrate-meta-layouts":"set","ast-page-background-enabled":"default","ast-page-background-meta":{"desktop":{"background-color":"var(--ast-global-color-4)","background-image":"","background-repeat":"repeat","background-position":"center center","background-size":"auto","background-attachment":"scroll","background-type":"","background-media":"","overlay-type":"","overlay-color":"","overlay-opacity":"","overlay-gradient":""},"tablet":{"background-color":"","background-image":"","background-repeat":"repeat","background-position":"center center","background-size":"auto","background-attachment":"scroll","background-type":"","background-media":"","overlay-type":"","overlay-color":"","overlay-opacity":"","overlay-gradient":""},"mobile":{"background-color":"","background-image":"","background-repeat":"repeat","background-position":"center center","background-size":"auto","background-attachment":"scroll","background-type":"","background-media":"","overlay-type":"","overlay-color":"","overlay-opacity":"","overlay-gradient":""}},"ast-content-background-meta":{"desktop":{"background-color":"var(--ast-global-color-5)","background-image":"","background-repeat":"repeat","background-position":"center center","background-size":"auto","background-attachment":"scroll","background-type":"","background-media":"","overlay-type":"","overlay-color":"","overlay-opacity":"","overlay-gradient":""},"tablet":{"background-color":"var(--ast-global-color-5)","background-image":"","background-repeat":"repeat","background-position":"center center","background-size":"auto","background-attachment":"scroll","background-type":"","background-media":"","overlay-type":"","overlay-color":"","overlay-opacity":"","overlay-gradient":""},"mobile":{"background-color":"var(--ast-global-color-5)","background-image":"","background-repeat":"repeat","background-position":"center center","background-size":"auto","background-attachment":"scroll","background-type":"","background-media":"","overlay-type":"","overlay-color":"","overlay-opacity":"","overlay-gradient":""}},"ngg_post_thumbnail":0,"footnotes":""},"class_list":["post-238","page","type-page","status-publish","hentry"],"_links":{"self":[{"href":"http:\/\/www2.unifap.br\/teatro\/wp-json\/wp\/v2\/pages\/238","targetHints":{"allow":["GET"]}}],"collection":[{"href":"http:\/\/www2.unifap.br\/teatro\/wp-json\/wp\/v2\/pages"}],"about":[{"href":"http:\/\/www2.unifap.br\/teatro\/wp-json\/wp\/v2\/types\/page"}],"author":[{"embeddable":true,"href":"http:\/\/www2.unifap.br\/teatro\/wp-json\/wp\/v2\/users\/421"}],"replies":[{"embeddable":true,"href":"http:\/\/www2.unifap.br\/teatro\/wp-json\/wp\/v2\/comments?post=238"}],"version-history":[{"count":19,"href":"http:\/\/www2.unifap.br\/teatro\/wp-json\/wp\/v2\/pages\/238\/revisions"}],"predecessor-version":[{"id":3866,"href":"http:\/\/www2.unifap.br\/teatro\/wp-json\/wp\/v2\/pages\/238\/revisions\/3866"}],"up":[{"embeddable":true,"href":"http:\/\/www2.unifap.br\/teatro\/wp-json\/wp\/v2\/pages\/310"}],"wp:attachment":[{"href":"http:\/\/www2.unifap.br\/teatro\/wp-json\/wp\/v2\/media?parent=238"}],"curies":[{"name":"wp","href":"https:\/\/api.w.org\/{rel}","templated":true}]}}