{"id":243,"date":"2016-01-26T15:46:26","date_gmt":"2016-01-26T15:46:26","guid":{"rendered":"http:\/\/www2.unifap.br\/teatro\/?page_id=243"},"modified":"2024-10-26T05:10:13","modified_gmt":"2024-10-26T05:10:13","slug":"jose-flavio-cardoso-nose","status":"publish","type":"page","link":"http:\/\/www2.unifap.br\/teatro\/docentes-efetivos\/jose-flavio-cardoso-nose\/","title":{"rendered":"Jos\u00e9 Fl\u00e1vio Cardoso Nos\u00e9 (Zeca Nos\u00e9)"},"content":{"rendered":"<p>&nbsp;<\/p>\n<p><a href=\"http:\/\/www2.unifap.br\/teatro\/files\/2016\/01\/zeca-2.jpg\"><img decoding=\"async\" class=\"size-full wp-image-358 alignright\" src=\"http:\/\/www2.unifap.br\/teatro\/files\/2016\/01\/zeca-2.jpg\" alt=\"zeca 2\" width=\"197\" height=\"197\" srcset=\"http:\/\/www2.unifap.br\/teatro\/files\/2016\/01\/zeca-2.jpg 197w, http:\/\/www2.unifap.br\/teatro\/files\/2016\/01\/zeca-2-150x150.jpg 150w, http:\/\/www2.unifap.br\/teatro\/files\/2016\/01\/zeca-2-70x70.jpg 70w\" sizes=\"(max-width: 197px) 100vw, 197px\" \/><\/a><\/p>\n<p>Doutor em Artes da Cena pela Universidade Estadual de Campinas &#8211; UNICAMP. Professor Assistente do Curso de Licenciatura em Teatro da Universidade Federal do Amap\u00e1 &#8211; UNIFAP; \u00c1rea: Pr\u00e1tica Teatral. Possui gradua\u00e7\u00e3o em Ed. Artistica &#8211; Lic. Plena &#8211; Hab. Artes C\u00eanicas pela FACULDADE PAULISTA DA ARTES (2009) e Mestrado pela Universidade do Estado de Santa Catarina, atua como diretor teatral e ativista cultural.<\/p>\n<p>Lattes:\u00a0<a href=\"http:\/\/lattes.cnpq.br\/7913898191966984\">http:\/\/lattes.cnpq.br\/7913898191966984<\/a><\/p>\n","protected":false},"excerpt":{"rendered":"<p>&nbsp; Doutor em Artes da Cena pela Universidade Estadual de Campinas &#8211; UNICAMP. Professor Assistente do Curso de Licenciatura em Teatro da Universidade Federal do Amap\u00e1 &#8211; UNIFAP; \u00c1rea: Pr\u00e1tica Teatral. Possui gradua\u00e7\u00e3o em Ed. Artistica &#8211; Lic. Plena &#8211; Hab. Artes C\u00eanicas pela FACULDADE PAULISTA DA ARTES (2009) e Mestrado pela Universidade do Estado&#8230;<\/p>\n","protected":false},"author":421,"featured_media":0,"parent":310,"menu_order":0,"comment_status":"open","ping_status":"closed","template":"","meta":{"inline_featured_image":false,"site-sidebar-layout":"default","site-content-layout":"","ast-site-content-layout":"default","site-content-style":"default","site-sidebar-style":"default","ast-global-header-display":"","ast-banner-title-visibility":"","ast-main-header-display":"","ast-hfb-above-header-display":"","ast-hfb-below-header-display":"","ast-hfb-mobile-header-display":"","site-post-title":"","ast-breadcrumbs-content":"","ast-featured-img":"","footer-sml-layout":"","theme-transparent-header-meta":"default","adv-header-id-meta":"","stick-header-meta":"","header-above-stick-meta":"","header-main-stick-meta":"","header-below-stick-meta":"","astra-migrate-meta-layouts":"set","ast-page-background-enabled":"default","ast-page-background-meta":{"desktop":{"background-color":"var(--ast-global-color-4)","background-image":"","background-repeat":"repeat","background-position":"center center","background-size":"auto","background-attachment":"scroll","background-type":"","background-media":"","overlay-type":"","overlay-color":"","overlay-opacity":"","overlay-gradient":""},"tablet":{"background-color":"","background-image":"","background-repeat":"repeat","background-position":"center center","background-size":"auto","background-attachment":"scroll","background-type":"","background-media":"","overlay-type":"","overlay-color":"","overlay-opacity":"","overlay-gradient":""},"mobile":{"background-color":"","background-image":"","background-repeat":"repeat","background-position":"center center","background-size":"auto","background-attachment":"scroll","background-type":"","background-media":"","overlay-type":"","overlay-color":"","overlay-opacity":"","overlay-gradient":""}},"ast-content-background-meta":{"desktop":{"background-color":"var(--ast-global-color-5)","background-image":"","background-repeat":"repeat","background-position":"center center","background-size":"auto","background-attachment":"scroll","background-type":"","background-media":"","overlay-type":"","overlay-color":"","overlay-opacity":"","overlay-gradient":""},"tablet":{"background-color":"var(--ast-global-color-5)","background-image":"","background-repeat":"repeat","background-position":"center center","background-size":"auto","background-attachment":"scroll","background-type":"","background-media":"","overlay-type":"","overlay-color":"","overlay-opacity":"","overlay-gradient":""},"mobile":{"background-color":"var(--ast-global-color-5)","background-image":"","background-repeat":"repeat","background-position":"center center","background-size":"auto","background-attachment":"scroll","background-type":"","background-media":"","overlay-type":"","overlay-color":"","overlay-opacity":"","overlay-gradient":""}},"ngg_post_thumbnail":0,"footnotes":""},"class_list":["post-243","page","type-page","status-publish","hentry"],"_links":{"self":[{"href":"http:\/\/www2.unifap.br\/teatro\/wp-json\/wp\/v2\/pages\/243","targetHints":{"allow":["GET"]}}],"collection":[{"href":"http:\/\/www2.unifap.br\/teatro\/wp-json\/wp\/v2\/pages"}],"about":[{"href":"http:\/\/www2.unifap.br\/teatro\/wp-json\/wp\/v2\/types\/page"}],"author":[{"embeddable":true,"href":"http:\/\/www2.unifap.br\/teatro\/wp-json\/wp\/v2\/users\/421"}],"replies":[{"embeddable":true,"href":"http:\/\/www2.unifap.br\/teatro\/wp-json\/wp\/v2\/comments?post=243"}],"version-history":[{"count":10,"href":"http:\/\/www2.unifap.br\/teatro\/wp-json\/wp\/v2\/pages\/243\/revisions"}],"predecessor-version":[{"id":3544,"href":"http:\/\/www2.unifap.br\/teatro\/wp-json\/wp\/v2\/pages\/243\/revisions\/3544"}],"up":[{"embeddable":true,"href":"http:\/\/www2.unifap.br\/teatro\/wp-json\/wp\/v2\/pages\/310"}],"wp:attachment":[{"href":"http:\/\/www2.unifap.br\/teatro\/wp-json\/wp\/v2\/media?parent=243"}],"curies":[{"name":"wp","href":"https:\/\/api.w.org\/{rel}","templated":true}]}}