{"id":251,"date":"2016-01-26T15:53:01","date_gmt":"2016-01-26T15:53:01","guid":{"rendered":"http:\/\/www2.unifap.br\/teatro\/?page_id=251"},"modified":"2018-08-21T23:40:24","modified_gmt":"2018-08-21T23:40:24","slug":"jose-raphael-brito-dos-santos","status":"publish","type":"page","link":"http:\/\/www2.unifap.br\/teatro\/docentes-efetivos\/jose-raphael-brito-dos-santos\/","title":{"rendered":"Jos\u00e9 Raphael Brito dos Santos"},"content":{"rendered":"<p><a href=\"http:\/\/www2.unifap.br\/teatro\/files\/2016\/01\/Raphael.jpg\"><img decoding=\"async\" class=\"size-thumbnail wp-image-252 alignright\" alt=\"Raphael\" src=\"http:\/\/www2.unifap.br\/teatro\/files\/2016\/01\/Raphael-150x150.jpg\" width=\"150\" height=\"150\" srcset=\"http:\/\/www2.unifap.br\/teatro\/files\/2016\/01\/Raphael-150x150.jpg 150w, http:\/\/www2.unifap.br\/teatro\/files\/2016\/01\/Raphael-70x70.jpg 70w\" sizes=\"(max-width: 150px) 100vw, 150px\" \/><\/a><\/p>\n<p>Ator e Performer. Professor Assistente do Curso de Teatro da Universidade Federal do Amap\u00e1 (UNIFAP), na sub\u00e1rea Interpreta\u00e7\u00e3o\/Atua\u00e7\u00e3o. Mestre em Artes, sub\u00e1rea Teatro, pela Universidade Federal de Uberl\u00e2ndia (UFU). Graduado em Teatro Licenciatura pela Universidade Federal do Maranh\u00e3o (UFMA). Participou dos seguintes grupos como ator: Grupo de Pesquisa Teatral Cena Aberta; Xib\u00e9 Cia. C\u00eanica; Factual Experimenta\u00e7\u00f5es C\u00eanicas; Grupo DRAO-teatro da (in)const\u00e2ncia. Tem experi\u00eancia na \u00e1rea de Artes, com \u00eanfase em Teatro, atuando principalmente nos seguintes temas: Interpreta\u00e7\u00e3o\/Atua\u00e7\u00e3o; Corpo\/Movimento; Pr\u00e1ticas\/Processos c\u00eanicos; Teatro de grupo. Atualmente \u00e9 Membro Fundador do N\u00facleo de Pesquisas Teatrais Rascunho\/S\u00e3o Lu\u00eds-MA, criado em 2010.<\/p>\n<p>Lattes: <a href=\"http:\/\/lattes.cnpq.br\/1515053383923101\">http:\/\/lattes.cnpq.br\/1515053383923101<\/a><\/p>\n","protected":false},"excerpt":{"rendered":"<p>Ator e Performer. Professor Assistente do Curso de Teatro da Universidade Federal do Amap\u00e1 (UNIFAP), na sub\u00e1rea Interpreta\u00e7\u00e3o\/Atua\u00e7\u00e3o. Mestre em Artes, sub\u00e1rea Teatro, pela Universidade Federal de Uberl\u00e2ndia (UFU). Graduado em Teatro Licenciatura pela Universidade Federal do Maranh\u00e3o (UFMA). Participou dos seguintes grupos como ator: Grupo de Pesquisa Teatral Cena Aberta; Xib\u00e9 Cia. C\u00eanica; Factual&#8230;<\/p>\n","protected":false},"author":421,"featured_media":0,"parent":310,"menu_order":0,"comment_status":"open","ping_status":"closed","template":"","meta":{"inline_featured_image":false,"site-sidebar-layout":"default","site-content-layout":"","ast-site-content-layout":"default","site-content-style":"default","site-sidebar-style":"default","ast-global-header-display":"","ast-banner-title-visibility":"","ast-main-header-display":"","ast-hfb-above-header-display":"","ast-hfb-below-header-display":"","ast-hfb-mobile-header-display":"","site-post-title":"","ast-breadcrumbs-content":"","ast-featured-img":"","footer-sml-layout":"","theme-transparent-header-meta":"","adv-header-id-meta":"","stick-header-meta":"","header-above-stick-meta":"","header-main-stick-meta":"","header-below-stick-meta":"","astra-migrate-meta-layouts":"default","ast-page-background-enabled":"default","ast-page-background-meta":{"desktop":{"background-color":"var(--ast-global-color-4)","background-image":"","background-repeat":"repeat","background-position":"center center","background-size":"auto","background-attachment":"scroll","background-type":"","background-media":"","overlay-type":"","overlay-color":"","overlay-opacity":"","overlay-gradient":""},"tablet":{"background-color":"","background-image":"","background-repeat":"repeat","background-position":"center center","background-size":"auto","background-attachment":"scroll","background-type":"","background-media":"","overlay-type":"","overlay-color":"","overlay-opacity":"","overlay-gradient":""},"mobile":{"background-color":"","background-image":"","background-repeat":"repeat","background-position":"center center","background-size":"auto","background-attachment":"scroll","background-type":"","background-media":"","overlay-type":"","overlay-color":"","overlay-opacity":"","overlay-gradient":""}},"ast-content-background-meta":{"desktop":{"background-color":"var(--ast-global-color-5)","background-image":"","background-repeat":"repeat","background-position":"center center","background-size":"auto","background-attachment":"scroll","background-type":"","background-media":"","overlay-type":"","overlay-color":"","overlay-opacity":"","overlay-gradient":""},"tablet":{"background-color":"var(--ast-global-color-5)","background-image":"","background-repeat":"repeat","background-position":"center center","background-size":"auto","background-attachment":"scroll","background-type":"","background-media":"","overlay-type":"","overlay-color":"","overlay-opacity":"","overlay-gradient":""},"mobile":{"background-color":"var(--ast-global-color-5)","background-image":"","background-repeat":"repeat","background-position":"center center","background-size":"auto","background-attachment":"scroll","background-type":"","background-media":"","overlay-type":"","overlay-color":"","overlay-opacity":"","overlay-gradient":""}},"ngg_post_thumbnail":0,"footnotes":""},"class_list":["post-251","page","type-page","status-publish","hentry"],"_links":{"self":[{"href":"http:\/\/www2.unifap.br\/teatro\/wp-json\/wp\/v2\/pages\/251","targetHints":{"allow":["GET"]}}],"collection":[{"href":"http:\/\/www2.unifap.br\/teatro\/wp-json\/wp\/v2\/pages"}],"about":[{"href":"http:\/\/www2.unifap.br\/teatro\/wp-json\/wp\/v2\/types\/page"}],"author":[{"embeddable":true,"href":"http:\/\/www2.unifap.br\/teatro\/wp-json\/wp\/v2\/users\/421"}],"replies":[{"embeddable":true,"href":"http:\/\/www2.unifap.br\/teatro\/wp-json\/wp\/v2\/comments?post=251"}],"version-history":[{"count":5,"href":"http:\/\/www2.unifap.br\/teatro\/wp-json\/wp\/v2\/pages\/251\/revisions"}],"predecessor-version":[{"id":1671,"href":"http:\/\/www2.unifap.br\/teatro\/wp-json\/wp\/v2\/pages\/251\/revisions\/1671"}],"up":[{"embeddable":true,"href":"http:\/\/www2.unifap.br\/teatro\/wp-json\/wp\/v2\/pages\/310"}],"wp:attachment":[{"href":"http:\/\/www2.unifap.br\/teatro\/wp-json\/wp\/v2\/media?parent=251"}],"curies":[{"name":"wp","href":"https:\/\/api.w.org\/{rel}","templated":true}]}}