{"id":263,"date":"2016-01-26T16:00:14","date_gmt":"2016-01-26T16:00:14","guid":{"rendered":"http:\/\/www2.unifap.br\/teatro\/?page_id=263"},"modified":"2018-08-21T23:40:53","modified_gmt":"2018-08-21T23:40:53","slug":"romualdo-rodrigues-palhano","status":"publish","type":"page","link":"http:\/\/www2.unifap.br\/teatro\/docentes-efetivos\/romualdo-rodrigues-palhano\/","title":{"rendered":"Romualdo Rodrigues Palhano"},"content":{"rendered":"<p><a href=\"http:\/\/www2.unifap.br\/teatro\/files\/2016\/01\/Palhano.jpg\"><img decoding=\"async\" class=\"size-thumbnail wp-image-264 alignright\" alt=\"Palhano\" src=\"http:\/\/www2.unifap.br\/teatro\/files\/2016\/01\/Palhano-150x150.jpg\" width=\"150\" height=\"150\" srcset=\"http:\/\/www2.unifap.br\/teatro\/files\/2016\/01\/Palhano-150x150.jpg 150w, http:\/\/www2.unifap.br\/teatro\/files\/2016\/01\/Palhano-300x300.jpg 300w, http:\/\/www2.unifap.br\/teatro\/files\/2016\/01\/Palhano-70x70.jpg 70w, http:\/\/www2.unifap.br\/teatro\/files\/2016\/01\/Palhano.jpg 873w\" sizes=\"(max-width: 150px) 100vw, 150px\" \/><\/a><\/p>\n<p>Possui doutorado em Teatro pela Universidade Federal do Estado do Rio de Janeiro (2004). Tem experi\u00eancia na \u00e1rea de Artes, com \u00eanfase em Artes C\u00eanicas, atuando principalmente nos seguintes temas: teatro, educa\u00e7\u00e3o, espet\u00e1culo, teatro de bonecos e teatro\/historiografia\/sociedade. \u00c9 P\u00f3s-Doutor em Teatro pela Universidade Federal da Para\u00edba (2009).<\/p>\n<p>Lattes: <a href=\"http:\/\/lattes.cnpq.br\/2948719304625592\">http:\/\/lattes.cnpq.br\/2948719304625592<\/a><\/p>\n","protected":false},"excerpt":{"rendered":"<p>Possui doutorado em Teatro pela Universidade Federal do Estado do Rio de Janeiro (2004). Tem experi\u00eancia na \u00e1rea de Artes, com \u00eanfase em Artes C\u00eanicas, atuando principalmente nos seguintes temas: teatro, educa\u00e7\u00e3o, espet\u00e1culo, teatro de bonecos e teatro\/historiografia\/sociedade. \u00c9 P\u00f3s-Doutor em Teatro pela Universidade Federal da Para\u00edba (2009). Lattes: http:\/\/lattes.cnpq.br\/2948719304625592<\/p>\n","protected":false},"author":421,"featured_media":0,"parent":310,"menu_order":0,"comment_status":"open","ping_status":"closed","template":"","meta":{"inline_featured_image":false,"site-sidebar-layout":"default","site-content-layout":"","ast-site-content-layout":"default","site-content-style":"default","site-sidebar-style":"default","ast-global-header-display":"","ast-banner-title-visibility":"","ast-main-header-display":"","ast-hfb-above-header-display":"","ast-hfb-below-header-display":"","ast-hfb-mobile-header-display":"","site-post-title":"","ast-breadcrumbs-content":"","ast-featured-img":"","footer-sml-layout":"","theme-transparent-header-meta":"","adv-header-id-meta":"","stick-header-meta":"","header-above-stick-meta":"","header-main-stick-meta":"","header-below-stick-meta":"","astra-migrate-meta-layouts":"default","ast-page-background-enabled":"default","ast-page-background-meta":{"desktop":{"background-color":"var(--ast-global-color-4)","background-image":"","background-repeat":"repeat","background-position":"center center","background-size":"auto","background-attachment":"scroll","background-type":"","background-media":"","overlay-type":"","overlay-color":"","overlay-opacity":"","overlay-gradient":""},"tablet":{"background-color":"","background-image":"","background-repeat":"repeat","background-position":"center center","background-size":"auto","background-attachment":"scroll","background-type":"","background-media":"","overlay-type":"","overlay-color":"","overlay-opacity":"","overlay-gradient":""},"mobile":{"background-color":"","background-image":"","background-repeat":"repeat","background-position":"center center","background-size":"auto","background-attachment":"scroll","background-type":"","background-media":"","overlay-type":"","overlay-color":"","overlay-opacity":"","overlay-gradient":""}},"ast-content-background-meta":{"desktop":{"background-color":"var(--ast-global-color-5)","background-image":"","background-repeat":"repeat","background-position":"center center","background-size":"auto","background-attachment":"scroll","background-type":"","background-media":"","overlay-type":"","overlay-color":"","overlay-opacity":"","overlay-gradient":""},"tablet":{"background-color":"var(--ast-global-color-5)","background-image":"","background-repeat":"repeat","background-position":"center center","background-size":"auto","background-attachment":"scroll","background-type":"","background-media":"","overlay-type":"","overlay-color":"","overlay-opacity":"","overlay-gradient":""},"mobile":{"background-color":"var(--ast-global-color-5)","background-image":"","background-repeat":"repeat","background-position":"center center","background-size":"auto","background-attachment":"scroll","background-type":"","background-media":"","overlay-type":"","overlay-color":"","overlay-opacity":"","overlay-gradient":""}},"ngg_post_thumbnail":0,"footnotes":""},"class_list":["post-263","page","type-page","status-publish","hentry"],"_links":{"self":[{"href":"http:\/\/www2.unifap.br\/teatro\/wp-json\/wp\/v2\/pages\/263","targetHints":{"allow":["GET"]}}],"collection":[{"href":"http:\/\/www2.unifap.br\/teatro\/wp-json\/wp\/v2\/pages"}],"about":[{"href":"http:\/\/www2.unifap.br\/teatro\/wp-json\/wp\/v2\/types\/page"}],"author":[{"embeddable":true,"href":"http:\/\/www2.unifap.br\/teatro\/wp-json\/wp\/v2\/users\/421"}],"replies":[{"embeddable":true,"href":"http:\/\/www2.unifap.br\/teatro\/wp-json\/wp\/v2\/comments?post=263"}],"version-history":[{"count":5,"href":"http:\/\/www2.unifap.br\/teatro\/wp-json\/wp\/v2\/pages\/263\/revisions"}],"predecessor-version":[{"id":1673,"href":"http:\/\/www2.unifap.br\/teatro\/wp-json\/wp\/v2\/pages\/263\/revisions\/1673"}],"up":[{"embeddable":true,"href":"http:\/\/www2.unifap.br\/teatro\/wp-json\/wp\/v2\/pages\/310"}],"wp:attachment":[{"href":"http:\/\/www2.unifap.br\/teatro\/wp-json\/wp\/v2\/media?parent=263"}],"curies":[{"name":"wp","href":"https:\/\/api.w.org\/{rel}","templated":true}]}}