{"id":2843,"date":"2024-04-19T20:25:28","date_gmt":"2024-04-19T20:25:28","guid":{"rendered":"https:\/\/www2.unifap.br\/teatro\/?page_id=2843"},"modified":"2026-04-13T01:22:16","modified_gmt":"2026-04-13T01:22:16","slug":"reuniao-de-colegiado","status":"publish","type":"page","link":"http:\/\/www2.unifap.br\/teatro\/atas-de-reuniao\/reuniao-de-colegiado\/","title":{"rendered":"REUNI\u00c3O DE COLEGIADO"},"content":{"rendered":"<h1 style=\"text-align: center;padding-left: 160px\"><\/h1>\n<h2 style=\"text-align: center\"><\/h2>\n<h2 style=\"text-align: center\"><a href=\"http:\/\/www2.unifap.br\/teatro\/files\/2024\/04\/Comunica-Sindojus-e1566329976931-1.png\"><img decoding=\"async\" class=\"alignleft wp-image-2895 \" src=\"http:\/\/www2.unifap.br\/teatro\/files\/2024\/04\/Comunica-Sindojus-e1566329976931-1.png\" alt=\"\" width=\"140\" height=\"105\" srcset=\"http:\/\/www2.unifap.br\/teatro\/files\/2024\/04\/Comunica-Sindojus-e1566329976931-1.png 930w, http:\/\/www2.unifap.br\/teatro\/files\/2024\/04\/Comunica-Sindojus-e1566329976931-1-300x225.png 300w, http:\/\/www2.unifap.br\/teatro\/files\/2024\/04\/Comunica-Sindojus-e1566329976931-1-768x576.png 768w\" sizes=\"(max-width: 140px) 100vw, 140px\" \/><\/a><span style=\"color: #ff6600\">Para acessar a ata da reuni\u00e3o de colegiado, clique sobre o respectivo m\u00eas<\/span><\/h2>\n<p>&nbsp;<\/p>\n<p>&nbsp;<\/p>\n<table width=\"582\">\n<tbody>\n<tr>\n<td colspan=\"4\">\n<h1 style=\"text-align: center\"><span style=\"color: #ff6600\"><strong>2026<\/strong><\/span><\/h1>\n<\/td>\n<\/tr>\n<tr>\n<td>\n<p style=\"text-align: center\"><span style=\"color: #0000ff\"><a style=\"color: #0000ff\" href=\"http:\/\/www2.unifap.br\/teatro\/files\/2026\/02\/ATA-DE-REUNIAO-DO-COLEGIADO_JANEIRO_2026-1.pdf\" target=\"_blank\" rel=\"noopener\"><strong>JANEIRO<\/strong><\/a><\/span><\/p>\n<\/td>\n<td style=\"text-align: center\"><span style=\"color: #0000ff\"><a style=\"color: #0000ff\" href=\"http:\/\/www2.unifap.br\/teatro\/files\/2026\/02\/ATA-DE-REUNIAO-DO-COLEGIADO_FEVEREIRO_2026.pdf\" target=\"_blank\" rel=\"noopener\"><strong>FEVEREIRO<\/strong><\/a><\/span><\/td>\n<td style=\"text-align: center\"><span style=\"color: #0000ff\"><strong><a style=\"color: #0000ff\" href=\"http:\/\/www2.unifap.br\/teatro\/files\/2026\/03\/ATA-DE-REUNIAO-DO-COLEGIADO-MARCO_2026.pdf\" target=\"_blank\" rel=\"noopener\">MAR\u00c7O<\/a><\/strong><\/span><\/p>\n<p><strong><span style=\"color: #0000ff\"><a style=\"color: #0000ff\" href=\"http:\/\/www2.unifap.br\/teatro\/files\/2026\/03\/ATA-DE-REUNIAO-EXTRAORDINARIA-DE-COLEGIADO-MARCO_2026-1.pdf\" target=\"_blank\" rel=\"noopener\">EXTRAORDIN\u00c1RA<\/a><\/span><\/strong><\/td>\n<td style=\"text-align: center\"><span style=\"color: #0000ff\"><a style=\"color: #0000ff\" href=\"http:\/\/www2.unifap.br\/teatro\/files\/2026\/04\/ATA-DE-REUNIAO-DO-COLEGIADO_ABRIL_2026.pdf\" target=\"_blank\" rel=\"noopener\"><strong>ABRIL<\/strong><\/a><\/span><\/td>\n<\/tr>\n<tr>\n<td>\n<p style=\"text-align: center\"><span style=\"color: #000000\"><strong>MAIO\u00a0<\/strong><\/span><\/p>\n<\/td>\n<td style=\"text-align: center\"><span style=\"color: #000000\"><strong>JUNHO<\/strong><\/span><\/td>\n<td style=\"text-align: center\"><span style=\"color: #000000\"><strong>JULHO\u00a0<\/strong><\/span><\/td>\n<td>\n<p style=\"text-align: center\"><span style=\"color: #000000\"><strong>AGOSTO<\/strong><\/span><\/p>\n<\/td>\n<\/tr>\n<tr>\n<td style=\"text-align: center\"><span style=\"color: #000000\"><strong>SETEMBRO<\/strong><\/span><\/td>\n<td style=\"text-align: center\"><span style=\"color: #000000\"><strong>OUTUBRO<\/strong><\/span><\/td>\n<td style=\"text-align: center\"><span style=\"color: #000000\"><strong>NOVEMBRO<\/strong><\/span><\/td>\n<td>\n<p style=\"text-align: center\"><span style=\"color: #000000\"><strong>DEZEMBRO<\/strong><\/span><\/p>\n<\/td>\n<\/tr>\n<\/tbody>\n<\/table>\n<p>&nbsp;<\/p>\n<table width=\"582\">\n<tbody>\n<tr>\n<td colspan=\"4\">\n<h1 style=\"text-align: center\"><span style=\"color: #ff6600\"><strong>2025<\/strong><\/span><\/h1>\n<\/td>\n<\/tr>\n<tr>\n<td>\n<p style=\"text-align: center\"><span style=\"color: #0000ff\"><a style=\"color: #0000ff\" href=\"http:\/\/www2.unifap.br\/teatro\/files\/2025\/01\/ATA_DE_REUNIAO_DE_COLEGIADO_JANEIRO_2025_assinado.pdf\" target=\"_blank\" rel=\"noopener\"><strong>JANEIRO<\/strong><\/a><\/span><\/p>\n<\/td>\n<td style=\"text-align: center\"><span style=\"color: #0000ff\"><a style=\"color: #0000ff\" href=\"http:\/\/www2.unifap.br\/teatro\/files\/2025\/03\/ATA_DE_REUNIAO_DE_COLEGIADO_-_FEVEREIRO_assinado.pdf\" target=\"_blank\" rel=\"noopener\"><strong>FEVEREIRO<\/strong><\/a><\/span><\/td>\n<td style=\"text-align: center\"><span style=\"color: #0000ff\"><a style=\"color: #0000ff\" href=\"http:\/\/www2.unifap.br\/teatro\/files\/2025\/03\/ATA_DE_REUNIAO_DO_COLEGIADO_MARCO_2025_assinado.pdf\" target=\"_blank\" rel=\"noopener\"><strong>MAR\u00c7O<\/strong><\/a><\/span><\/td>\n<td style=\"text-align: center\"><span style=\"color: #0000ff\"><a style=\"color: #0000ff\" href=\"http:\/\/www2.unifap.br\/teatro\/files\/2025\/04\/ATA_DE_REUNIAO_DE_COLEGIADO_ABRIL_2025_assinado.pdf\" target=\"_blank\" rel=\"noopener\"><strong>ABRIL<\/strong><\/a><\/span><\/td>\n<\/tr>\n<tr>\n<td>\n<p style=\"text-align: center\"><span style=\"color: #ff0000\"><strong>MAIO (f\u00e9rias docente)<\/strong><\/span><\/p>\n<\/td>\n<td style=\"text-align: center\"><span style=\"color: #0000ff\"><a style=\"color: #0000ff\" href=\"http:\/\/www2.unifap.br\/teatro\/files\/2025\/07\/ATA-DE-REUNIAO-DO-COLEGIADO_JUNHO_2025.pdf\" target=\"_blank\" rel=\"noopener\"><strong>JUNHO<\/strong><\/a><\/span><\/td>\n<td style=\"text-align: center\"><span style=\"color: #ff0000\"><strong>JULHO (recesso)<\/strong><\/span><\/td>\n<td>\n<p style=\"text-align: center\"><span style=\"color: #0000ff\"><a style=\"color: #0000ff\" href=\"http:\/\/www2.unifap.br\/teatro\/files\/2025\/09\/ATA_DE_REUNIO_DO_COLEGIADO_AGOSTO_2025-1.pdf\" target=\"_blank\" rel=\"noopener\"><strong>AGOSTO<\/strong><\/a><\/span><\/p>\n<\/td>\n<\/tr>\n<tr>\n<td style=\"text-align: center\"><span style=\"color: #0000ff\"><a style=\"color: #0000ff\" href=\"http:\/\/www2.unifap.br\/teatro\/files\/2025\/10\/ATA-DE-REUNIAO-DE-COLEGIADO-SETEMBRO-2025.pdf\" target=\"_blank\" rel=\"noopener\"><strong>SETEMBRO<\/strong><\/a><\/span><\/p>\n<p><span style=\"color: #0000ff\"><strong><a style=\"color: #0000ff\" href=\"http:\/\/www2.unifap.br\/teatro\/files\/2025\/09\/ATA-DE-REUNIAO-EXTRAORDINARIA-DO-COLEGIADO-SETEMBRO_2025.pdf\" target=\"_blank\" rel=\"noopener\">EXTRAORDIN\u00c1RIA<\/a><\/strong><\/span><\/td>\n<td style=\"text-align: center\"><strong><span style=\"color: #0000ff\"><a style=\"color: #0000ff\" href=\"http:\/\/www2.unifap.br\/teatro\/files\/2025\/11\/ATA-DE-REUNIAO-DO-COLEGIADO__OUTUBRO_2025.pdf\" target=\"_blank\" rel=\"noopener\">OUTUBRO<\/a><\/span><\/strong><\/td>\n<td style=\"text-align: center\"><span style=\"color: #0000ff\"><strong><a style=\"color: #0000ff\" href=\"http:\/\/www2.unifap.br\/teatro\/files\/2025\/11\/ATA-DE-REUNIAO-DO-COLEGIADO_NOVEMBRO_2025.pdf\" target=\"_blank\" rel=\"noopener\">NOVEMBRO<\/a><\/strong><\/span><\/td>\n<td>\n<p style=\"text-align: center\"><span style=\"color: #0000ff\"><a style=\"color: #0000ff\" href=\"http:\/\/www2.unifap.br\/teatro\/files\/2025\/12\/ATA-DE-REUNIAO-DO-COLEGIADO-DEZEMBRO_2025.pdf\" target=\"_blank\" rel=\"noopener\"><strong>DEZEMBRO<\/strong><\/a><\/span><\/p>\n<\/td>\n<\/tr>\n<\/tbody>\n<\/table>\n<h3 style=\"text-align: left\"><\/h3>\n<table width=\"582\">\n<tbody>\n<tr>\n<td colspan=\"4\">\n<h1 style=\"text-align: center\"><span style=\"color: #ff6600\"><strong>2024<\/strong><\/span><\/h1>\n<\/td>\n<\/tr>\n<tr>\n<td>\n<p style=\"text-align: center\"><span style=\"color: #0000ff\"><a style=\"color: #0000ff\" href=\"http:\/\/www2.unifap.br\/teatro\/files\/2024\/04\/ATA_COLEGIADO_JANEIRO_2024.pdf\" target=\"_blank\" rel=\"noopener\"><strong>JANEIRO<\/strong><\/a><\/span><\/p>\n<\/td>\n<td style=\"text-align: center\"><span style=\"color: #0000ff\"><a style=\"color: #0000ff\" href=\"http:\/\/www2.unifap.br\/teatro\/files\/2024\/04\/ATA_COLEGIADO_FEVEREIRO_2024.pdf\" target=\"_blank\" rel=\"noopener\"><strong>FEVEREIRO<\/strong><\/a><\/span><\/td>\n<td style=\"text-align: center\"><span style=\"color: #0000ff\"><a style=\"color: #0000ff\" href=\"http:\/\/www2.unifap.br\/teatro\/files\/2024\/04\/ATA_COLEGIADO_MARCO_2024.pdf\" target=\"_blank\" rel=\"noopener\"><strong>MAR\u00c7O<\/strong><\/a><\/span><\/td>\n<td style=\"text-align: center\"><span style=\"color: #0000ff\"><a style=\"color: #0000ff\" href=\"http:\/\/www2.unifap.br\/teatro\/files\/2024\/04\/ATA_REUNIAO_COLEGIADO_ABRIL_2024_28129_assinado.pdf\" target=\"_blank\" rel=\"noopener\"><strong>ABRIL<\/strong><\/a><\/span><\/td>\n<\/tr>\n<tr>\n<td>\n<p style=\"text-align: center\"><span style=\"color: #0000ff\"><a style=\"color: #0000ff\" href=\"http:\/\/www2.unifap.br\/teatro\/files\/2024\/06\/ATA-REUNIAO_DE_COLEGIADO-MAIO-2024_assinado.pdf\" target=\"_blank\" rel=\"noopener\"><strong>MAIO<\/strong><\/a><\/span><\/p>\n<\/td>\n<td style=\"text-align: center\"><span style=\"color: #ff0000\"><strong>JUNHO (greve)<\/strong><\/span><\/td>\n<td style=\"text-align: center\"><span style=\"color: #0000ff\"><a style=\"color: #0000ff\" href=\"http:\/\/www2.unifap.br\/teatro\/files\/2024\/08\/ATA_DE_REUNIAO_DO_COLEGIADO-_JULHO_-_2024_assinado_assinado.pdf\" target=\"_blank\" rel=\"noopener\"><strong>JULHO<\/strong><\/a><\/span><\/td>\n<td>\n<p style=\"text-align: center\"><span style=\"color: #0000ff\"><a style=\"color: #0000ff\" href=\"http:\/\/www2.unifap.br\/teatro\/files\/2024\/09\/ATA_DE_REUNIAO_DO_COLEGIADO_-_AGOSTO_-_2024_assinado.pdf\" target=\"_blank\" rel=\"noopener\"><strong>AGOSTO<\/strong><\/a><\/span><\/p>\n<\/td>\n<\/tr>\n<tr>\n<td style=\"text-align: center\"><span style=\"color: #0000ff\"><a style=\"color: #0000ff\" href=\"http:\/\/www2.unifap.br\/teatro\/files\/2024\/10\/ATA_DA_REUNIAO_DE_COLEGIADO_-_SETEMBRO_assinado_assinado.pdf\" target=\"_blank\" rel=\"noopener\"><strong>SETEMBRO<\/strong><\/a><\/span><\/td>\n<td style=\"text-align: center\"><span style=\"color: #0000ff\"><a style=\"color: #0000ff\" href=\"http:\/\/www2.unifap.br\/teatro\/files\/2024\/10\/10-ATA_COLEGIADO_OUTUBRO_2024.pdf\" target=\"_blank\" rel=\"noopener\"><strong>OUTUBRO<\/strong><\/a><\/span><\/td>\n<td style=\"text-align: center\"><span style=\"color: #0000ff\"><a style=\"color: #0000ff\" href=\"http:\/\/www2.unifap.br\/teatro\/files\/2024\/11\/ATA_COLEGIADO_NOVEMBRO_2024_assinado.pdf\" target=\"_blank\" rel=\"noopener\"><strong>NOVEMBRO<\/strong><\/a><\/span><\/td>\n<td>\n<p style=\"text-align: center\"><span style=\"color: #0000ff\"><a style=\"color: #0000ff\" href=\"http:\/\/www2.unifap.br\/teatro\/files\/2024\/12\/ATA_DE_REUNIAO_DE_COLEGIADO_-_DEZEMBRO_2024_assinado.pdf\" target=\"_blank\" rel=\"noopener\"><strong>DEZEMBRO<\/strong><\/a><\/span><\/p>\n<\/td>\n<\/tr>\n<\/tbody>\n<\/table>\n<h3 style=\"text-align: left\"><\/h3>\n<table width=\"582\">\n<tbody>\n<tr>\n<td colspan=\"4\">\n<h1 style=\"text-align: center\"><span style=\"color: #ff6600\"><strong>2023<\/strong><\/span><\/h1>\n<\/td>\n<\/tr>\n<tr>\n<td>\n<p style=\"text-align: center\"><span style=\"color: #0000ff\"><a style=\"color: #0000ff\" href=\"http:\/\/www2.unifap.br\/teatro\/files\/2024\/10\/ATA-REUNIAO-DE-COLEGIADO-JANEIRO-DE-2023.pdf\" target=\"_blank\" rel=\"noopener\"><strong>JANEIRO<\/strong><\/a><\/span><\/p>\n<\/td>\n<td style=\"text-align: center\"><span style=\"color: #0000ff\"><a style=\"color: #0000ff\" href=\"http:\/\/www2.unifap.br\/teatro\/files\/2024\/10\/ATA-REUNIAO-DE-COLEGIADO-FEVEREIRO-DE-2023.pdf\" target=\"_blank\" rel=\"noopener\"><strong>FEVEREIRO<\/strong><\/a><\/span><\/td>\n<td style=\"text-align: center\"><span style=\"color: #0000ff\"><a style=\"color: #0000ff\" href=\"http:\/\/www2.unifap.br\/teatro\/files\/2024\/04\/ATA_COLEGIADO_MARCO_2023.pdf\" target=\"_blank\" rel=\"noopener\"><strong>MAR\u00c7O<\/strong><\/a><\/span><\/td>\n<td style=\"text-align: center\"><span style=\"color: #0000ff\"><a style=\"color: #0000ff\" href=\"http:\/\/www2.unifap.br\/teatro\/files\/2024\/10\/ATA_COLEGIADO_ABRIL_2023.pdf\" target=\"_blank\" rel=\"noopener\"><strong>ABRIL<\/strong><\/a><\/span><\/td>\n<\/tr>\n<tr>\n<td>\n<p style=\"text-align: center\"><span style=\"color: #ff0000\"><strong>MAIO <\/strong><\/span><strong><span style=\"color: #ff0000\">(f\u00e9rias)<\/span><\/strong><\/p>\n<\/td>\n<td style=\"text-align: center\"><span style=\"color: #0000ff\"><a style=\"color: #0000ff\" href=\"http:\/\/www2.unifap.br\/teatro\/files\/2024\/10\/ATA-COLEGIADO-JUNHO-2023.pdf\" target=\"_blank\" rel=\"noopener\"><strong>JUNHO<\/strong><\/a><\/span><\/td>\n<td style=\"text-align: center\"><span style=\"color: #0000ff\"><a style=\"color: #0000ff\" href=\"http:\/\/www2.unifap.br\/teatro\/files\/2024\/10\/Ata-de-reuniao-extraordinaria-de-colegiado-27_07_2023.pdf\" target=\"_blank\" rel=\"noopener\"><strong>JULHO\u00a0<\/strong><\/a><\/span><\/td>\n<td>\n<p style=\"text-align: center\"><span style=\"color: #0000ff\"><a style=\"color: #0000ff\" href=\"http:\/\/www2.unifap.br\/teatro\/files\/2024\/04\/ATA_COLEGIADO_AGOSTO_2023.pdf\" target=\"_blank\" rel=\"noopener\"><strong>AGOSTO<\/strong><\/a><\/span><\/p>\n<p style=\"text-align: center\"><span style=\"color: #0000ff\"><a style=\"color: #0000ff\" href=\"http:\/\/www2.unifap.br\/teatro\/files\/2024\/10\/Ata-de-reuniao-extraordinaria-de-colegiado-04_08_2023.pdf\" target=\"_blank\" rel=\"noopener\"><strong>\u00a0EXTRAORDIN\u00c1RIA<\/strong><\/a><\/span><\/p>\n<\/td>\n<\/tr>\n<tr>\n<td style=\"text-align: center\"><span style=\"color: #0000ff\"><a style=\"color: #0000ff\" href=\"http:\/\/www2.unifap.br\/teatro\/files\/2024\/04\/ATA_COLEGIADO_SETEMBRO_2023.pdf\" target=\"_blank\" rel=\"noopener\"><strong>SETEMBRO<\/strong><\/a><\/span><\/td>\n<td style=\"text-align: center\"><span style=\"color: #0000ff\"><a style=\"color: #0000ff\" href=\"http:\/\/www2.unifap.br\/teatro\/files\/2024\/04\/ATA_COLEGIADO_OUTUBRO_2023.pdf\" target=\"_blank\" rel=\"noopener\"><strong>OUTUBRO<\/strong><\/a><\/span><\/td>\n<td style=\"text-align: center\"><span style=\"color: #0000ff\"><a style=\"color: #0000ff\" href=\"http:\/\/www2.unifap.br\/teatro\/files\/2024\/04\/ATA_COLEGIADO_NOVEMBRO_2023.pdf\" target=\"_blank\" rel=\"noopener\"><strong>NOVEMBRO<\/strong><\/a><\/span><\/td>\n<td>\n<p style=\"text-align: center\"><span style=\"color: #0000ff\"><a style=\"color: #0000ff\" href=\"http:\/\/www2.unifap.br\/teatro\/files\/2024\/04\/ATA_COLEGIADO_DEZEMBRO_2023.pdf\" target=\"_blank\" rel=\"noopener\"><strong>DEZEMBRO<\/strong><\/a><\/span><\/p>\n<\/td>\n<\/tr>\n<\/tbody>\n<\/table>\n<h3 style=\"text-align: left\"><\/h3>\n<table width=\"582\">\n<tbody>\n<tr>\n<td colspan=\"4\">\n<h1 style=\"text-align: center\"><span style=\"color: #ff6600\"><strong>2022<\/strong><\/span><\/h1>\n<\/td>\n<\/tr>\n<tr>\n<td>\n<p style=\"text-align: center\"><span style=\"color: #0000ff\"><a style=\"color: #0000ff\" href=\"http:\/\/www2.unifap.br\/teatro\/files\/2024\/10\/ATA_COLEGIADO_JANEIRO_2022.pdf\" target=\"_blank\" rel=\"noopener\"><strong>JANEIRO<\/strong><\/a><\/span><\/p>\n<\/td>\n<td style=\"text-align: center\"><span style=\"color: #0000ff\"><strong>FEVEREIRO<\/strong><\/span><\/td>\n<td style=\"text-align: center\"><span style=\"color: #0000ff\"><a style=\"color: #0000ff\" href=\"http:\/\/www2.unifap.br\/teatro\/files\/2024\/10\/Ata-de-reuniao-ordinaria-de-colegiado-31_03_2022.pdf\" target=\"_blank\" rel=\"noopener\"><strong>MAR\u00c7O<\/strong><\/a><\/span><\/td>\n<td style=\"text-align: center\"><span style=\"color: #0000ff\"><a style=\"color: #0000ff\" href=\"http:\/\/www2.unifap.br\/teatro\/files\/2024\/10\/colegiado-abril-2022.pdf\" target=\"_blank\" rel=\"noopener\"><strong>ABRIL<\/strong><\/a><\/span><\/td>\n<\/tr>\n<tr>\n<td>\n<p style=\"text-align: center\"><span style=\"color: #0000ff\"><a style=\"color: #0000ff\" href=\"http:\/\/www2.unifap.br\/teatro\/files\/2024\/10\/Ata-de-reuniao-ordinaria-de-colegiado-02_05_2022.pdf\" target=\"_blank\" rel=\"noopener\"><strong>MAIO<\/strong><\/a><\/span><\/p>\n<\/td>\n<td style=\"text-align: center\"><span style=\"color: #0000ff\"><a style=\"color: #0000ff\" href=\"http:\/\/www2.unifap.br\/teatro\/files\/2024\/10\/Ata-de-reuniao-ordinaria-de-colegiado-06_06_2022.pdf\" target=\"_blank\" rel=\"noopener\"><strong>JUNHO<\/strong><\/a><\/span><\/td>\n<td style=\"text-align: center\"><span style=\"color: #0000ff\"><a style=\"color: #0000ff\" href=\"http:\/\/www2.unifap.br\/teatro\/files\/2024\/10\/ata-colegiado-julho-2022.pdf\" target=\"_blank\" rel=\"noopener\"><strong>JULHO<\/strong><\/a><\/span><\/td>\n<td>\n<p style=\"text-align: center\"><span style=\"color: #0000ff\"><a style=\"color: #0000ff\" href=\"http:\/\/www2.unifap.br\/teatro\/files\/2024\/10\/Ata-de-reuniao-ordinaria-de-colegiado-01_08_2022.pdf\" target=\"_blank\" rel=\"noopener\"><strong>AGOSTO<\/strong><\/a><\/span><\/p>\n<\/td>\n<\/tr>\n<tr>\n<td style=\"text-align: center\"><span style=\"color: #0000ff\"><a style=\"color: #0000ff\" href=\"http:\/\/www2.unifap.br\/teatro\/files\/2024\/10\/ATA_COLEGIADO_SETEMBRO_2022.pdf\" target=\"_blank\" rel=\"noopener\"><strong>SETEMBRO<\/strong><\/a><\/span><\/td>\n<td style=\"text-align: center\"><span style=\"color: #0000ff\"><a style=\"color: #0000ff\" href=\"http:\/\/www2.unifap.br\/teatro\/files\/2024\/10\/ATA_COLEGIADO_OUTUBRO_2022.pdf\" target=\"_blank\" rel=\"noopener\"><strong>OUTUBRO<\/strong><\/a><\/span><\/td>\n<td style=\"text-align: center\"><span style=\"color: #0000ff\"><a style=\"color: #0000ff\" href=\"http:\/\/www2.unifap.br\/teatro\/files\/2024\/10\/ATA_COLEGIADO_NOVEMBRO_2022.pdf\" target=\"_blank\" rel=\"noopener\"><strong>NOVEMBRO<\/strong><\/a><\/span><\/td>\n<td>\n<p style=\"text-align: center\"><span style=\"color: #ff0000\"><strong>DEZEMBRO <\/strong><\/span><\/p>\n<p style=\"text-align: center\"><span style=\"color: #ff0000\"><strong>(F\u00c9RIAS)<\/strong><\/span><\/p>\n<\/td>\n<\/tr>\n<\/tbody>\n<\/table>\n<h3 style=\"text-align: left\"><\/h3>\n<table width=\"582\">\n<tbody>\n<tr>\n<td colspan=\"4\">\n<h1 style=\"text-align: center\"><span style=\"color: #ff6600\"><strong>2021<\/strong><\/span><\/h1>\n<\/td>\n<\/tr>\n<tr>\n<td>\n<p style=\"text-align: center\"><strong>JANEIRO<\/strong><\/p>\n<\/td>\n<td style=\"text-align: center\"><span style=\"color: #0000ff\"><a style=\"color: #0000ff\" href=\"http:\/\/www2.unifap.br\/teatro\/files\/2024\/10\/Ata-de-reunia\u0303o-ordina\u0301ria-de-colegiado-01_02_2021.pdf\" target=\"_blank\" rel=\"noopener\"><strong>FEVEREIRO<\/strong><\/a><\/span><\/td>\n<td style=\"text-align: center\"><strong>MAR\u00c7O<\/strong><\/td>\n<td style=\"text-align: center\"><strong>ABRIL<\/strong><\/td>\n<\/tr>\n<tr>\n<td>\n<p style=\"text-align: center\"><strong>MAIO<\/strong><\/p>\n<\/td>\n<td style=\"text-align: center\"><strong>JUNHO<\/strong><\/td>\n<td style=\"text-align: center\"><strong>JULHO<\/strong><\/td>\n<td>\n<p style=\"text-align: center\"><strong>AGOSTO<\/strong><\/p>\n<\/td>\n<\/tr>\n<tr>\n<td style=\"text-align: center\"><strong>SETEMBRO<\/strong><\/td>\n<td style=\"text-align: center\"><span style=\"color: #0000ff\"><a style=\"color: #0000ff\" href=\"http:\/\/www2.unifap.br\/teatro\/files\/2024\/10\/10-ATA_COLEGIADO_OUTUBRO_2021.pdf\" target=\"_blank\" rel=\"noopener\"><strong>OUTUBRO<\/strong><\/a><\/span><\/td>\n<td style=\"text-align: center\"><span style=\"color: #0000ff\"><a style=\"color: #0000ff\" href=\"http:\/\/www2.unifap.br\/teatro\/files\/2024\/10\/colegiado-novembro-2021.pdf\" target=\"_blank\" rel=\"noopener\"><strong>NOVEMBRO<\/strong><\/a><\/span><\/td>\n<td>\n<p style=\"text-align: center\"><span style=\"color: #0000ff\"><a style=\"color: #0000ff\" href=\"http:\/\/www2.unifap.br\/teatro\/files\/2024\/10\/Reunioes-colegiado-dezembro-2021.pdf\" target=\"_blank\" rel=\"noopener\"><strong>DEZEMBRO<\/strong><\/a><\/span><\/p>\n<\/td>\n<\/tr>\n<\/tbody>\n<\/table>\n<p>&nbsp;<\/p>\n","protected":false},"excerpt":{"rendered":"<p>Para acessar a ata da reuni\u00e3o de colegiado, clique sobre o respectivo m\u00eas &nbsp; &nbsp; 2026 JANEIRO FEVEREIRO MAR\u00c7O EXTRAORDIN\u00c1RA ABRIL MAIO\u00a0 JUNHO JULHO\u00a0 AGOSTO SETEMBRO OUTUBRO NOVEMBRO DEZEMBRO &nbsp; 2025 JANEIRO FEVEREIRO MAR\u00c7O ABRIL MAIO (f\u00e9rias docente) JUNHO JULHO (recesso) AGOSTO SETEMBRO EXTRAORDIN\u00c1RIA OUTUBRO NOVEMBRO DEZEMBRO 2024 JANEIRO FEVEREIRO MAR\u00c7O ABRIL MAIO JUNHO (greve)&#8230;<\/p>\n","protected":false},"author":421,"featured_media":0,"parent":2831,"menu_order":0,"comment_status":"closed","ping_status":"closed","template":"","meta":{"inline_featured_image":false,"site-sidebar-layout":"no-sidebar","site-content-layout":"","ast-site-content-layout":"normal-width-container","site-content-style":"default","site-sidebar-style":"default","ast-global-header-display":"","ast-banner-title-visibility":"","ast-main-header-display":"","ast-hfb-above-header-display":"","ast-hfb-below-header-display":"","ast-hfb-mobile-header-display":"","site-post-title":"","ast-breadcrumbs-content":"","ast-featured-img":"","footer-sml-layout":"","theme-transparent-header-meta":"default","adv-header-id-meta":"","stick-header-meta":"","header-above-stick-meta":"","header-main-stick-meta":"","header-below-stick-meta":"","astra-migrate-meta-layouts":"set","ast-page-background-enabled":"default","ast-page-background-meta":{"desktop":{"background-color":"var(--ast-global-color-4)","background-image":"","background-repeat":"repeat","background-position":"center center","background-size":"auto","background-attachment":"scroll","background-type":"","background-media":"","overlay-type":"","overlay-color":"","overlay-opacity":"","overlay-gradient":""},"tablet":{"background-color":"","background-image":"","background-repeat":"repeat","background-position":"center center","background-size":"auto","background-attachment":"scroll","background-type":"","background-media":"","overlay-type":"","overlay-color":"","overlay-opacity":"","overlay-gradient":""},"mobile":{"background-color":"","background-image":"","background-repeat":"repeat","background-position":"center center","background-size":"auto","background-attachment":"scroll","background-type":"","background-media":"","overlay-type":"","overlay-color":"","overlay-opacity":"","overlay-gradient":""}},"ast-content-background-meta":{"desktop":{"background-color":"var(--ast-global-color-5)","background-image":"","background-repeat":"repeat","background-position":"center center","background-size":"auto","background-attachment":"scroll","background-type":"","background-media":"","overlay-type":"","overlay-color":"","overlay-opacity":"","overlay-gradient":""},"tablet":{"background-color":"var(--ast-global-color-5)","background-image":"","background-repeat":"repeat","background-position":"center center","background-size":"auto","background-attachment":"scroll","background-type":"","background-media":"","overlay-type":"","overlay-color":"","overlay-opacity":"","overlay-gradient":""},"mobile":{"background-color":"var(--ast-global-color-5)","background-image":"","background-repeat":"repeat","background-position":"center center","background-size":"auto","background-attachment":"scroll","background-type":"","background-media":"","overlay-type":"","overlay-color":"","overlay-opacity":"","overlay-gradient":""}},"ngg_post_thumbnail":0,"footnotes":""},"class_list":["post-2843","page","type-page","status-publish","hentry"],"_links":{"self":[{"href":"http:\/\/www2.unifap.br\/teatro\/wp-json\/wp\/v2\/pages\/2843","targetHints":{"allow":["GET"]}}],"collection":[{"href":"http:\/\/www2.unifap.br\/teatro\/wp-json\/wp\/v2\/pages"}],"about":[{"href":"http:\/\/www2.unifap.br\/teatro\/wp-json\/wp\/v2\/types\/page"}],"author":[{"embeddable":true,"href":"http:\/\/www2.unifap.br\/teatro\/wp-json\/wp\/v2\/users\/421"}],"replies":[{"embeddable":true,"href":"http:\/\/www2.unifap.br\/teatro\/wp-json\/wp\/v2\/comments?post=2843"}],"version-history":[{"count":101,"href":"http:\/\/www2.unifap.br\/teatro\/wp-json\/wp\/v2\/pages\/2843\/revisions"}],"predecessor-version":[{"id":3923,"href":"http:\/\/www2.unifap.br\/teatro\/wp-json\/wp\/v2\/pages\/2843\/revisions\/3923"}],"up":[{"embeddable":true,"href":"http:\/\/www2.unifap.br\/teatro\/wp-json\/wp\/v2\/pages\/2831"}],"wp:attachment":[{"href":"http:\/\/www2.unifap.br\/teatro\/wp-json\/wp\/v2\/media?parent=2843"}],"curies":[{"name":"wp","href":"https:\/\/api.w.org\/{rel}","templated":true}]}}