{"id":2845,"date":"2024-04-19T20:26:29","date_gmt":"2024-04-19T20:26:29","guid":{"rendered":"https:\/\/www2.unifap.br\/teatro\/?page_id=2845"},"modified":"2026-03-18T00:01:51","modified_gmt":"2026-03-18T00:01:51","slug":"reuniao-de-nde","status":"publish","type":"page","link":"http:\/\/www2.unifap.br\/teatro\/atas-de-reuniao\/reuniao-de-nde\/","title":{"rendered":"REUNI\u00c3O DE NDE"},"content":{"rendered":"<h2 style=\"text-align: center\"><a href=\"http:\/\/www2.unifap.br\/teatro\/files\/2024\/04\/Comunica-Sindojus-e1566329976931-1.png\"><img decoding=\"async\" class=\"alignleft wp-image-2895 \" src=\"http:\/\/www2.unifap.br\/teatro\/files\/2024\/04\/Comunica-Sindojus-e1566329976931-1.png\" alt=\"\" width=\"140\" height=\"105\" srcset=\"http:\/\/www2.unifap.br\/teatro\/files\/2024\/04\/Comunica-Sindojus-e1566329976931-1.png 930w, http:\/\/www2.unifap.br\/teatro\/files\/2024\/04\/Comunica-Sindojus-e1566329976931-1-300x225.png 300w, http:\/\/www2.unifap.br\/teatro\/files\/2024\/04\/Comunica-Sindojus-e1566329976931-1-768x576.png 768w\" sizes=\"(max-width: 140px) 100vw, 140px\" \/><\/a><span style=\"color: #ff6600\">Para acessar a ata da reuni\u00e3o do NDE, clique sobre o respectivo m\u00eas<\/span><\/h2>\n<p>&nbsp;<\/p>\n<table width=\"582\">\n<tbody>\n<tr>\n<td colspan=\"4\">\n<h1 style=\"text-align: center\"><span style=\"color: #ff6600\"><strong>2026<\/strong><\/span><\/h1>\n<\/td>\n<\/tr>\n<tr>\n<td>\n<p style=\"text-align: center\"><span style=\"color: #ff0000\"><strong>JANEIRO<\/strong><\/span><\/p>\n<p style=\"text-align: center\"><span style=\"color: #ff0000\"><strong>(trabalho interno)<\/strong><\/span><\/p>\n<\/td>\n<td style=\"text-align: center\"><span style=\"color: #ff0000\"><strong>FEVEREIRO<\/strong><\/span><\/p>\n<p><span style=\"color: #ff0000\"><strong>(trabalho interno)<\/strong><\/span><\/td>\n<td style=\"text-align: center\"><span style=\"color: #ff0000\"><strong>MAR\u00c7O<\/strong><\/span><\/p>\n<p><span style=\"color: #ff0000\"><strong>(trabalho interno)<\/strong><\/span><\/td>\n<td style=\"text-align: center\"><span style=\"color: #000000\"><strong>ABRIL<\/strong><\/span><\/td>\n<\/tr>\n<tr>\n<td>\n<p style=\"text-align: center\"><span style=\"color: #000000\"><strong>MAIO <\/strong><\/span><\/p>\n<\/td>\n<td style=\"text-align: center\"><span style=\"color: #000000\"><strong>JUNHO<\/strong><\/span><\/td>\n<td style=\"text-align: center\"><span style=\"color: #000000\"><strong>JULHO <\/strong><\/span><\/td>\n<td>\n<p style=\"text-align: center\"><span style=\"color: #000000\"><strong>AGOSTO<\/strong><\/span><\/p>\n<\/td>\n<\/tr>\n<tr>\n<td style=\"text-align: center\"><span style=\"color: #000000\"><strong>SETEMBRO<\/strong><\/span><\/td>\n<td style=\"text-align: center\"><span style=\"color: #000000\"><strong>OUTUBRO<\/strong><\/span><\/td>\n<td style=\"text-align: center\"><span style=\"color: #000000\"><strong>NOVEMBRO<\/strong><\/span><\/td>\n<td>\n<p style=\"text-align: center\"><span style=\"color: #000000\"><strong>DEZEMBRO<\/strong><\/span><\/p>\n<\/td>\n<\/tr>\n<\/tbody>\n<\/table>\n<p>&nbsp;<\/p>\n<table width=\"582\">\n<tbody>\n<tr>\n<td colspan=\"4\">\n<h1 style=\"text-align: center\"><span style=\"color: #ff6600\"><strong>2025<\/strong><\/span><\/h1>\n<\/td>\n<\/tr>\n<tr>\n<td>\n<p style=\"text-align: center\"><span style=\"color: #0000ff\"><a style=\"color: #0000ff\" href=\"http:\/\/www2.unifap.br\/teatro\/files\/2025\/01\/ATA-DE-REUNIAO-DE-NDE_JANEIRO_20252.pdf\" target=\"_blank\" rel=\"noopener\"><strong>JANEIRO<\/strong><\/a><\/span><\/p>\n<\/td>\n<td style=\"text-align: center\"><span style=\"color: #0000ff\"><a style=\"color: #0000ff\" href=\"http:\/\/www2.unifap.br\/teatro\/files\/2025\/02\/ATA-DE-REUNIAO-DE-NDE_FEVEREIRO_2025.pdf\" target=\"_blank\" rel=\"noopener\"><strong>FEVEREIRO<\/strong><\/a><\/span><\/td>\n<td style=\"text-align: center\"><span style=\"color: #0000ff\"><a style=\"color: #0000ff\" href=\"http:\/\/www2.unifap.br\/teatro\/files\/2025\/03\/ATA-DE-REUNIAO-DE-NDE_MARCO_2025.pdf\" target=\"_blank\" rel=\"noopener\"><strong>MAR\u00c7O<\/strong><\/a><\/span><\/td>\n<td style=\"text-align: center\"><span style=\"color: #0000ff\"><a style=\"color: #0000ff\" href=\"http:\/\/www2.unifap.br\/teatro\/files\/2025\/04\/ATA-DE-REUNIAO-DO-NDE_ABRIL_2025.pdf\" target=\"_blank\" rel=\"noopener\"><strong>ABRIL<\/strong><\/a><\/span><\/td>\n<\/tr>\n<tr>\n<td>\n<p style=\"text-align: center\"><span style=\"color: #ff0000\"><strong>MAIO <\/strong><\/span><\/p>\n<p style=\"text-align: center\"><span style=\"color: #ff0000\"><strong>(f\u00e9rias docente)<\/strong><\/span><\/p>\n<\/td>\n<td style=\"text-align: center\"><span style=\"color: #0000ff\"><a style=\"color: #0000ff\" href=\"http:\/\/www2.unifap.br\/teatro\/files\/2025\/07\/ATA-DE-REUNIAO-DO-NDE_JUNHO_2025.pdf\" target=\"_blank\" rel=\"noopener\"><strong>JUNHO<\/strong><\/a><\/span><\/td>\n<td style=\"text-align: center\"><span style=\"color: #ff0000\"><strong>JULHO <\/strong><\/span><\/p>\n<p><span style=\"color: #ff0000\"><strong>(recesso)<\/strong><\/span><span style=\"color: #ff0000\">\u00a0<\/span><\/td>\n<td>\n<p style=\"text-align: center\"><strong><span style=\"color: #ff0000\">AGOSTO<\/span><\/strong><\/p>\n<p style=\"text-align: center\"><strong><span style=\"color: #ff0000\">(trabalho interno)<\/span><\/strong><\/p>\n<p>&nbsp;<\/td>\n<\/tr>\n<tr>\n<td style=\"text-align: center\"><span style=\"color: #ff0000\"><strong>SETEMBRO<\/strong><\/span><\/p>\n<p><strong><span style=\"color: #ff0000\">(trabalho interno)<\/span><\/strong><\/td>\n<td style=\"text-align: center\"><span style=\"color: #ff0000\"><strong>OUTUBRO<\/strong><\/span><\/p>\n<p><strong><span style=\"color: #ff0000\">(trabalho interno)<\/span><\/strong><\/td>\n<td style=\"text-align: center\"><span style=\"color: #ff0000\"><strong>NOVEMBRO<\/strong><\/span><\/p>\n<p><strong><span style=\"color: #ff0000\">(trabalho interno)<\/span><\/strong><\/td>\n<td>\n<p style=\"text-align: center\"><span style=\"color: #ff0000\"><strong>DEZEMBRO<\/strong><\/span><\/p>\n<p style=\"text-align: center\"><span style=\"color: #ff0000\"><strong>(recesso)<\/strong><\/span><span style=\"color: #ff0000\">\u00a0<\/span><\/p>\n<\/td>\n<\/tr>\n<\/tbody>\n<\/table>\n<p>&nbsp;<\/p>\n<table width=\"582\">\n<tbody>\n<tr>\n<td colspan=\"4\">\n<h1 style=\"text-align: center\"><span style=\"color: #ff6600\"><strong>2024<\/strong><\/span><\/h1>\n<\/td>\n<\/tr>\n<tr>\n<td>\n<p style=\"text-align: center\"><span style=\"color: #0000ff\"><a style=\"color: #0000ff\" href=\"http:\/\/www2.unifap.br\/teatro\/files\/2024\/04\/ATA_NDE_JANEIRO_2024.pdf\" target=\"_blank\" rel=\"noopener\"><strong>JANEIRO<\/strong><\/a><\/span><\/p>\n<\/td>\n<td style=\"text-align: center\"><span style=\"color: #0000ff\"><a style=\"color: #0000ff\" href=\"http:\/\/www2.unifap.br\/teatro\/files\/2024\/04\/ATA_NDE_FEVEREIRO_2024.pdf\" target=\"_blank\" rel=\"noopener\"><strong>FEVEREIRO<\/strong><\/a><\/span><\/td>\n<td style=\"text-align: center\"><span style=\"color: #0000ff\"><a style=\"color: #0000ff\" href=\"http:\/\/www2.unifap.br\/teatro\/files\/2024\/04\/ATA_NDE_MARCO_2024.pdf\" target=\"_blank\" rel=\"noopener\"><strong>MAR\u00c7O<\/strong><\/a><\/span><\/td>\n<td style=\"text-align: center\"><span style=\"color: #0000ff\"><a style=\"color: #0000ff\" href=\"http:\/\/www2.unifap.br\/teatro\/files\/2024\/04\/NDE_ABRIL.pdf\" target=\"_blank\" rel=\"noopener\"><strong>ABRIL<\/strong><\/a><\/span><\/td>\n<\/tr>\n<tr>\n<td>\n<p style=\"text-align: center\"><span style=\"color: #0000ff\"><a style=\"color: #0000ff\" href=\"http:\/\/www2.unifap.br\/teatro\/files\/2024\/05\/ATA-DE-REUNIAO-DO-NDE-MAIO-2024.pdf\" target=\"_blank\" rel=\"noopener\"><strong>MAIO<\/strong><\/a><\/span><\/p>\n<\/td>\n<td style=\"text-align: center\"><span style=\"color: #ff0000\"><strong>JUNHO (greve)<\/strong><\/span><\/td>\n<td style=\"text-align: center\"><span style=\"color: #0000ff\"><a style=\"color: #0000ff\" href=\"http:\/\/www2.unifap.br\/teatro\/files\/2024\/08\/ATA-DE-REUNIAO-DO-NDE-JULHO-2024.pdf\" target=\"_blank\" rel=\"noopener\"><strong>JULHO<\/strong><\/a><\/span><\/td>\n<td>\n<p style=\"text-align: center\"><span style=\"color: #0000ff\"><a style=\"color: #0000ff\" href=\"http:\/\/www2.unifap.br\/teatro\/files\/2024\/09\/ATA-DE-REUNIAO-DO-NDE-AGOSTO-2024.pdf\" target=\"_blank\" rel=\"noopener\"><strong>AGOSTO<\/strong><\/a><\/span><\/p>\n<\/td>\n<\/tr>\n<tr>\n<td style=\"text-align: center\"><span style=\"color: #0000ff\"><a style=\"color: #0000ff\" href=\"http:\/\/www2.unifap.br\/teatro\/files\/2024\/09\/ATA-DE-REUNIAO-DO-NDE-SETEMBRO-2024.pdf\" target=\"_blank\" rel=\"noopener\"><strong>SETEMBRO<\/strong><\/a><\/span><\/td>\n<td style=\"text-align: center\"><span style=\"color: #0000ff\"><a style=\"color: #0000ff\" href=\"http:\/\/www2.unifap.br\/teatro\/files\/2024\/10\/ATA-DA-REUNIAO-ORDINARIA-DO-NUCLEO-DOCENTE-ESTRUTURANTE-DO-CURSO-DE-LICENCIATURA-EM-TEATRO-OUTUBRO-2024.pdf\" target=\"_blank\" rel=\"noopener\"><strong>OUTUBRO<\/strong><\/a><\/span><\/td>\n<td style=\"text-align: center\"><span style=\"color: #0000ff\"><a style=\"color: #0000ff\" href=\"http:\/\/www2.unifap.br\/teatro\/files\/2024\/11\/ATA_NDE_NOVEMBRO_20234.pdf\" target=\"_blank\" rel=\"noopener\"><strong>NOVEMBRO<\/strong><\/a><\/span><\/td>\n<td>\n<p style=\"text-align: center\"><span style=\"color: #0000ff\"><a style=\"color: #0000ff\" href=\"http:\/\/www2.unifap.br\/teatro\/files\/2024\/12\/ATA_DE_REUNIAO_NDE_DEZEMBRO_2024.pdf\" target=\"_blank\" rel=\"noopener\"><strong>DEZEMBRO<\/strong><\/a><\/span><\/p>\n<\/td>\n<\/tr>\n<\/tbody>\n<\/table>\n<p>&nbsp;<\/p>\n<table width=\"582\">\n<tbody>\n<tr>\n<td colspan=\"4\">\n<h1 style=\"text-align: center\"><span style=\"color: #ff6600\"><strong>2023<\/strong><\/span><\/h1>\n<\/td>\n<\/tr>\n<tr>\n<td>\n<p style=\"text-align: center\"><span style=\"color: #0000ff\"><a style=\"color: #0000ff\" href=\"http:\/\/www2.unifap.br\/teatro\/files\/2024\/10\/ata-nde-janeiro-2023.pdf\" target=\"_blank\" rel=\"noopener\"><strong>JANEIRO<\/strong><\/a><\/span><\/p>\n<\/td>\n<td style=\"text-align: center\"><span style=\"color: #0000ff\"><a style=\"color: #0000ff\" href=\"http:\/\/www2.unifap.br\/teatro\/files\/2024\/10\/2-ATA_NDE_FEVEREIRO_2023.pdf\" target=\"_blank\" rel=\"noopener\"><strong>FEVEREIRO<\/strong><\/a><\/span><\/td>\n<td style=\"text-align: center\"><span style=\"color: #0000ff\"><a style=\"color: #0000ff\" href=\"http:\/\/www2.unifap.br\/teatro\/files\/2024\/10\/3-ATA_NDE_MARCO_2023-1.pdf\" target=\"_blank\" rel=\"noopener\"><strong>MAR\u00c7O<\/strong><\/a><\/span><\/td>\n<td style=\"text-align: center\"><span style=\"color: #0000ff\"><a style=\"color: #0000ff\" href=\"http:\/\/www2.unifap.br\/teatro\/files\/2024\/10\/ATA_NDE_ABRIL_2023.pdf\" target=\"_blank\" rel=\"noopener\"><strong>ABRIL<\/strong><\/a><\/span><\/td>\n<\/tr>\n<tr>\n<td>\n<p style=\"text-align: center\"><span style=\"color: #0000ff\"><a style=\"color: #0000ff\" href=\"http:\/\/www2.unifap.br\/teatro\/files\/2024\/10\/5-ATA_NDE_MAIO_2023.pdf\" target=\"_blank\" rel=\"noopener\"><strong>MAIO<\/strong><\/a><\/span><\/p>\n<\/td>\n<td style=\"text-align: center\"><span style=\"color: #0000ff\"><a style=\"color: #0000ff\" href=\"http:\/\/www2.unifap.br\/teatro\/files\/2024\/10\/6-ATA_NDE_JUNHO_2023.pdf\" target=\"_blank\" rel=\"noopener\"><strong>JUNHO<\/strong><\/a><\/span><\/td>\n<td style=\"text-align: center\"><span style=\"color: #0000ff\"><a style=\"color: #0000ff\" href=\"http:\/\/www2.unifap.br\/teatro\/files\/2024\/10\/ATA-DE-REUNIAO-ORDINARIA-NDE-20.07.2023.pdf\" target=\"_blank\" rel=\"noopener\"><strong>JULHO<\/strong><\/a><\/span><\/td>\n<td>\n<p style=\"text-align: center\"><strong>AGOSTO<\/strong><\/p>\n<\/td>\n<\/tr>\n<tr>\n<td style=\"text-align: center\"><span style=\"color: #0000ff\"><a style=\"color: #0000ff\" href=\"http:\/\/www2.unifap.br\/teatro\/files\/2024\/04\/ATA_NDE_SETEMBRO_2023.pdf\" target=\"_blank\" rel=\"noopener\"><strong>SETEMBRO<\/strong><\/a><\/span><\/td>\n<td style=\"text-align: center\"><span style=\"color: #0000ff\"><a style=\"color: #0000ff\" href=\"http:\/\/www2.unifap.br\/teatro\/files\/2024\/04\/ATA_NDE_OUTUBRO_2023.pdf\" target=\"_blank\" rel=\"noopener\"><strong>OUTUBRO<\/strong><\/a><\/span><\/td>\n<td style=\"text-align: center\"><span style=\"color: #0000ff\"><a style=\"color: #0000ff\" href=\"http:\/\/www2.unifap.br\/teatro\/files\/2024\/04\/ATA_NDE_NOVEMBRO_2023.pdf\" target=\"_blank\" rel=\"noopener\"><strong>NOVEMBRO<\/strong><\/a><\/span><\/td>\n<td>\n<p style=\"text-align: center\"><span style=\"color: #0000ff\"><a style=\"color: #0000ff\" href=\"http:\/\/www2.unifap.br\/teatro\/files\/2024\/04\/ATA_NDE_DEZEMBRO_2023.pdf\" target=\"_blank\" rel=\"noopener\"><strong>DEZEMBRO<\/strong><\/a><\/span><\/p>\n<\/td>\n<\/tr>\n<\/tbody>\n<\/table>\n<table width=\"582\">\n<tbody>\n<tr>\n<td colspan=\"4\">\n<h1 style=\"text-align: center\"><span style=\"color: #ff6600\"><strong>2022<\/strong><\/span><\/h1>\n<\/td>\n<\/tr>\n<tr>\n<td>\n<p style=\"text-align: center\"><a href=\"http:\/\/www2.unifap.br\/teatro\/files\/2024\/10\/1-ATA_NDE_JANEIRO_2022.pdf\" target=\"_blank\" rel=\"noopener\"><strong><span style=\"color: #0000ff\">JANEIRO<\/span><\/strong><\/a><\/p>\n<\/td>\n<td style=\"text-align: center\"><span style=\"color: #0000ff\"><a style=\"color: #0000ff\" href=\"http:\/\/www2.unifap.br\/teatro\/files\/2024\/10\/nde-fevereiro-2022.pdf\" target=\"_blank\" rel=\"noopener\"><strong>FEVEREIRO<\/strong><\/a><\/span><\/td>\n<td style=\"text-align: center\"><span style=\"color: #0000ff\"><a style=\"color: #0000ff\" href=\"http:\/\/www2.unifap.br\/teatro\/files\/2024\/10\/nde-marco-2022.pdf\" target=\"_blank\" rel=\"noopener\"><strong>MAR\u00c7O<\/strong><\/a><\/span><\/td>\n<td style=\"text-align: center\"><span style=\"color: #0000ff\"><a style=\"color: #0000ff\" href=\"http:\/\/www2.unifap.br\/teatro\/files\/2024\/10\/nde-abril-2022.pdf\" target=\"_blank\" rel=\"noopener\"><strong>ABRIL<\/strong><\/a><\/span><\/td>\n<\/tr>\n<tr>\n<td>\n<p style=\"text-align: center\"><span style=\"color: #0000ff\"><a style=\"color: #0000ff\" href=\"http:\/\/www2.unifap.br\/teatro\/files\/2024\/10\/nde-maio-2022.pdf\" target=\"_blank\" rel=\"noopener\"><strong>MAIO<\/strong><\/a><\/span><\/p>\n<\/td>\n<td style=\"text-align: center\"><span style=\"color: #0000ff\"><a style=\"color: #0000ff\" href=\"http:\/\/www2.unifap.br\/teatro\/files\/2024\/10\/nde-junho-2022.pdf\" target=\"_blank\" rel=\"noopener\"><strong>JUNHO<\/strong><\/a><\/span><\/td>\n<td style=\"text-align: center\"><span style=\"color: #0000ff\"><a style=\"color: #0000ff\" href=\"http:\/\/www2.unifap.br\/teatro\/files\/2024\/10\/nde-julho-2022.pdf\" target=\"_blank\" rel=\"noopener\"><strong>JULHO<\/strong><\/a><\/span><\/td>\n<td>\n<p style=\"text-align: center\"><span style=\"color: #0000ff\"><a style=\"color: #0000ff\" href=\"http:\/\/www2.unifap.br\/teatro\/files\/2024\/10\/nde-agosto-2022.pdf\" target=\"_blank\" rel=\"noopener\"><strong>AGOSTO<\/strong><\/a><\/span><\/p>\n<\/td>\n<\/tr>\n<tr>\n<td style=\"text-align: center\"><span style=\"color: #0000ff\"><a style=\"color: #0000ff\" href=\"http:\/\/www2.unifap.br\/teatro\/files\/2024\/10\/nde-setembro-2022.pdf\" target=\"_blank\" rel=\"noopener\"><strong>SETEMBRO<\/strong><\/a><\/span><\/td>\n<td style=\"text-align: center\"><span style=\"color: #0000ff\"><a style=\"color: #0000ff\" href=\"http:\/\/www2.unifap.br\/teatro\/files\/2024\/10\/NDE-OUTUBRO-2022.pdf\" target=\"_blank\" rel=\"noopener\"><strong>OUTUBRO<\/strong><\/a><\/span><\/td>\n<td style=\"text-align: center\"><span style=\"color: #0000ff\"><a style=\"color: #0000ff\" href=\"http:\/\/www2.unifap.br\/teatro\/files\/2024\/10\/NDE-NOVEMBRO-2022.pdf\" target=\"_blank\" rel=\"noopener\"><strong>NOVEMBRO<\/strong><\/a><\/span><\/td>\n<td>\n<p style=\"text-align: center\"><span style=\"color: #ff0000\"><strong>DEZEMBRO<\/strong><\/span><\/p>\n<p style=\"text-align: center\"><span style=\"color: #ff0000\"><strong> (f\u00e9rias)<\/strong><\/span><\/p>\n<\/td>\n<\/tr>\n<\/tbody>\n<\/table>\n<table width=\"582\">\n<tbody>\n<tr>\n<td colspan=\"4\">\n<h1 style=\"text-align: center\"><span style=\"color: #ff6600\"><strong>2021<\/strong><\/span><\/h1>\n<\/td>\n<\/tr>\n<tr>\n<td>\n<p style=\"text-align: center\"><strong>JANEIRO<\/strong><\/p>\n<\/td>\n<td style=\"text-align: center\"><strong>FEVEREIRO<\/strong><\/td>\n<td style=\"text-align: center\"><strong>MAR\u00c7O<\/strong><\/td>\n<td style=\"text-align: center\"><strong>ABRIL<\/strong><\/td>\n<\/tr>\n<tr>\n<td>\n<p style=\"text-align: center\"><strong>MAIO<\/strong><\/p>\n<\/td>\n<td style=\"text-align: center\"><strong>JUNHO<\/strong><\/td>\n<td style=\"text-align: center\"><strong>JULHO<\/strong><\/td>\n<td>\n<p style=\"text-align: center\"><strong>AGOSTO<\/strong><\/p>\n<\/td>\n<\/tr>\n<tr>\n<td style=\"text-align: center\"><strong>SETEMBRO<\/strong><\/td>\n<td style=\"text-align: center\"><span style=\"color: #0000ff\"><a style=\"color: #0000ff\" href=\"http:\/\/www2.unifap.br\/teatro\/files\/2024\/10\/10-ATA_NDE_OUTUBRO_2021.pdf\" target=\"_blank\" rel=\"noopener\"><strong>OUTUBRO<\/strong><\/a><\/span><\/td>\n<td style=\"text-align: center\"><span style=\"color: #0000ff\"><a style=\"color: #0000ff\" href=\"http:\/\/www2.unifap.br\/teatro\/files\/2024\/10\/11-ATA_NDE_NOVEMBRO_2021.pdf\" target=\"_blank\" rel=\"noopener\"><strong>NOVEMBRO<\/strong><\/a><\/span><\/td>\n<td>\n<p style=\"text-align: center\"><span style=\"color: #0000ff\"><a style=\"color: #0000ff\" href=\"http:\/\/www2.unifap.br\/teatro\/files\/2024\/10\/12-ATA_NDE_DEZEMBRO_2021.pdf\" target=\"_blank\" rel=\"noopener\"><strong>DEZEMBRO<\/strong><\/a><\/span><\/p>\n<\/td>\n<\/tr>\n<\/tbody>\n<\/table>\n<p>&nbsp;<\/p>\n","protected":false},"excerpt":{"rendered":"<p>Para acessar a ata da reuni\u00e3o do NDE, clique sobre o respectivo m\u00eas &nbsp; 2026 JANEIRO (trabalho interno) FEVEREIRO (trabalho interno) MAR\u00c7O (trabalho interno) ABRIL MAIO JUNHO JULHO AGOSTO SETEMBRO OUTUBRO NOVEMBRO DEZEMBRO &nbsp; 2025 JANEIRO FEVEREIRO MAR\u00c7O ABRIL MAIO (f\u00e9rias docente) JUNHO JULHO (recesso)\u00a0 AGOSTO (trabalho interno) &nbsp; SETEMBRO (trabalho interno) OUTUBRO (trabalho interno)&#8230;<\/p>\n","protected":false},"author":421,"featured_media":0,"parent":2831,"menu_order":0,"comment_status":"closed","ping_status":"closed","template":"","meta":{"inline_featured_image":false,"site-sidebar-layout":"default","site-content-layout":"","ast-site-content-layout":"default","site-content-style":"default","site-sidebar-style":"default","ast-global-header-display":"","ast-banner-title-visibility":"","ast-main-header-display":"","ast-hfb-above-header-display":"","ast-hfb-below-header-display":"","ast-hfb-mobile-header-display":"","site-post-title":"","ast-breadcrumbs-content":"","ast-featured-img":"","footer-sml-layout":"","theme-transparent-header-meta":"default","adv-header-id-meta":"","stick-header-meta":"","header-above-stick-meta":"","header-main-stick-meta":"","header-below-stick-meta":"","astra-migrate-meta-layouts":"set","ast-page-background-enabled":"default","ast-page-background-meta":{"desktop":{"background-color":"var(--ast-global-color-4)","background-image":"","background-repeat":"repeat","background-position":"center center","background-size":"auto","background-attachment":"scroll","background-type":"","background-media":"","overlay-type":"","overlay-color":"","overlay-opacity":"","overlay-gradient":""},"tablet":{"background-color":"","background-image":"","background-repeat":"repeat","background-position":"center center","background-size":"auto","background-attachment":"scroll","background-type":"","background-media":"","overlay-type":"","overlay-color":"","overlay-opacity":"","overlay-gradient":""},"mobile":{"background-color":"","background-image":"","background-repeat":"repeat","background-position":"center center","background-size":"auto","background-attachment":"scroll","background-type":"","background-media":"","overlay-type":"","overlay-color":"","overlay-opacity":"","overlay-gradient":""}},"ast-content-background-meta":{"desktop":{"background-color":"var(--ast-global-color-5)","background-image":"","background-repeat":"repeat","background-position":"center center","background-size":"auto","background-attachment":"scroll","background-type":"","background-media":"","overlay-type":"","overlay-color":"","overlay-opacity":"","overlay-gradient":""},"tablet":{"background-color":"var(--ast-global-color-5)","background-image":"","background-repeat":"repeat","background-position":"center center","background-size":"auto","background-attachment":"scroll","background-type":"","background-media":"","overlay-type":"","overlay-color":"","overlay-opacity":"","overlay-gradient":""},"mobile":{"background-color":"var(--ast-global-color-5)","background-image":"","background-repeat":"repeat","background-position":"center center","background-size":"auto","background-attachment":"scroll","background-type":"","background-media":"","overlay-type":"","overlay-color":"","overlay-opacity":"","overlay-gradient":""}},"ngg_post_thumbnail":0,"footnotes":""},"class_list":["post-2845","page","type-page","status-publish","hentry"],"_links":{"self":[{"href":"http:\/\/www2.unifap.br\/teatro\/wp-json\/wp\/v2\/pages\/2845","targetHints":{"allow":["GET"]}}],"collection":[{"href":"http:\/\/www2.unifap.br\/teatro\/wp-json\/wp\/v2\/pages"}],"about":[{"href":"http:\/\/www2.unifap.br\/teatro\/wp-json\/wp\/v2\/types\/page"}],"author":[{"embeddable":true,"href":"http:\/\/www2.unifap.br\/teatro\/wp-json\/wp\/v2\/users\/421"}],"replies":[{"embeddable":true,"href":"http:\/\/www2.unifap.br\/teatro\/wp-json\/wp\/v2\/comments?post=2845"}],"version-history":[{"count":73,"href":"http:\/\/www2.unifap.br\/teatro\/wp-json\/wp\/v2\/pages\/2845\/revisions"}],"predecessor-version":[{"id":3895,"href":"http:\/\/www2.unifap.br\/teatro\/wp-json\/wp\/v2\/pages\/2845\/revisions\/3895"}],"up":[{"embeddable":true,"href":"http:\/\/www2.unifap.br\/teatro\/wp-json\/wp\/v2\/pages\/2831"}],"wp:attachment":[{"href":"http:\/\/www2.unifap.br\/teatro\/wp-json\/wp\/v2\/media?parent=2845"}],"curies":[{"name":"wp","href":"https:\/\/api.w.org\/{rel}","templated":true}]}}