{"id":317,"date":"2016-01-26T23:53:29","date_gmt":"2016-01-26T23:53:29","guid":{"rendered":"http:\/\/www2.unifap.br\/teatro\/?page_id=317"},"modified":"2025-04-25T21:54:59","modified_gmt":"2025-04-25T21:54:59","slug":"colegiado-de-curso","status":"publish","type":"page","link":"http:\/\/www2.unifap.br\/teatro\/comissoes\/colegiado-de-curso\/","title":{"rendered":"Colegiado de Curso"},"content":{"rendered":"<p><strong>DOCENTES EFETIVOS<\/strong><br \/>\nProf. Dr.\u00a0<span style=\"font-size: 16px;font-style: normal;font-weight: 400\">Frederico de Carvalho Ferreira<\/span><span style=\"font-size: 16px\">\u00a0(Coordenador)<\/span><br \/>\n<span style=\"font-size: 16px;font-style: normal;font-weight: 400\">Prof. Dr. Jos\u00e9 Fl\u00e1vio Cardoso Nos\u00e9\u00a0<\/span><br \/>\nProf\u00aa Dra. Ad\u00e9lia Aparecida da Silva Carvalho (Afastamento para P\u00f3s-Doutorado \/\u00a0 Portaria n\u00ba 0423\/2025<br \/>\n<span style=\"font-size: 16px;font-style: normal;font-weight: 400\">Prof\u00aa Dra. Adriana Moreira Silva<\/span><br \/>\nProf. Dr. Cleber Rodrigo Braga de Oliveira (Colabora\u00e7\u00e3o T\u00e9cnica &#8211; UFSJ \/ Portaria n\u00ba 2128\/2023)<br \/>\nProf. Dr. Emerson de Paula Silva <span style=\"font-size: 16px;font-style: normal;font-weight: 400\">(Requisi\u00e7\u00e3o &#8211; MEC \/ Portaria n\u00ba 1581\/2024)<\/span><br \/>\nProf. Dr. <span style=\"font-size: 16px;font-style: normal;font-weight: 400\">Jos\u00e9 Fl\u00e1vio Gon\u00e7alves da Fonseca\u00a0<\/span><br \/>\nProf. Me. Jos\u00e9 Raphael Brito dos Santos (Afastamento para Doutorado &#8211; UFBA \/ Portaria n\u00ba 0120\/2024)<br \/>\n<span style=\"font-size: 16px;font-style: normal;font-weight: 400\">Prof\u00aa Dra. Juliana Souto Lemos (Requisi\u00e7\u00e3o &#8211; MEC \/ Portaria n\u00ba 1192\/2023)<\/span><br \/>\nProf. Dr. Romualdo Rodrigues Palhano<br \/>\nProf\u00aa Dra. Tain\u00e1 Macedo Vasconcelos (Licen\u00e7a Capacita\u00e7\u00e3o \/ Portaria n\u00ba 0745\/2025)<\/p>\n<p><strong>DOCENTES SUBSTITUTOS<\/strong><br \/>\nProfa. Esp. Carla Thais Freitas dos Santos<br \/>\nProfa. Esp. Marina Brito Almeida<br \/>\nProfa. Esp. Tifanny Jaira Raiol Matos<\/p>\n<p><strong>REPRESENTANTE DISCENTE<\/strong><br \/>\n2024 &#8211;\u00a0 Jo\u00e3o Pereira (titular) \/ Henrique Mory (suplente)<br \/>\n2023 &#8211; V\u00edtor Sousa Le\u00e3o (titular) \/ Stefhany Luize Borges Costa (suplente)<br \/>\n2022 &#8211; Sofia Correa Abreu (titular) \/ Saymon (suplente)<br \/>\n2021 &#8211; Isadora Sampaio (titular)<\/p>\n<p>&nbsp;<\/p>\n","protected":false},"excerpt":{"rendered":"<p>DOCENTES EFETIVOS Prof. Dr.\u00a0Frederico de Carvalho Ferreira\u00a0(Coordenador) Prof. Dr. Jos\u00e9 Fl\u00e1vio Cardoso Nos\u00e9\u00a0 Prof\u00aa Dra. Ad\u00e9lia Aparecida da Silva Carvalho (Afastamento para P\u00f3s-Doutorado \/\u00a0 Portaria n\u00ba 0423\/2025 Prof\u00aa Dra. Adriana Moreira Silva Prof. Dr. Cleber Rodrigo Braga de Oliveira (Colabora\u00e7\u00e3o T\u00e9cnica &#8211; UFSJ \/ Portaria n\u00ba 2128\/2023) Prof. Dr. Emerson de Paula Silva (Requisi\u00e7\u00e3o &#8211;&#8230;<\/p>\n","protected":false},"author":421,"featured_media":0,"parent":315,"menu_order":0,"comment_status":"open","ping_status":"open","template":"","meta":{"inline_featured_image":false,"site-sidebar-layout":"default","site-content-layout":"","ast-site-content-layout":"default","site-content-style":"default","site-sidebar-style":"default","ast-global-header-display":"","ast-banner-title-visibility":"","ast-main-header-display":"","ast-hfb-above-header-display":"","ast-hfb-below-header-display":"","ast-hfb-mobile-header-display":"","site-post-title":"","ast-breadcrumbs-content":"","ast-featured-img":"","footer-sml-layout":"","theme-transparent-header-meta":"default","adv-header-id-meta":"","stick-header-meta":"","header-above-stick-meta":"","header-main-stick-meta":"","header-below-stick-meta":"","astra-migrate-meta-layouts":"set","ast-page-background-enabled":"default","ast-page-background-meta":{"desktop":{"background-color":"var(--ast-global-color-4)","background-image":"","background-repeat":"repeat","background-position":"center center","background-size":"auto","background-attachment":"scroll","background-type":"","background-media":"","overlay-type":"","overlay-color":"","overlay-opacity":"","overlay-gradient":""},"tablet":{"background-color":"","background-image":"","background-repeat":"repeat","background-position":"center center","background-size":"auto","background-attachment":"scroll","background-type":"","background-media":"","overlay-type":"","overlay-color":"","overlay-opacity":"","overlay-gradient":""},"mobile":{"background-color":"","background-image":"","background-repeat":"repeat","background-position":"center center","background-size":"auto","background-attachment":"scroll","background-type":"","background-media":"","overlay-type":"","overlay-color":"","overlay-opacity":"","overlay-gradient":""}},"ast-content-background-meta":{"desktop":{"background-color":"var(--ast-global-color-5)","background-image":"","background-repeat":"repeat","background-position":"center center","background-size":"auto","background-attachment":"scroll","background-type":"","background-media":"","overlay-type":"","overlay-color":"","overlay-opacity":"","overlay-gradient":""},"tablet":{"background-color":"var(--ast-global-color-5)","background-image":"","background-repeat":"repeat","background-position":"center center","background-size":"auto","background-attachment":"scroll","background-type":"","background-media":"","overlay-type":"","overlay-color":"","overlay-opacity":"","overlay-gradient":""},"mobile":{"background-color":"var(--ast-global-color-5)","background-image":"","background-repeat":"repeat","background-position":"center center","background-size":"auto","background-attachment":"scroll","background-type":"","background-media":"","overlay-type":"","overlay-color":"","overlay-opacity":"","overlay-gradient":""}},"ngg_post_thumbnail":0,"footnotes":""},"class_list":["post-317","page","type-page","status-publish","hentry"],"_links":{"self":[{"href":"http:\/\/www2.unifap.br\/teatro\/wp-json\/wp\/v2\/pages\/317","targetHints":{"allow":["GET"]}}],"collection":[{"href":"http:\/\/www2.unifap.br\/teatro\/wp-json\/wp\/v2\/pages"}],"about":[{"href":"http:\/\/www2.unifap.br\/teatro\/wp-json\/wp\/v2\/types\/page"}],"author":[{"embeddable":true,"href":"http:\/\/www2.unifap.br\/teatro\/wp-json\/wp\/v2\/users\/421"}],"replies":[{"embeddable":true,"href":"http:\/\/www2.unifap.br\/teatro\/wp-json\/wp\/v2\/comments?post=317"}],"version-history":[{"count":45,"href":"http:\/\/www2.unifap.br\/teatro\/wp-json\/wp\/v2\/pages\/317\/revisions"}],"predecessor-version":[{"id":3724,"href":"http:\/\/www2.unifap.br\/teatro\/wp-json\/wp\/v2\/pages\/317\/revisions\/3724"}],"up":[{"embeddable":true,"href":"http:\/\/www2.unifap.br\/teatro\/wp-json\/wp\/v2\/pages\/315"}],"wp:attachment":[{"href":"http:\/\/www2.unifap.br\/teatro\/wp-json\/wp\/v2\/media?parent=317"}],"curies":[{"name":"wp","href":"https:\/\/api.w.org\/{rel}","templated":true}]}}