{"id":322,"date":"2016-01-27T00:07:22","date_gmt":"2016-01-27T00:07:22","guid":{"rendered":"http:\/\/www2.unifap.br\/teatro\/?page_id=322"},"modified":"2024-09-07T00:13:22","modified_gmt":"2024-09-07T00:13:22","slug":"nucleo-docente-estruturante","status":"publish","type":"page","link":"http:\/\/www2.unifap.br\/teatro\/comissoes\/nucleo-docente-estruturante\/","title":{"rendered":"N\u00facleo Docente Estruturante &#8211; NDE"},"content":{"rendered":"<p><strong>N\u00facleo Docente Estruturante &#8211; NDE &#8211; <span style=\"color: #0000ff\"><a style=\"color: #0000ff\" href=\"http:\/\/www2.unifap.br\/teatro\/files\/2024\/09\/PORTARIA-NDE.pdf\" target=\"_blank\" rel=\"noopener\">PORTARIA N\u00ba 0258\/2024<\/a><\/span><\/strong><\/p>\n<p>Prof. Dr. Frederico de Carvalho Ferreira <span style=\"font-size: 16px;font-style: normal;font-weight: 400\">(Presidente)<\/span><br \/>\n<span style=\"font-size: 16px;font-style: normal;font-weight: 400\">Prof\u00aa Dra. Ad\u00e9lia Aparecida da Silva Carvalho<\/span><br \/>\n<span style=\"font-size: 16px;font-style: normal;font-weight: 400\">Prof\u00aa Dra. Adriana Moreira Silva<\/span><br \/>\nProrf. Dr. Jos\u00e9 Fl\u00e1vio Cardoso Nos\u00e9<br \/>\nProf. Dr. Jos\u00e9 Fl\u00e1vio Gon\u00e7alves da Fonseca<br \/>\nProf. Dr. Romualdo Rodrigues Palhano<\/p>\n","protected":false},"excerpt":{"rendered":"<p>N\u00facleo Docente Estruturante &#8211; NDE &#8211; PORTARIA N\u00ba 0258\/2024 Prof. Dr. Frederico de Carvalho Ferreira (Presidente) Prof\u00aa Dra. Ad\u00e9lia Aparecida da Silva Carvalho Prof\u00aa Dra. Adriana Moreira Silva Prorf. Dr. Jos\u00e9 Fl\u00e1vio Cardoso Nos\u00e9 Prof. Dr. Jos\u00e9 Fl\u00e1vio Gon\u00e7alves da Fonseca Prof. Dr. Romualdo Rodrigues Palhano<\/p>\n","protected":false},"author":421,"featured_media":0,"parent":315,"menu_order":0,"comment_status":"open","ping_status":"open","template":"","meta":{"inline_featured_image":false,"site-sidebar-layout":"default","site-content-layout":"","ast-site-content-layout":"default","site-content-style":"default","site-sidebar-style":"default","ast-global-header-display":"","ast-banner-title-visibility":"","ast-main-header-display":"","ast-hfb-above-header-display":"","ast-hfb-below-header-display":"","ast-hfb-mobile-header-display":"","site-post-title":"","ast-breadcrumbs-content":"","ast-featured-img":"","footer-sml-layout":"","theme-transparent-header-meta":"default","adv-header-id-meta":"","stick-header-meta":"","header-above-stick-meta":"","header-main-stick-meta":"","header-below-stick-meta":"","astra-migrate-meta-layouts":"set","ast-page-background-enabled":"default","ast-page-background-meta":{"desktop":{"background-color":"var(--ast-global-color-4)","background-image":"","background-repeat":"repeat","background-position":"center center","background-size":"auto","background-attachment":"scroll","background-type":"","background-media":"","overlay-type":"","overlay-color":"","overlay-opacity":"","overlay-gradient":""},"tablet":{"background-color":"","background-image":"","background-repeat":"repeat","background-position":"center center","background-size":"auto","background-attachment":"scroll","background-type":"","background-media":"","overlay-type":"","overlay-color":"","overlay-opacity":"","overlay-gradient":""},"mobile":{"background-color":"","background-image":"","background-repeat":"repeat","background-position":"center center","background-size":"auto","background-attachment":"scroll","background-type":"","background-media":"","overlay-type":"","overlay-color":"","overlay-opacity":"","overlay-gradient":""}},"ast-content-background-meta":{"desktop":{"background-color":"var(--ast-global-color-5)","background-image":"","background-repeat":"repeat","background-position":"center center","background-size":"auto","background-attachment":"scroll","background-type":"","background-media":"","overlay-type":"","overlay-color":"","overlay-opacity":"","overlay-gradient":""},"tablet":{"background-color":"var(--ast-global-color-5)","background-image":"","background-repeat":"repeat","background-position":"center center","background-size":"auto","background-attachment":"scroll","background-type":"","background-media":"","overlay-type":"","overlay-color":"","overlay-opacity":"","overlay-gradient":""},"mobile":{"background-color":"var(--ast-global-color-5)","background-image":"","background-repeat":"repeat","background-position":"center center","background-size":"auto","background-attachment":"scroll","background-type":"","background-media":"","overlay-type":"","overlay-color":"","overlay-opacity":"","overlay-gradient":""}},"ngg_post_thumbnail":0,"footnotes":""},"class_list":["post-322","page","type-page","status-publish","hentry"],"_links":{"self":[{"href":"http:\/\/www2.unifap.br\/teatro\/wp-json\/wp\/v2\/pages\/322","targetHints":{"allow":["GET"]}}],"collection":[{"href":"http:\/\/www2.unifap.br\/teatro\/wp-json\/wp\/v2\/pages"}],"about":[{"href":"http:\/\/www2.unifap.br\/teatro\/wp-json\/wp\/v2\/types\/page"}],"author":[{"embeddable":true,"href":"http:\/\/www2.unifap.br\/teatro\/wp-json\/wp\/v2\/users\/421"}],"replies":[{"embeddable":true,"href":"http:\/\/www2.unifap.br\/teatro\/wp-json\/wp\/v2\/comments?post=322"}],"version-history":[{"count":22,"href":"http:\/\/www2.unifap.br\/teatro\/wp-json\/wp\/v2\/pages\/322\/revisions"}],"predecessor-version":[{"id":3264,"href":"http:\/\/www2.unifap.br\/teatro\/wp-json\/wp\/v2\/pages\/322\/revisions\/3264"}],"up":[{"embeddable":true,"href":"http:\/\/www2.unifap.br\/teatro\/wp-json\/wp\/v2\/pages\/315"}],"wp:attachment":[{"href":"http:\/\/www2.unifap.br\/teatro\/wp-json\/wp\/v2\/media?parent=322"}],"curies":[{"name":"wp","href":"https:\/\/api.w.org\/{rel}","templated":true}]}}