{"id":3279,"date":"2024-09-07T17:54:47","date_gmt":"2024-09-07T17:54:47","guid":{"rendered":"https:\/\/www2.unifap.br\/teatro\/?page_id=3279"},"modified":"2026-03-18T00:33:43","modified_gmt":"2026-03-18T00:33:43","slug":"prof-dr-fred-carvalho","status":"publish","type":"page","link":"http:\/\/www2.unifap.br\/teatro\/projetos-de-extensao\/prof-dr-fred-carvalho\/","title":{"rendered":"Prof. Dr. Fred Carvalho"},"content":{"rendered":"<p><strong>PROJETOS DE EXTENS\u00c3O EM ANDAMENTO<\/strong><\/p>\n<p><span style=\"color: #0000ff\"><a style=\"color: #0000ff\" href=\"http:\/\/www2.unifap.br\/teatro\/files\/2026\/03\/PROJETO-DE-EXTENSAO-2026.pdf\" target=\"_blank\" rel=\"noopener\"><strong><span style=\"font-size: 16px;font-style: normal\">PJ018-2026 &#8211; <\/span><\/strong><span style=\"font-size: 16px;font-style: normal;font-weight: 400\"><strong>BACABA em Rede: Teatro, Cultura, Forma\u00e7\u00e3o e Cidadania<\/strong><\/span><\/a><\/span><\/p>\n<p>&nbsp;<\/p>\n<p><strong>PROJETOS DE EXTENS\u00c3O CONCLU\u00cdDOS<\/strong><\/p>\n<p><span style=\"color: #0000ff\"><strong><a style=\"color: #0000ff\" href=\"http:\/\/www2.unifap.br\/teatro\/files\/2024\/09\/BACABA-EM-REDE-CICLO-DE-OFICINAS-PRODUCAO-E-GESTAO-CULTURAL.pdf\" target=\"_blank\" rel=\"noopener\">PJ007-2024 &#8211; BACABA EM REDE &#8211; CICLO DE OFICINAS, PRODU\u00c7\u00c3O E GEST\u00c3O CULTURAL<\/a><\/strong><\/span><\/p>\n<p><strong><span style=\"color: #0000ff\"><a style=\"color: #0000ff\" href=\"http:\/\/www2.unifap.br\/teatro\/files\/2024\/09\/PROJETO-DE-EXTENSAO_TEATRO-E-INCLUSAO-_RESSOCIALIZACAO-ATRAVES-DA-ARTE.pdf\" target=\"_blank\" rel=\"noopener\">PJ008-2018 &#8211; Teatro e Inclus\u00e3o: Ressocializa\u00e7\u00e3o Atrav\u00e9s da Arte<\/a><\/span><\/strong><\/p>\n<p><span style=\"color: #0000ff\"><a style=\"color: #0000ff\" href=\"http:\/\/www2.unifap.br\/teatro\/files\/2024\/09\/TEATRO-E-INCLUSAO-LABORATORIO-DE-ACESSIBILIDADE-CULTURAL-EM-MACAPA.pdf\" target=\"_blank\" rel=\"noopener\"><strong>PJ017-2017 &#8211; TEATRO E INCLUS\u00c3O: LABORAT\u00d3RIO DE ACESSIBILIDADE CULTURAL EM MACAP\u00c1\u00a0<\/strong><\/a><\/span><\/p>\n<p>&nbsp;<\/p>\n<p><strong>EVENTOS DE EXTENS\u00c3O CONCLU\u00cdDOS<\/strong><\/p>\n<p><span style=\"color: #0000ff\"><strong><a style=\"color: #0000ff\" href=\"http:\/\/www2.unifap.br\/teatro\/files\/2024\/09\/Seminario-de-Artes-Cenicas-do-Amapa.pdf\" target=\"_blank\" rel=\"noopener\">EV030-2017 &#8211; Semin\u00e1rio de Artes C\u00eanicas do Amap\u00e1<\/a><\/strong><\/span><\/p>\n<p><span style=\"color: #0000ff\"><strong><a style=\"color: #0000ff\" href=\"http:\/\/www2.unifap.br\/teatro\/files\/2024\/09\/3o-Seminario-de-Politicas-Publicas-para-a-Educacao-Penitenciaria-Arte-Cultura-e-Educacao-Penitenciaria.pdf\" target=\"_blank\" rel=\"noopener\">EV027-2017 &#8211;\u00a03\u00ba Semin\u00e1rio de Pol\u00edticas P\u00fablicas para a Educa\u00e7\u00e3o Penitenci\u00e1ria: Arte, Cultura e Educa\u00e7\u00e3o Penitenci\u00e1ria<\/a><\/strong><\/span><\/p>\n","protected":false},"excerpt":{"rendered":"<p>PROJETOS DE EXTENS\u00c3O EM ANDAMENTO PJ018-2026 &#8211; BACABA em Rede: Teatro, Cultura, Forma\u00e7\u00e3o e Cidadania &nbsp; PROJETOS DE EXTENS\u00c3O CONCLU\u00cdDOS PJ007-2024 &#8211; BACABA EM REDE &#8211; CICLO DE OFICINAS, PRODU\u00c7\u00c3O E GEST\u00c3O CULTURAL PJ008-2018 &#8211; Teatro e Inclus\u00e3o: Ressocializa\u00e7\u00e3o Atrav\u00e9s da Arte PJ017-2017 &#8211; TEATRO E INCLUS\u00c3O: LABORAT\u00d3RIO DE ACESSIBILIDADE CULTURAL EM MACAP\u00c1\u00a0 &nbsp; EVENTOS&#8230;<\/p>\n","protected":false},"author":421,"featured_media":0,"parent":330,"menu_order":0,"comment_status":"closed","ping_status":"closed","template":"","meta":{"inline_featured_image":false,"site-sidebar-layout":"default","site-content-layout":"","ast-site-content-layout":"default","site-content-style":"default","site-sidebar-style":"default","ast-global-header-display":"","ast-banner-title-visibility":"","ast-main-header-display":"","ast-hfb-above-header-display":"","ast-hfb-below-header-display":"","ast-hfb-mobile-header-display":"","site-post-title":"","ast-breadcrumbs-content":"","ast-featured-img":"","footer-sml-layout":"","theme-transparent-header-meta":"default","adv-header-id-meta":"","stick-header-meta":"","header-above-stick-meta":"","header-main-stick-meta":"","header-below-stick-meta":"","astra-migrate-meta-layouts":"set","ast-page-background-enabled":"default","ast-page-background-meta":{"desktop":{"background-color":"var(--ast-global-color-4)","background-image":"","background-repeat":"repeat","background-position":"center center","background-size":"auto","background-attachment":"scroll","background-type":"","background-media":"","overlay-type":"","overlay-color":"","overlay-opacity":"","overlay-gradient":""},"tablet":{"background-color":"","background-image":"","background-repeat":"repeat","background-position":"center center","background-size":"auto","background-attachment":"scroll","background-type":"","background-media":"","overlay-type":"","overlay-color":"","overlay-opacity":"","overlay-gradient":""},"mobile":{"background-color":"","background-image":"","background-repeat":"repeat","background-position":"center center","background-size":"auto","background-attachment":"scroll","background-type":"","background-media":"","overlay-type":"","overlay-color":"","overlay-opacity":"","overlay-gradient":""}},"ast-content-background-meta":{"desktop":{"background-color":"var(--ast-global-color-5)","background-image":"","background-repeat":"repeat","background-position":"center center","background-size":"auto","background-attachment":"scroll","background-type":"","background-media":"","overlay-type":"","overlay-color":"","overlay-opacity":"","overlay-gradient":""},"tablet":{"background-color":"var(--ast-global-color-5)","background-image":"","background-repeat":"repeat","background-position":"center center","background-size":"auto","background-attachment":"scroll","background-type":"","background-media":"","overlay-type":"","overlay-color":"","overlay-opacity":"","overlay-gradient":""},"mobile":{"background-color":"var(--ast-global-color-5)","background-image":"","background-repeat":"repeat","background-position":"center center","background-size":"auto","background-attachment":"scroll","background-type":"","background-media":"","overlay-type":"","overlay-color":"","overlay-opacity":"","overlay-gradient":""}},"ngg_post_thumbnail":0,"footnotes":""},"class_list":["post-3279","page","type-page","status-publish","hentry"],"_links":{"self":[{"href":"http:\/\/www2.unifap.br\/teatro\/wp-json\/wp\/v2\/pages\/3279","targetHints":{"allow":["GET"]}}],"collection":[{"href":"http:\/\/www2.unifap.br\/teatro\/wp-json\/wp\/v2\/pages"}],"about":[{"href":"http:\/\/www2.unifap.br\/teatro\/wp-json\/wp\/v2\/types\/page"}],"author":[{"embeddable":true,"href":"http:\/\/www2.unifap.br\/teatro\/wp-json\/wp\/v2\/users\/421"}],"replies":[{"embeddable":true,"href":"http:\/\/www2.unifap.br\/teatro\/wp-json\/wp\/v2\/comments?post=3279"}],"version-history":[{"count":14,"href":"http:\/\/www2.unifap.br\/teatro\/wp-json\/wp\/v2\/pages\/3279\/revisions"}],"predecessor-version":[{"id":3901,"href":"http:\/\/www2.unifap.br\/teatro\/wp-json\/wp\/v2\/pages\/3279\/revisions\/3901"}],"up":[{"embeddable":true,"href":"http:\/\/www2.unifap.br\/teatro\/wp-json\/wp\/v2\/pages\/330"}],"wp:attachment":[{"href":"http:\/\/www2.unifap.br\/teatro\/wp-json\/wp\/v2\/media?parent=3279"}],"curies":[{"name":"wp","href":"https:\/\/api.w.org\/{rel}","templated":true}]}}