{"id":3296,"date":"2024-09-07T18:28:48","date_gmt":"2024-09-07T18:28:48","guid":{"rendered":"https:\/\/www2.unifap.br\/teatro\/?page_id=3296"},"modified":"2024-10-15T01:24:55","modified_gmt":"2024-10-15T01:24:55","slug":"prof-dr-fred-carvalho","status":"publish","type":"page","link":"http:\/\/www2.unifap.br\/teatro\/projetos-de-pesquisa\/prof-dr-fred-carvalho\/","title":{"rendered":"Prof. Dr. Fred Carvalho"},"content":{"rendered":"<p><strong>GRUPO DE PESQUISA<\/strong><\/p>\n<p><span style=\"color: #0000ff\"><strong><a style=\"color: #0000ff\" href=\"http:\/\/www2.unifap.br\/teatro\/files\/2024\/09\/GRUPO-DE-PESQUISA-CNPQ.pdf\" target=\"_blank\" rel=\"noopener\">BACABA &#8211; Grupo de Pesquisa Transdisciplinar em Teatro, Mem\u00f3ria, Cultura e Pr\u00e1ticas Art\u00edsticas Amaz\u00f4nicas<\/a><\/strong><\/span><\/p>\n<p>&nbsp;<\/p>\n<p><strong>PROJETO DE PESQUISA EM ANDAMENTO<\/strong><\/p>\n<p><strong><span style=\"color: #0000ff\"><a style=\"color: #0000ff\" href=\"http:\/\/www2.unifap.br\/teatro\/files\/2024\/09\/Cineteatro-Territorial-de-Macapa-o-palco-difusor-da-politica-cultural-janarista-1944-1949.pdf\" target=\"_blank\" rel=\"noopener\">PVL1984-2023 &#8211; Cineteatro Territorial de Macap\u00e1, o palco difusor da pol\u00edtica cultural janarista (1944-1949)<\/a><br \/>\n<\/span><\/strong><\/p>\n<ul>\n<li><strong><em><span style=\"color: #0000ff\"><a style=\"color: #0000ff\" href=\"http:\/\/www2.unifap.br\/teatro\/files\/2024\/10\/PLANO-DE-TRABALHO_PROVIC-IT_2024_FREDERICO.pdf\" target=\"_blank\" rel=\"noopener\">PLANO DE TRABALHO &#8211; PROVIC IT<\/a><\/span><\/em><\/strong><\/li>\n<li><strong><em><span style=\"color: #0000ff\"><a style=\"color: #0000ff\" href=\"http:\/\/www2.unifap.br\/teatro\/files\/2024\/10\/PLANO-DE-TRABALHO_PIBIC-AF_CNPQ_2024.pdf\" target=\"_blank\" rel=\"noopener\">PLANO DE TRABALHO &#8211; PIBIC-AF\/CNPQ<\/a><\/span><\/em><\/strong><\/li>\n<\/ul>\n<p>&nbsp;<\/p>\n<p><strong>PROJETO DE PESQUISA CONCLU\u00cdDO<\/strong><\/p>\n<p><strong><span style=\"color: #0000ff\"><a style=\"color: #0000ff\" href=\"http:\/\/www2.unifap.br\/teatro\/files\/2024\/09\/ESTUDOS-EM-ESPACOS-CULTURAIS-INCLUSIVOS-E-DELIBERATIVOS.pdf\" target=\"_blank\" rel=\"noopener\">PVL140-2017 &#8211; ESTUDOS EM ESPA\u00c7OS CULTURAIS, INCLUSIVOS E DELIBERATIVOS<\/a><\/span><\/strong><\/p>\n","protected":false},"excerpt":{"rendered":"<p>GRUPO DE PESQUISA BACABA &#8211; Grupo de Pesquisa Transdisciplinar em Teatro, Mem\u00f3ria, Cultura e Pr\u00e1ticas Art\u00edsticas Amaz\u00f4nicas &nbsp; PROJETO DE PESQUISA EM ANDAMENTO PVL1984-2023 &#8211; Cineteatro Territorial de Macap\u00e1, o palco difusor da pol\u00edtica cultural janarista (1944-1949) PLANO DE TRABALHO &#8211; PROVIC IT PLANO DE TRABALHO &#8211; PIBIC-AF\/CNPQ &nbsp; PROJETO DE PESQUISA CONCLU\u00cdDO PVL140-2017 &#8211;&#8230;<\/p>\n","protected":false},"author":421,"featured_media":0,"parent":332,"menu_order":0,"comment_status":"closed","ping_status":"closed","template":"","meta":{"inline_featured_image":false,"site-sidebar-layout":"default","site-content-layout":"","ast-site-content-layout":"default","site-content-style":"default","site-sidebar-style":"default","ast-global-header-display":"","ast-banner-title-visibility":"","ast-main-header-display":"","ast-hfb-above-header-display":"","ast-hfb-below-header-display":"","ast-hfb-mobile-header-display":"","site-post-title":"","ast-breadcrumbs-content":"","ast-featured-img":"","footer-sml-layout":"","theme-transparent-header-meta":"default","adv-header-id-meta":"","stick-header-meta":"","header-above-stick-meta":"","header-main-stick-meta":"","header-below-stick-meta":"","astra-migrate-meta-layouts":"set","ast-page-background-enabled":"default","ast-page-background-meta":{"desktop":{"background-color":"var(--ast-global-color-4)","background-image":"","background-repeat":"repeat","background-position":"center center","background-size":"auto","background-attachment":"scroll","background-type":"","background-media":"","overlay-type":"","overlay-color":"","overlay-opacity":"","overlay-gradient":""},"tablet":{"background-color":"","background-image":"","background-repeat":"repeat","background-position":"center center","background-size":"auto","background-attachment":"scroll","background-type":"","background-media":"","overlay-type":"","overlay-color":"","overlay-opacity":"","overlay-gradient":""},"mobile":{"background-color":"","background-image":"","background-repeat":"repeat","background-position":"center center","background-size":"auto","background-attachment":"scroll","background-type":"","background-media":"","overlay-type":"","overlay-color":"","overlay-opacity":"","overlay-gradient":""}},"ast-content-background-meta":{"desktop":{"background-color":"var(--ast-global-color-5)","background-image":"","background-repeat":"repeat","background-position":"center center","background-size":"auto","background-attachment":"scroll","background-type":"","background-media":"","overlay-type":"","overlay-color":"","overlay-opacity":"","overlay-gradient":""},"tablet":{"background-color":"var(--ast-global-color-5)","background-image":"","background-repeat":"repeat","background-position":"center center","background-size":"auto","background-attachment":"scroll","background-type":"","background-media":"","overlay-type":"","overlay-color":"","overlay-opacity":"","overlay-gradient":""},"mobile":{"background-color":"var(--ast-global-color-5)","background-image":"","background-repeat":"repeat","background-position":"center center","background-size":"auto","background-attachment":"scroll","background-type":"","background-media":"","overlay-type":"","overlay-color":"","overlay-opacity":"","overlay-gradient":""}},"ngg_post_thumbnail":0,"footnotes":""},"class_list":["post-3296","page","type-page","status-publish","hentry"],"_links":{"self":[{"href":"http:\/\/www2.unifap.br\/teatro\/wp-json\/wp\/v2\/pages\/3296","targetHints":{"allow":["GET"]}}],"collection":[{"href":"http:\/\/www2.unifap.br\/teatro\/wp-json\/wp\/v2\/pages"}],"about":[{"href":"http:\/\/www2.unifap.br\/teatro\/wp-json\/wp\/v2\/types\/page"}],"author":[{"embeddable":true,"href":"http:\/\/www2.unifap.br\/teatro\/wp-json\/wp\/v2\/users\/421"}],"replies":[{"embeddable":true,"href":"http:\/\/www2.unifap.br\/teatro\/wp-json\/wp\/v2\/comments?post=3296"}],"version-history":[{"count":11,"href":"http:\/\/www2.unifap.br\/teatro\/wp-json\/wp\/v2\/pages\/3296\/revisions"}],"predecessor-version":[{"id":3464,"href":"http:\/\/www2.unifap.br\/teatro\/wp-json\/wp\/v2\/pages\/3296\/revisions\/3464"}],"up":[{"embeddable":true,"href":"http:\/\/www2.unifap.br\/teatro\/wp-json\/wp\/v2\/pages\/332"}],"wp:attachment":[{"href":"http:\/\/www2.unifap.br\/teatro\/wp-json\/wp\/v2\/media?parent=3296"}],"curies":[{"name":"wp","href":"https:\/\/api.w.org\/{rel}","templated":true}]}}