{"id":3324,"date":"2024-09-21T22:02:10","date_gmt":"2024-09-21T22:02:10","guid":{"rendered":"https:\/\/www2.unifap.br\/teatro\/?page_id=3324"},"modified":"2026-03-18T00:38:20","modified_gmt":"2026-03-18T00:38:20","slug":"profa-dra-adelia-aparecida-da-silva-carvalho","status":"publish","type":"page","link":"http:\/\/www2.unifap.br\/teatro\/projetos-de-extensao\/profa-dra-adelia-aparecida-da-silva-carvalho\/","title":{"rendered":"Prof\u00aa. Dr\u00aa. Ad\u00e9lia Carvalho"},"content":{"rendered":"<p><strong>PROJETOS DE EXTENS\u00c3O EM ANDAMENTO<\/strong><\/p>\n<p>&nbsp;<\/p>\n<p>&nbsp;<\/p>\n<p><strong>PROJETOS DE EXTENS\u00c3O CONCLU\u00cdDOS<\/strong><\/p>\n<p><strong><span style=\"color: #0000ff\"><a style=\"color: #0000ff\" href=\"http:\/\/www2.unifap.br\/teatro\/files\/2024\/09\/Adelia-Extensao-2021-memoria-e-dramaturgia.pdf\" target=\"_blank\" rel=\"noopener\">Mem\u00f3rias e Dramaturgias: Macap\u00e1 em cena atrav\u00e9s das escrita criativa de artistas e estudantes<\/a><\/span><\/strong><\/p>\n<p><span style=\"color: #0000ff\"><strong><a style=\"color: #0000ff\" href=\"http:\/\/www2.unifap.br\/teatro\/files\/2024\/09\/Adelia-Extensao-2019-praticas-artisticas-na-educacao.pdf\" target=\"_blank\" rel=\"noopener\">Pr\u00e1ticas art\u00edstico-pedag\u00f3gicas no ensino infantil &#8211; a cria\u00e7\u00e3o, a aprecia\u00e7\u00e3o e a media\u00e7\u00e3o teatral como experi\u00eancias formativas no espa\u00e7o escolar<\/a><\/strong><\/span><\/p>\n<p>&nbsp;<\/p>\n<p><strong>EVENTOS DE EXTENS\u00c3O CONCLU\u00cdDOS<\/strong><\/p>\n","protected":false},"excerpt":{"rendered":"<p>PROJETOS DE EXTENS\u00c3O EM ANDAMENTO &nbsp; &nbsp; PROJETOS DE EXTENS\u00c3O CONCLU\u00cdDOS Mem\u00f3rias e Dramaturgias: Macap\u00e1 em cena atrav\u00e9s das escrita criativa de artistas e estudantes Pr\u00e1ticas art\u00edstico-pedag\u00f3gicas no ensino infantil &#8211; a cria\u00e7\u00e3o, a aprecia\u00e7\u00e3o e a media\u00e7\u00e3o teatral como experi\u00eancias formativas no espa\u00e7o escolar &nbsp; EVENTOS DE EXTENS\u00c3O CONCLU\u00cdDOS<\/p>\n","protected":false},"author":421,"featured_media":0,"parent":330,"menu_order":0,"comment_status":"closed","ping_status":"closed","template":"","meta":{"inline_featured_image":false,"site-sidebar-layout":"default","site-content-layout":"","ast-site-content-layout":"default","site-content-style":"default","site-sidebar-style":"default","ast-global-header-display":"","ast-banner-title-visibility":"","ast-main-header-display":"","ast-hfb-above-header-display":"","ast-hfb-below-header-display":"","ast-hfb-mobile-header-display":"","site-post-title":"","ast-breadcrumbs-content":"","ast-featured-img":"","footer-sml-layout":"","theme-transparent-header-meta":"default","adv-header-id-meta":"","stick-header-meta":"","header-above-stick-meta":"","header-main-stick-meta":"","header-below-stick-meta":"","astra-migrate-meta-layouts":"set","ast-page-background-enabled":"default","ast-page-background-meta":{"desktop":{"background-color":"var(--ast-global-color-4)","background-image":"","background-repeat":"repeat","background-position":"center center","background-size":"auto","background-attachment":"scroll","background-type":"","background-media":"","overlay-type":"","overlay-color":"","overlay-opacity":"","overlay-gradient":""},"tablet":{"background-color":"","background-image":"","background-repeat":"repeat","background-position":"center center","background-size":"auto","background-attachment":"scroll","background-type":"","background-media":"","overlay-type":"","overlay-color":"","overlay-opacity":"","overlay-gradient":""},"mobile":{"background-color":"","background-image":"","background-repeat":"repeat","background-position":"center center","background-size":"auto","background-attachment":"scroll","background-type":"","background-media":"","overlay-type":"","overlay-color":"","overlay-opacity":"","overlay-gradient":""}},"ast-content-background-meta":{"desktop":{"background-color":"var(--ast-global-color-5)","background-image":"","background-repeat":"repeat","background-position":"center center","background-size":"auto","background-attachment":"scroll","background-type":"","background-media":"","overlay-type":"","overlay-color":"","overlay-opacity":"","overlay-gradient":""},"tablet":{"background-color":"var(--ast-global-color-5)","background-image":"","background-repeat":"repeat","background-position":"center center","background-size":"auto","background-attachment":"scroll","background-type":"","background-media":"","overlay-type":"","overlay-color":"","overlay-opacity":"","overlay-gradient":""},"mobile":{"background-color":"var(--ast-global-color-5)","background-image":"","background-repeat":"repeat","background-position":"center center","background-size":"auto","background-attachment":"scroll","background-type":"","background-media":"","overlay-type":"","overlay-color":"","overlay-opacity":"","overlay-gradient":""}},"ngg_post_thumbnail":0,"footnotes":""},"class_list":["post-3324","page","type-page","status-publish","hentry"],"_links":{"self":[{"href":"http:\/\/www2.unifap.br\/teatro\/wp-json\/wp\/v2\/pages\/3324","targetHints":{"allow":["GET"]}}],"collection":[{"href":"http:\/\/www2.unifap.br\/teatro\/wp-json\/wp\/v2\/pages"}],"about":[{"href":"http:\/\/www2.unifap.br\/teatro\/wp-json\/wp\/v2\/types\/page"}],"author":[{"embeddable":true,"href":"http:\/\/www2.unifap.br\/teatro\/wp-json\/wp\/v2\/users\/421"}],"replies":[{"embeddable":true,"href":"http:\/\/www2.unifap.br\/teatro\/wp-json\/wp\/v2\/comments?post=3324"}],"version-history":[{"count":7,"href":"http:\/\/www2.unifap.br\/teatro\/wp-json\/wp\/v2\/pages\/3324\/revisions"}],"predecessor-version":[{"id":3909,"href":"http:\/\/www2.unifap.br\/teatro\/wp-json\/wp\/v2\/pages\/3324\/revisions\/3909"}],"up":[{"embeddable":true,"href":"http:\/\/www2.unifap.br\/teatro\/wp-json\/wp\/v2\/pages\/330"}],"wp:attachment":[{"href":"http:\/\/www2.unifap.br\/teatro\/wp-json\/wp\/v2\/media?parent=3324"}],"curies":[{"name":"wp","href":"https:\/\/api.w.org\/{rel}","templated":true}]}}