{"id":3333,"date":"2024-09-21T22:09:25","date_gmt":"2024-09-21T22:09:25","guid":{"rendered":"https:\/\/www2.unifap.br\/teatro\/?page_id=3333"},"modified":"2026-03-18T00:34:02","modified_gmt":"2026-03-18T00:34:02","slug":"prof-dr-jose-flavio-goncalves-da-fonseca","status":"publish","type":"page","link":"http:\/\/www2.unifap.br\/teatro\/projetos-de-extensao\/prof-dr-jose-flavio-goncalves-da-fonseca\/","title":{"rendered":"Prof. Dr. Fl\u00e1vio Gon\u00e7alves"},"content":{"rendered":"<p><strong>PROJETOS DE EXTENS\u00c3O EM ANDAMENTO (projetos, cursos e eventos)<\/strong><\/p>\n<p>&nbsp;<\/p>\n<p>&nbsp;<\/p>\n<p><strong>PROJETOS DE EXTENS\u00c3O CONCLU\u00cdDOS (projetos, cursos e eventos)<\/strong><\/p>\n<p><strong><span style=\"color: #0000ff\"><a style=\"color: #0000ff\" href=\"http:\/\/www2.unifap.br\/teatro\/files\/2024\/09\/Projeto-de-Extensao-5.pdf\" target=\"_blank\" rel=\"noopener\">Curso de extens\u00e3o forma\u00e7\u00e3o em audiodescri\u00e7\u00e3o<\/a><\/span><\/strong><\/p>\n<p><span style=\"color: #0000ff\"><strong><a style=\"color: #0000ff\" href=\"http:\/\/www2.unifap.br\/teatro\/files\/2024\/09\/Projeto-de-Extensao-4.pdf\" target=\"_blank\" rel=\"noopener\">A utiliza\u00e7\u00e3o de ferramentas digitais para a aprendizagem de conte\u00fados relacionados ao Teatro: Constru\u00e7\u00e3o de materiais did\u00e1ticos interativos para o ensino de teatro na educa\u00e7\u00e3o b\u00e1sica<\/a><\/strong><\/span><\/p>\n<p><span style=\"color: #0000ff\"><a style=\"color: #0000ff\" href=\"http:\/\/www2.unifap.br\/teatro\/files\/2024\/09\/Projeto-de-Extensao-3.pdf\" target=\"_blank\" rel=\"noopener\"><strong>Di\u00e1logos entre a pesquisa e a extens\u00e3o na forma\u00e7\u00e3o do docente em Teatro com foco na cena intermedial e expandida<\/strong><\/a><\/span><\/p>\n<p><strong><span style=\"color: #0000ff\"><a style=\"color: #0000ff\" href=\"http:\/\/www2.unifap.br\/teatro\/files\/2024\/09\/Projeto-de-Extensao-2.pdf\" target=\"_blank\" rel=\"noopener\">EsCuTA: Espa\u00e7o Colaborativo de Trocas e Afetos<\/a><\/span><\/strong><\/p>\n<p><strong style=\"font-size: 16px;font-style: normal;color: #0000ff\"><a style=\"color: #0000ff\" href=\"http:\/\/www2.unifap.br\/teatro\/files\/2024\/09\/Projeto-de-Extensao-1.pdf\" target=\"_blank\" rel=\"noopener\">A cena como lugar de discuss\u00e3o artisdocente<\/a><\/strong><\/p>\n","protected":false},"excerpt":{"rendered":"<p>PROJETOS DE EXTENS\u00c3O EM ANDAMENTO (projetos, cursos e eventos) &nbsp; &nbsp; PROJETOS DE EXTENS\u00c3O CONCLU\u00cdDOS (projetos, cursos e eventos) Curso de extens\u00e3o forma\u00e7\u00e3o em audiodescri\u00e7\u00e3o A utiliza\u00e7\u00e3o de ferramentas digitais para a aprendizagem de conte\u00fados relacionados ao Teatro: Constru\u00e7\u00e3o de materiais did\u00e1ticos interativos para o ensino de teatro na educa\u00e7\u00e3o b\u00e1sica Di\u00e1logos entre a pesquisa&#8230;<\/p>\n","protected":false},"author":421,"featured_media":0,"parent":330,"menu_order":0,"comment_status":"closed","ping_status":"closed","template":"","meta":{"inline_featured_image":false,"site-sidebar-layout":"default","site-content-layout":"","ast-site-content-layout":"default","site-content-style":"default","site-sidebar-style":"default","ast-global-header-display":"","ast-banner-title-visibility":"","ast-main-header-display":"","ast-hfb-above-header-display":"","ast-hfb-below-header-display":"","ast-hfb-mobile-header-display":"","site-post-title":"","ast-breadcrumbs-content":"","ast-featured-img":"","footer-sml-layout":"","theme-transparent-header-meta":"default","adv-header-id-meta":"","stick-header-meta":"","header-above-stick-meta":"","header-main-stick-meta":"","header-below-stick-meta":"","astra-migrate-meta-layouts":"set","ast-page-background-enabled":"default","ast-page-background-meta":{"desktop":{"background-color":"var(--ast-global-color-4)","background-image":"","background-repeat":"repeat","background-position":"center center","background-size":"auto","background-attachment":"scroll","background-type":"","background-media":"","overlay-type":"","overlay-color":"","overlay-opacity":"","overlay-gradient":""},"tablet":{"background-color":"","background-image":"","background-repeat":"repeat","background-position":"center center","background-size":"auto","background-attachment":"scroll","background-type":"","background-media":"","overlay-type":"","overlay-color":"","overlay-opacity":"","overlay-gradient":""},"mobile":{"background-color":"","background-image":"","background-repeat":"repeat","background-position":"center center","background-size":"auto","background-attachment":"scroll","background-type":"","background-media":"","overlay-type":"","overlay-color":"","overlay-opacity":"","overlay-gradient":""}},"ast-content-background-meta":{"desktop":{"background-color":"var(--ast-global-color-5)","background-image":"","background-repeat":"repeat","background-position":"center center","background-size":"auto","background-attachment":"scroll","background-type":"","background-media":"","overlay-type":"","overlay-color":"","overlay-opacity":"","overlay-gradient":""},"tablet":{"background-color":"var(--ast-global-color-5)","background-image":"","background-repeat":"repeat","background-position":"center center","background-size":"auto","background-attachment":"scroll","background-type":"","background-media":"","overlay-type":"","overlay-color":"","overlay-opacity":"","overlay-gradient":""},"mobile":{"background-color":"var(--ast-global-color-5)","background-image":"","background-repeat":"repeat","background-position":"center center","background-size":"auto","background-attachment":"scroll","background-type":"","background-media":"","overlay-type":"","overlay-color":"","overlay-opacity":"","overlay-gradient":""}},"ngg_post_thumbnail":0,"footnotes":""},"class_list":["post-3333","page","type-page","status-publish","hentry"],"_links":{"self":[{"href":"http:\/\/www2.unifap.br\/teatro\/wp-json\/wp\/v2\/pages\/3333","targetHints":{"allow":["GET"]}}],"collection":[{"href":"http:\/\/www2.unifap.br\/teatro\/wp-json\/wp\/v2\/pages"}],"about":[{"href":"http:\/\/www2.unifap.br\/teatro\/wp-json\/wp\/v2\/types\/page"}],"author":[{"embeddable":true,"href":"http:\/\/www2.unifap.br\/teatro\/wp-json\/wp\/v2\/users\/421"}],"replies":[{"embeddable":true,"href":"http:\/\/www2.unifap.br\/teatro\/wp-json\/wp\/v2\/comments?post=3333"}],"version-history":[{"count":17,"href":"http:\/\/www2.unifap.br\/teatro\/wp-json\/wp\/v2\/pages\/3333\/revisions"}],"predecessor-version":[{"id":3903,"href":"http:\/\/www2.unifap.br\/teatro\/wp-json\/wp\/v2\/pages\/3333\/revisions\/3903"}],"up":[{"embeddable":true,"href":"http:\/\/www2.unifap.br\/teatro\/wp-json\/wp\/v2\/pages\/330"}],"wp:attachment":[{"href":"http:\/\/www2.unifap.br\/teatro\/wp-json\/wp\/v2\/media?parent=3333"}],"curies":[{"name":"wp","href":"https:\/\/api.w.org\/{rel}","templated":true}]}}