{"id":3412,"date":"2024-10-07T21:36:10","date_gmt":"2024-10-07T21:36:10","guid":{"rendered":"https:\/\/www2.unifap.br\/teatro\/?page_id=3412"},"modified":"2026-01-16T11:56:58","modified_gmt":"2026-01-16T11:56:58","slug":"documentos-importantes","status":"publish","type":"page","link":"http:\/\/www2.unifap.br\/teatro\/documentos-importantes\/","title":{"rendered":"Regimentos\/Normas"},"content":{"rendered":"<h2 style=\"text-align: center\">DOCUMENTOS GERAIS<\/h2>\n<p><span style=\"color: #0000ff\"><strong><a style=\"color: #0000ff\" href=\"http:\/\/www2.unifap.br\/teatro\/files\/2024\/10\/PDI-2020-2026-1.pdf\" target=\"_blank\" rel=\"noopener\">PLANO DE DESENVOLVIMENTO INSTITUCIONAL (2020-2026)<\/a><\/strong><\/span><\/p>\n<p><span style=\"color: #0000ff\"><strong><a style=\"color: #0000ff\" href=\"http:\/\/www2.unifap.br\/teatro\/files\/2017\/10\/Regimento-Geral-UNIFAP.pdf\" target=\"_blank\" rel=\"noopener noreferrer\">REGIMENTO GERAL &#8211; UNIFAP<\/a><\/strong><\/span><\/p>\n<p><span style=\"color: #0000ff\"><strong><a style=\"color: #0000ff\" href=\"http:\/\/www2.unifap.br\/teatro\/files\/2017\/10\/Nota-t\u00e9cnica-01-2015-Abono-de-Faltas.pdf\" target=\"_blank\" rel=\"noopener noreferrer\">NOTA T\u00c9CNICA &#8211; ABONO DE FALTAS<\/a><\/strong><\/span><\/p>\n<hr \/>\n<h2><\/h2>\n<h2 style=\"text-align: center\">DOCUMENTOS INTERNOS<\/h2>\n<p><span style=\"color: #0000ff\"><strong><a style=\"color: #0000ff\" href=\"http:\/\/www2.unifap.br\/teatro\/files\/2024\/10\/REGIMENTO-DO-COLEGIADO-TEATRO_2024.pdf\" target=\"_blank\" rel=\"attachment noopener wp-att-2269\">REGIMENTO DO COLEGIADO TEATRO (novo)<\/a><\/strong><\/span><\/p>\n<p><span style=\"color: #0000ff\"><strong><a style=\"color: #0000ff\" href=\"https:\/\/www2.unifap.br\/teatro\/files\/2021\/06\/Regimento-NDE-CCT.pdf\" rel=\"attachment wp-att-2270\">REGIMENTO DO NDE &#8211; CCT<\/a><\/strong><\/span><\/p>\n<hr \/>\n<h2><\/h2>\n<h2 style=\"text-align: center\">ATIVIDADES COMPLEMENTARES<\/h2>\n<p><strong><span style=\"color: #0000ff\"><a style=\"color: #0000ff\" href=\"http:\/\/www2.unifap.br\/teatro\/files\/2025\/11\/NOVO-Regulamento-das-Atividades-Complementares-paginas.pdf\" target=\"_blank\" rel=\"noopener\">REGULAMENTO<\/a><\/span><\/strong><\/p>\n<p>&nbsp;<\/p>\n<hr \/>\n<h2 style=\"text-align: center\">EST\u00c1GIO SUPERVISIONADO <span style=\"color: #ff0000\">(Curr\u00edculo 2024)<\/span><\/h2>\n<p><strong><span style=\"color: #0000ff\"><a style=\"color: #0000ff\" href=\"http:\/\/www2.unifap.br\/teatro\/files\/2025\/07\/REGULAMENTO-DE-ESTAGIO-SUPERVISIONADO-CURRICULO-2025.pdf\" target=\"_blank\" rel=\"noopener\">REGULAMENTO DO EST\u00c1GIO SUPERVISIONADO<\/a><\/span><\/strong><\/p>\n<p><span style=\"color: #0000ff\"><strong><a style=\"color: #0000ff\" href=\"http:\/\/www2.unifap.br\/teatro\/files\/2026\/01\/DOCUMENTOS-PARA-REALIZACAO-DO-ESTAGIO-SUPERVISIONADO-2.docx\" target=\"_blank\" rel=\"noopener\">DOCUMENTA\u00c7\u00c3O &#8211; EST\u00c1GIO SUPERVISIONADO I, II, III e IV<\/a><\/strong><\/span><span style=\"color: #ff6600\"><strong>*<\/strong><\/span><\/p>\n<p><span style=\"color: #0000ff\"><strong><a style=\"color: #0000ff\" href=\"http:\/\/www2.unifap.br\/teatro\/files\/2022\/07\/Modelo-de-Projeto-de-Estagio-1.pdf\" target=\"_blank\" rel=\"noopener\">MODELO &#8211; PROJETO DE EST\u00c1GIO<\/a><\/strong><\/span><\/p>\n<p><span style=\"color: #0000ff\"><a style=\"color: #0000ff\" href=\"http:\/\/www2.unifap.br\/teatro\/files\/2026\/01\/MODELO-DE-RELATORIO-DE-ESTAGIO-EDITAR.pdf\" target=\"_blank\" rel=\"noopener\"><strong>MODELO &#8211; RELAT\u00d3RIO DE EST\u00c1GIO<\/strong><\/a><\/span><\/p>\n<p><span style=\"color: #ff6600\">*<\/span><span style=\"color: #0000ff\"><strong><span style=\"color: #ff6600\">(utilizar navegadores alternativos ao Google Chrome)<\/span><\/strong><\/span><\/p>\n<hr \/>\n<h2 style=\"text-align: center\">EST\u00c1GIO SUPERVISIONADO <span style=\"color: #ff0000\">(Curr\u00edculo 2014)<\/span><\/h2>\n<p><strong><span style=\"color: #0000ff\"><a style=\"color: #0000ff\" href=\"http:\/\/www2.unifap.br\/teatro\/files\/2024\/01\/NORMATIZACAO-DO-ESTAGIO-SUPERVISIONADO-1.pdf\">NORMATIZA\u00c7\u00c3O-DO-EST\u00c1GIO-SUPERVISIONADO<\/a><\/span><\/strong><\/p>\n<p><span style=\"color: #0000ff\"><strong><a style=\"color: #0000ff\" href=\"http:\/\/www2.unifap.br\/teatro\/files\/2026\/01\/DOCUMENTOS-PARA-REALIZACAO-DO-ESTAGIO-SUPERVISIONADO-2.docx\" target=\"_blank\" rel=\"noopener\">DOCUMENTA\u00c7\u00c3O &#8211; EST\u00c1GIO SUPERVISIONADO I, II, III e IV<\/a><\/strong><\/span><span style=\"color: #ff6600\"><strong>*<\/strong><\/span><\/p>\n<p><strong><span style=\"color: #0000ff\"><a style=\"color: #0000ff\" href=\"http:\/\/www2.unifap.br\/teatro\/files\/2016\/03\/MODELO-DE-RELAT\u00d3RIO-DE-EST\u00c1GIO.pdf\" target=\"_blank\" rel=\"noopener\">MODELO DE RELAT\u00d3RIO DE EST\u00c1GIO<\/a><\/span><\/strong><\/p>\n<p><strong><span style=\"color: #0000ff\"><a style=\"color: #0000ff\" href=\"http:\/\/www2.unifap.br\/teatro\/files\/2022\/07\/Modelo-de-Projeto-de-Estagio-1.pdf\">MODELO &#8211; PROJETO DE EST\u00c1GIO<\/a><\/span><\/strong><\/p>\n<p><strong><span style=\"color: #0000ff\"><a style=\"color: #0000ff\" href=\"http:\/\/www2.unifap.br\/teatro\/files\/2022\/07\/Modelo-de-relatorio-de-estagio.pdf\">MODELO &#8211; RELAT\u00d3RIO DE EST\u00c1GIO<\/a><\/span><\/strong><\/p>\n<p><span style=\"color: #ff6600\">*<\/span><span style=\"color: #0000ff\"><strong><span style=\"color: #ff6600\">(utilizar navegadores alternativos ao Google Chrome)<\/span><\/strong><\/span><\/p>\n<p>&nbsp;<\/p>\n<hr \/>\n<h2><\/h2>\n<h2 style=\"text-align: center\">TRABALHO DE CONCUS\u00c3O DE CURSO &#8211; TCC<\/h2>\n<p><span style=\"color: #0000ff\"><strong><a style=\"color: #0000ff\" href=\"http:\/\/www2.unifap.br\/teatro\/files\/2017\/05\/Regulamento-TCC-_-03-1.pdf\">REGULAMENTO TCC<\/a><\/strong><\/span><\/p>\n<hr \/>\n<h2><\/h2>\n<h2 style=\"text-align: center\">PR\u00c1TICA PEDAG\u00d3GICA<\/h2>\n<p><span style=\"color: #0000ff\"><strong><a style=\"color: #0000ff\" href=\"http:\/\/www2.unifap.br\/teatro\/files\/2024\/01\/REGULAMENTO-PRATICA-PEDAGOGICA.pdf\">REGULAMENTO-PR\u00c1TICA-PEDAG\u00d3GICA<\/a><\/strong><\/span><\/p>\n<p>&nbsp;<\/p>\n<hr \/>\n<h2 style=\"text-align: center\">ATIVIDADES CURRICULARES DE EXTENS\u00c3O<\/h2>\n<p>&nbsp;<\/p>\n<p style=\"text-align: center\">(EM CONSTRU\u00c7\u00c3O)<\/p>\n","protected":false},"excerpt":{"rendered":"<p>DOCUMENTOS GERAIS PLANO DE DESENVOLVIMENTO INSTITUCIONAL (2020-2026) REGIMENTO GERAL &#8211; UNIFAP NOTA T\u00c9CNICA &#8211; ABONO DE FALTAS DOCUMENTOS INTERNOS REGIMENTO DO COLEGIADO TEATRO (novo) REGIMENTO DO NDE &#8211; CCT ATIVIDADES COMPLEMENTARES REGULAMENTO &nbsp; EST\u00c1GIO SUPERVISIONADO (Curr\u00edculo 2024) REGULAMENTO DO EST\u00c1GIO SUPERVISIONADO DOCUMENTA\u00c7\u00c3O &#8211; EST\u00c1GIO SUPERVISIONADO I, II, III e IV* MODELO &#8211; PROJETO DE EST\u00c1GIO&#8230;<\/p>\n","protected":false},"author":421,"featured_media":0,"parent":0,"menu_order":0,"comment_status":"closed","ping_status":"closed","template":"","meta":{"inline_featured_image":false,"site-sidebar-layout":"default","site-content-layout":"","ast-site-content-layout":"default","site-content-style":"default","site-sidebar-style":"default","ast-global-header-display":"","ast-banner-title-visibility":"","ast-main-header-display":"","ast-hfb-above-header-display":"","ast-hfb-below-header-display":"","ast-hfb-mobile-header-display":"","site-post-title":"","ast-breadcrumbs-content":"","ast-featured-img":"","footer-sml-layout":"","theme-transparent-header-meta":"default","adv-header-id-meta":"","stick-header-meta":"","header-above-stick-meta":"","header-main-stick-meta":"","header-below-stick-meta":"","astra-migrate-meta-layouts":"set","ast-page-background-enabled":"default","ast-page-background-meta":{"desktop":{"background-color":"var(--ast-global-color-4)","background-image":"","background-repeat":"repeat","background-position":"center center","background-size":"auto","background-attachment":"scroll","background-type":"","background-media":"","overlay-type":"","overlay-color":"","overlay-opacity":"","overlay-gradient":""},"tablet":{"background-color":"","background-image":"","background-repeat":"repeat","background-position":"center center","background-size":"auto","background-attachment":"scroll","background-type":"","background-media":"","overlay-type":"","overlay-color":"","overlay-opacity":"","overlay-gradient":""},"mobile":{"background-color":"","background-image":"","background-repeat":"repeat","background-position":"center center","background-size":"auto","background-attachment":"scroll","background-type":"","background-media":"","overlay-type":"","overlay-color":"","overlay-opacity":"","overlay-gradient":""}},"ast-content-background-meta":{"desktop":{"background-color":"var(--ast-global-color-5)","background-image":"","background-repeat":"repeat","background-position":"center center","background-size":"auto","background-attachment":"scroll","background-type":"","background-media":"","overlay-type":"","overlay-color":"","overlay-opacity":"","overlay-gradient":""},"tablet":{"background-color":"var(--ast-global-color-5)","background-image":"","background-repeat":"repeat","background-position":"center center","background-size":"auto","background-attachment":"scroll","background-type":"","background-media":"","overlay-type":"","overlay-color":"","overlay-opacity":"","overlay-gradient":""},"mobile":{"background-color":"var(--ast-global-color-5)","background-image":"","background-repeat":"repeat","background-position":"center center","background-size":"auto","background-attachment":"scroll","background-type":"","background-media":"","overlay-type":"","overlay-color":"","overlay-opacity":"","overlay-gradient":""}},"ngg_post_thumbnail":0,"footnotes":""},"class_list":["post-3412","page","type-page","status-publish","hentry"],"_links":{"self":[{"href":"http:\/\/www2.unifap.br\/teatro\/wp-json\/wp\/v2\/pages\/3412","targetHints":{"allow":["GET"]}}],"collection":[{"href":"http:\/\/www2.unifap.br\/teatro\/wp-json\/wp\/v2\/pages"}],"about":[{"href":"http:\/\/www2.unifap.br\/teatro\/wp-json\/wp\/v2\/types\/page"}],"author":[{"embeddable":true,"href":"http:\/\/www2.unifap.br\/teatro\/wp-json\/wp\/v2\/users\/421"}],"replies":[{"embeddable":true,"href":"http:\/\/www2.unifap.br\/teatro\/wp-json\/wp\/v2\/comments?post=3412"}],"version-history":[{"count":44,"href":"http:\/\/www2.unifap.br\/teatro\/wp-json\/wp\/v2\/pages\/3412\/revisions"}],"predecessor-version":[{"id":3828,"href":"http:\/\/www2.unifap.br\/teatro\/wp-json\/wp\/v2\/pages\/3412\/revisions\/3828"}],"wp:attachment":[{"href":"http:\/\/www2.unifap.br\/teatro\/wp-json\/wp\/v2\/media?parent=3412"}],"curies":[{"name":"wp","href":"https:\/\/api.w.org\/{rel}","templated":true}]}}