{"id":3856,"date":"2026-03-13T17:41:34","date_gmt":"2026-03-13T17:41:34","guid":{"rendered":"https:\/\/www2.unifap.br\/teatro\/?page_id=3856"},"modified":"2026-03-15T14:31:15","modified_gmt":"2026-03-15T14:31:15","slug":"raisa-ribeiro-almeida","status":"publish","type":"page","link":"http:\/\/www2.unifap.br\/teatro\/docentes-efetivos\/raisa-ribeiro-almeida\/","title":{"rendered":"Raisa Ribeiro Almeida"},"content":{"rendered":"<p><img decoding=\"async\" class=\"alignleft\" src=\"http:\/\/www2.unifap.br\/teatro\/files\/2026\/03\/WhatsApp-Image-2026-03-13-at-15.32.01.jpeg\" width=\"174\" height=\"178\" \/>Mestra em Educa\u00e7\u00e3o pela Universidade Federal do Amap\u00e1-UNIFAP. Especialista em Doc\u00eancia do Ensino Superior pela Faculdade META(2010). Licenciada em M\u00fasica pela Universidade do Estado do Amap\u00e1 (2021) e Hist\u00f3ria pela Universidade Estadual Vale do Acara\u00fa (2009). Bacharel em Direito pela FACULDADE DE MACAP\u00c1. Atualmente \u00e9 professora substituta da Universidade Federal do Amap\u00e1. Tem experi\u00eancia na \u00e1rea de Educa\u00e7\u00e3o, com \u00eanfase em Artes\/M\u00fasica atuando principalmente com os seguintes temas: Educa\u00e7\u00e3o Musical, Cultura, Inf\u00e2ncia.<\/p>\n<p>Lattes: <a href=\"https:\/\/lattes.cnpq.br\/9300880262770565\" target=\"_blank\" rel=\"noopener\">https:\/\/lattes.cnpq.br\/9300880262770565<\/a><\/p>\n","protected":false},"excerpt":{"rendered":"<p>Mestra em Educa\u00e7\u00e3o pela Universidade Federal do Amap\u00e1-UNIFAP. Especialista em Doc\u00eancia do Ensino Superior pela Faculdade META(2010). Licenciada em M\u00fasica pela Universidade do Estado do Amap\u00e1 (2021) e Hist\u00f3ria pela Universidade Estadual Vale do Acara\u00fa (2009). Bacharel em Direito pela FACULDADE DE MACAP\u00c1. Atualmente \u00e9 professora substituta da Universidade Federal do Amap\u00e1. Tem experi\u00eancia na&#8230;<\/p>\n","protected":false},"author":421,"featured_media":0,"parent":310,"menu_order":0,"comment_status":"closed","ping_status":"closed","template":"","meta":{"inline_featured_image":false,"site-sidebar-layout":"default","site-content-layout":"","ast-site-content-layout":"default","site-content-style":"default","site-sidebar-style":"default","ast-global-header-display":"","ast-banner-title-visibility":"","ast-main-header-display":"","ast-hfb-above-header-display":"","ast-hfb-below-header-display":"","ast-hfb-mobile-header-display":"","site-post-title":"","ast-breadcrumbs-content":"","ast-featured-img":"","footer-sml-layout":"","theme-transparent-header-meta":"default","adv-header-id-meta":"","stick-header-meta":"","header-above-stick-meta":"","header-main-stick-meta":"","header-below-stick-meta":"","astra-migrate-meta-layouts":"set","ast-page-background-enabled":"default","ast-page-background-meta":{"desktop":{"background-color":"var(--ast-global-color-4)","background-image":"","background-repeat":"repeat","background-position":"center center","background-size":"auto","background-attachment":"scroll","background-type":"","background-media":"","overlay-type":"","overlay-color":"","overlay-opacity":"","overlay-gradient":""},"tablet":{"background-color":"","background-image":"","background-repeat":"repeat","background-position":"center center","background-size":"auto","background-attachment":"scroll","background-type":"","background-media":"","overlay-type":"","overlay-color":"","overlay-opacity":"","overlay-gradient":""},"mobile":{"background-color":"","background-image":"","background-repeat":"repeat","background-position":"center center","background-size":"auto","background-attachment":"scroll","background-type":"","background-media":"","overlay-type":"","overlay-color":"","overlay-opacity":"","overlay-gradient":""}},"ast-content-background-meta":{"desktop":{"background-color":"var(--ast-global-color-5)","background-image":"","background-repeat":"repeat","background-position":"center center","background-size":"auto","background-attachment":"scroll","background-type":"","background-media":"","overlay-type":"","overlay-color":"","overlay-opacity":"","overlay-gradient":""},"tablet":{"background-color":"var(--ast-global-color-5)","background-image":"","background-repeat":"repeat","background-position":"center center","background-size":"auto","background-attachment":"scroll","background-type":"","background-media":"","overlay-type":"","overlay-color":"","overlay-opacity":"","overlay-gradient":""},"mobile":{"background-color":"var(--ast-global-color-5)","background-image":"","background-repeat":"repeat","background-position":"center center","background-size":"auto","background-attachment":"scroll","background-type":"","background-media":"","overlay-type":"","overlay-color":"","overlay-opacity":"","overlay-gradient":""}},"ngg_post_thumbnail":0,"footnotes":""},"class_list":["post-3856","page","type-page","status-publish","hentry"],"_links":{"self":[{"href":"http:\/\/www2.unifap.br\/teatro\/wp-json\/wp\/v2\/pages\/3856","targetHints":{"allow":["GET"]}}],"collection":[{"href":"http:\/\/www2.unifap.br\/teatro\/wp-json\/wp\/v2\/pages"}],"about":[{"href":"http:\/\/www2.unifap.br\/teatro\/wp-json\/wp\/v2\/types\/page"}],"author":[{"embeddable":true,"href":"http:\/\/www2.unifap.br\/teatro\/wp-json\/wp\/v2\/users\/421"}],"replies":[{"embeddable":true,"href":"http:\/\/www2.unifap.br\/teatro\/wp-json\/wp\/v2\/comments?post=3856"}],"version-history":[{"count":6,"href":"http:\/\/www2.unifap.br\/teatro\/wp-json\/wp\/v2\/pages\/3856\/revisions"}],"predecessor-version":[{"id":3874,"href":"http:\/\/www2.unifap.br\/teatro\/wp-json\/wp\/v2\/pages\/3856\/revisions\/3874"}],"up":[{"embeddable":true,"href":"http:\/\/www2.unifap.br\/teatro\/wp-json\/wp\/v2\/pages\/310"}],"wp:attachment":[{"href":"http:\/\/www2.unifap.br\/teatro\/wp-json\/wp\/v2\/media?parent=3856"}],"curies":[{"name":"wp","href":"https:\/\/api.w.org\/{rel}","templated":true}]}}