{"id":3859,"date":"2026-03-13T17:42:21","date_gmt":"2026-03-13T17:42:21","guid":{"rendered":"https:\/\/www2.unifap.br\/teatro\/?page_id=3859"},"modified":"2026-03-15T14:25:51","modified_gmt":"2026-03-15T14:25:51","slug":"tifanny-jaira-raiol-matos","status":"publish","type":"page","link":"http:\/\/www2.unifap.br\/teatro\/docentes-efetivos\/tifanny-jaira-raiol-matos\/","title":{"rendered":"Tifanny Jaira Raiol Matos"},"content":{"rendered":"<p><img decoding=\"async\" class=\"alignleft\" src=\"http:\/\/www2.unifap.br\/teatro\/files\/2026\/03\/WhatsApp-Image-2026-03-13-at-15.28.44.jpeg\" width=\"136\" height=\"238\" \/>Graduada em Teatro pela Universidade Federal de Sergipe (UFS) e em Pedagogia pelo Centro Universit\u00e1rio Internacional (UNINTER). Possui especializa\u00e7\u00e3o em Artes Visuais pela Universidade Federal de Goi\u00e1s (FAV\/UFG) e \u00e9 mestra em Hist\u00f3ria pela Universidade Federal do Amap\u00e1 (PPGH\/UNIFAP), vinculada \u00e0 linha de pesquisa Poder, Mem\u00f3ria e Representa\u00e7\u00f5es. Atualmente \u00e9 professora substituta no Curso de Teatro da Universidade Federal do Amap\u00e1 (UNIFAP), atuando principalmente nas \u00e1reas de pr\u00e1tica pedag\u00f3gica em teatro, forma\u00e7\u00e3o de professores, processos criativos, teatralidade e media\u00e7\u00e3o cultural. Desenvolve atividades de ensino que articulam teoria e pr\u00e1tica, com \u00eanfase em metodologias participativas, processos colaborativos e experi\u00eancias est\u00e9ticas no contexto educacional. \u00c9 membro do Centro de Estudos de Religi\u00f5es, Religiosidades e Pol\u00edticas P\u00fablicas (CEPRES\/UNIFAP), onde participa de pesquisas interdisciplinares voltadas \u00e0s rela\u00e7\u00f5es entre cultura, mem\u00f3ria, religiosidade, pol\u00edtica e pr\u00e1ticas simb\u00f3licas. Sua produ\u00e7\u00e3o acad\u00eamica e art\u00edstica concentra-se nos estudos sobre teatro, mem\u00f3ria, representa\u00e7\u00e3o, performatividade e pr\u00e1ticas culturais, com aten\u00e7\u00e3o especial \u00e0s manifesta\u00e7\u00f5es populares e \u00e0s experi\u00eancias teatrais no contexto amaz\u00f4nico, em especial na comunidade de Mazag\u00e3o Velho, no Amap\u00e1, e na Festa de S\u00e3o Tiago. Possui experi\u00eancia em teatro, no campo educacional, atuando em processos forma\u00e7\u00e3o teatral, oficinas, projetos de extens\u00e3o e pr\u00e1ticas pedag\u00f3gicas em diferentes contextos de ensino. Seu percurso acad\u00eamico e profissional caracteriza-se pelo di\u00e1logo entre artes, educa\u00e7\u00e3o e hist\u00f3ria, valorizando o teatro como ferramenta de forma\u00e7\u00e3o cr\u00edtica, express\u00e3o cultural e constru\u00e7\u00e3o de mem\u00f3ria coletiva.<\/p>\n<p>Lattes: <a href=\"https:\/\/lattes.cnpq.br\/2524887426348249\" target=\"_blank\" rel=\"noopener\">https:\/\/lattes.cnpq.br\/2524887426348249\u00a0<\/a><\/p>\n","protected":false},"excerpt":{"rendered":"<p>Graduada em Teatro pela Universidade Federal de Sergipe (UFS) e em Pedagogia pelo Centro Universit\u00e1rio Internacional (UNINTER). Possui especializa\u00e7\u00e3o em Artes Visuais pela Universidade Federal de Goi\u00e1s (FAV\/UFG) e \u00e9 mestra em Hist\u00f3ria pela Universidade Federal do Amap\u00e1 (PPGH\/UNIFAP), vinculada \u00e0 linha de pesquisa Poder, Mem\u00f3ria e Representa\u00e7\u00f5es. Atualmente \u00e9 professora substituta no Curso de&#8230;<\/p>\n","protected":false},"author":421,"featured_media":0,"parent":310,"menu_order":0,"comment_status":"closed","ping_status":"closed","template":"","meta":{"inline_featured_image":false,"site-sidebar-layout":"default","site-content-layout":"","ast-site-content-layout":"default","site-content-style":"default","site-sidebar-style":"default","ast-global-header-display":"","ast-banner-title-visibility":"","ast-main-header-display":"","ast-hfb-above-header-display":"","ast-hfb-below-header-display":"","ast-hfb-mobile-header-display":"","site-post-title":"","ast-breadcrumbs-content":"","ast-featured-img":"","footer-sml-layout":"","theme-transparent-header-meta":"default","adv-header-id-meta":"","stick-header-meta":"","header-above-stick-meta":"","header-main-stick-meta":"","header-below-stick-meta":"","astra-migrate-meta-layouts":"set","ast-page-background-enabled":"default","ast-page-background-meta":{"desktop":{"background-color":"var(--ast-global-color-4)","background-image":"","background-repeat":"repeat","background-position":"center center","background-size":"auto","background-attachment":"scroll","background-type":"","background-media":"","overlay-type":"","overlay-color":"","overlay-opacity":"","overlay-gradient":""},"tablet":{"background-color":"","background-image":"","background-repeat":"repeat","background-position":"center center","background-size":"auto","background-attachment":"scroll","background-type":"","background-media":"","overlay-type":"","overlay-color":"","overlay-opacity":"","overlay-gradient":""},"mobile":{"background-color":"","background-image":"","background-repeat":"repeat","background-position":"center center","background-size":"auto","background-attachment":"scroll","background-type":"","background-media":"","overlay-type":"","overlay-color":"","overlay-opacity":"","overlay-gradient":""}},"ast-content-background-meta":{"desktop":{"background-color":"var(--ast-global-color-5)","background-image":"","background-repeat":"repeat","background-position":"center center","background-size":"auto","background-attachment":"scroll","background-type":"","background-media":"","overlay-type":"","overlay-color":"","overlay-opacity":"","overlay-gradient":""},"tablet":{"background-color":"var(--ast-global-color-5)","background-image":"","background-repeat":"repeat","background-position":"center center","background-size":"auto","background-attachment":"scroll","background-type":"","background-media":"","overlay-type":"","overlay-color":"","overlay-opacity":"","overlay-gradient":""},"mobile":{"background-color":"var(--ast-global-color-5)","background-image":"","background-repeat":"repeat","background-position":"center center","background-size":"auto","background-attachment":"scroll","background-type":"","background-media":"","overlay-type":"","overlay-color":"","overlay-opacity":"","overlay-gradient":""}},"ngg_post_thumbnail":0,"footnotes":""},"class_list":["post-3859","page","type-page","status-publish","hentry"],"_links":{"self":[{"href":"http:\/\/www2.unifap.br\/teatro\/wp-json\/wp\/v2\/pages\/3859","targetHints":{"allow":["GET"]}}],"collection":[{"href":"http:\/\/www2.unifap.br\/teatro\/wp-json\/wp\/v2\/pages"}],"about":[{"href":"http:\/\/www2.unifap.br\/teatro\/wp-json\/wp\/v2\/types\/page"}],"author":[{"embeddable":true,"href":"http:\/\/www2.unifap.br\/teatro\/wp-json\/wp\/v2\/users\/421"}],"replies":[{"embeddable":true,"href":"http:\/\/www2.unifap.br\/teatro\/wp-json\/wp\/v2\/comments?post=3859"}],"version-history":[{"count":3,"href":"http:\/\/www2.unifap.br\/teatro\/wp-json\/wp\/v2\/pages\/3859\/revisions"}],"predecessor-version":[{"id":3869,"href":"http:\/\/www2.unifap.br\/teatro\/wp-json\/wp\/v2\/pages\/3859\/revisions\/3869"}],"up":[{"embeddable":true,"href":"http:\/\/www2.unifap.br\/teatro\/wp-json\/wp\/v2\/pages\/310"}],"wp:attachment":[{"href":"http:\/\/www2.unifap.br\/teatro\/wp-json\/wp\/v2\/media?parent=3859"}],"curies":[{"name":"wp","href":"https:\/\/api.w.org\/{rel}","templated":true}]}}