{"id":404,"date":"2016-02-02T13:25:00","date_gmt":"2016-02-02T13:25:00","guid":{"rendered":"http:\/\/www2.unifap.br\/teatro\/?page_id=404"},"modified":"2016-02-14T23:20:16","modified_gmt":"2016-02-14T23:20:16","slug":"ii-seminario-cientifico-em-artes-cenicas-do-amapa","status":"publish","type":"page","link":"http:\/\/www2.unifap.br\/teatro\/eventos-2\/ii-seminario-cientifico-em-artes-cenicas-do-amapa\/","title":{"rendered":"II Semin\u00e1rio Cient\u00edfico em Artes C\u00eanicas do Amap\u00e1"},"content":{"rendered":"<p style=\"text-align: left\" align=\"center\"><a href=\"http:\/\/www2.unifap.br\/teatro\/files\/2016\/02\/12633519_1090070407690741_1764141754342642756_o.jpg\"><img fetchpriority=\"high\" decoding=\"async\" alt=\"12633519_1090070407690741_1764141754342642756_o\" src=\"http:\/\/www2.unifap.br\/teatro\/files\/2016\/02\/12633519_1090070407690741_1764141754342642756_o-1024x896.jpg\" width=\"640\" height=\"560\" \/><\/a><\/p>\n<p style=\"text-align: left\" align=\"center\"><a href=\"http:\/\/www2.unifap.br\/teatro\/files\/2016\/02\/banner_sc.jpg\"><img decoding=\"async\" class=\"size-medium wp-image-418 alignleft\" alt=\"banner_sc\" src=\"http:\/\/www2.unifap.br\/teatro\/files\/2016\/02\/banner_sc-210x300.jpg\" width=\"210\" height=\"300\" \/><\/a><\/p>\n<p style=\"text-align: left\" align=\"center\"><span style=\"line-height: 1.5em\">O Curso de Licenciatura em Teatro da Universidade Federal do Amap\u00e1 foi aprovado em 12 de novembro de 2013 pelo Conselho Universit\u00e1rio, sendo que a primeira turma entrou no ano de 2014. Atualmente estamos com duas turmas e na expectativa da entrada da terceira turma, neste ano de 2016. De 2014 at\u00e9 a presente data promovemos 18 \u201cCiclos de Palestras em Artes C\u00eanicas\u201d; a I Semana do Curso de Teatro \u2013 2014; a Exposi\u00e7\u00e3o \u201cAo Mestre com Carinho\u201d em 2014; a II Semana do Curso de Teatro em 2015; o I Semin\u00e1rio Cient\u00edfico em Artes C\u00eanicas do Amap\u00e1, em 2015 e estamos promovendo o II Semin\u00e1rio Cient\u00edfico em Artes C\u00eanicas do Amap\u00e1 que acontecer\u00e1 no per\u00edodo de 15 a 20 de fevereiro do ano em curso.<\/span><\/p>\n<p>No momento, estamos vivenciando nova experi\u00eancia e mais um avan\u00e7o do Curso de Teatro da UNIFAP. O segundo semestre deste ano de 2015 iniciou no dia nove de dezembro e a primeira turma que entrou no ano de 2014, j\u00e1 est\u00e1 no seu quarto semestre, ou seja, na metade do curso. \u00c9 importante salientar que em 2014 a primeira turma iniciou apenas com o professor Dr. Palhano, que j\u00e1 vinha ministrando aulas na institui\u00e7\u00e3o e assumiu concomitantemente a Coordena\u00e7\u00e3o do Curso de Teatro. No in\u00edcio de tudo, professores de outros cursos como Artes Visuais e Educa\u00e7\u00e3o F\u00edsica tamb\u00e9m contribu\u00edram com o momento inicial do Curso de Teatro ministrando aulas. Em meados do segundo, em fun\u00e7\u00e3o de concurso p\u00fablico a UNIFAP contrata o Prof. Fl\u00e1vio Nos\u00e9, que vem contribuir para o melhor desenvolvimento das atividades pedag\u00f3gicas.<\/p>\n<p>Ap\u00f3s praticamente dois anos, estamos comemorando a chegada de mais seis professores. Este significa mais um momento de muita import\u00e2ncia para o curso de teatro, visto que agora conta em seu colegiado, com oito professores qualificados, em rela\u00e7\u00e3o \u00e0 prepara\u00e7\u00e3o pr\u00e1tica e pedag\u00f3gica de nossos acad\u00eamicos. Hoje o Curso de Teatro da UNIFAP conta com os seguintes profissionais: Prof. Dr. Romualdo Rodrigues Palhano (Coordenador do Curso); Prof. Msc. Jos\u00e9 Fl\u00e1vio Cardosos Nos\u00e9; Prof. Msc. Raphael Brito dos Santos; Profa. Juliana Souto Lemos; Prof. Esp. Frederico de Carvalho Ferreira; Profa. Esp. Tain\u00e1 Macedo Vasconcelos; e Prof. Jos\u00e9 Fl\u00e1vio Gon\u00e7alves da Fonseca.<\/p>\n<p>Todos os professores acima citados s\u00e3o qualificados na \u00e1rea pertinente ao teatro e artes c\u00eanicas. Todavia, teremos que continuar a batalha em prol do bom desenvolvimento do curso. No momento, estamos promovendo o \u201cII SEMIN\u00c1RIO CIENT\u00cdFICO EM ARTES C\u00caNICAS DO AMAP\u00c1\u201d que apresenta o tema: <i>O Lugar do<\/i> <i>Teatro no Ensino das Artes<\/i>. Visa socializar e fomentar amplo debate, discuss\u00f5es e reflex\u00f5es em rela\u00e7\u00e3o \u00e0s Artes C\u00eanicas no Ensino Fundamental e M\u00e9dio no Estado do Amap\u00e1. Ter\u00e1 mesas redondas, palestras, debates, oficinas e atividades culturais. O evento \u00e9 aberto a todos os interessados e acontecer\u00e1 no Departamento de Letras e Artes da Universidade Federal do Amap\u00e1, no per\u00edodo de 15 a 20 de fevereiro do ano em curso.<\/p>\n<p>&nbsp;<\/p>\n<p>Prof. Dr. Romualdo Palhano<br \/>\nCoordenador do Curso de Licenciatura em Teatro<br \/>\nCoordenador Geral do Evento<\/p>\n<p><a href=\"http:\/\/www2.unifap.br\/teatro\/files\/2016\/02\/0001.jpg\"><img decoding=\"async\" class=\"alignnone size-large wp-image-411\" alt=\"0001\" src=\"http:\/\/www2.unifap.br\/teatro\/files\/2016\/02\/0001-1024x724.jpg\" width=\"640\" height=\"452\" srcset=\"http:\/\/www2.unifap.br\/teatro\/files\/2016\/02\/0001-1024x724.jpg 1024w, http:\/\/www2.unifap.br\/teatro\/files\/2016\/02\/0001-300x212.jpg 300w\" sizes=\"(max-width: 640px) 100vw, 640px\" \/><\/a><\/p>\n<p>&nbsp;<\/p>\n<p>&nbsp;<\/p>\n<p>&nbsp;<\/p>\n<p><a href=\"http:\/\/www2.unifap.br\/teatro\/files\/2016\/02\/0002.jpg\"><img loading=\"lazy\" decoding=\"async\" class=\"alignnone size-large wp-image-490\" alt=\"0002\" src=\"http:\/\/www2.unifap.br\/teatro\/files\/2016\/02\/0002-1024x724.jpg\" width=\"640\" height=\"452\" srcset=\"http:\/\/www2.unifap.br\/teatro\/files\/2016\/02\/0002-1024x724.jpg 1024w, http:\/\/www2.unifap.br\/teatro\/files\/2016\/02\/0002-300x212.jpg 300w\" sizes=\"(max-width: 640px) 100vw, 640px\" \/><\/a><\/p>\n<p>&nbsp;<\/p>\n<p>&nbsp;<\/p>\n<p>&nbsp;<\/p>\n<p>&nbsp;<\/p>\n<p><a href=\"http:\/\/www2.unifap.br\/teatro\/files\/2016\/02\/004.jpg\"><img loading=\"lazy\" decoding=\"async\" class=\"alignnone size-large wp-image-413\" alt=\"004\" src=\"http:\/\/www2.unifap.br\/teatro\/files\/2016\/02\/004-724x1024.jpg\" width=\"640\" height=\"905\" srcset=\"http:\/\/www2.unifap.br\/teatro\/files\/2016\/02\/004-724x1024.jpg 724w, http:\/\/www2.unifap.br\/teatro\/files\/2016\/02\/004-212x300.jpg 212w\" sizes=\"(max-width: 640px) 100vw, 640px\" \/><\/a><\/p>\n<p>&nbsp;<\/p>\n<p>&nbsp;<\/p>\n<p><a href=\"http:\/\/www2.unifap.br\/teatro\/files\/2016\/02\/003.jpg\"><img loading=\"lazy\" decoding=\"async\" class=\"alignnone size-large wp-image-414\" alt=\"003\" src=\"http:\/\/www2.unifap.br\/teatro\/files\/2016\/02\/003-724x1024.jpg\" width=\"640\" height=\"905\" srcset=\"http:\/\/www2.unifap.br\/teatro\/files\/2016\/02\/003-724x1024.jpg 724w, http:\/\/www2.unifap.br\/teatro\/files\/2016\/02\/003-212x300.jpg 212w\" sizes=\"(max-width: 640px) 100vw, 640px\" \/><\/a><\/p>\n","protected":false},"excerpt":{"rendered":"<p>O Curso de Licenciatura em Teatro da Universidade Federal do Amap\u00e1 foi aprovado em 12 de novembro de 2013 pelo Conselho Universit\u00e1rio, sendo que a primeira turma entrou no ano de 2014. Atualmente estamos com duas turmas e na expectativa da entrada da terceira turma, neste ano de 2016. De 2014 at\u00e9 a presente data&#8230;<\/p>\n","protected":false},"author":421,"featured_media":0,"parent":145,"menu_order":0,"comment_status":"open","ping_status":"open","template":"","meta":{"inline_featured_image":false,"site-sidebar-layout":"default","site-content-layout":"","ast-site-content-layout":"default","site-content-style":"default","site-sidebar-style":"default","ast-global-header-display":"","ast-banner-title-visibility":"","ast-main-header-display":"","ast-hfb-above-header-display":"","ast-hfb-below-header-display":"","ast-hfb-mobile-header-display":"","site-post-title":"","ast-breadcrumbs-content":"","ast-featured-img":"","footer-sml-layout":"","theme-transparent-header-meta":"","adv-header-id-meta":"","stick-header-meta":"","header-above-stick-meta":"","header-main-stick-meta":"","header-below-stick-meta":"","astra-migrate-meta-layouts":"default","ast-page-background-enabled":"default","ast-page-background-meta":{"desktop":{"background-color":"var(--ast-global-color-4)","background-image":"","background-repeat":"repeat","background-position":"center center","background-size":"auto","background-attachment":"scroll","background-type":"","background-media":"","overlay-type":"","overlay-color":"","overlay-opacity":"","overlay-gradient":""},"tablet":{"background-color":"","background-image":"","background-repeat":"repeat","background-position":"center center","background-size":"auto","background-attachment":"scroll","background-type":"","background-media":"","overlay-type":"","overlay-color":"","overlay-opacity":"","overlay-gradient":""},"mobile":{"background-color":"","background-image":"","background-repeat":"repeat","background-position":"center center","background-size":"auto","background-attachment":"scroll","background-type":"","background-media":"","overlay-type":"","overlay-color":"","overlay-opacity":"","overlay-gradient":""}},"ast-content-background-meta":{"desktop":{"background-color":"var(--ast-global-color-5)","background-image":"","background-repeat":"repeat","background-position":"center center","background-size":"auto","background-attachment":"scroll","background-type":"","background-media":"","overlay-type":"","overlay-color":"","overlay-opacity":"","overlay-gradient":""},"tablet":{"background-color":"var(--ast-global-color-5)","background-image":"","background-repeat":"repeat","background-position":"center center","background-size":"auto","background-attachment":"scroll","background-type":"","background-media":"","overlay-type":"","overlay-color":"","overlay-opacity":"","overlay-gradient":""},"mobile":{"background-color":"var(--ast-global-color-5)","background-image":"","background-repeat":"repeat","background-position":"center center","background-size":"auto","background-attachment":"scroll","background-type":"","background-media":"","overlay-type":"","overlay-color":"","overlay-opacity":"","overlay-gradient":""}},"ngg_post_thumbnail":0,"footnotes":""},"class_list":["post-404","page","type-page","status-publish","hentry"],"_links":{"self":[{"href":"http:\/\/www2.unifap.br\/teatro\/wp-json\/wp\/v2\/pages\/404","targetHints":{"allow":["GET"]}}],"collection":[{"href":"http:\/\/www2.unifap.br\/teatro\/wp-json\/wp\/v2\/pages"}],"about":[{"href":"http:\/\/www2.unifap.br\/teatro\/wp-json\/wp\/v2\/types\/page"}],"author":[{"embeddable":true,"href":"http:\/\/www2.unifap.br\/teatro\/wp-json\/wp\/v2\/users\/421"}],"replies":[{"embeddable":true,"href":"http:\/\/www2.unifap.br\/teatro\/wp-json\/wp\/v2\/comments?post=404"}],"version-history":[{"count":6,"href":"http:\/\/www2.unifap.br\/teatro\/wp-json\/wp\/v2\/pages\/404\/revisions"}],"predecessor-version":[{"id":492,"href":"http:\/\/www2.unifap.br\/teatro\/wp-json\/wp\/v2\/pages\/404\/revisions\/492"}],"up":[{"embeddable":true,"href":"http:\/\/www2.unifap.br\/teatro\/wp-json\/wp\/v2\/pages\/145"}],"wp:attachment":[{"href":"http:\/\/www2.unifap.br\/teatro\/wp-json\/wp\/v2\/media?parent=404"}],"curies":[{"name":"wp","href":"https:\/\/api.w.org\/{rel}","templated":true}]}}