{"id":70,"date":"2014-07-10T12:05:11","date_gmt":"2014-07-10T12:05:11","guid":{"rendered":"http:\/\/www2.unifap.br\/teatro\/?page_id=70"},"modified":"2024-10-07T21:54:07","modified_gmt":"2024-10-07T21:54:07","slug":"projeto-politico-pedagogico","status":"publish","type":"page","link":"http:\/\/www2.unifap.br\/teatro\/projeto-politico-pedagogico\/","title":{"rendered":"Projeto Pedag\u00f3gico do Curso (2014\/2024)"},"content":{"rendered":"<p style=\"font-size: 16px;font-style: normal;font-weight: 400\"><span style=\"color: #000000\"><strong style=\"font-size: 16px\"><span style=\"color: #0000ff\"><a style=\"color: #0000ff\" href=\"http:\/\/www2.unifap.br\/teatro\/files\/2024\/09\/PPC-CURRICULO-2024.pdf\" target=\"_blank\" rel=\"noopener\">PROJETO PEDAG\u00d3GICO DE CURSO &#8211; 2024<\/a><\/span>\u00a0<\/strong><\/span><\/p>\n<p><span style=\"color: #0000ff\"><a style=\"color: #0000ff\" href=\"http:\/\/www2.unifap.br\/teatro\/files\/2024\/08\/fluxograma_curriculo-2024.pdf\" target=\"_blank\" rel=\"noopener\"><strong style=\"font-size: 16px\">FLUXOGRAMA &#8211; CURR\u00cdCULO 2024<\/strong><\/a><\/span><\/p>\n<p><strong><span style=\"color: #0000ff\"><a style=\"color: #0000ff\" href=\"http:\/\/www2.unifap.br\/teatro\/files\/2024\/09\/RES.22._2024_-_CONSU_-_Converso_da_Res._6._2024_-_CONSU_-_Homologa_a_aprovao_-1.pdf\" target=\"_blank\" rel=\"noopener\">RESOLU\u00c7\u00c3O N\u00ba 22 DE 12 DE SETEMBRO DE 2024<\/a><\/span><\/strong> (Homologa a aprova\u00e7\u00e3o da reformula\u00e7\u00e3o do PPC do Curso de Licenciatura em Teatro &#8211; UNIFAP<\/p>\n<hr \/>\n<p><span style=\"color: #0000ff\"><strong><a style=\"color: #0000ff\" href=\"http:\/\/www2.unifap.br\/teatro\/files\/2014\/07\/TEATRO-Projeto-Pol\u00edtico-Pedag\u00f3gico.pdf\" target=\"_blank\" rel=\"noopener\">PROJETO PEDAG\u00d3GICO DE CURSO- 2014<\/a><\/strong><\/span><\/p>\n<p><span style=\"color: #0000ff\"><strong><a style=\"color: #0000ff\" href=\"https:\/\/www2.unifap.br\/teatro\/files\/2014\/07\/mc.pdf\" target=\"_blank\" rel=\"noopener\">MATRIZ CURRICULAR &#8211; 2014<\/a><\/strong><\/span><\/p>\n<p>&nbsp;<\/p>\n","protected":false},"excerpt":{"rendered":"<p>PROJETO PEDAG\u00d3GICO DE CURSO &#8211; 2024\u00a0 FLUXOGRAMA &#8211; CURR\u00cdCULO 2024 RESOLU\u00c7\u00c3O N\u00ba 22 DE 12 DE SETEMBRO DE 2024 (Homologa a aprova\u00e7\u00e3o da reformula\u00e7\u00e3o do PPC do Curso de Licenciatura em Teatro &#8211; UNIFAP PROJETO PEDAG\u00d3GICO DE CURSO- 2014 MATRIZ CURRICULAR &#8211; 2014 &nbsp;<\/p>\n","protected":false},"author":421,"featured_media":0,"parent":0,"menu_order":0,"comment_status":"open","ping_status":"open","template":"","meta":{"inline_featured_image":false,"site-sidebar-layout":"default","site-content-layout":"","ast-site-content-layout":"default","site-content-style":"default","site-sidebar-style":"default","ast-global-header-display":"","ast-banner-title-visibility":"","ast-main-header-display":"","ast-hfb-above-header-display":"","ast-hfb-below-header-display":"","ast-hfb-mobile-header-display":"","site-post-title":"","ast-breadcrumbs-content":"","ast-featured-img":"","footer-sml-layout":"","theme-transparent-header-meta":"default","adv-header-id-meta":"","stick-header-meta":"","header-above-stick-meta":"","header-main-stick-meta":"","header-below-stick-meta":"","astra-migrate-meta-layouts":"set","ast-page-background-enabled":"default","ast-page-background-meta":{"desktop":{"background-color":"var(--ast-global-color-4)","background-image":"","background-repeat":"repeat","background-position":"center center","background-size":"auto","background-attachment":"scroll","background-type":"","background-media":"","overlay-type":"","overlay-color":"","overlay-opacity":"","overlay-gradient":""},"tablet":{"background-color":"","background-image":"","background-repeat":"repeat","background-position":"center center","background-size":"auto","background-attachment":"scroll","background-type":"","background-media":"","overlay-type":"","overlay-color":"","overlay-opacity":"","overlay-gradient":""},"mobile":{"background-color":"","background-image":"","background-repeat":"repeat","background-position":"center center","background-size":"auto","background-attachment":"scroll","background-type":"","background-media":"","overlay-type":"","overlay-color":"","overlay-opacity":"","overlay-gradient":""}},"ast-content-background-meta":{"desktop":{"background-color":"var(--ast-global-color-5)","background-image":"","background-repeat":"repeat","background-position":"center center","background-size":"auto","background-attachment":"scroll","background-type":"","background-media":"","overlay-type":"","overlay-color":"","overlay-opacity":"","overlay-gradient":""},"tablet":{"background-color":"var(--ast-global-color-5)","background-image":"","background-repeat":"repeat","background-position":"center center","background-size":"auto","background-attachment":"scroll","background-type":"","background-media":"","overlay-type":"","overlay-color":"","overlay-opacity":"","overlay-gradient":""},"mobile":{"background-color":"var(--ast-global-color-5)","background-image":"","background-repeat":"repeat","background-position":"center center","background-size":"auto","background-attachment":"scroll","background-type":"","background-media":"","overlay-type":"","overlay-color":"","overlay-opacity":"","overlay-gradient":""}},"ngg_post_thumbnail":0,"footnotes":""},"class_list":["post-70","page","type-page","status-publish","hentry"],"_links":{"self":[{"href":"http:\/\/www2.unifap.br\/teatro\/wp-json\/wp\/v2\/pages\/70","targetHints":{"allow":["GET"]}}],"collection":[{"href":"http:\/\/www2.unifap.br\/teatro\/wp-json\/wp\/v2\/pages"}],"about":[{"href":"http:\/\/www2.unifap.br\/teatro\/wp-json\/wp\/v2\/types\/page"}],"author":[{"embeddable":true,"href":"http:\/\/www2.unifap.br\/teatro\/wp-json\/wp\/v2\/users\/421"}],"replies":[{"embeddable":true,"href":"http:\/\/www2.unifap.br\/teatro\/wp-json\/wp\/v2\/comments?post=70"}],"version-history":[{"count":25,"href":"http:\/\/www2.unifap.br\/teatro\/wp-json\/wp\/v2\/pages\/70\/revisions"}],"predecessor-version":[{"id":3436,"href":"http:\/\/www2.unifap.br\/teatro\/wp-json\/wp\/v2\/pages\/70\/revisions\/3436"}],"wp:attachment":[{"href":"http:\/\/www2.unifap.br\/teatro\/wp-json\/wp\/v2\/media?parent=70"}],"curies":[{"name":"wp","href":"https:\/\/api.w.org\/{rel}","templated":true}]}}