{"id":719,"date":"2016-06-13T20:06:23","date_gmt":"2016-06-13T20:06:23","guid":{"rendered":"http:\/\/www2.unifap.br\/teatro\/?page_id=719"},"modified":"2026-03-18T00:33:19","modified_gmt":"2026-03-18T00:33:19","slug":"prof-phd-romualdo-rodrigues-palhano","status":"publish","type":"page","link":"http:\/\/www2.unifap.br\/teatro\/projetos-de-extensao\/prof-phd-romualdo-rodrigues-palhano\/","title":{"rendered":"Prof. Dr. Romualdo Palhano"},"content":{"rendered":"<p style=\"text-align: left\" align=\"center\"><strong style=\"color: #0000ff;line-height: 1.5em\">SOCIALIZANDO A CULTURA \u2013\u00a0GRUPO DE\u00a0PESQUISA EM ARTES C\u00caNICAS<\/strong><\/p>\n<p><strong>L\u00edder do Grupo de Pesquisa: Prof. Dr. Romualdo Rodrigues Palhano<\/strong><br \/>\n<strong>Coordenador do Projeto: Prof. Dr. Romualdo Rodrigues Palhano<\/strong><\/p>\n<p align=\"center\"><strong>RESUMO<\/strong><\/p>\n<p>O principal objetivo deste projeto \u00e9 o de socializar a cultura e fomentar discuss\u00f5es e reflex\u00f5es em rela\u00e7\u00e3o \u00e0 arte em geral, no Estado do Amap\u00e1, com a publica\u00e7\u00e3o da coluna dominical \u201cArque com Arte\u201d, no Jornal A Gazeta de Macap\u00e1, no suplemento CAMARIM. Em fun\u00e7\u00e3o dessa efetiva participa\u00e7\u00e3o frente \u00e0 cultura e \u00e0 comunidade amapaense, resolvemos socializar reflex\u00f5es para motivar an\u00e1lises sobre o que se produz culturalmente no Amap\u00e1. Sabe-se que h\u00e1 um vazio em nossa m\u00eddia ao que diz respeito em p\u00f4r em discuss\u00e3o as atividades art\u00edsticas aqui realizadas. Sendo assim, a coluna \u201cArque com Arte\u201d vem suprir essa necessidade criticando e pondo em discuss\u00e3o o que se faz sobre arte em nosso Estado. Esta atividade de extens\u00e3o prop\u00f5e um amplo debate sobre a produ\u00e7\u00e3o art\u00edstica do Amap\u00e1. Os artigos publicados servir\u00e3o como forma de contribuir na mudan\u00e7a e na conscientiza\u00e7\u00e3o de professores; dos produtores culturais e artistas de \u00e1reas diversas. Al\u00e9m de artigos que enfoquem quest\u00f5es sobre est\u00e9tica, hist\u00f3ria da arte, hist\u00f3ria do teatro, teatro amapaense, teatro brasileiro, teatro mundial, o processo constar\u00e1 tamb\u00e9m de participa\u00e7\u00e3o (in loco) em poss\u00edveis eventos culturais que acontecem ao longo dos anos e consequentemente a publica\u00e7\u00e3o sobre os mesmos, prezando por uma an\u00e1lise cr\u00edtica de quadros de artistas pl\u00e1sticos; an\u00e1lises de espet\u00e1culos de dan\u00e7a e espet\u00e1culos teatrais, an\u00e1lises de livros de autores amapaenses; an\u00e1lise e discuss\u00e3o de espet\u00e1culos diversos e acontecimentos culturais. A cada participa\u00e7\u00e3o ser\u00e1 realizada discuss\u00e3o e reda\u00e7\u00e3o e publica\u00e7\u00e3o do artigo sobre os diversos acontecimentos culturais em nosso Estado. Em fun\u00e7\u00e3o deste projeto, em 2011 foi publicada a obra \u201cArtes C\u00eanicas no Amap\u00e1 \u2013 Teoria, Textos e Palcos\u201d; \u201cTeatro no Amap\u00e1: artistas e seu tempo\u201d \u2013 2013; \u201cArque com Arte: cultura, arte e educa\u00e7\u00e3o no Amap\u00e1\u201d \u2013 2013 e \u201cDramaturgia Amapaense\u201d \u2013 2015.<\/p>\n","protected":false},"excerpt":{"rendered":"<p>SOCIALIZANDO A CULTURA \u2013\u00a0GRUPO DE\u00a0PESQUISA EM ARTES C\u00caNICAS L\u00edder do Grupo de Pesquisa: Prof. Dr. Romualdo Rodrigues Palhano Coordenador do Projeto: Prof. Dr. Romualdo Rodrigues Palhano RESUMO O principal objetivo deste projeto \u00e9 o de socializar a cultura e fomentar discuss\u00f5es e reflex\u00f5es em rela\u00e7\u00e3o \u00e0 arte em geral, no Estado do Amap\u00e1, com a&#8230;<\/p>\n","protected":false},"author":421,"featured_media":0,"parent":330,"menu_order":0,"comment_status":"open","ping_status":"open","template":"","meta":{"inline_featured_image":false,"site-sidebar-layout":"default","site-content-layout":"default","ast-site-content-layout":"default","site-content-style":"default","site-sidebar-style":"default","ast-global-header-display":"","ast-banner-title-visibility":"","ast-main-header-display":"","ast-hfb-above-header-display":"","ast-hfb-below-header-display":"","ast-hfb-mobile-header-display":"","site-post-title":"","ast-breadcrumbs-content":"","ast-featured-img":"","footer-sml-layout":"","theme-transparent-header-meta":"default","adv-header-id-meta":"","stick-header-meta":"","header-above-stick-meta":"","header-main-stick-meta":"","header-below-stick-meta":"","astra-migrate-meta-layouts":"set","ast-page-background-enabled":"default","ast-page-background-meta":{"desktop":{"background-color":"var(--ast-global-color-4)","background-image":"","background-repeat":"repeat","background-position":"center center","background-size":"auto","background-attachment":"scroll","background-type":"","background-media":"","overlay-type":"","overlay-color":"","overlay-opacity":"","overlay-gradient":""},"tablet":{"background-color":"","background-image":"","background-repeat":"repeat","background-position":"center center","background-size":"auto","background-attachment":"scroll","background-type":"","background-media":"","overlay-type":"","overlay-color":"","overlay-opacity":"","overlay-gradient":""},"mobile":{"background-color":"","background-image":"","background-repeat":"repeat","background-position":"center center","background-size":"auto","background-attachment":"scroll","background-type":"","background-media":"","overlay-type":"","overlay-color":"","overlay-opacity":"","overlay-gradient":""}},"ast-content-background-meta":{"desktop":{"background-color":"var(--ast-global-color-5)","background-image":"","background-repeat":"repeat","background-position":"center center","background-size":"auto","background-attachment":"scroll","background-type":"","background-media":"","overlay-type":"","overlay-color":"","overlay-opacity":"","overlay-gradient":""},"tablet":{"background-color":"var(--ast-global-color-5)","background-image":"","background-repeat":"repeat","background-position":"center center","background-size":"auto","background-attachment":"scroll","background-type":"","background-media":"","overlay-type":"","overlay-color":"","overlay-opacity":"","overlay-gradient":""},"mobile":{"background-color":"var(--ast-global-color-5)","background-image":"","background-repeat":"repeat","background-position":"center center","background-size":"auto","background-attachment":"scroll","background-type":"","background-media":"","overlay-type":"","overlay-color":"","overlay-opacity":"","overlay-gradient":""}},"ngg_post_thumbnail":0,"footnotes":""},"class_list":["post-719","page","type-page","status-publish","hentry"],"_links":{"self":[{"href":"http:\/\/www2.unifap.br\/teatro\/wp-json\/wp\/v2\/pages\/719","targetHints":{"allow":["GET"]}}],"collection":[{"href":"http:\/\/www2.unifap.br\/teatro\/wp-json\/wp\/v2\/pages"}],"about":[{"href":"http:\/\/www2.unifap.br\/teatro\/wp-json\/wp\/v2\/types\/page"}],"author":[{"embeddable":true,"href":"http:\/\/www2.unifap.br\/teatro\/wp-json\/wp\/v2\/users\/421"}],"replies":[{"embeddable":true,"href":"http:\/\/www2.unifap.br\/teatro\/wp-json\/wp\/v2\/comments?post=719"}],"version-history":[{"count":12,"href":"http:\/\/www2.unifap.br\/teatro\/wp-json\/wp\/v2\/pages\/719\/revisions"}],"predecessor-version":[{"id":3904,"href":"http:\/\/www2.unifap.br\/teatro\/wp-json\/wp\/v2\/pages\/719\/revisions\/3904"}],"up":[{"embeddable":true,"href":"http:\/\/www2.unifap.br\/teatro\/wp-json\/wp\/v2\/pages\/330"}],"wp:attachment":[{"href":"http:\/\/www2.unifap.br\/teatro\/wp-json\/wp\/v2\/media?parent=719"}],"curies":[{"name":"wp","href":"https:\/\/api.w.org\/{rel}","templated":true}]}}